{"id":6040,"date":"2025-03-28T11:54:47","date_gmt":"2025-03-28T15:54:53","guid":{"rendered":"https:\/\/aqeips.org\/?page_id=6040"},"modified":"2025-07-14T11:44:18","modified_gmt":"2025-07-14T15:44:18","slug":"2025-donors","status":"publish","type":"page","link":"https:\/\/aqeips.org\/en\/bursary-program\/donors\/2025-donors\/","title":{"rendered":"2025 Donors"},"content":{"rendered":"<div class=\"wp-bootstrap-blocks-container container mb-2\">\r\n\t\n\n<p>Each year, our bursary program is made possible thanks to our generous donors. <\/p>\n\n\n\n<p>This year, we would like to thank:<\/p>\n\n\n\n<div style=\"height:1em\" aria-hidden=\"true\" class=\"wp-block-spacer\"><\/div>\n\n\n\n<h2 class=\"wp-block-heading has-text-align-left\">GOLD Donors<\/h2>\n\n\n<div class=\"wp-bootstrap-blocks-row row\">\r\n\t\n\r\n<div class=\"col-12 col-md-6\">\r\n\t<div class=\"h-100\">\r\n\t\t\n\r\n        <a class=\"cards-link cards-link-card\" href=\"https:\/\/fqppu.org\/\" target=\"_blank\" aria-label=\"F\u00e9d\u00e9ration qu\u00e9b\u00e9coise des professeures et professeurs d&#039;universit\u00e9 - FQPPU\" data-aos=\"fade-up\">\r\n                    <div class=\"cards-link-media cards-link-contain-img\">\r\n                <img decoding=\"async\" src=\"https:\/\/aqeips.org\/wp-content\/uploads\/2025\/03\/LOGOFED_final-3-FG-1800x1391.jpg\" alt=\"\">\r\n            <\/div>\r\n                <div class=\"cards-link-content\">\r\n            <div class=\"cards-link-title\">\r\n                                <h3 class=\"h4\">F\u00e9d\u00e9ration qu\u00e9b\u00e9coise des professeures et professeurs d&#039;universit\u00e9 &#8211; FQPPU<\/h3>\r\n            <\/div>\r\n                        <i class=\"fa-regular fa-arrow-up-right d-flex align-items-center cards-link-last-icon\"><\/i>\r\n                    <\/div>\r\n    <\/a>\r\n\n\t<\/div>\r\n<\/div>\r\n\n\n\r\n<div class=\"col-12 col-md-6\">\r\n\t<div class=\"h-100\">\r\n\t\t\n\r\n        <a class=\"cards-link cards-link-card\" href=\"https:\/\/fmlsaputo.org\/\" target=\"_blank\" aria-label=\"Fondation Mirella &amp; Lino Saputo \" data-aos=\"fade-up\">\r\n                    <div class=\"cards-link-media cards-link-contain-img\">\r\n                <img decoding=\"async\" src=\"https:\/\/aqeips.org\/wp-content\/uploads\/2024\/05\/Mirella_Lino_Saputo-1.png\" alt=\"\">\r\n            <\/div>\r\n                <div class=\"cards-link-content\">\r\n            <div class=\"cards-link-title\">\r\n                                <h3 class=\"h4\">Fondation Mirella &amp; Lino Saputo <\/h3>\r\n            <\/div>\r\n                        <i class=\"fa-regular fa-arrow-up-right d-flex align-items-center cards-link-last-icon\"><\/i>\r\n                    <\/div>\r\n    <\/a>\r\n\n\t<\/div>\r\n<\/div>\r\n\n<\/div>\r\n\n\n\n<div style=\"height:2em\" aria-hidden=\"true\" class=\"wp-block-spacer\"><\/div>\n\n\n\n<h2 class=\"wp-block-heading has-text-align-left\">SILVER Donors<\/h2>\n\n\n<div class=\"wp-bootstrap-blocks-row row gy-4\">\r\n\t\n\r\n<div class=\"col-12 col-md-4\">\r\n\t<div class=\"h-100\">\r\n\t\t\n\r\n        <a class=\"cards-link cards-link-card\" href=\"https:\/\/www.assnat.qc.ca\/fr\/deputes\/fontecilla-andres-17953\/index.html\" target=\"_blank\" aria-label=\"Andr\u00e9s Fontecilla\" data-aos=\"fade-up\">\r\n                    <div class=\"cards-link-media cards-link-contain-img\">\r\n                <img decoding=\"async\" src=\"https:\/\/aqeips.org\/wp-content\/uploads\/2025\/03\/Fontecilla_PUB_GENERIQUE_1920X1080-1800x1013.jpg\" alt=\"\">\r\n            <\/div>\r\n                <div class=\"cards-link-content\">\r\n            <div class=\"cards-link-title\">\r\n                                <h3 class=\"h4\">Andr\u00e9s Fontecilla<\/h3>\r\n            <\/div>\r\n                        <i class=\"fa-regular fa-arrow-up-right d-flex align-items-center cards-link-last-icon\"><\/i>\r\n                    <\/div>\r\n    <\/a>\r\n\n\t<\/div>\r\n<\/div>\r\n\n\n\r\n<div class=\"col-12 col-md-4\">\r\n\t<div class=\"h-100\">\r\n\t\t\n\r\n        <a class=\"cards-link cards-link-card\" href=\"https:\/\/www.ophq.gouv.qc.ca\/\" target=\"_blank\" aria-label=\"Office des personnes handicap\u00e9es du Qu\u00e9bec - OPHQ\" data-aos=\"fade-up\">\r\n                    <div class=\"cards-link-media cards-link-contain-img\">\r\n                <img decoding=\"async\" src=\"https:\/\/aqeips.org\/wp-content\/uploads\/2025\/03\/Quebec_Drapeau-1.png\" alt=\"\">\r\n            <\/div>\r\n                <div class=\"cards-link-content\">\r\n            <div class=\"cards-link-title\">\r\n                                <h3 class=\"h4\">Office des personnes handicap\u00e9es du Qu\u00e9bec &#8211; OPHQ<\/h3>\r\n            <\/div>\r\n                        <i class=\"fa-regular fa-arrow-up-right d-flex align-items-center cards-link-last-icon\"><\/i>\r\n                    <\/div>\r\n    <\/a>\r\n\n\t<\/div>\r\n<\/div>\r\n\n\n\r\n<div class=\"col-12 col-md-4\">\r\n\t<div class=\"h-100\">\r\n\t\t\n\r\n        <a class=\"cards-link cards-link-card\" href=\"https:\/\/www.uqac.ca\/\" target=\"_blank\" aria-label=\"Universit\u00e9 du Qu\u00e9bec \u00e0 Chicoutimi\" data-aos=\"fade-up\">\r\n                    <div class=\"cards-link-media cards-link-contain-img\">\r\n                <img decoding=\"async\" src=\"https:\/\/aqeips.org\/wp-content\/uploads\/2024\/05\/UQAC_Couleur-2-1.png\" alt=\"\">\r\n            <\/div>\r\n                <div class=\"cards-link-content\">\r\n            <div class=\"cards-link-title\">\r\n                                <h3 class=\"h4\">Universit\u00e9 du Qu\u00e9bec \u00e0 Chicoutimi<\/h3>\r\n            <\/div>\r\n                        <i class=\"fa-regular fa-arrow-up-right d-flex align-items-center cards-link-last-icon\"><\/i>\r\n                    <\/div>\r\n    <\/a>\r\n\n\t<\/div>\r\n<\/div>\r\n\n<\/div>\r\n\n\n\n<div style=\"height:2em\" aria-hidden=\"true\" class=\"wp-block-spacer\"><\/div>\n\n\n\n<h2 class=\"wp-block-heading has-text-align-left\">BRONZE Donors<\/h2>\n\n\n<div class=\"wp-bootstrap-blocks-row row gy-4\">\r\n\t\n\r\n<div class=\"col-12 col-md-4\">\r\n\t<div class=\"h-100\">\r\n\t\t\n\r\n        <a class=\"cards-link cards-link-card\" href=\"https:\/\/www.assnat.qc.ca\/en\/deputes\/caron-linda-19313\/index.html\" target=\"_blank\" aria-label=\"Linda Caron\" data-aos=\"fade-up\">\r\n                    <div class=\"cards-link-media cards-link-contain-img\">\r\n                <img decoding=\"async\" src=\"https:\/\/aqeips.org\/wp-content\/uploads\/2025\/03\/1800x1800-Visuel-Linda-Caron-.jpg\" alt=\"\">\r\n            <\/div>\r\n                <div class=\"cards-link-content\">\r\n            <div class=\"cards-link-title\">\r\n                                <h3 class=\"h4\">Linda Caron<\/h3>\r\n            <\/div>\r\n                        <i class=\"fa-regular fa-arrow-up-right d-flex align-items-center cards-link-last-icon\"><\/i>\r\n                    <\/div>\r\n    <\/a>\r\n\n\t<\/div>\r\n<\/div>\r\n\n\n\r\n<div class=\"col-12 col-md-4\">\r\n\t<div class=\"h-100\">\r\n\t\t\n\r\n        <a class=\"cards-link cards-link-card\" href=\"https:\/\/www.assnat.qc.ca\/fr\/deputes\/dery-pascale-19277\/biographie.html\" target=\"_blank\" aria-label=\"Pascale D\u00e9ry\" data-aos=\"fade-up\">\r\n                    <div class=\"cards-link-media cards-link-contain-img\">\r\n                <img decoding=\"async\" src=\"https:\/\/aqeips.org\/wp-content\/uploads\/2025\/03\/Capture-decran-2025-03-24-104232.png\" alt=\"\">\r\n            <\/div>\r\n                <div class=\"cards-link-content\">\r\n            <div class=\"cards-link-title\">\r\n                                <h3 class=\"h4\">Pascale D\u00e9ry<\/h3>\r\n            <\/div>\r\n                        <i class=\"fa-regular fa-arrow-up-right d-flex align-items-center cards-link-last-icon\"><\/i>\r\n                    <\/div>\r\n    <\/a>\r\n\n\t<\/div>\r\n<\/div>\r\n\n\n\r\n<div class=\"col-12 col-md-4\">\r\n\t<div class=\"h-100\">\r\n\t\t\n\r\n        <a class=\"cards-link cards-link-card\" href=\"https:\/\/www.assnat.qc.ca\/fr\/deputes\/haytayan-celine-19309\/index.html\" target=\"_blank\" aria-label=\"C\u00e9line Haytayan\" data-aos=\"fade-up\">\r\n                    <div class=\"cards-link-media cards-link-contain-img\">\r\n                <img decoding=\"async\" src=\"https:\/\/aqeips.org\/wp-content\/uploads\/2025\/04\/Capture-decran_Celine_Haytayan_Bronze.jpg\" alt=\"\">\r\n            <\/div>\r\n                <div class=\"cards-link-content\">\r\n            <div class=\"cards-link-title\">\r\n                                <h3 class=\"h4\">C\u00e9line Haytayan<\/h3>\r\n            <\/div>\r\n                        <i class=\"fa-regular fa-arrow-up-right d-flex align-items-center cards-link-last-icon\"><\/i>\r\n                    <\/div>\r\n    <\/a>\r\n\n\t<\/div>\r\n<\/div>\r\n\n<\/div>\r\n\n\n\n<div style=\"height:2em\" aria-hidden=\"true\" class=\"wp-block-spacer\"><\/div>\n\n\n<div class=\"wp-bootstrap-blocks-row row gy-4\">\r\n\t\n\r\n<div class=\"col-12 col-md-4\">\r\n\t<div class=\"h-100\">\r\n\t\t\n\r\n        <a class=\"cards-link cards-link-card\" href=\"https:\/\/www.assnat.qc.ca\/fr\/deputes\/lafreniere-ian-17903\/index.html\" target=\"_blank\" aria-label=\"Ian Lafreni\u00e8re\" data-aos=\"fade-up\">\r\n                    <div class=\"cards-link-media cards-link-contain-img\">\r\n                <img decoding=\"async\" src=\"https:\/\/aqeips.org\/wp-content\/uploads\/2025\/03\/Carte-professionnelle-depute-et-ministre.43e-Legislature-1800x1013.jpg\" alt=\"\">\r\n            <\/div>\r\n                <div class=\"cards-link-content\">\r\n            <div class=\"cards-link-title\">\r\n                                <h3 class=\"h4\">Ian Lafreni\u00e8re<\/h3>\r\n            <\/div>\r\n                        <i class=\"fa-regular fa-arrow-up-right d-flex align-items-center cards-link-last-icon\"><\/i>\r\n                    <\/div>\r\n    <\/a>\r\n\n\t<\/div>\r\n<\/div>\r\n\n\n\r\n<div class=\"col-12 col-md-4\">\r\n\t<div class=\"h-100\">\r\n\t\t\n\r\n        <a class=\"cards-link cards-link-card\" href=\"https:\/\/www.assnat.qc.ca\/en\/deputes\/prass-elisabeth-19301\/index.html\" target=\"_blank\" aria-label=\"\u00c9lisabeth Prass\" data-aos=\"fade-up\">\r\n                    <div class=\"cards-link-media cards-link-contain-img\">\r\n                <img decoding=\"async\" src=\"https:\/\/aqeips.org\/wp-content\/uploads\/2025\/03\/Carte-daffaires-1800x1029.png\" alt=\"\">\r\n            <\/div>\r\n                <div class=\"cards-link-content\">\r\n            <div class=\"cards-link-title\">\r\n                                <h3 class=\"h4\">\u00c9lisabeth Prass<\/h3>\r\n            <\/div>\r\n                        <i class=\"fa-regular fa-arrow-up-right d-flex align-items-center cards-link-last-icon\"><\/i>\r\n                    <\/div>\r\n    <\/a>\r\n\n\t<\/div>\r\n<\/div>\r\n\n\n\r\n<div class=\"col-12 col-md-4\">\r\n\t<div class=\"h-100\">\r\n\t\t\n\n<div style=\"height:2em\" aria-hidden=\"true\" class=\"wp-block-spacer\"><\/div>\n\n\t<\/div>\r\n<\/div>\r\n\n<\/div>\r\n\n\n\n<div style=\"height:2em\" aria-hidden=\"true\" class=\"wp-block-spacer\"><\/div>\n\n<\/div>\r\n","protected":false},"excerpt":{"rendered":"<p>Each year, our bursary program is made possible thanks to our generous donors. This year, we would like to thank: GOLD Donors SILVER Donors BRONZE Donors...<br \/><a href=\"https:\/\/aqeips.org\/en\/bursary-program\/donors\/2025-donors\/\" class=\"read-more\">Read more <span class=\"sr-only\">about 2025 Donors<\/span><\/a><\/p>","protected":false},"author":7,"featured_media":0,"parent":1407,"menu_order":0,"comment_status":"closed","ping_status":"closed","template":"templates\/side-nav.php","meta":{"_acf_changed":false,"footnotes":""},"class_list":["post-6040","page","type-page","status-publish","hentry"],"acf":[],"yoast_head":"<!-- This site is optimized with the Yoast SEO plugin v27.1.1 - https:\/\/yoast.com\/product\/yoast-seo-wordpress\/ -->\n<title>2025 Donors - Quebec Association for Equity and Inclusion in Post-Secondary Education<\/title>\n<meta name=\"robots\" content=\"index, follow, max-snippet:-1, max-image-preview:large, max-video-preview:-1\" \/>\n<link rel=\"canonical\" href=\"https:\/\/aqeips.org\/en\/bursary-program\/donors\/2025-donors\/\" \/>\n<meta property=\"og:locale\" content=\"en_US\" \/>\n<meta property=\"og:type\" content=\"article\" \/>\n<meta property=\"og:title\" content=\"2025 Donors - Quebec Association for Equity and Inclusion in Post-Secondary Education\" \/>\n<meta property=\"og:url\" content=\"https:\/\/aqeips.org\/en\/bursary-program\/donors\/2025-donors\/\" \/>\n<meta property=\"og:site_name\" content=\"Quebec Association for Equity and Inclusion in Post-Secondary Education\" \/>\n<meta property=\"article:publisher\" content=\"https:\/\/fr-ca.facebook.com\/aqeips\/\" \/>\n<meta property=\"article:modified_time\" content=\"2025-07-14T15:44:18+00:00\" \/>\n<meta property=\"og:image\" content=\"https:\/\/aqeips.org\/wp-content\/uploads\/2023\/10\/Image-du-site-AQEIPS.jpg\" \/>\n\t<meta property=\"og:image:width\" content=\"1200\" \/>\n\t<meta property=\"og:image:height\" content=\"675\" \/>\n\t<meta property=\"og:image:type\" content=\"image\/jpeg\" \/>\n<meta name=\"twitter:card\" content=\"summary_large_image\" \/>\n<meta name=\"twitter:site\" content=\"@aqeips\" \/>\n<meta name=\"twitter:label1\" content=\"Est. reading time\" \/>\n\t<meta name=\"twitter:data1\" content=\"1 minute\" \/>\n<script type=\"application\/ld+json\" class=\"yoast-schema-graph\">{\"@context\":\"https:\/\/schema.org\",\"@graph\":[{\"@type\":\"WebPage\",\"@id\":\"https:\/\/aqeips.org\/en\/bursary-program\/donors\/2025-donors\/\",\"url\":\"https:\/\/aqeips.org\/en\/bursary-program\/donors\/2025-donors\/\",\"name\":\"2025 Donors - Quebec Association for Equity and Inclusion in Post-Secondary Education\",\"isPartOf\":{\"@id\":\"https:\/\/aqeips.org\/#website\"},\"datePublished\":\"2025-03-28T15:54:53+00:00\",\"dateModified\":\"2025-07-14T15:44:18+00:00\",\"breadcrumb\":{\"@id\":\"https:\/\/aqeips.org\/en\/bursary-program\/donors\/2025-donors\/#breadcrumb\"},\"inLanguage\":\"en-US\",\"potentialAction\":[{\"@type\":\"ReadAction\",\"target\":[\"https:\/\/aqeips.org\/en\/bursary-program\/donors\/2025-donors\/\"]}]},{\"@type\":\"BreadcrumbList\",\"@id\":\"https:\/\/aqeips.org\/en\/bursary-program\/donors\/2025-donors\/#breadcrumb\",\"itemListElement\":[{\"@type\":\"ListItem\",\"position\":1,\"name\":\"Accueil\",\"item\":\"https:\/\/aqeips.org\/?lang=en\"},{\"@type\":\"ListItem\",\"position\":2,\"name\":\"Bursary program\",\"item\":\"https:\/\/aqeips.org\/en\/bursary-program\/\"},{\"@type\":\"ListItem\",\"position\":3,\"name\":\"Generous donors\",\"item\":\"https:\/\/aqeips.org\/en\/bursary-program\/donors\/\"},{\"@type\":\"ListItem\",\"position\":4,\"name\":\"2025 Donors\"}]},{\"@type\":\"WebSite\",\"@id\":\"https:\/\/aqeips.org\/#website\",\"url\":\"https:\/\/aqeips.org\/\",\"name\":\"Quebec Association for Equity and Inclusion in Post-Secondary Education\",\"description\":\"AQEIPS\",\"publisher\":{\"@id\":\"https:\/\/aqeips.org\/#organization\"},\"potentialAction\":[{\"@type\":\"SearchAction\",\"target\":{\"@type\":\"EntryPoint\",\"urlTemplate\":\"https:\/\/aqeips.org\/?s={search_term_string}\"},\"query-input\":{\"@type\":\"PropertyValueSpecification\",\"valueRequired\":true,\"valueName\":\"search_term_string\"}}],\"inLanguage\":\"en-US\"},{\"@type\":\"Organization\",\"@id\":\"https:\/\/aqeips.org\/#organization\",\"name\":\"L\u2019Association qu\u00e9b\u00e9coise pour l\u2019\u00e9quit\u00e9 et l\u2019inclusion au postsecondaire\",\"alternateName\":\"AQEIPS\",\"url\":\"https:\/\/aqeips.org\/\",\"logo\":{\"@type\":\"ImageObject\",\"inLanguage\":\"en-US\",\"@id\":\"https:\/\/aqeips.org\/#\/schema\/logo\/image\/\",\"url\":\"https:\/\/aqeips.org\/wp-content\/uploads\/2023\/10\/Logo-de-lentite-AQEIPS.jpg\",\"contentUrl\":\"https:\/\/aqeips.org\/wp-content\/uploads\/2023\/10\/Logo-de-lentite-AQEIPS.jpg\",\"width\":696,\"height\":696,\"caption\":\"L\u2019Association qu\u00e9b\u00e9coise pour l\u2019\u00e9quit\u00e9 et l\u2019inclusion au postsecondaire\"},\"image\":{\"@id\":\"https:\/\/aqeips.org\/#\/schema\/logo\/image\/\"},\"sameAs\":[\"https:\/\/fr-ca.facebook.com\/aqeips\/\",\"https:\/\/x.com\/aqeips\",\"https:\/\/www.linkedin.com\/company\/aqeips---association-qu\u00e9b\u00e9coise-des-\u00e9tudiants-ayant-des-incapacit\u00e9s-au-postsecondaire\/?originalSubdomain=ca\",\"https:\/\/www.youtube.com\/channel\/UCFvl0P7dBP9jUPL89k-xXIg\"]}]}<\/script>\n<!-- \/ Yoast SEO plugin. -->","yoast_head_json":{"title":"2025 Donors - Quebec Association for Equity and Inclusion in Post-Secondary Education","robots":{"index":"index","follow":"follow","max-snippet":"max-snippet:-1","max-image-preview":"max-image-preview:large","max-video-preview":"max-video-preview:-1"},"canonical":"https:\/\/aqeips.org\/en\/bursary-program\/donors\/2025-donors\/","og_locale":"en_US","og_type":"article","og_title":"2025 Donors - Quebec Association for Equity and Inclusion in Post-Secondary Education","og_url":"https:\/\/aqeips.org\/en\/bursary-program\/donors\/2025-donors\/","og_site_name":"Quebec Association for Equity and Inclusion in Post-Secondary Education","article_publisher":"https:\/\/fr-ca.facebook.com\/aqeips\/","article_modified_time":"2025-07-14T15:44:18+00:00","og_image":[{"width":1200,"height":675,"url":"https:\/\/aqeips.org\/wp-content\/uploads\/2023\/10\/Image-du-site-AQEIPS.jpg","type":"image\/jpeg"}],"twitter_card":"summary_large_image","twitter_site":"@aqeips","twitter_misc":{"Est. reading time":"1 minute"},"schema":{"@context":"https:\/\/schema.org","@graph":[{"@type":"WebPage","@id":"https:\/\/aqeips.org\/en\/bursary-program\/donors\/2025-donors\/","url":"https:\/\/aqeips.org\/en\/bursary-program\/donors\/2025-donors\/","name":"2025 Donors - Quebec Association for Equity and Inclusion in Post-Secondary Education","isPartOf":{"@id":"https:\/\/aqeips.org\/#website"},"datePublished":"2025-03-28T15:54:53+00:00","dateModified":"2025-07-14T15:44:18+00:00","breadcrumb":{"@id":"https:\/\/aqeips.org\/en\/bursary-program\/donors\/2025-donors\/#breadcrumb"},"inLanguage":"en-US","potentialAction":[{"@type":"ReadAction","target":["https:\/\/aqeips.org\/en\/bursary-program\/donors\/2025-donors\/"]}]},{"@type":"BreadcrumbList","@id":"https:\/\/aqeips.org\/en\/bursary-program\/donors\/2025-donors\/#breadcrumb","itemListElement":[{"@type":"ListItem","position":1,"name":"Accueil","item":"https:\/\/aqeips.org\/?lang=en"},{"@type":"ListItem","position":2,"name":"Bursary program","item":"https:\/\/aqeips.org\/en\/bursary-program\/"},{"@type":"ListItem","position":3,"name":"Generous donors","item":"https:\/\/aqeips.org\/en\/bursary-program\/donors\/"},{"@type":"ListItem","position":4,"name":"2025 Donors"}]},{"@type":"WebSite","@id":"https:\/\/aqeips.org\/#website","url":"https:\/\/aqeips.org\/","name":"Quebec Association for Equity and Inclusion in Post-Secondary Education","description":"AQEIPS","publisher":{"@id":"https:\/\/aqeips.org\/#organization"},"potentialAction":[{"@type":"SearchAction","target":{"@type":"EntryPoint","urlTemplate":"https:\/\/aqeips.org\/?s={search_term_string}"},"query-input":{"@type":"PropertyValueSpecification","valueRequired":true,"valueName":"search_term_string"}}],"inLanguage":"en-US"},{"@type":"Organization","@id":"https:\/\/aqeips.org\/#organization","name":"L\u2019Association qu\u00e9b\u00e9coise pour l\u2019\u00e9quit\u00e9 et l\u2019inclusion au postsecondaire","alternateName":"AQEIPS","url":"https:\/\/aqeips.org\/","logo":{"@type":"ImageObject","inLanguage":"en-US","@id":"https:\/\/aqeips.org\/#\/schema\/logo\/image\/","url":"https:\/\/aqeips.org\/wp-content\/uploads\/2023\/10\/Logo-de-lentite-AQEIPS.jpg","contentUrl":"https:\/\/aqeips.org\/wp-content\/uploads\/2023\/10\/Logo-de-lentite-AQEIPS.jpg","width":696,"height":696,"caption":"L\u2019Association qu\u00e9b\u00e9coise pour l\u2019\u00e9quit\u00e9 et l\u2019inclusion au postsecondaire"},"image":{"@id":"https:\/\/aqeips.org\/#\/schema\/logo\/image\/"},"sameAs":["https:\/\/fr-ca.facebook.com\/aqeips\/","https:\/\/x.com\/aqeips","https:\/\/www.linkedin.com\/company\/aqeips---association-qu\u00e9b\u00e9coise-des-\u00e9tudiants-ayant-des-incapacit\u00e9s-au-postsecondaire\/?originalSubdomain=ca","https:\/\/www.youtube.com\/channel\/UCFvl0P7dBP9jUPL89k-xXIg"]}]}},"_links":{"self":[{"href":"https:\/\/aqeips.org\/en\/wp-json\/wp\/v2\/pages\/6040","targetHints":{"allow":["GET"]}}],"collection":[{"href":"https:\/\/aqeips.org\/en\/wp-json\/wp\/v2\/pages"}],"about":[{"href":"https:\/\/aqeips.org\/en\/wp-json\/wp\/v2\/types\/page"}],"author":[{"embeddable":true,"href":"https:\/\/aqeips.org\/en\/wp-json\/wp\/v2\/users\/7"}],"replies":[{"embeddable":true,"href":"https:\/\/aqeips.org\/en\/wp-json\/wp\/v2\/comments?post=6040"}],"version-history":[{"count":7,"href":"https:\/\/aqeips.org\/en\/wp-json\/wp\/v2\/pages\/6040\/revisions"}],"predecessor-version":[{"id":6849,"href":"https:\/\/aqeips.org\/en\/wp-json\/wp\/v2\/pages\/6040\/revisions\/6849"}],"up":[{"embeddable":true,"href":"https:\/\/aqeips.org\/en\/wp-json\/wp\/v2\/pages\/1407"}],"wp:attachment":[{"href":"https:\/\/aqeips.org\/en\/wp-json\/wp\/v2\/media?parent=6040"}],"curies":[{"name":"wp","href":"https:\/\/api.w.org\/{rel}","templated":true}]}}