{"id":5794,"date":"2025-02-11T09:30:09","date_gmt":"2025-02-11T14:30:09","guid":{"rendered":"https:\/\/aqeips.org\/?page_id=5794"},"modified":"2025-02-11T10:03:06","modified_gmt":"2025-02-11T15:03:06","slug":"employment","status":"publish","type":"page","link":"https:\/\/aqeips.org\/en\/resources\/employment\/","title":{"rendered":"Employment"},"content":{"rendered":"<div class=\"wp-bootstrap-blocks-container container mb-2\">\r\n\t\n\n<div style=\"height:25px\" aria-hidden=\"true\" class=\"wp-block-spacer\"><\/div>\n\n\n\n<div class=\"wp-block-columns is-layout-flex wp-container-core-columns-is-layout-9d6595d7 wp-block-columns-is-layout-flex\">\n<div class=\"wp-block-column is-layout-flow wp-block-column-is-layout-flow\" style=\"flex-basis:66.66%\">\n<div class=\"wp-block-buttons is-layout-flex wp-block-buttons-is-layout-flex\">\n<div class=\"wp-block-button has-custom-font-size is-style-primary-button has-medium-font-size\"><a class=\"wp-block-button__link wp-element-button\" href=\"https:\/\/aqeips.org\/aqeips\/get-involved\/?lang=en\">CLick here to read AQEIPS&#8217; job offers<\/a><\/div>\n<\/div>\n\n\n\n<div style=\"height:25px\" aria-hidden=\"true\" class=\"wp-block-spacer\"><\/div>\n\n\n\n<h2 class=\"wp-block-heading has-text-align-center has-md-font-size\">Useful links<\/h2>\n\n\n\n<ul class=\"wp-block-list\">\n<li><a href=\"https:\/\/www.cqea.ca\/\" target=\"_blank\" rel=\"noreferrer noopener\">CQEA &#8211; Conseil Qu\u00e9b\u00e9cois des Entreprises Adapt\u00e9es<\/a>&nbsp;<\/li>\n\n\n\n<li><a href=\"https:\/\/finandicap.com\/\" target=\"_blank\" rel=\"noreferrer noopener\">Finandicap<\/a>&nbsp;<\/li>\n\n\n\n<li><a href=\"https:\/\/www.finautonome.org\/\">Finautonome<\/a><\/li>\n\n\n\n<li><a href=\"https:\/\/roseph.ca\/\" target=\"_blank\" rel=\"noreferrer noopener\">ROSEPH &#8211; Regroupement des Organismes Sp\u00e9cialis\u00e9s pour l&#8217;Emploi des Personnes Handicap\u00e9es<\/a>&nbsp;<\/li>\n\n\n\n<li><a href=\"https:\/\/www.sphere-qc.ca\/\" target=\"_blank\" rel=\"noreferrer noopener\">SPHERE &#8211; Soutien \u00e0 la Personne Handicap\u00e9e en Route vers l\u2019Emploi<\/a>&nbsp;<\/li>\n<\/ul>\n<\/div>\n\n\n\n<div class=\"wp-block-column is-layout-flow wp-block-column-is-layout-flow\" style=\"flex-basis:33.33%\">\n<h2 class=\"wp-block-heading has-text-align-center has-md-font-size\">Articles<\/h2>\n\n\n\n<div class=\"wp-block-query is-layout-flow wp-block-query-is-layout-flow\"><ul class=\"wp-block-post-template is-layout-flow wp-block-post-template-is-layout-flow\"><li class=\"wp-block-post post-6746 post type-post status-publish format-standard has-post-thumbnail hentry category-press-releases category-research tag-emploi-en tag-employment tag-research\">\n\n<div class=\"wp-block-columns are-vertically-aligned-center is-layout-flex wp-container-core-columns-is-layout-9d6595d7 wp-block-columns-is-layout-flex\">\n<div class=\"wp-block-column is-vertically-aligned-center is-layout-flow wp-block-column-is-layout-flow\" style=\"flex-basis:25%\"><figure class=\"wp-block-post-featured-image\"><a href=\"https:\/\/aqeips.org\/en\/literature-review-employment-prospects-for-students-with-disabilities\/\" target=\"_self\"  ><img loading=\"lazy\" decoding=\"async\" width=\"2560\" height=\"1706\" src=\"https:\/\/aqeips.org\/wp-content\/uploads\/2025\/07\/pexels-shvetsa-42261401-scaled.jpg\" class=\"attachment-post-thumbnail size-post-thumbnail wp-post-image\" alt=\"Literature review: employment prospects for students with disabilities\" style=\"object-fit:cover;\" srcset=\"https:\/\/aqeips.org\/wp-content\/uploads\/2025\/07\/pexels-shvetsa-42261401-scaled.jpg 2560w, https:\/\/aqeips.org\/wp-content\/uploads\/2025\/07\/pexels-shvetsa-42261401-1024x683.jpg 1024w, https:\/\/aqeips.org\/wp-content\/uploads\/2025\/07\/pexels-shvetsa-42261401-1800x1200.jpg 1800w, https:\/\/aqeips.org\/wp-content\/uploads\/2025\/07\/pexels-shvetsa-42261401-768x512.jpg 768w, https:\/\/aqeips.org\/wp-content\/uploads\/2025\/07\/pexels-shvetsa-42261401-1536x1024.jpg 1536w, https:\/\/aqeips.org\/wp-content\/uploads\/2025\/07\/pexels-shvetsa-42261401-2048x1365.jpg 2048w\" sizes=\"auto, (max-width: 2560px) 100vw, 2560px\" \/><\/a><\/figure><\/div>\n\n\n\n<div class=\"wp-block-column is-vertically-aligned-center is-layout-flow wp-block-column-is-layout-flow\" style=\"flex-basis:75%\"><h2 class=\"wp-block-post-title has-medium-font-size\"><a href=\"https:\/\/aqeips.org\/en\/literature-review-employment-prospects-for-students-with-disabilities\/\" target=\"_self\" >Literature review: employment prospects for students with disabilities<\/a><\/h2><\/div>\n<\/div>\n\n<\/li><li class=\"wp-block-post post-4760 post type-post status-publish format-standard has-post-thumbnail hentry category-articles tag-emploi-en tag-employment\">\n\n<div class=\"wp-block-columns are-vertically-aligned-center is-layout-flex wp-container-core-columns-is-layout-9d6595d7 wp-block-columns-is-layout-flex\">\n<div class=\"wp-block-column is-vertically-aligned-center is-layout-flow wp-block-column-is-layout-flow\" style=\"flex-basis:25%\"><figure class=\"wp-block-post-featured-image\"><a href=\"https:\/\/aqeips.org\/en\/aqeips-at-the-cnib-conference-connecting-the-dots\/\" target=\"_self\"  ><img loading=\"lazy\" decoding=\"async\" width=\"1383\" height=\"455\" src=\"https:\/\/aqeips.org\/wp-content\/uploads\/2024\/10\/Capture-decran-2024-10-29-155228.jpg\" class=\"attachment-post-thumbnail size-post-thumbnail wp-post-image\" alt=\"AQEIPS at the CNIB conference &#8211; Connecting the Dots \u00a0\" style=\"object-fit:cover;\" srcset=\"https:\/\/aqeips.org\/wp-content\/uploads\/2024\/10\/Capture-decran-2024-10-29-155228.jpg 1383w, https:\/\/aqeips.org\/wp-content\/uploads\/2024\/10\/Capture-decran-2024-10-29-155228-1024x337.jpg 1024w, https:\/\/aqeips.org\/wp-content\/uploads\/2024\/10\/Capture-decran-2024-10-29-155228-768x253.jpg 768w\" sizes=\"auto, (max-width: 1383px) 100vw, 1383px\" \/><\/a><\/figure><\/div>\n\n\n\n<div class=\"wp-block-column is-vertically-aligned-center is-layout-flow wp-block-column-is-layout-flow\" style=\"flex-basis:75%\"><h2 class=\"wp-block-post-title has-medium-font-size\"><a href=\"https:\/\/aqeips.org\/en\/aqeips-at-the-cnib-conference-connecting-the-dots\/\" target=\"_self\" >AQEIPS at the CNIB conference &#8211; Connecting the Dots \u00a0<\/a><\/h2><\/div>\n<\/div>\n\n<\/li><\/ul><\/div>\n<\/div>\n<\/div>\n\n\n\n<div style=\"height:25px\" aria-hidden=\"true\" class=\"wp-block-spacer\"><\/div>\n\n\n\n<div class=\"wp-block-columns is-layout-flex wp-container-core-columns-is-layout-9d6595d7 wp-block-columns-is-layout-flex\">\n<div class=\"wp-block-column is-layout-flow wp-block-column-is-layout-flow\">\n<figure class=\"wp-block-image size-full is-resized\"><img loading=\"lazy\" decoding=\"async\" width=\"400\" height=\"150\" src=\"https:\/\/aqeips.org\/wp-content\/uploads\/2025\/02\/edd71024-0995-4aab-b24b-03c282d61f45.png\" alt=\"\" class=\"wp-image-5803\" style=\"width:300px\"\/><\/figure>\n\n\n\n<p class=\"has-medium-font-size\">MentorAbility is a program that helps persons with disabilities.<br>It helps them decide what career they want. It helps them decidethe kind of job they want to do.<\/p>\n<\/div>\n\n\n\n<div class=\"wp-block-column is-layout-flow wp-block-column-is-layout-flow\">\n<figure class=\"wp-block-embed is-type-video is-provider-youtube wp-block-embed-youtube\"><div style=\"display: contents;\" >\n\n<div data-mode=\"normal\" data-oembed=\"1\" data-provider=\"youtube\" id=\"arve-youtube-kros8paamuu\" class=\"arve\">\n\t<div class=\"arve-inner\">\n\t\t<div style=\"aspect-ratio:500\/281\" class=\"arve-embed arve-embed--has-aspect-ratio\">\n\t\t\t<div class=\"arve-ar\" style=\"padding-top:56.200000%\"><\/div>\n\t\t\t<iframe allow=\"accelerometer &apos;none&apos;;autoplay &apos;none&apos;;bluetooth &apos;none&apos;;browsing-topics &apos;none&apos;;camera &apos;none&apos;;clipboard-read &apos;none&apos;;clipboard-write;display-capture &apos;none&apos;;encrypted-media &apos;none&apos;;gamepad &apos;none&apos;;geolocation &apos;none&apos;;gyroscope &apos;none&apos;;hid &apos;none&apos;;identity-credentials-get &apos;none&apos;;idle-detection &apos;none&apos;;keyboard-map &apos;none&apos;;local-fonts;magnetometer &apos;none&apos;;microphone &apos;none&apos;;midi &apos;none&apos;;otp-credentials &apos;none&apos;;payment &apos;none&apos;;picture-in-picture;publickey-credentials-create &apos;none&apos;;publickey-credentials-get &apos;none&apos;;screen-wake-lock &apos;none&apos;;serial &apos;none&apos;;summarizer &apos;none&apos;;sync-xhr;usb &apos;none&apos;;web-share;window-management &apos;none&apos;;xr-spatial-tracking &apos;none&apos;;\" allowfullscreen=\"\" class=\"arve-iframe fitvidsignore\" credentialless data-arve=\"arve-youtube-kros8paamuu\" data-lenis-prevent=\"\" data-src-no-ap=\"https:\/\/www.youtube-nocookie.com\/embed\/KRoS8pAaMUU?feature=oembed&amp;iv_load_policy=3&amp;modestbranding=1&amp;rel=0&amp;autohide=1&amp;playsinline=0&amp;autoplay=0\" frameborder=\"0\" height=\"0\" loading=\"lazy\" name=\"\" referrerpolicy=\"strict-origin-when-cross-origin\" sandbox=\"allow-scripts allow-same-origin allow-presentation allow-popups allow-popups-to-escape-sandbox\" scrolling=\"no\" src=\"https:\/\/www.youtube-nocookie.com\/embed\/KRoS8pAaMUU?feature=oembed&#038;iv_load_policy=3&#038;modestbranding=1&#038;rel=0&#038;autohide=1&#038;playsinline=0&#038;autoplay=0\" title=\"\" width=\"0\"><\/iframe>\n\t\t\t\n\t\t<\/div>\n\t\t\n\t<\/div>\n\t\n\t\n\t<script type=\"application\/ld+json\">{\"@context\":\"http:\\\/\\\/schema.org\\\/\",\"@id\":\"https:\\\/\\\/aqeips.org\\\/en\\\/resources\\\/employment\\\/#arve-youtube-kros8paamuu\",\"type\":\"VideoObject\",\"embedURL\":\"https:\\\/\\\/www.youtube-nocookie.com\\\/embed\\\/KRoS8pAaMUU?feature=oembed&iv_load_policy=3&modestbranding=1&rel=0&autohide=1&playsinline=0&autoplay=0\"}<\/script>\n\t\n<\/div>\n<\/div><\/figure>\n<\/div>\n<\/div>\n\n\n\n<p class=\"has-medium-font-size\">*MentorAbility is a learning experience. It is not a job.<\/p>\n\n\n\n<div style=\"height:25px\" aria-hidden=\"true\" class=\"wp-block-spacer\"><\/div>\n\n<\/div>\r\n","protected":false},"excerpt":{"rendered":"<p>CLick here to read AQEIPS' job offers Useful links CQEA - Conseil Qu\u00e9b\u00e9cois des Entreprises Adapt\u00e9es&nbsp; Finandicap&nbsp; Finautonome ROSEPH - Regroupement des Organismes Sp\u00e9cialis\u00e9s pour l'Emploi des Personnes Handicap\u00e9es&nbsp; SPHERE - Soutien \u00e0 la Personne Handicap\u00e9e en Route vers l\u2019Emploi&nbsp;...<br \/><a href=\"https:\/\/aqeips.org\/en\/resources\/employment\/\" class=\"read-more\">Read more <span class=\"sr-only\">about Employment<\/span><\/a><\/p>","protected":false},"author":7,"featured_media":0,"parent":1425,"menu_order":5,"comment_status":"closed","ping_status":"closed","template":"templates\/side-nav.php","meta":{"_acf_changed":false,"footnotes":""},"class_list":["post-5794","page","type-page","status-publish","hentry"],"acf":[],"yoast_head":"<!-- This site is optimized with the Yoast SEO plugin v27.1.1 - https:\/\/yoast.com\/product\/yoast-seo-wordpress\/ -->\n<title>Employment - Quebec Association for Equity and Inclusion in Post-Secondary Education<\/title>\n<meta name=\"robots\" content=\"index, follow, max-snippet:-1, max-image-preview:large, max-video-preview:-1\" \/>\n<link rel=\"canonical\" href=\"https:\/\/aqeips.org\/resources\/employment\/?lang=en\" \/>\n<meta property=\"og:locale\" content=\"en_US\" \/>\n<meta property=\"og:type\" content=\"article\" \/>\n<meta property=\"og:title\" content=\"Employment - Quebec Association for Equity and Inclusion in Post-Secondary Education\" \/>\n<meta property=\"og:url\" content=\"https:\/\/aqeips.org\/resources\/employment\/?lang=en\" \/>\n<meta property=\"og:site_name\" content=\"Quebec Association for Equity and Inclusion in Post-Secondary Education\" \/>\n<meta property=\"article:publisher\" content=\"https:\/\/fr-ca.facebook.com\/aqeips\/\" \/>\n<meta property=\"article:modified_time\" content=\"2025-02-11T15:03:06+00:00\" \/>\n<meta property=\"og:image\" content=\"https:\/\/aqeips.org\/wp-content\/uploads\/2025\/02\/edd71024-0995-4aab-b24b-03c282d61f45.png\" \/>\n<meta name=\"twitter:card\" content=\"summary_large_image\" \/>\n<meta name=\"twitter:site\" content=\"@aqeips\" \/>\n<meta name=\"twitter:label1\" content=\"Est. reading time\" \/>\n\t<meta name=\"twitter:data1\" content=\"1 minute\" \/>\n<script type=\"application\/ld+json\" class=\"yoast-schema-graph\">{\"@context\":\"https:\/\/schema.org\",\"@graph\":[{\"@type\":\"WebPage\",\"@id\":\"https:\/\/aqeips.org\/resources\/employment\/?lang=en\",\"url\":\"https:\/\/aqeips.org\/resources\/employment\/?lang=en\",\"name\":\"Employment - Quebec Association for Equity and Inclusion in Post-Secondary Education\",\"isPartOf\":{\"@id\":\"https:\/\/aqeips.org\/#website\"},\"primaryImageOfPage\":{\"@id\":\"https:\/\/aqeips.org\/resources\/employment\/?lang=en#primaryimage\"},\"image\":{\"@id\":\"https:\/\/aqeips.org\/resources\/employment\/?lang=en#primaryimage\"},\"thumbnailUrl\":\"https:\/\/aqeips.org\/wp-content\/uploads\/2025\/02\/edd71024-0995-4aab-b24b-03c282d61f45.png\",\"datePublished\":\"2025-02-11T14:30:09+00:00\",\"dateModified\":\"2025-02-11T15:03:06+00:00\",\"breadcrumb\":{\"@id\":\"https:\/\/aqeips.org\/resources\/employment\/?lang=en#breadcrumb\"},\"inLanguage\":\"en-US\",\"potentialAction\":[{\"@type\":\"ReadAction\",\"target\":[\"https:\/\/aqeips.org\/resources\/employment\/?lang=en\"]}]},{\"@type\":\"ImageObject\",\"inLanguage\":\"en-US\",\"@id\":\"https:\/\/aqeips.org\/resources\/employment\/?lang=en#primaryimage\",\"url\":\"https:\/\/aqeips.org\/wp-content\/uploads\/2025\/02\/edd71024-0995-4aab-b24b-03c282d61f45.png\",\"contentUrl\":\"https:\/\/aqeips.org\/wp-content\/uploads\/2025\/02\/edd71024-0995-4aab-b24b-03c282d61f45.png\"},{\"@type\":\"BreadcrumbList\",\"@id\":\"https:\/\/aqeips.org\/resources\/employment\/?lang=en#breadcrumb\",\"itemListElement\":[{\"@type\":\"ListItem\",\"position\":1,\"name\":\"Accueil\",\"item\":\"https:\/\/aqeips.org\/?lang=en\"},{\"@type\":\"ListItem\",\"position\":2,\"name\":\"Resources\",\"item\":\"https:\/\/aqeips.org\/resources\/?lang=en\"},{\"@type\":\"ListItem\",\"position\":3,\"name\":\"Employment\"}]},{\"@type\":\"WebSite\",\"@id\":\"https:\/\/aqeips.org\/#website\",\"url\":\"https:\/\/aqeips.org\/\",\"name\":\"Quebec Association for Equity and Inclusion in Post-Secondary Education\",\"description\":\"AQEIPS\",\"publisher\":{\"@id\":\"https:\/\/aqeips.org\/#organization\"},\"potentialAction\":[{\"@type\":\"SearchAction\",\"target\":{\"@type\":\"EntryPoint\",\"urlTemplate\":\"https:\/\/aqeips.org\/?s={search_term_string}\"},\"query-input\":{\"@type\":\"PropertyValueSpecification\",\"valueRequired\":true,\"valueName\":\"search_term_string\"}}],\"inLanguage\":\"en-US\"},{\"@type\":\"Organization\",\"@id\":\"https:\/\/aqeips.org\/#organization\",\"name\":\"L\u2019Association qu\u00e9b\u00e9coise pour l\u2019\u00e9quit\u00e9 et l\u2019inclusion au postsecondaire\",\"alternateName\":\"AQEIPS\",\"url\":\"https:\/\/aqeips.org\/\",\"logo\":{\"@type\":\"ImageObject\",\"inLanguage\":\"en-US\",\"@id\":\"https:\/\/aqeips.org\/#\/schema\/logo\/image\/\",\"url\":\"https:\/\/aqeips.org\/wp-content\/uploads\/2023\/10\/Logo-de-lentite-AQEIPS.jpg\",\"contentUrl\":\"https:\/\/aqeips.org\/wp-content\/uploads\/2023\/10\/Logo-de-lentite-AQEIPS.jpg\",\"width\":696,\"height\":696,\"caption\":\"L\u2019Association qu\u00e9b\u00e9coise pour l\u2019\u00e9quit\u00e9 et l\u2019inclusion au postsecondaire\"},\"image\":{\"@id\":\"https:\/\/aqeips.org\/#\/schema\/logo\/image\/\"},\"sameAs\":[\"https:\/\/fr-ca.facebook.com\/aqeips\/\",\"https:\/\/x.com\/aqeips\",\"https:\/\/www.linkedin.com\/company\/aqeips---association-qu\u00e9b\u00e9coise-des-\u00e9tudiants-ayant-des-incapacit\u00e9s-au-postsecondaire\/?originalSubdomain=ca\",\"https:\/\/www.youtube.com\/channel\/UCFvl0P7dBP9jUPL89k-xXIg\"]}]}<\/script>\n<!-- \/ Yoast SEO plugin. -->","yoast_head_json":{"title":"Employment - Quebec Association for Equity and Inclusion in Post-Secondary Education","robots":{"index":"index","follow":"follow","max-snippet":"max-snippet:-1","max-image-preview":"max-image-preview:large","max-video-preview":"max-video-preview:-1"},"canonical":"https:\/\/aqeips.org\/resources\/employment\/?lang=en","og_locale":"en_US","og_type":"article","og_title":"Employment - Quebec Association for Equity and Inclusion in Post-Secondary Education","og_url":"https:\/\/aqeips.org\/resources\/employment\/?lang=en","og_site_name":"Quebec Association for Equity and Inclusion in Post-Secondary Education","article_publisher":"https:\/\/fr-ca.facebook.com\/aqeips\/","article_modified_time":"2025-02-11T15:03:06+00:00","og_image":[{"url":"https:\/\/aqeips.org\/wp-content\/uploads\/2025\/02\/edd71024-0995-4aab-b24b-03c282d61f45.png","type":"","width":"","height":""}],"twitter_card":"summary_large_image","twitter_site":"@aqeips","twitter_misc":{"Est. reading time":"1 minute"},"schema":{"@context":"https:\/\/schema.org","@graph":[{"@type":"WebPage","@id":"https:\/\/aqeips.org\/resources\/employment\/?lang=en","url":"https:\/\/aqeips.org\/resources\/employment\/?lang=en","name":"Employment - Quebec Association for Equity and Inclusion in Post-Secondary Education","isPartOf":{"@id":"https:\/\/aqeips.org\/#website"},"primaryImageOfPage":{"@id":"https:\/\/aqeips.org\/resources\/employment\/?lang=en#primaryimage"},"image":{"@id":"https:\/\/aqeips.org\/resources\/employment\/?lang=en#primaryimage"},"thumbnailUrl":"https:\/\/aqeips.org\/wp-content\/uploads\/2025\/02\/edd71024-0995-4aab-b24b-03c282d61f45.png","datePublished":"2025-02-11T14:30:09+00:00","dateModified":"2025-02-11T15:03:06+00:00","breadcrumb":{"@id":"https:\/\/aqeips.org\/resources\/employment\/?lang=en#breadcrumb"},"inLanguage":"en-US","potentialAction":[{"@type":"ReadAction","target":["https:\/\/aqeips.org\/resources\/employment\/?lang=en"]}]},{"@type":"ImageObject","inLanguage":"en-US","@id":"https:\/\/aqeips.org\/resources\/employment\/?lang=en#primaryimage","url":"https:\/\/aqeips.org\/wp-content\/uploads\/2025\/02\/edd71024-0995-4aab-b24b-03c282d61f45.png","contentUrl":"https:\/\/aqeips.org\/wp-content\/uploads\/2025\/02\/edd71024-0995-4aab-b24b-03c282d61f45.png"},{"@type":"BreadcrumbList","@id":"https:\/\/aqeips.org\/resources\/employment\/?lang=en#breadcrumb","itemListElement":[{"@type":"ListItem","position":1,"name":"Accueil","item":"https:\/\/aqeips.org\/?lang=en"},{"@type":"ListItem","position":2,"name":"Resources","item":"https:\/\/aqeips.org\/resources\/?lang=en"},{"@type":"ListItem","position":3,"name":"Employment"}]},{"@type":"WebSite","@id":"https:\/\/aqeips.org\/#website","url":"https:\/\/aqeips.org\/","name":"Quebec Association for Equity and Inclusion in Post-Secondary Education","description":"AQEIPS","publisher":{"@id":"https:\/\/aqeips.org\/#organization"},"potentialAction":[{"@type":"SearchAction","target":{"@type":"EntryPoint","urlTemplate":"https:\/\/aqeips.org\/?s={search_term_string}"},"query-input":{"@type":"PropertyValueSpecification","valueRequired":true,"valueName":"search_term_string"}}],"inLanguage":"en-US"},{"@type":"Organization","@id":"https:\/\/aqeips.org\/#organization","name":"L\u2019Association qu\u00e9b\u00e9coise pour l\u2019\u00e9quit\u00e9 et l\u2019inclusion au postsecondaire","alternateName":"AQEIPS","url":"https:\/\/aqeips.org\/","logo":{"@type":"ImageObject","inLanguage":"en-US","@id":"https:\/\/aqeips.org\/#\/schema\/logo\/image\/","url":"https:\/\/aqeips.org\/wp-content\/uploads\/2023\/10\/Logo-de-lentite-AQEIPS.jpg","contentUrl":"https:\/\/aqeips.org\/wp-content\/uploads\/2023\/10\/Logo-de-lentite-AQEIPS.jpg","width":696,"height":696,"caption":"L\u2019Association qu\u00e9b\u00e9coise pour l\u2019\u00e9quit\u00e9 et l\u2019inclusion au postsecondaire"},"image":{"@id":"https:\/\/aqeips.org\/#\/schema\/logo\/image\/"},"sameAs":["https:\/\/fr-ca.facebook.com\/aqeips\/","https:\/\/x.com\/aqeips","https:\/\/www.linkedin.com\/company\/aqeips---association-qu\u00e9b\u00e9coise-des-\u00e9tudiants-ayant-des-incapacit\u00e9s-au-postsecondaire\/?originalSubdomain=ca","https:\/\/www.youtube.com\/channel\/UCFvl0P7dBP9jUPL89k-xXIg"]}]}},"_links":{"self":[{"href":"https:\/\/aqeips.org\/en\/wp-json\/wp\/v2\/pages\/5794","targetHints":{"allow":["GET"]}}],"collection":[{"href":"https:\/\/aqeips.org\/en\/wp-json\/wp\/v2\/pages"}],"about":[{"href":"https:\/\/aqeips.org\/en\/wp-json\/wp\/v2\/types\/page"}],"author":[{"embeddable":true,"href":"https:\/\/aqeips.org\/en\/wp-json\/wp\/v2\/users\/7"}],"replies":[{"embeddable":true,"href":"https:\/\/aqeips.org\/en\/wp-json\/wp\/v2\/comments?post=5794"}],"version-history":[{"count":2,"href":"https:\/\/aqeips.org\/en\/wp-json\/wp\/v2\/pages\/5794\/revisions"}],"predecessor-version":[{"id":5806,"href":"https:\/\/aqeips.org\/en\/wp-json\/wp\/v2\/pages\/5794\/revisions\/5806"}],"up":[{"embeddable":true,"href":"https:\/\/aqeips.org\/en\/wp-json\/wp\/v2\/pages\/1425"}],"wp:attachment":[{"href":"https:\/\/aqeips.org\/en\/wp-json\/wp\/v2\/media?parent=5794"}],"curies":[{"name":"wp","href":"https:\/\/api.w.org\/{rel}","templated":true}]}}