{"id":4205,"date":"2024-09-03T15:35:47","date_gmt":"2024-09-03T19:35:58","guid":{"rendered":"https:\/\/aqeips.org\/?page_id=4205"},"modified":"2024-10-22T16:07:16","modified_gmt":"2024-10-22T20:07:16","slug":"privacy-policy","status":"publish","type":"page","link":"https:\/\/aqeips.org\/en\/privacy-policy\/","title":{"rendered":"Privacy Policy"},"content":{"rendered":"\n<h2 class=\"wp-block-heading\"> <\/h2>\n\n\n<div class=\"wp-bootstrap-blocks-container container mb-2\">\r\n\t\n\n<p>AQIEPS is committed to protecting your privacy and complying with the Act modernizing legislative provisions regarding the protection of personal information (Law 25). This policy details our practices for managing personal information collected on our website. <\/p>\n\n\n\n<h2 class=\"wp-block-heading\">What information do we collect ?<\/h2>\n\n\n\n<p>We may collect personal data such as your name, postal address, telephone numbers, email address as well as other relevant information related to your preferences or your involvement as a member or volunteer.<\/p>\n\n\n\n<h2 class=\"wp-block-heading\">Autonomy in providing information<\/h2>\n\n\n\n<p>You have control over the information you choose to share with us. Please note, however, that some data may be necessary to provide you with our services or support. <\/p>\n\n\n\n<h2 class=\"wp-block-heading\">Use of your information<\/h2>\n\n\n\n<p>We will not sell, trade, or distribute your personal information without your consent, unless required by law. Uses of your data may include :<\/p>\n\n\n\n<ul class=\"wp-block-list\">\n<li>Management of our internal files ;<\/li>\n\n\n\n<li>Improving our services ;<\/li>\n\n\n\n<li>Sending promotional communications that may be of interest to you ;<\/li>\n\n\n\n<li>Improving and personalizing your experience on our site.<\/li>\n<\/ul>\n\n\n\n<h2 class=\"wp-block-heading\">Right of refusal<\/h2>\n\n\n\n<p>You can refuse to provide us with your personal data, but this may limit your access to some of our services.<\/p>\n\n\n\n<h2 class=\"wp-block-heading\">Security and consent<\/h2>\n\n\n\n<p>We collect and use your information responsibly, in compliance with Law 25. We obtain your explicit consent for any use of your personal data beyond the purposes for which it was initially collected. <\/p>\n\n\n\n<h2 class=\"wp-block-heading\">Technologies used<\/h2>\n\n\n\n<p>Our site uses WordPress and GravityForm for forms management. We also use Google Analytics with your consent to analyze traffic on our site in order to continually improve your user experience. <\/p>\n\n\n\n<h2 class=\"wp-block-heading\">Contact us<\/h2>\n\n\n\n<p>For any questions regarding the protection of your personal data or to remove your information, please visit our <a href=\"https:\/\/aqeips.org\/contact-us\/?lang=en\">Contact Us<\/a> page. <\/p>\n\n<\/div>\r\n","protected":false},"excerpt":{"rendered":"<p>AQIEPS is committed to protecting your privacy and complying with the Act modernizing legislative provisions regarding the protection of personal information (Law 25). This policy details our practices for managing personal information collected on our website. What information do we...<br \/><a href=\"https:\/\/aqeips.org\/en\/privacy-policy\/\" class=\"read-more\">Read more <span class=\"sr-only\">about Privacy Policy<\/span><\/a><\/p>","protected":false},"author":4,"featured_media":0,"parent":0,"menu_order":0,"comment_status":"closed","ping_status":"closed","template":"","meta":{"_acf_changed":false,"footnotes":""},"class_list":["post-4205","page","type-page","status-publish","hentry"],"acf":[],"yoast_head":"<!-- This site is optimized with the Yoast SEO plugin v27.1.1 - https:\/\/yoast.com\/product\/yoast-seo-wordpress\/ -->\n<title>Privacy Policy - Quebec Association for Equity and Inclusion in Post-Secondary Education<\/title>\n<meta name=\"robots\" content=\"index, follow, max-snippet:-1, max-image-preview:large, max-video-preview:-1\" \/>\n<link rel=\"canonical\" href=\"https:\/\/aqeips.org\/privacy-policy\/?lang=en\" \/>\n<meta property=\"og:locale\" content=\"en_US\" \/>\n<meta property=\"og:type\" content=\"article\" \/>\n<meta property=\"og:title\" content=\"Privacy Policy - Quebec Association for Equity and Inclusion in Post-Secondary Education\" \/>\n<meta property=\"og:url\" content=\"https:\/\/aqeips.org\/privacy-policy\/?lang=en\" \/>\n<meta property=\"og:site_name\" content=\"Quebec Association for Equity and Inclusion in Post-Secondary Education\" \/>\n<meta property=\"article:publisher\" content=\"https:\/\/fr-ca.facebook.com\/aqeips\/\" \/>\n<meta property=\"article:modified_time\" content=\"2024-10-22T20:07:16+00:00\" \/>\n<meta property=\"og:image\" content=\"https:\/\/aqeips.org\/wp-content\/uploads\/2023\/10\/Image-du-site-AQEIPS.jpg\" \/>\n\t<meta property=\"og:image:width\" content=\"1200\" \/>\n\t<meta property=\"og:image:height\" content=\"675\" \/>\n\t<meta property=\"og:image:type\" content=\"image\/jpeg\" \/>\n<meta name=\"twitter:card\" content=\"summary_large_image\" \/>\n<meta name=\"twitter:site\" content=\"@aqeips\" \/>\n<meta name=\"twitter:label1\" content=\"Est. reading time\" \/>\n\t<meta name=\"twitter:data1\" content=\"2 minutes\" \/>\n<script type=\"application\/ld+json\" class=\"yoast-schema-graph\">{\"@context\":\"https:\/\/schema.org\",\"@graph\":[{\"@type\":\"WebPage\",\"@id\":\"https:\/\/aqeips.org\/privacy-policy\/?lang=en\",\"url\":\"https:\/\/aqeips.org\/privacy-policy\/?lang=en\",\"name\":\"Privacy Policy - Quebec Association for Equity and Inclusion in Post-Secondary Education\",\"isPartOf\":{\"@id\":\"https:\/\/aqeips.org\/#website\"},\"datePublished\":\"2024-09-03T19:35:58+00:00\",\"dateModified\":\"2024-10-22T20:07:16+00:00\",\"breadcrumb\":{\"@id\":\"https:\/\/aqeips.org\/privacy-policy\/?lang=en#breadcrumb\"},\"inLanguage\":\"en-US\",\"potentialAction\":[{\"@type\":\"ReadAction\",\"target\":[\"https:\/\/aqeips.org\/privacy-policy\/?lang=en\"]}]},{\"@type\":\"BreadcrumbList\",\"@id\":\"https:\/\/aqeips.org\/privacy-policy\/?lang=en#breadcrumb\",\"itemListElement\":[{\"@type\":\"ListItem\",\"position\":1,\"name\":\"Accueil\",\"item\":\"https:\/\/aqeips.org\/?lang=en\"},{\"@type\":\"ListItem\",\"position\":2,\"name\":\"Privacy Policy\"}]},{\"@type\":\"WebSite\",\"@id\":\"https:\/\/aqeips.org\/#website\",\"url\":\"https:\/\/aqeips.org\/\",\"name\":\"Quebec Association for Equity and Inclusion in Post-Secondary Education\",\"description\":\"AQEIPS\",\"publisher\":{\"@id\":\"https:\/\/aqeips.org\/#organization\"},\"potentialAction\":[{\"@type\":\"SearchAction\",\"target\":{\"@type\":\"EntryPoint\",\"urlTemplate\":\"https:\/\/aqeips.org\/?s={search_term_string}\"},\"query-input\":{\"@type\":\"PropertyValueSpecification\",\"valueRequired\":true,\"valueName\":\"search_term_string\"}}],\"inLanguage\":\"en-US\"},{\"@type\":\"Organization\",\"@id\":\"https:\/\/aqeips.org\/#organization\",\"name\":\"L\u2019Association qu\u00e9b\u00e9coise pour l\u2019\u00e9quit\u00e9 et l\u2019inclusion au postsecondaire\",\"alternateName\":\"AQEIPS\",\"url\":\"https:\/\/aqeips.org\/\",\"logo\":{\"@type\":\"ImageObject\",\"inLanguage\":\"en-US\",\"@id\":\"https:\/\/aqeips.org\/#\/schema\/logo\/image\/\",\"url\":\"https:\/\/aqeips.org\/wp-content\/uploads\/2023\/10\/Logo-de-lentite-AQEIPS.jpg\",\"contentUrl\":\"https:\/\/aqeips.org\/wp-content\/uploads\/2023\/10\/Logo-de-lentite-AQEIPS.jpg\",\"width\":696,\"height\":696,\"caption\":\"L\u2019Association qu\u00e9b\u00e9coise pour l\u2019\u00e9quit\u00e9 et l\u2019inclusion au postsecondaire\"},\"image\":{\"@id\":\"https:\/\/aqeips.org\/#\/schema\/logo\/image\/\"},\"sameAs\":[\"https:\/\/fr-ca.facebook.com\/aqeips\/\",\"https:\/\/x.com\/aqeips\",\"https:\/\/www.linkedin.com\/company\/aqeips---association-qu\u00e9b\u00e9coise-des-\u00e9tudiants-ayant-des-incapacit\u00e9s-au-postsecondaire\/?originalSubdomain=ca\",\"https:\/\/www.youtube.com\/channel\/UCFvl0P7dBP9jUPL89k-xXIg\"]}]}<\/script>\n<!-- \/ Yoast SEO plugin. -->","yoast_head_json":{"title":"Privacy Policy - Quebec Association for Equity and Inclusion in Post-Secondary Education","robots":{"index":"index","follow":"follow","max-snippet":"max-snippet:-1","max-image-preview":"max-image-preview:large","max-video-preview":"max-video-preview:-1"},"canonical":"https:\/\/aqeips.org\/privacy-policy\/?lang=en","og_locale":"en_US","og_type":"article","og_title":"Privacy Policy - Quebec Association for Equity and Inclusion in Post-Secondary Education","og_url":"https:\/\/aqeips.org\/privacy-policy\/?lang=en","og_site_name":"Quebec Association for Equity and Inclusion in Post-Secondary Education","article_publisher":"https:\/\/fr-ca.facebook.com\/aqeips\/","article_modified_time":"2024-10-22T20:07:16+00:00","og_image":[{"width":1200,"height":675,"url":"https:\/\/aqeips.org\/wp-content\/uploads\/2023\/10\/Image-du-site-AQEIPS.jpg","type":"image\/jpeg"}],"twitter_card":"summary_large_image","twitter_site":"@aqeips","twitter_misc":{"Est. reading time":"2 minutes"},"schema":{"@context":"https:\/\/schema.org","@graph":[{"@type":"WebPage","@id":"https:\/\/aqeips.org\/privacy-policy\/?lang=en","url":"https:\/\/aqeips.org\/privacy-policy\/?lang=en","name":"Privacy Policy - Quebec Association for Equity and Inclusion in Post-Secondary Education","isPartOf":{"@id":"https:\/\/aqeips.org\/#website"},"datePublished":"2024-09-03T19:35:58+00:00","dateModified":"2024-10-22T20:07:16+00:00","breadcrumb":{"@id":"https:\/\/aqeips.org\/privacy-policy\/?lang=en#breadcrumb"},"inLanguage":"en-US","potentialAction":[{"@type":"ReadAction","target":["https:\/\/aqeips.org\/privacy-policy\/?lang=en"]}]},{"@type":"BreadcrumbList","@id":"https:\/\/aqeips.org\/privacy-policy\/?lang=en#breadcrumb","itemListElement":[{"@type":"ListItem","position":1,"name":"Accueil","item":"https:\/\/aqeips.org\/?lang=en"},{"@type":"ListItem","position":2,"name":"Privacy Policy"}]},{"@type":"WebSite","@id":"https:\/\/aqeips.org\/#website","url":"https:\/\/aqeips.org\/","name":"Quebec Association for Equity and Inclusion in Post-Secondary Education","description":"AQEIPS","publisher":{"@id":"https:\/\/aqeips.org\/#organization"},"potentialAction":[{"@type":"SearchAction","target":{"@type":"EntryPoint","urlTemplate":"https:\/\/aqeips.org\/?s={search_term_string}"},"query-input":{"@type":"PropertyValueSpecification","valueRequired":true,"valueName":"search_term_string"}}],"inLanguage":"en-US"},{"@type":"Organization","@id":"https:\/\/aqeips.org\/#organization","name":"L\u2019Association qu\u00e9b\u00e9coise pour l\u2019\u00e9quit\u00e9 et l\u2019inclusion au postsecondaire","alternateName":"AQEIPS","url":"https:\/\/aqeips.org\/","logo":{"@type":"ImageObject","inLanguage":"en-US","@id":"https:\/\/aqeips.org\/#\/schema\/logo\/image\/","url":"https:\/\/aqeips.org\/wp-content\/uploads\/2023\/10\/Logo-de-lentite-AQEIPS.jpg","contentUrl":"https:\/\/aqeips.org\/wp-content\/uploads\/2023\/10\/Logo-de-lentite-AQEIPS.jpg","width":696,"height":696,"caption":"L\u2019Association qu\u00e9b\u00e9coise pour l\u2019\u00e9quit\u00e9 et l\u2019inclusion au postsecondaire"},"image":{"@id":"https:\/\/aqeips.org\/#\/schema\/logo\/image\/"},"sameAs":["https:\/\/fr-ca.facebook.com\/aqeips\/","https:\/\/x.com\/aqeips","https:\/\/www.linkedin.com\/company\/aqeips---association-qu\u00e9b\u00e9coise-des-\u00e9tudiants-ayant-des-incapacit\u00e9s-au-postsecondaire\/?originalSubdomain=ca","https:\/\/www.youtube.com\/channel\/UCFvl0P7dBP9jUPL89k-xXIg"]}]}},"_links":{"self":[{"href":"https:\/\/aqeips.org\/en\/wp-json\/wp\/v2\/pages\/4205","targetHints":{"allow":["GET"]}}],"collection":[{"href":"https:\/\/aqeips.org\/en\/wp-json\/wp\/v2\/pages"}],"about":[{"href":"https:\/\/aqeips.org\/en\/wp-json\/wp\/v2\/types\/page"}],"author":[{"embeddable":true,"href":"https:\/\/aqeips.org\/en\/wp-json\/wp\/v2\/users\/4"}],"replies":[{"embeddable":true,"href":"https:\/\/aqeips.org\/en\/wp-json\/wp\/v2\/comments?post=4205"}],"version-history":[{"count":10,"href":"https:\/\/aqeips.org\/en\/wp-json\/wp\/v2\/pages\/4205\/revisions"}],"predecessor-version":[{"id":4215,"href":"https:\/\/aqeips.org\/en\/wp-json\/wp\/v2\/pages\/4205\/revisions\/4215"}],"wp:attachment":[{"href":"https:\/\/aqeips.org\/en\/wp-json\/wp\/v2\/media?parent=4205"}],"curies":[{"name":"wp","href":"https:\/\/api.w.org\/{rel}","templated":true}]}}