{"id":3014,"date":"2023-12-20T14:29:55","date_gmt":"2023-12-20T19:29:55","guid":{"rendered":"https:\/\/aqeips.org\/?page_id=3014"},"modified":"2025-09-08T11:48:25","modified_gmt":"2025-09-08T15:48:25","slug":"worbe-project-workplace-accessibility","status":"publish","type":"page","link":"https:\/\/aqeips.org\/en\/projects\/current-projects\/worbe-project-workplace-accessibility\/","title":{"rendered":"Workplace accessibility"},"content":{"rendered":"<div class=\"wp-bootstrap-blocks-container container mb-2\">\r\n\t\n\n<p><strong>AQEIPS<\/strong> is collaborating with NEADS (the National Educational Association of Students with Disabilities)\u00a0 <a href=\"https:\/\/neads.ca\/en\/\" target=\"_blank\" rel=\"noreferrer noopener\">NEADS,<\/a> Sustainable Livelihoods Canada (<a href=\"https:\/\/slcanada.org\/\" target=\"_blank\" rel=\"noreferrer noopener\">Home &#8211; Sustainable Livelihoods Canada (slcanada.org)<\/a>\u00a0 ) , MLPD (Manitoba league of people with disabilities <a href=\"https:\/\/mlpd.mb.ca\/\" target=\"_blank\" rel=\"noreferrer noopener\">Manitoba League of Persons with Disabilities (mlpd.mb.ca)<\/a>, <a href=\"http:\/\/www.ccdonline.ca\/en\/\">Council of Canadians with Disabilities<\/a> and Canada Post on project Pathways, a project to improve employment opportunities and workplace accessibility for people with disabilities (PWD).\u00a0\u00a0<\/p>\n\n\n\n<p>This project is being financed through the WORBE program: Workplace opportunities: Removing barriers to equity. <a href=\"https:\/\/www.canada.ca\/en\/employment-social-development\/services\/funding\/workplace-equity.html\" target=\"_blank\" rel=\"noreferrer noopener\">Funding WORBE: Workplace Opportunities: Removing Barriers to Equity &#8211; Canada.ca<\/a>&nbsp;<\/p>\n\n\n\n<p>The goals of the project are to:&nbsp;&nbsp;<\/p>\n\n\n\n<ul class=\"wp-block-list\">\n<li>Guide<strong> people with disabilities<\/strong> <strong>(PWD)<\/strong> to help them find rewarding employment opportunities.&nbsp;<\/li>\n<\/ul>\n\n\n\n<ul class=\"wp-block-list\">\n<li>Encourage candidates to look for and find jobs in a variety of fields.&nbsp;&nbsp;<\/li>\n\n\n\n<li>Find opportunities for accessible employment and develop best practices for making jobs accessible in the postal and courier service sectors.&nbsp;&nbsp;&nbsp;<\/li>\n<\/ul>\n\n\n\n<p>This project is innovative and aims to mentor candidates to help them develop the competencies, skills and adaptability to increase their level of employability and allow for a successful transition to the job market.&nbsp;&nbsp;<\/p>\n\n\n\n<p>We are currently working to develop best practices when it comes to looking for a job as well as helping to train coaches who will be offering a coaching service to our participants.&nbsp;&nbsp;<\/p>\n\n\n\n<p class=\"has-medium-font-size\"><strong>If you are looking for a job and are interested in receiving coaching services, you can register <\/strong><a href=\"https:\/\/www.neads.ca\/en\/about\/media\/index.php?id=1420#:~:text=The%20National%20Educational%20Association%20of,for%20Persons%20With%20Disabilities%20program\"><strong>here<\/strong><\/a>. <\/p>\n\n\n\n<p><\/p>\n\n<\/div>\r\n\n\n\n<p><\/p>\n","protected":false},"excerpt":{"rendered":"<p>AQEIPS is collaborating with NEADS (the National Educational Association of Students with Disabilities)\u00a0 NEADS, Sustainable Livelihoods Canada (Home - Sustainable Livelihoods Canada (slcanada.org)\u00a0 ) , MLPD (Manitoba league of people with disabilities Manitoba League of Persons with Disabilities (mlpd.mb.ca), Council...<br \/><a href=\"https:\/\/aqeips.org\/en\/projects\/current-projects\/worbe-project-workplace-accessibility\/\" class=\"read-more\">Read more <span class=\"sr-only\">about Workplace accessibility<\/span><\/a><\/p>","protected":false},"author":7,"featured_media":2303,"parent":1395,"menu_order":4,"comment_status":"closed","ping_status":"closed","template":"","meta":{"_acf_changed":false,"footnotes":""},"class_list":["post-3014","page","type-page","status-publish","has-post-thumbnail","hentry"],"acf":[],"yoast_head":"<!-- This site is optimized with the Yoast SEO plugin v27.1.1 - https:\/\/yoast.com\/product\/yoast-seo-wordpress\/ -->\n<title>Workplace accessibility - Quebec Association for Equity and Inclusion in Post-Secondary Education<\/title>\n<meta name=\"robots\" content=\"index, follow, max-snippet:-1, max-image-preview:large, max-video-preview:-1\" \/>\n<link rel=\"canonical\" href=\"https:\/\/aqeips.org\/en\/projects\/current-projects\/worbe-project-workplace-accessibility\/\" \/>\n<meta property=\"og:locale\" content=\"en_US\" \/>\n<meta property=\"og:type\" content=\"article\" \/>\n<meta property=\"og:title\" content=\"Workplace accessibility - Quebec Association for Equity and Inclusion in Post-Secondary Education\" \/>\n<meta property=\"og:url\" content=\"https:\/\/aqeips.org\/en\/projects\/current-projects\/worbe-project-workplace-accessibility\/\" \/>\n<meta property=\"og:site_name\" content=\"Quebec Association for Equity and Inclusion in Post-Secondary Education\" \/>\n<meta property=\"article:publisher\" content=\"https:\/\/fr-ca.facebook.com\/aqeips\/\" \/>\n<meta property=\"article:modified_time\" content=\"2025-09-08T15:48:25+00:00\" \/>\n<meta property=\"og:image\" content=\"https:\/\/aqeips.org\/wp-content\/uploads\/2023\/12\/pexels-fauxels-3183197-scaled.jpg\" \/>\n\t<meta property=\"og:image:width\" content=\"2560\" \/>\n\t<meta property=\"og:image:height\" content=\"1708\" \/>\n\t<meta property=\"og:image:type\" content=\"image\/jpeg\" \/>\n<meta name=\"twitter:card\" content=\"summary_large_image\" \/>\n<meta name=\"twitter:site\" content=\"@aqeips\" \/>\n<meta name=\"twitter:label1\" content=\"Est. reading time\" \/>\n\t<meta name=\"twitter:data1\" content=\"2 minutes\" \/>\n<script type=\"application\/ld+json\" class=\"yoast-schema-graph\">{\"@context\":\"https:\/\/schema.org\",\"@graph\":[{\"@type\":\"WebPage\",\"@id\":\"https:\/\/aqeips.org\/en\/projects\/current-projects\/worbe-project-workplace-accessibility\/\",\"url\":\"https:\/\/aqeips.org\/en\/projects\/current-projects\/worbe-project-workplace-accessibility\/\",\"name\":\"Workplace accessibility - Quebec Association for Equity and Inclusion in Post-Secondary Education\",\"isPartOf\":{\"@id\":\"https:\/\/aqeips.org\/#website\"},\"primaryImageOfPage\":{\"@id\":\"https:\/\/aqeips.org\/en\/projects\/current-projects\/worbe-project-workplace-accessibility\/#primaryimage\"},\"image\":{\"@id\":\"https:\/\/aqeips.org\/en\/projects\/current-projects\/worbe-project-workplace-accessibility\/#primaryimage\"},\"thumbnailUrl\":\"https:\/\/aqeips.org\/wp-content\/uploads\/2023\/12\/pexels-fauxels-3183197-scaled.jpg\",\"datePublished\":\"2023-12-20T19:29:55+00:00\",\"dateModified\":\"2025-09-08T15:48:25+00:00\",\"breadcrumb\":{\"@id\":\"https:\/\/aqeips.org\/en\/projects\/current-projects\/worbe-project-workplace-accessibility\/#breadcrumb\"},\"inLanguage\":\"en-US\",\"potentialAction\":[{\"@type\":\"ReadAction\",\"target\":[\"https:\/\/aqeips.org\/en\/projects\/current-projects\/worbe-project-workplace-accessibility\/\"]}]},{\"@type\":\"ImageObject\",\"inLanguage\":\"en-US\",\"@id\":\"https:\/\/aqeips.org\/en\/projects\/current-projects\/worbe-project-workplace-accessibility\/#primaryimage\",\"url\":\"https:\/\/aqeips.org\/wp-content\/uploads\/2023\/12\/pexels-fauxels-3183197-scaled.jpg\",\"contentUrl\":\"https:\/\/aqeips.org\/wp-content\/uploads\/2023\/12\/pexels-fauxels-3183197-scaled.jpg\",\"width\":2560,\"height\":1708},{\"@type\":\"BreadcrumbList\",\"@id\":\"https:\/\/aqeips.org\/en\/projects\/current-projects\/worbe-project-workplace-accessibility\/#breadcrumb\",\"itemListElement\":[{\"@type\":\"ListItem\",\"position\":1,\"name\":\"Accueil\",\"item\":\"https:\/\/aqeips.org\/?lang=en\"},{\"@type\":\"ListItem\",\"position\":2,\"name\":\"Projects\",\"item\":\"https:\/\/aqeips.org\/en\/projects\/\"},{\"@type\":\"ListItem\",\"position\":3,\"name\":\"Current projects\",\"item\":\"https:\/\/aqeips.org\/en\/projects\/current-projects\/\"},{\"@type\":\"ListItem\",\"position\":4,\"name\":\"Workplace accessibility\"}]},{\"@type\":\"WebSite\",\"@id\":\"https:\/\/aqeips.org\/#website\",\"url\":\"https:\/\/aqeips.org\/\",\"name\":\"Quebec Association for Equity and Inclusion in Post-Secondary Education\",\"description\":\"AQEIPS\",\"publisher\":{\"@id\":\"https:\/\/aqeips.org\/#organization\"},\"potentialAction\":[{\"@type\":\"SearchAction\",\"target\":{\"@type\":\"EntryPoint\",\"urlTemplate\":\"https:\/\/aqeips.org\/?s={search_term_string}\"},\"query-input\":{\"@type\":\"PropertyValueSpecification\",\"valueRequired\":true,\"valueName\":\"search_term_string\"}}],\"inLanguage\":\"en-US\"},{\"@type\":\"Organization\",\"@id\":\"https:\/\/aqeips.org\/#organization\",\"name\":\"L\u2019Association qu\u00e9b\u00e9coise pour l\u2019\u00e9quit\u00e9 et l\u2019inclusion au postsecondaire\",\"alternateName\":\"AQEIPS\",\"url\":\"https:\/\/aqeips.org\/\",\"logo\":{\"@type\":\"ImageObject\",\"inLanguage\":\"en-US\",\"@id\":\"https:\/\/aqeips.org\/#\/schema\/logo\/image\/\",\"url\":\"https:\/\/aqeips.org\/wp-content\/uploads\/2023\/10\/Logo-de-lentite-AQEIPS.jpg\",\"contentUrl\":\"https:\/\/aqeips.org\/wp-content\/uploads\/2023\/10\/Logo-de-lentite-AQEIPS.jpg\",\"width\":696,\"height\":696,\"caption\":\"L\u2019Association qu\u00e9b\u00e9coise pour l\u2019\u00e9quit\u00e9 et l\u2019inclusion au postsecondaire\"},\"image\":{\"@id\":\"https:\/\/aqeips.org\/#\/schema\/logo\/image\/\"},\"sameAs\":[\"https:\/\/fr-ca.facebook.com\/aqeips\/\",\"https:\/\/x.com\/aqeips\",\"https:\/\/www.linkedin.com\/company\/aqeips---association-qu\u00e9b\u00e9coise-des-\u00e9tudiants-ayant-des-incapacit\u00e9s-au-postsecondaire\/?originalSubdomain=ca\",\"https:\/\/www.youtube.com\/channel\/UCFvl0P7dBP9jUPL89k-xXIg\"]}]}<\/script>\n<!-- \/ Yoast SEO plugin. -->","yoast_head_json":{"title":"Workplace accessibility - Quebec Association for Equity and Inclusion in Post-Secondary Education","robots":{"index":"index","follow":"follow","max-snippet":"max-snippet:-1","max-image-preview":"max-image-preview:large","max-video-preview":"max-video-preview:-1"},"canonical":"https:\/\/aqeips.org\/en\/projects\/current-projects\/worbe-project-workplace-accessibility\/","og_locale":"en_US","og_type":"article","og_title":"Workplace accessibility - Quebec Association for Equity and Inclusion in Post-Secondary Education","og_url":"https:\/\/aqeips.org\/en\/projects\/current-projects\/worbe-project-workplace-accessibility\/","og_site_name":"Quebec Association for Equity and Inclusion in Post-Secondary Education","article_publisher":"https:\/\/fr-ca.facebook.com\/aqeips\/","article_modified_time":"2025-09-08T15:48:25+00:00","og_image":[{"width":2560,"height":1708,"url":"https:\/\/aqeips.org\/wp-content\/uploads\/2023\/12\/pexels-fauxels-3183197-scaled.jpg","type":"image\/jpeg"}],"twitter_card":"summary_large_image","twitter_site":"@aqeips","twitter_misc":{"Est. reading time":"2 minutes"},"schema":{"@context":"https:\/\/schema.org","@graph":[{"@type":"WebPage","@id":"https:\/\/aqeips.org\/en\/projects\/current-projects\/worbe-project-workplace-accessibility\/","url":"https:\/\/aqeips.org\/en\/projects\/current-projects\/worbe-project-workplace-accessibility\/","name":"Workplace accessibility - Quebec Association for Equity and Inclusion in Post-Secondary Education","isPartOf":{"@id":"https:\/\/aqeips.org\/#website"},"primaryImageOfPage":{"@id":"https:\/\/aqeips.org\/en\/projects\/current-projects\/worbe-project-workplace-accessibility\/#primaryimage"},"image":{"@id":"https:\/\/aqeips.org\/en\/projects\/current-projects\/worbe-project-workplace-accessibility\/#primaryimage"},"thumbnailUrl":"https:\/\/aqeips.org\/wp-content\/uploads\/2023\/12\/pexels-fauxels-3183197-scaled.jpg","datePublished":"2023-12-20T19:29:55+00:00","dateModified":"2025-09-08T15:48:25+00:00","breadcrumb":{"@id":"https:\/\/aqeips.org\/en\/projects\/current-projects\/worbe-project-workplace-accessibility\/#breadcrumb"},"inLanguage":"en-US","potentialAction":[{"@type":"ReadAction","target":["https:\/\/aqeips.org\/en\/projects\/current-projects\/worbe-project-workplace-accessibility\/"]}]},{"@type":"ImageObject","inLanguage":"en-US","@id":"https:\/\/aqeips.org\/en\/projects\/current-projects\/worbe-project-workplace-accessibility\/#primaryimage","url":"https:\/\/aqeips.org\/wp-content\/uploads\/2023\/12\/pexels-fauxels-3183197-scaled.jpg","contentUrl":"https:\/\/aqeips.org\/wp-content\/uploads\/2023\/12\/pexels-fauxels-3183197-scaled.jpg","width":2560,"height":1708},{"@type":"BreadcrumbList","@id":"https:\/\/aqeips.org\/en\/projects\/current-projects\/worbe-project-workplace-accessibility\/#breadcrumb","itemListElement":[{"@type":"ListItem","position":1,"name":"Accueil","item":"https:\/\/aqeips.org\/?lang=en"},{"@type":"ListItem","position":2,"name":"Projects","item":"https:\/\/aqeips.org\/en\/projects\/"},{"@type":"ListItem","position":3,"name":"Current projects","item":"https:\/\/aqeips.org\/en\/projects\/current-projects\/"},{"@type":"ListItem","position":4,"name":"Workplace accessibility"}]},{"@type":"WebSite","@id":"https:\/\/aqeips.org\/#website","url":"https:\/\/aqeips.org\/","name":"Quebec Association for Equity and Inclusion in Post-Secondary Education","description":"AQEIPS","publisher":{"@id":"https:\/\/aqeips.org\/#organization"},"potentialAction":[{"@type":"SearchAction","target":{"@type":"EntryPoint","urlTemplate":"https:\/\/aqeips.org\/?s={search_term_string}"},"query-input":{"@type":"PropertyValueSpecification","valueRequired":true,"valueName":"search_term_string"}}],"inLanguage":"en-US"},{"@type":"Organization","@id":"https:\/\/aqeips.org\/#organization","name":"L\u2019Association qu\u00e9b\u00e9coise pour l\u2019\u00e9quit\u00e9 et l\u2019inclusion au postsecondaire","alternateName":"AQEIPS","url":"https:\/\/aqeips.org\/","logo":{"@type":"ImageObject","inLanguage":"en-US","@id":"https:\/\/aqeips.org\/#\/schema\/logo\/image\/","url":"https:\/\/aqeips.org\/wp-content\/uploads\/2023\/10\/Logo-de-lentite-AQEIPS.jpg","contentUrl":"https:\/\/aqeips.org\/wp-content\/uploads\/2023\/10\/Logo-de-lentite-AQEIPS.jpg","width":696,"height":696,"caption":"L\u2019Association qu\u00e9b\u00e9coise pour l\u2019\u00e9quit\u00e9 et l\u2019inclusion au postsecondaire"},"image":{"@id":"https:\/\/aqeips.org\/#\/schema\/logo\/image\/"},"sameAs":["https:\/\/fr-ca.facebook.com\/aqeips\/","https:\/\/x.com\/aqeips","https:\/\/www.linkedin.com\/company\/aqeips---association-qu\u00e9b\u00e9coise-des-\u00e9tudiants-ayant-des-incapacit\u00e9s-au-postsecondaire\/?originalSubdomain=ca","https:\/\/www.youtube.com\/channel\/UCFvl0P7dBP9jUPL89k-xXIg"]}]}},"_links":{"self":[{"href":"https:\/\/aqeips.org\/en\/wp-json\/wp\/v2\/pages\/3014","targetHints":{"allow":["GET"]}}],"collection":[{"href":"https:\/\/aqeips.org\/en\/wp-json\/wp\/v2\/pages"}],"about":[{"href":"https:\/\/aqeips.org\/en\/wp-json\/wp\/v2\/types\/page"}],"author":[{"embeddable":true,"href":"https:\/\/aqeips.org\/en\/wp-json\/wp\/v2\/users\/7"}],"replies":[{"embeddable":true,"href":"https:\/\/aqeips.org\/en\/wp-json\/wp\/v2\/comments?post=3014"}],"version-history":[{"count":9,"href":"https:\/\/aqeips.org\/en\/wp-json\/wp\/v2\/pages\/3014\/revisions"}],"predecessor-version":[{"id":7176,"href":"https:\/\/aqeips.org\/en\/wp-json\/wp\/v2\/pages\/3014\/revisions\/7176"}],"up":[{"embeddable":true,"href":"https:\/\/aqeips.org\/en\/wp-json\/wp\/v2\/pages\/1395"}],"wp:featuredmedia":[{"embeddable":true,"href":"https:\/\/aqeips.org\/en\/wp-json\/wp\/v2\/media\/2303"}],"wp:attachment":[{"href":"https:\/\/aqeips.org\/en\/wp-json\/wp\/v2\/media?parent=3014"}],"curies":[{"name":"wp","href":"https:\/\/api.w.org\/{rel}","templated":true}]}}