{"id":2795,"date":"2023-12-14T13:26:17","date_gmt":"2023-12-14T18:26:17","guid":{"rendered":"https:\/\/aqeips.org\/?page_id=2795"},"modified":"2025-09-05T11:10:13","modified_gmt":"2025-09-05T15:10:13","slug":"financial-help","status":"publish","type":"page","link":"https:\/\/aqeips.org\/en\/resources\/financial-help\/","title":{"rendered":"Financial help"},"content":{"rendered":"<div class=\"wp-bootstrap-blocks-container container mb-2\">\r\n\t\n\n<div style=\"height:25px\" aria-hidden=\"true\" class=\"wp-block-spacer\"><\/div>\n\n\n\n<h2 class=\"wp-block-heading has-text-align-center has-md-font-size\">Form 1015<\/h2>\n\n\n\n<div class=\"wp-block-columns is-layout-flex wp-container-core-columns-is-layout-9d6595d7 wp-block-columns-is-layout-flex\">\n<div class=\"wp-block-column is-layout-flow wp-block-column-is-layout-flow\" style=\"flex-basis:66.66%\">\n<div class=\"wp-block-columns is-layout-flex wp-container-core-columns-is-layout-9d6595d7 wp-block-columns-is-layout-flex\">\n<div class=\"wp-block-column is-layout-flow wp-block-column-is-layout-flow\">\r\n        <a class=\"cards-link cards-link-card\" href=\"https:\/\/aqeips.org\/form-1015-what-you-need-to-know\/?lang=en\" target=\"_blank\" aria-label=\"Form 1015 : what you need to know\" data-aos=\"fade-up\">\r\n                <div class=\"cards-link-content\">\r\n            <div class=\"cards-link-title\">\r\n                                <h4 class=\"h6\">Form 1015 : what you need to know<\/h4>\r\n            <\/div>\r\n                        <i class=\"fa-regular fa-arrow-up-right d-flex align-items-center cards-link-last-icon\"><\/i>\r\n                    <\/div>\r\n    <\/a>\r\n<\/div>\n\n\n\n<div class=\"wp-block-column is-layout-flow wp-block-column-is-layout-flow\">\r\n        <a class=\"cards-link cards-link-card\" href=\"https:\/\/aqeips.org\/form-1015-2025-2026\/?lang=en\" target=\"_blank\" aria-label=\"What are the changes to form 1015 for the 2025-2026 academic year?\" data-aos=\"fade-up\">\r\n                <div class=\"cards-link-content\">\r\n            <div class=\"cards-link-title\">\r\n                                <h5 class=\"h6\">What are the changes to form 1015 for the 2025-2026 academic year?<\/h5>\r\n            <\/div>\r\n                        <i class=\"fa-regular fa-arrow-up-right d-flex align-items-center cards-link-last-icon\"><\/i>\r\n                    <\/div>\r\n    <\/a>\r\n<\/div>\n<\/div>\n\n\n\n<h2 class=\"wp-block-heading has-text-align-center has-md-font-size\">Useful links<\/h2>\n\n\n\n<ul class=\"wp-block-list\">\n<li><a href=\"https:\/\/dfac.ca\/\" target=\"_blank\" rel=\"noreferrer noopener\">DFAC &#8211; Disability Financial Assistance Corporation<\/a>&nbsp;<\/li>\n\n\n\n<li><a href=\"https:\/\/www.disabilitywithoutpoverty.ca\/\" target=\"_blank\" rel=\"noreferrer noopener\">Disability Without Poverty<\/a><\/li>\n\n\n\n<li><a href=\"https:\/\/finandicap.com\/en\/home\/\" target=\"_blank\" rel=\"noreferrer noopener\">Finandicap<\/a>&nbsp;<\/li>\n\n\n\n<li><a href=\"https:\/\/www.finautonome.org\/\">Finautonome <\/a>(FR only)<\/li>\n\n\n\n<li><a href=\"https:\/\/roseph.ca\/\" target=\"_blank\" rel=\"noreferrer noopener\">ROSEPH &#8211; Regroupement des Organismes Sp\u00e9cialis\u00e9s pour l&#8217;Emploi des Personnes Handicap\u00e9es<\/a>&nbsp;<a href=\"https:\/\/www.finautonome.org\/\"> <\/a>(FR only)<\/li>\n<\/ul>\n\n\n\n<figure class=\"wp-block-embed is-type-video is-provider-youtube wp-block-embed-youtube\"><div style=\"display: contents;\" >\n\n<div data-mode=\"normal\" data-oembed=\"1\" data-provider=\"youtube\" id=\"arve-youtube-zoygupzduqw\" class=\"arve\">\n\t<div class=\"arve-inner\">\n\t\t<div style=\"aspect-ratio:500\/281\" class=\"arve-embed arve-embed--has-aspect-ratio\">\n\t\t\t<div class=\"arve-ar\" style=\"padding-top:56.200000%\"><\/div>\n\t\t\t<iframe allow=\"accelerometer &apos;none&apos;;autoplay &apos;none&apos;;bluetooth &apos;none&apos;;browsing-topics &apos;none&apos;;camera &apos;none&apos;;clipboard-read &apos;none&apos;;clipboard-write;display-capture &apos;none&apos;;encrypted-media &apos;none&apos;;gamepad &apos;none&apos;;geolocation &apos;none&apos;;gyroscope &apos;none&apos;;hid &apos;none&apos;;identity-credentials-get &apos;none&apos;;idle-detection &apos;none&apos;;keyboard-map &apos;none&apos;;local-fonts;magnetometer &apos;none&apos;;microphone &apos;none&apos;;midi &apos;none&apos;;otp-credentials &apos;none&apos;;payment &apos;none&apos;;picture-in-picture;publickey-credentials-create &apos;none&apos;;publickey-credentials-get &apos;none&apos;;screen-wake-lock &apos;none&apos;;serial &apos;none&apos;;summarizer &apos;none&apos;;sync-xhr;usb &apos;none&apos;;web-share;window-management &apos;none&apos;;xr-spatial-tracking &apos;none&apos;;\" allowfullscreen=\"\" class=\"arve-iframe fitvidsignore\" credentialless data-arve=\"arve-youtube-zoygupzduqw\" data-lenis-prevent=\"\" data-src-no-ap=\"https:\/\/www.youtube-nocookie.com\/embed\/ZoYguPZduqw?feature=oembed&amp;iv_load_policy=3&amp;modestbranding=1&amp;rel=0&amp;autohide=1&amp;playsinline=0&amp;autoplay=0\" frameborder=\"0\" height=\"0\" loading=\"lazy\" name=\"\" referrerpolicy=\"strict-origin-when-cross-origin\" sandbox=\"allow-scripts allow-same-origin allow-presentation allow-popups allow-popups-to-escape-sandbox\" scrolling=\"no\" src=\"https:\/\/www.youtube-nocookie.com\/embed\/ZoYguPZduqw?feature=oembed&#038;iv_load_policy=3&#038;modestbranding=1&#038;rel=0&#038;autohide=1&#038;playsinline=0&#038;autoplay=0\" title=\"\" width=\"0\"><\/iframe>\n\t\t\t\n\t\t<\/div>\n\t\t\n\t<\/div>\n\t\n\t\n\t<script type=\"application\/ld+json\">{\"@context\":\"http:\\\/\\\/schema.org\\\/\",\"@id\":\"https:\\\/\\\/aqeips.org\\\/en\\\/resources\\\/financial-help\\\/#arve-youtube-zoygupzduqw\",\"type\":\"VideoObject\",\"embedURL\":\"https:\\\/\\\/www.youtube-nocookie.com\\\/embed\\\/ZoYguPZduqw?feature=oembed&iv_load_policy=3&modestbranding=1&rel=0&autohide=1&playsinline=0&autoplay=0\"}<\/script>\n\t\n<\/div>\n<\/div><\/figure>\n<\/div>\n\n\n\n<div class=\"wp-block-column is-layout-flow wp-block-column-is-layout-flow\" style=\"flex-basis:33.33%\">\n<h2 class=\"wp-block-heading has-text-align-center has-md-font-size\">Articles<\/h2>\n\n\n\n<div class=\"wp-block-query is-layout-flow wp-block-query-is-layout-flow\"><ul class=\"wp-block-post-template is-layout-flow wp-block-post-template-is-layout-flow\"><li class=\"wp-block-post post-4308 post type-post status-publish format-standard has-post-thumbnail hentry category-articles tag-academic-life tag-financial-help\">\n\n<div class=\"wp-block-columns are-vertically-aligned-center is-layout-flex wp-container-core-columns-is-layout-9d6595d7 wp-block-columns-is-layout-flex\">\n<div class=\"wp-block-column is-vertically-aligned-center is-layout-flow wp-block-column-is-layout-flow\" style=\"flex-basis:25%\"><figure class=\"wp-block-post-featured-image\"><a href=\"https:\/\/aqeips.org\/en\/form-1015-what-you-need-to-know\/\" target=\"_self\"  ><img loading=\"lazy\" decoding=\"async\" width=\"2560\" height=\"2560\" src=\"https:\/\/aqeips.org\/wp-content\/uploads\/2024\/09\/pexels-cytonn-photography-955393_1x1-scaled.jpg\" class=\"attachment-post-thumbnail size-post-thumbnail wp-post-image\" alt=\"Form 1015: what you need to know\u00a0\" style=\"object-fit:cover;\" srcset=\"https:\/\/aqeips.org\/wp-content\/uploads\/2024\/09\/pexels-cytonn-photography-955393_1x1-scaled.jpg 2560w, https:\/\/aqeips.org\/wp-content\/uploads\/2024\/09\/pexels-cytonn-photography-955393_1x1-1024x1024.jpg 1024w, https:\/\/aqeips.org\/wp-content\/uploads\/2024\/09\/pexels-cytonn-photography-955393_1x1-1800x1800.jpg 1800w, https:\/\/aqeips.org\/wp-content\/uploads\/2024\/09\/pexels-cytonn-photography-955393_1x1-500x500.jpg 500w, https:\/\/aqeips.org\/wp-content\/uploads\/2024\/09\/pexels-cytonn-photography-955393_1x1-768x768.jpg 768w, https:\/\/aqeips.org\/wp-content\/uploads\/2024\/09\/pexels-cytonn-photography-955393_1x1-1536x1536.jpg 1536w, https:\/\/aqeips.org\/wp-content\/uploads\/2024\/09\/pexels-cytonn-photography-955393_1x1-2048x2048.jpg 2048w\" sizes=\"auto, (max-width: 2560px) 100vw, 2560px\" \/><\/a><\/figure><\/div>\n\n\n\n<div class=\"wp-block-column is-vertically-aligned-center is-layout-flow wp-block-column-is-layout-flow\" style=\"flex-basis:75%\"><h2 class=\"wp-block-post-title has-medium-font-size\"><a href=\"https:\/\/aqeips.org\/en\/form-1015-what-you-need-to-know\/\" target=\"_self\" >Form 1015: what you need to know\u00a0<\/a><\/h2><\/div>\n<\/div>\n\n<\/li><li class=\"wp-block-post post-4102 post type-post status-publish format-standard has-post-thumbnail hentry category-articles tag-financial-help\">\n\n<div class=\"wp-block-columns are-vertically-aligned-center is-layout-flex wp-container-core-columns-is-layout-9d6595d7 wp-block-columns-is-layout-flex\">\n<div class=\"wp-block-column is-vertically-aligned-center is-layout-flow wp-block-column-is-layout-flow\" style=\"flex-basis:25%\"><figure class=\"wp-block-post-featured-image\"><a href=\"https:\/\/aqeips.org\/en\/aqeips-bursary-program-25-years-of-crucial-support\/\" target=\"_self\"  ><img loading=\"lazy\" decoding=\"async\" width=\"2560\" height=\"1707\" src=\"https:\/\/aqeips.org\/wp-content\/uploads\/2023\/12\/pexels-pnw-production-7625047-scaled.jpg\" class=\"attachment-post-thumbnail size-post-thumbnail wp-post-image\" alt=\"AQEIPS&#8217; Bursary Program ; 25 years of Crucial Support\" style=\"object-fit:cover;\" srcset=\"https:\/\/aqeips.org\/wp-content\/uploads\/2023\/12\/pexels-pnw-production-7625047-scaled.jpg 2560w, https:\/\/aqeips.org\/wp-content\/uploads\/2023\/12\/pexels-pnw-production-7625047-300x200.jpg 300w, https:\/\/aqeips.org\/wp-content\/uploads\/2023\/12\/pexels-pnw-production-7625047-1024x683.jpg 1024w, https:\/\/aqeips.org\/wp-content\/uploads\/2023\/12\/pexels-pnw-production-7625047-768x512.jpg 768w, https:\/\/aqeips.org\/wp-content\/uploads\/2023\/12\/pexels-pnw-production-7625047-1536x1024.jpg 1536w, https:\/\/aqeips.org\/wp-content\/uploads\/2023\/12\/pexels-pnw-production-7625047-2048x1365.jpg 2048w\" sizes=\"auto, (max-width: 2560px) 100vw, 2560px\" \/><\/a><\/figure><\/div>\n\n\n\n<div class=\"wp-block-column is-vertically-aligned-center is-layout-flow wp-block-column-is-layout-flow\" style=\"flex-basis:75%\"><h2 class=\"wp-block-post-title has-medium-font-size\"><a href=\"https:\/\/aqeips.org\/en\/aqeips-bursary-program-25-years-of-crucial-support\/\" target=\"_self\" >AQEIPS&#8217; Bursary Program ; 25 years of Crucial Support<\/a><\/h2><\/div>\n<\/div>\n\n<\/li><li class=\"wp-block-post post-1516 post type-post status-publish format-standard has-post-thumbnail hentry category-articles tag-financial-help\">\n\n<div class=\"wp-block-columns are-vertically-aligned-center is-layout-flex wp-container-core-columns-is-layout-9d6595d7 wp-block-columns-is-layout-flex\">\n<div class=\"wp-block-column is-vertically-aligned-center is-layout-flow wp-block-column-is-layout-flow\" style=\"flex-basis:25%\"><figure class=\"wp-block-post-featured-image\"><a href=\"https:\/\/aqeips.org\/en\/elimination-of-interests-on-student-loans\/\" target=\"_self\"  ><img loading=\"lazy\" decoding=\"async\" width=\"1920\" height=\"1280\" src=\"https:\/\/aqeips.org\/wp-content\/uploads\/2023\/01\/cover-header-materiel-ecole.jpg\" class=\"attachment-post-thumbnail size-post-thumbnail wp-post-image\" alt=\"Interest-free student loans\" style=\"object-fit:cover;\" srcset=\"https:\/\/aqeips.org\/wp-content\/uploads\/2023\/01\/cover-header-materiel-ecole.jpg 1920w, https:\/\/aqeips.org\/wp-content\/uploads\/2023\/01\/cover-header-materiel-ecole-300x200.jpg 300w, https:\/\/aqeips.org\/wp-content\/uploads\/2023\/01\/cover-header-materiel-ecole-1024x683.jpg 1024w, https:\/\/aqeips.org\/wp-content\/uploads\/2023\/01\/cover-header-materiel-ecole-768x512.jpg 768w, https:\/\/aqeips.org\/wp-content\/uploads\/2023\/01\/cover-header-materiel-ecole-1536x1024.jpg 1536w\" sizes=\"auto, (max-width: 1920px) 100vw, 1920px\" \/><\/a><\/figure><\/div>\n\n\n\n<div class=\"wp-block-column is-vertically-aligned-center is-layout-flow wp-block-column-is-layout-flow\" style=\"flex-basis:75%\"><h2 class=\"wp-block-post-title has-medium-font-size\"><a href=\"https:\/\/aqeips.org\/en\/elimination-of-interests-on-student-loans\/\" target=\"_self\" >Interest-free student loans<\/a><\/h2><\/div>\n<\/div>\n\n<\/li><\/ul><\/div>\n<\/div>\n<\/div>\n\n\n\n<div style=\"height:25px\" aria-hidden=\"true\" class=\"wp-block-spacer\"><\/div>\n\n\n\n<h2 class=\"wp-block-heading has-text-align-center has-md-font-size\">Frequently asked questions<\/h2>\n\n\n\n<div style=\"height:25px\" aria-hidden=\"true\" class=\"wp-block-spacer\"><\/div>\n\n\n\r\n<div class=\"accordions-block\">\r\n                    <div class=\"accordion\" data-aos=\"fade-up\">\r\n            <h2 class=\"accordion-title h3\">\r\n                <a class=\"accordion-link\" role=\"button\" href=\"#panel-who-is-eligible-for-the-allowance-for-special-needs-1\" aria-expanded=\"false\" aria-controls=\"panel-who-is-eligible-for-the-allowance-for-special-needs-1\">Who is eligible for the Allowance for special needs?<\/a>\r\n            <\/h2>\r\n\r\n            <div class=\"accordion-panel\" id=\"panel-who-is-eligible-for-the-allowance-for-special-needs-1\" style=\"display: none;\">\r\n\t\t\t\t<div>To be eligible for the <a href=\"https:\/\/www.quebec.ca\/en\/education\/student-financial-assistance\/allowance-special-needs-adults\">Allowance for special needs<\/a>, you must be a person declared to have a major functional impairment or another recognized disability. You must also be enrolled full-time or part-time in a recognized secondary school (vocational training or adult education), college or university, and demonstrate that material resources, specialized services or adapted transportation will be required to pursue your studies.<\/div>\n            <\/div>\r\n        <\/div>\r\n                    <div class=\"accordion\" data-aos=\"fade-up\">\r\n            <h2 class=\"accordion-title h3\">\r\n                <a class=\"accordion-link\" role=\"button\" href=\"#panel-how-do-i-apply-for-student-financial-aid-2\" aria-expanded=\"false\" aria-controls=\"panel-how-do-i-apply-for-student-financial-aid-2\">How do I apply for student financial aid?<\/a>\r\n            <\/h2>\r\n\r\n            <div class=\"accordion-panel\" id=\"panel-how-do-i-apply-for-student-financial-aid-2\" style=\"display: none;\">\r\n\t\t\t\t<ul>\n<li>Complete the application form for <a href=\"https:\/\/www.quebec.ca\/en\/education\/student-financial-assistance\">Student Financial Assistance<\/a> available on the Minist\u00e8re de l&#8217;\u00c9ducation, du Loisir et du Sport website. (Don&#8217;t forget to check the \u201cMajor functional impairment\u201d box in section 5 of the form).<\/li>\n<\/ul>\n<p>Don&#8217;t forget to notify Student Financial Aid of any changes to your course load, address, physical condition and\/or if you decide to drop out of courses.<\/p>\n<p>&nbsp;<\/p>\n<p><span style=\"text-decoration: underline;\">Timetable : <\/span><\/p>\n<p><strong>June &#8211; July:<\/strong> Fill out a new application for the fall intake. Make sure your fall registration is complete and your courses have all been approved.<\/p>\n<p><strong>September &#8211; December:<\/strong> Make sure you have your guarantee certificate if you are applying for the first time or returning to school after a break. Check that your registration for the winter term is complete and that your courses have all been approved.<\/p>\n<p><strong>January:<\/strong> Log in to your account and complete the Confirmation of Financial Resources form.<\/p>\n<p><strong>April:<\/strong> If applicable, make sure your summer term registration is complete and your courses have all been approved.<\/p>\n            <\/div>\r\n        <\/div>\r\n    <\/div>\r\n\n<\/div>\r\n","protected":false},"excerpt":{"rendered":"<p>Form 1015 Useful links DFAC - Disability Financial Assistance Corporation&nbsp; Disability Without Poverty Finandicap&nbsp; Finautonome (FR only) ROSEPH - Regroupement des Organismes Sp\u00e9cialis\u00e9s pour l'Emploi des Personnes Handicap\u00e9es&nbsp; (FR only) https:\/\/youtu.be\/ZoYguPZduqw?si=dcSW4lcpIQftI1ie Articles Frequently asked questions...<br \/><a href=\"https:\/\/aqeips.org\/en\/resources\/financial-help\/\" class=\"read-more\">Read more <span class=\"sr-only\">about Financial help<\/span><\/a><\/p>","protected":false},"author":7,"featured_media":2285,"parent":1425,"menu_order":3,"comment_status":"closed","ping_status":"closed","template":"templates\/side-nav.php","meta":{"_acf_changed":false,"footnotes":""},"class_list":["post-2795","page","type-page","status-publish","has-post-thumbnail","hentry"],"acf":[],"yoast_head":"<!-- This site is optimized with the Yoast SEO plugin v27.1.1 - https:\/\/yoast.com\/product\/yoast-seo-wordpress\/ -->\n<title>Financial help - Quebec Association for Equity and Inclusion in Post-Secondary Education<\/title>\n<meta name=\"robots\" content=\"index, follow, max-snippet:-1, max-image-preview:large, max-video-preview:-1\" \/>\n<link rel=\"canonical\" href=\"https:\/\/aqeips.org\/resources\/financial-help\/?lang=en\" \/>\n<meta property=\"og:locale\" content=\"en_US\" \/>\n<meta property=\"og:type\" content=\"article\" \/>\n<meta property=\"og:title\" content=\"Financial help - Quebec Association for Equity and Inclusion in Post-Secondary Education\" \/>\n<meta property=\"og:url\" content=\"https:\/\/aqeips.org\/resources\/financial-help\/?lang=en\" \/>\n<meta property=\"og:site_name\" content=\"Quebec Association for Equity and Inclusion in Post-Secondary Education\" \/>\n<meta property=\"article:publisher\" content=\"https:\/\/fr-ca.facebook.com\/aqeips\/\" \/>\n<meta property=\"article:modified_time\" content=\"2025-09-05T15:10:13+00:00\" \/>\n<meta property=\"og:image\" content=\"https:\/\/aqeips.org\/wp-content\/uploads\/2023\/12\/pexels-mikhail-nilov-6963017-scaled.jpg\" \/>\n\t<meta property=\"og:image:width\" content=\"2560\" \/>\n\t<meta property=\"og:image:height\" content=\"1707\" \/>\n\t<meta property=\"og:image:type\" content=\"image\/jpeg\" \/>\n<meta name=\"twitter:card\" content=\"summary_large_image\" \/>\n<meta name=\"twitter:site\" content=\"@aqeips\" \/>\n<meta name=\"twitter:label1\" content=\"Est. reading time\" \/>\n\t<meta name=\"twitter:data1\" content=\"1 minute\" \/>\n<script type=\"application\/ld+json\" class=\"yoast-schema-graph\">{\"@context\":\"https:\/\/schema.org\",\"@graph\":[{\"@type\":\"WebPage\",\"@id\":\"https:\/\/aqeips.org\/resources\/financial-help\/?lang=en\",\"url\":\"https:\/\/aqeips.org\/resources\/financial-help\/?lang=en\",\"name\":\"Financial help - Quebec Association for Equity and Inclusion in Post-Secondary Education\",\"isPartOf\":{\"@id\":\"https:\/\/aqeips.org\/#website\"},\"primaryImageOfPage\":{\"@id\":\"https:\/\/aqeips.org\/resources\/financial-help\/?lang=en#primaryimage\"},\"image\":{\"@id\":\"https:\/\/aqeips.org\/resources\/financial-help\/?lang=en#primaryimage\"},\"thumbnailUrl\":\"https:\/\/aqeips.org\/wp-content\/uploads\/2023\/12\/pexels-mikhail-nilov-6963017-scaled.jpg\",\"datePublished\":\"2023-12-14T18:26:17+00:00\",\"dateModified\":\"2025-09-05T15:10:13+00:00\",\"breadcrumb\":{\"@id\":\"https:\/\/aqeips.org\/resources\/financial-help\/?lang=en#breadcrumb\"},\"inLanguage\":\"en-US\",\"potentialAction\":[{\"@type\":\"ReadAction\",\"target\":[\"https:\/\/aqeips.org\/resources\/financial-help\/?lang=en\"]}]},{\"@type\":\"ImageObject\",\"inLanguage\":\"en-US\",\"@id\":\"https:\/\/aqeips.org\/resources\/financial-help\/?lang=en#primaryimage\",\"url\":\"https:\/\/aqeips.org\/wp-content\/uploads\/2023\/12\/pexels-mikhail-nilov-6963017-scaled.jpg\",\"contentUrl\":\"https:\/\/aqeips.org\/wp-content\/uploads\/2023\/12\/pexels-mikhail-nilov-6963017-scaled.jpg\",\"width\":2560,\"height\":1707},{\"@type\":\"BreadcrumbList\",\"@id\":\"https:\/\/aqeips.org\/resources\/financial-help\/?lang=en#breadcrumb\",\"itemListElement\":[{\"@type\":\"ListItem\",\"position\":1,\"name\":\"Accueil\",\"item\":\"https:\/\/aqeips.org\/?lang=en\"},{\"@type\":\"ListItem\",\"position\":2,\"name\":\"Resources\",\"item\":\"https:\/\/aqeips.org\/resources\/?lang=en\"},{\"@type\":\"ListItem\",\"position\":3,\"name\":\"Financial help\"}]},{\"@type\":\"WebSite\",\"@id\":\"https:\/\/aqeips.org\/#website\",\"url\":\"https:\/\/aqeips.org\/\",\"name\":\"Quebec Association for Equity and Inclusion in Post-Secondary Education\",\"description\":\"AQEIPS\",\"publisher\":{\"@id\":\"https:\/\/aqeips.org\/#organization\"},\"potentialAction\":[{\"@type\":\"SearchAction\",\"target\":{\"@type\":\"EntryPoint\",\"urlTemplate\":\"https:\/\/aqeips.org\/?s={search_term_string}\"},\"query-input\":{\"@type\":\"PropertyValueSpecification\",\"valueRequired\":true,\"valueName\":\"search_term_string\"}}],\"inLanguage\":\"en-US\"},{\"@type\":\"Organization\",\"@id\":\"https:\/\/aqeips.org\/#organization\",\"name\":\"L\u2019Association qu\u00e9b\u00e9coise pour l\u2019\u00e9quit\u00e9 et l\u2019inclusion au postsecondaire\",\"alternateName\":\"AQEIPS\",\"url\":\"https:\/\/aqeips.org\/\",\"logo\":{\"@type\":\"ImageObject\",\"inLanguage\":\"en-US\",\"@id\":\"https:\/\/aqeips.org\/#\/schema\/logo\/image\/\",\"url\":\"https:\/\/aqeips.org\/wp-content\/uploads\/2023\/10\/Logo-de-lentite-AQEIPS.jpg\",\"contentUrl\":\"https:\/\/aqeips.org\/wp-content\/uploads\/2023\/10\/Logo-de-lentite-AQEIPS.jpg\",\"width\":696,\"height\":696,\"caption\":\"L\u2019Association qu\u00e9b\u00e9coise pour l\u2019\u00e9quit\u00e9 et l\u2019inclusion au postsecondaire\"},\"image\":{\"@id\":\"https:\/\/aqeips.org\/#\/schema\/logo\/image\/\"},\"sameAs\":[\"https:\/\/fr-ca.facebook.com\/aqeips\/\",\"https:\/\/x.com\/aqeips\",\"https:\/\/www.linkedin.com\/company\/aqeips---association-qu\u00e9b\u00e9coise-des-\u00e9tudiants-ayant-des-incapacit\u00e9s-au-postsecondaire\/?originalSubdomain=ca\",\"https:\/\/www.youtube.com\/channel\/UCFvl0P7dBP9jUPL89k-xXIg\"]}]}<\/script>\n<!-- \/ Yoast SEO plugin. -->","yoast_head_json":{"title":"Financial help - Quebec Association for Equity and Inclusion in Post-Secondary Education","robots":{"index":"index","follow":"follow","max-snippet":"max-snippet:-1","max-image-preview":"max-image-preview:large","max-video-preview":"max-video-preview:-1"},"canonical":"https:\/\/aqeips.org\/resources\/financial-help\/?lang=en","og_locale":"en_US","og_type":"article","og_title":"Financial help - Quebec Association for Equity and Inclusion in Post-Secondary Education","og_url":"https:\/\/aqeips.org\/resources\/financial-help\/?lang=en","og_site_name":"Quebec Association for Equity and Inclusion in Post-Secondary Education","article_publisher":"https:\/\/fr-ca.facebook.com\/aqeips\/","article_modified_time":"2025-09-05T15:10:13+00:00","og_image":[{"width":2560,"height":1707,"url":"https:\/\/aqeips.org\/wp-content\/uploads\/2023\/12\/pexels-mikhail-nilov-6963017-scaled.jpg","type":"image\/jpeg"}],"twitter_card":"summary_large_image","twitter_site":"@aqeips","twitter_misc":{"Est. reading time":"1 minute"},"schema":{"@context":"https:\/\/schema.org","@graph":[{"@type":"WebPage","@id":"https:\/\/aqeips.org\/resources\/financial-help\/?lang=en","url":"https:\/\/aqeips.org\/resources\/financial-help\/?lang=en","name":"Financial help - Quebec Association for Equity and Inclusion in Post-Secondary Education","isPartOf":{"@id":"https:\/\/aqeips.org\/#website"},"primaryImageOfPage":{"@id":"https:\/\/aqeips.org\/resources\/financial-help\/?lang=en#primaryimage"},"image":{"@id":"https:\/\/aqeips.org\/resources\/financial-help\/?lang=en#primaryimage"},"thumbnailUrl":"https:\/\/aqeips.org\/wp-content\/uploads\/2023\/12\/pexels-mikhail-nilov-6963017-scaled.jpg","datePublished":"2023-12-14T18:26:17+00:00","dateModified":"2025-09-05T15:10:13+00:00","breadcrumb":{"@id":"https:\/\/aqeips.org\/resources\/financial-help\/?lang=en#breadcrumb"},"inLanguage":"en-US","potentialAction":[{"@type":"ReadAction","target":["https:\/\/aqeips.org\/resources\/financial-help\/?lang=en"]}]},{"@type":"ImageObject","inLanguage":"en-US","@id":"https:\/\/aqeips.org\/resources\/financial-help\/?lang=en#primaryimage","url":"https:\/\/aqeips.org\/wp-content\/uploads\/2023\/12\/pexels-mikhail-nilov-6963017-scaled.jpg","contentUrl":"https:\/\/aqeips.org\/wp-content\/uploads\/2023\/12\/pexels-mikhail-nilov-6963017-scaled.jpg","width":2560,"height":1707},{"@type":"BreadcrumbList","@id":"https:\/\/aqeips.org\/resources\/financial-help\/?lang=en#breadcrumb","itemListElement":[{"@type":"ListItem","position":1,"name":"Accueil","item":"https:\/\/aqeips.org\/?lang=en"},{"@type":"ListItem","position":2,"name":"Resources","item":"https:\/\/aqeips.org\/resources\/?lang=en"},{"@type":"ListItem","position":3,"name":"Financial help"}]},{"@type":"WebSite","@id":"https:\/\/aqeips.org\/#website","url":"https:\/\/aqeips.org\/","name":"Quebec Association for Equity and Inclusion in Post-Secondary Education","description":"AQEIPS","publisher":{"@id":"https:\/\/aqeips.org\/#organization"},"potentialAction":[{"@type":"SearchAction","target":{"@type":"EntryPoint","urlTemplate":"https:\/\/aqeips.org\/?s={search_term_string}"},"query-input":{"@type":"PropertyValueSpecification","valueRequired":true,"valueName":"search_term_string"}}],"inLanguage":"en-US"},{"@type":"Organization","@id":"https:\/\/aqeips.org\/#organization","name":"L\u2019Association qu\u00e9b\u00e9coise pour l\u2019\u00e9quit\u00e9 et l\u2019inclusion au postsecondaire","alternateName":"AQEIPS","url":"https:\/\/aqeips.org\/","logo":{"@type":"ImageObject","inLanguage":"en-US","@id":"https:\/\/aqeips.org\/#\/schema\/logo\/image\/","url":"https:\/\/aqeips.org\/wp-content\/uploads\/2023\/10\/Logo-de-lentite-AQEIPS.jpg","contentUrl":"https:\/\/aqeips.org\/wp-content\/uploads\/2023\/10\/Logo-de-lentite-AQEIPS.jpg","width":696,"height":696,"caption":"L\u2019Association qu\u00e9b\u00e9coise pour l\u2019\u00e9quit\u00e9 et l\u2019inclusion au postsecondaire"},"image":{"@id":"https:\/\/aqeips.org\/#\/schema\/logo\/image\/"},"sameAs":["https:\/\/fr-ca.facebook.com\/aqeips\/","https:\/\/x.com\/aqeips","https:\/\/www.linkedin.com\/company\/aqeips---association-qu\u00e9b\u00e9coise-des-\u00e9tudiants-ayant-des-incapacit\u00e9s-au-postsecondaire\/?originalSubdomain=ca","https:\/\/www.youtube.com\/channel\/UCFvl0P7dBP9jUPL89k-xXIg"]}]}},"_links":{"self":[{"href":"https:\/\/aqeips.org\/en\/wp-json\/wp\/v2\/pages\/2795","targetHints":{"allow":["GET"]}}],"collection":[{"href":"https:\/\/aqeips.org\/en\/wp-json\/wp\/v2\/pages"}],"about":[{"href":"https:\/\/aqeips.org\/en\/wp-json\/wp\/v2\/types\/page"}],"author":[{"embeddable":true,"href":"https:\/\/aqeips.org\/en\/wp-json\/wp\/v2\/users\/7"}],"replies":[{"embeddable":true,"href":"https:\/\/aqeips.org\/en\/wp-json\/wp\/v2\/comments?post=2795"}],"version-history":[{"count":7,"href":"https:\/\/aqeips.org\/en\/wp-json\/wp\/v2\/pages\/2795\/revisions"}],"predecessor-version":[{"id":7171,"href":"https:\/\/aqeips.org\/en\/wp-json\/wp\/v2\/pages\/2795\/revisions\/7171"}],"up":[{"embeddable":true,"href":"https:\/\/aqeips.org\/en\/wp-json\/wp\/v2\/pages\/1425"}],"wp:featuredmedia":[{"embeddable":true,"href":"https:\/\/aqeips.org\/en\/wp-json\/wp\/v2\/media\/2285"}],"wp:attachment":[{"href":"https:\/\/aqeips.org\/en\/wp-json\/wp\/v2\/media?parent=2795"}],"curies":[{"name":"wp","href":"https:\/\/api.w.org\/{rel}","templated":true}]}}