{"id":2780,"date":"2023-12-14T13:14:54","date_gmt":"2023-12-14T18:14:54","guid":{"rendered":"https:\/\/aqeips.org\/?page_id=2780"},"modified":"2023-12-22T13:58:00","modified_gmt":"2023-12-22T18:58:00","slug":"accessibility-services-in-universities","status":"publish","type":"page","link":"https:\/\/aqeips.org\/en\/resources\/academic-life\/accessibility-services-in-universities\/","title":{"rendered":"Accessibility services in universities"},"content":{"rendered":"<div class=\"wp-bootstrap-blocks-container container mb-2\">\r\n\t\n\n<p>Below are links to the accessibility services available in Quebec universities.<\/p>\n\n\n\n<p>We advise you to explore these services prior to your enrolment, so that you may best prepare for the school period.<\/p>\n\n\n\n<ul class=\"wp-block-list\">\n<li><strong><a href=\"https:\/\/www.etsmtl.ca\/activites-et-services-aux-etudiants\/etudiants-situation-handicap\/situation-handicap\" target=\"_blank\" rel=\"noreferrer noopener\">\u00c9cole de technologie sup\u00e9rieure\u00a0<\/a><\/strong>(FR only)<\/li>\n\n\n\n<li><strong><a href=\"https:\/\/enap.ca\/mon-enap\/reussir-mon-parcours-etudiant\/personnes-situation-handicap\" target=\"_blank\" rel=\"noreferrer noopener\">\u00c9cole nationale d\u2019administration publique\u00a0<\/a><\/strong>(FR only)<\/li>\n\n\n\n<li><a href=\"https:\/\/www.hec.ca\/en\/students\/support-resources\/support-disabled-students\/index.html\" target=\"_blank\" rel=\"noreferrer noopener\"><strong>HEC Montr\u00e9al &#8211; \u00c9cole des hautes \u00e9tudes commerciales de Montr\u00e9al<\/strong>\u00a0<\/a><\/li>\n\n\n\n<li><a href=\"https:\/\/inrs.ca\/en\/studies\/student-services\/learning-and-student-success\/support-for-students-with-disabilities\/\" target=\"_blank\" rel=\"noreferrer noopener\"><strong>Institut national de la recherche scientifique<\/strong>\u00a0<\/a><\/li>\n\n\n\n<li><a href=\"https:\/\/etudiant.polymtl.ca\/soutien\/accueil-des-etudiants\" target=\"_blank\" rel=\"noreferrer noopener\"><strong>Polytechnique Montr\u00e9al<\/strong>\u00a0<\/a> (FR only) <\/li>\n\n\n\n<li><a href=\"https:\/\/www.ubishops.ca\/student-services\/student-accessibility-accommodation-services\/\" target=\"_blank\" rel=\"noreferrer noopener\"><strong>Bishop\u2019s University<\/strong>\u00a0<\/a><\/li>\n\n\n\n<li><a href=\"https:\/\/www.concordia.ca\/students\/accessibility.html\" target=\"_blank\" rel=\"noreferrer noopener\"><strong>Concordia University<\/strong><\/a><\/li>\n\n\n\n<li><a href=\"https:\/\/vieetudiante.umontreal.ca\/soutien-etudes\/mesures-accommodement\" target=\"_blank\" rel=\"noreferrer noopener\"><strong>Universit\u00e9 de Montr\u00e9al<\/strong>\u00a0<\/a>(FR only)<\/li>\n\n\n\n<li><a href=\"https:\/\/www.usherbrooke.ca\/etudiants\/sante-et-aide-a-la-personne\/personnes-etudiantes-en-situation-de-handicap-incluant-les-services-adaptes\" target=\"_blank\" rel=\"noreferrer noopener\"><strong>Universit\u00e9 de Sherbrooke<\/strong>\u00a0<\/a>(FR only)<\/li>\n\n\n\n<li><a href=\"https:\/\/sae.uqac.ca\/etudiants-en-situation-de-handicap\/\" target=\"_blank\" rel=\"noreferrer noopener\"><strong>Universit\u00e9 du Qu\u00e9bec \u00e0 Chicoutimi<\/strong>\u00a0<\/a>(FR only)<\/li>\n\n\n\n<li><a href=\"https:\/\/portailetudiant.uqam.ca\/services-offerts\/soutien-aux-etudiants-en-de-situation-handicap\/\" target=\"_blank\" rel=\"noreferrer noopener\"><strong>Universit\u00e9 du Qu\u00e9bec \u00e0 Montr\u00e9al<\/strong>\u00a0<\/a>(FR only)<\/li>\n\n\n\n<li><a href=\"https:\/\/www.uqar.ca\/services\/services-a-l-etudiant\/besoins-particuliers\" target=\"_blank\" rel=\"noreferrer noopener\"><strong>Universit\u00e9 du Qu\u00e9bec \u00e0 Rimouski<\/strong>\u00a0<\/a>(FR only)<\/li>\n\n\n\n<li><a href=\"https:\/\/oraprdnt.uqtr.uquebec.ca\/pls\/public\/gscw031?owa_no_site=5958\" target=\"_blank\" rel=\"noreferrer noopener\"><strong>Universit\u00e9 du Qu\u00e9bec \u00e0 Trois-Rivi\u00e8res<\/strong>\u00a0<\/a>(FR only)<\/li>\n\n\n\n<li><a href=\"https:\/\/www.uqat.ca\/services\/etudiants\/soutien-reussite\/\" target=\"_blank\" rel=\"noreferrer noopener\"><strong>Universit\u00e9 du Qu\u00e9bec en Abitibi-T\u00e9miscamingue<\/strong>\u00a0<\/a>(FR only)<\/li>\n\n\n\n<li><a href=\"https:\/\/uqo.ca\/handicap\" target=\"_blank\" rel=\"noreferrer noopener\"><strong>Universit\u00e9 du Qu\u00e9bec en Outaouais<\/strong>\u00a0<\/a>(FR only)<\/li>\n\n\n\n<li><a href=\"https:\/\/www.aide.ulaval.ca\/situation-de-handicap\/presentation\/\" target=\"_blank\" rel=\"noreferrer noopener\"><strong>Universit\u00e9 Laval<\/strong>\u00a0<\/a>(FR only)<\/li>\n\n\n\n<li><a href=\"https:\/\/www.mcgill.ca\/access-achieve\/\" target=\"_blank\" rel=\"noreferrer noopener\"><strong>McGill University<\/strong><\/a><\/li>\n\n\n\n<li><a href=\"https:\/\/www.teluq.ca\/site\/services\/soutien_etudiants_handicap.php\" target=\"_blank\" rel=\"noreferrer noopener\"><strong>Universit\u00e9 T\u00c9LUQ<\/strong>\u00a0<\/a>(FR only)<a href=\"https:\/\/www.concordia.ca\/students\/accessibility.html\">\u00a0<\/a><\/li>\n<\/ul>\n\n<\/div>\r\n","protected":false},"excerpt":{"rendered":"<p>Below are links to the accessibility services available in Quebec universities. We advise you to explore these services prior to your enrolment, so that you may best prepare for the school period. \u00c9cole de technologie sup\u00e9rieure\u00a0(FR only) \u00c9cole nationale d\u2019administration...<br \/><a href=\"https:\/\/aqeips.org\/en\/resources\/academic-life\/accessibility-services-in-universities\/\" class=\"read-more\">Read more <span class=\"sr-only\">about Accessibility services in universities<\/span><\/a><\/p>","protected":false},"author":7,"featured_media":2255,"parent":1428,"menu_order":3,"comment_status":"closed","ping_status":"closed","template":"templates\/side-nav.php","meta":{"_acf_changed":false,"footnotes":""},"class_list":["post-2780","page","type-page","status-publish","has-post-thumbnail","hentry"],"acf":[],"yoast_head":"<!-- This site is optimized with the Yoast SEO plugin v27.1.1 - https:\/\/yoast.com\/product\/yoast-seo-wordpress\/ -->\n<title>Accessibility services in universities - Quebec Association for Equity and Inclusion in Post-Secondary Education<\/title>\n<meta name=\"robots\" content=\"index, follow, max-snippet:-1, max-image-preview:large, max-video-preview:-1\" \/>\n<link rel=\"canonical\" href=\"https:\/\/aqeips.org\/resources\/academic-life\/accessibility-services-in-universities\/?lang=en\" \/>\n<meta property=\"og:locale\" content=\"en_US\" \/>\n<meta property=\"og:type\" content=\"article\" \/>\n<meta property=\"og:title\" content=\"Accessibility services in universities - Quebec Association for Equity and Inclusion in Post-Secondary Education\" \/>\n<meta property=\"og:url\" content=\"https:\/\/aqeips.org\/resources\/academic-life\/accessibility-services-in-universities\/?lang=en\" \/>\n<meta property=\"og:site_name\" content=\"Quebec Association for Equity and Inclusion in Post-Secondary Education\" \/>\n<meta property=\"article:publisher\" content=\"https:\/\/fr-ca.facebook.com\/aqeips\/\" \/>\n<meta property=\"article:modified_time\" content=\"2023-12-22T18:58:00+00:00\" \/>\n<meta property=\"og:image\" content=\"https:\/\/aqeips.org\/wp-content\/uploads\/2023\/12\/pexels-keira-burton-6146978-scaled.jpg\" \/>\n\t<meta property=\"og:image:width\" content=\"2560\" \/>\n\t<meta property=\"og:image:height\" content=\"1707\" \/>\n\t<meta property=\"og:image:type\" content=\"image\/jpeg\" \/>\n<meta name=\"twitter:card\" content=\"summary_large_image\" \/>\n<meta name=\"twitter:site\" content=\"@aqeips\" \/>\n<meta name=\"twitter:label1\" content=\"Est. reading time\" \/>\n\t<meta name=\"twitter:data1\" content=\"1 minute\" \/>\n<script type=\"application\/ld+json\" class=\"yoast-schema-graph\">{\"@context\":\"https:\/\/schema.org\",\"@graph\":[{\"@type\":\"WebPage\",\"@id\":\"https:\/\/aqeips.org\/resources\/academic-life\/accessibility-services-in-universities\/?lang=en\",\"url\":\"https:\/\/aqeips.org\/resources\/academic-life\/accessibility-services-in-universities\/?lang=en\",\"name\":\"Accessibility services in universities - Quebec Association for Equity and Inclusion in Post-Secondary Education\",\"isPartOf\":{\"@id\":\"https:\/\/aqeips.org\/#website\"},\"primaryImageOfPage\":{\"@id\":\"https:\/\/aqeips.org\/resources\/academic-life\/accessibility-services-in-universities\/?lang=en#primaryimage\"},\"image\":{\"@id\":\"https:\/\/aqeips.org\/resources\/academic-life\/accessibility-services-in-universities\/?lang=en#primaryimage\"},\"thumbnailUrl\":\"https:\/\/aqeips.org\/wp-content\/uploads\/2023\/12\/pexels-keira-burton-6146978-scaled.jpg\",\"datePublished\":\"2023-12-14T18:14:54+00:00\",\"dateModified\":\"2023-12-22T18:58:00+00:00\",\"breadcrumb\":{\"@id\":\"https:\/\/aqeips.org\/resources\/academic-life\/accessibility-services-in-universities\/?lang=en#breadcrumb\"},\"inLanguage\":\"en-US\",\"potentialAction\":[{\"@type\":\"ReadAction\",\"target\":[\"https:\/\/aqeips.org\/resources\/academic-life\/accessibility-services-in-universities\/?lang=en\"]}]},{\"@type\":\"ImageObject\",\"inLanguage\":\"en-US\",\"@id\":\"https:\/\/aqeips.org\/resources\/academic-life\/accessibility-services-in-universities\/?lang=en#primaryimage\",\"url\":\"https:\/\/aqeips.org\/wp-content\/uploads\/2023\/12\/pexels-keira-burton-6146978-scaled.jpg\",\"contentUrl\":\"https:\/\/aqeips.org\/wp-content\/uploads\/2023\/12\/pexels-keira-burton-6146978-scaled.jpg\",\"width\":2560,\"height\":1707},{\"@type\":\"BreadcrumbList\",\"@id\":\"https:\/\/aqeips.org\/resources\/academic-life\/accessibility-services-in-universities\/?lang=en#breadcrumb\",\"itemListElement\":[{\"@type\":\"ListItem\",\"position\":1,\"name\":\"Accueil\",\"item\":\"https:\/\/aqeips.org\/?lang=en\"},{\"@type\":\"ListItem\",\"position\":2,\"name\":\"Resources\",\"item\":\"https:\/\/aqeips.org\/resources\/?lang=en\"},{\"@type\":\"ListItem\",\"position\":3,\"name\":\"Academic life\",\"item\":\"https:\/\/aqeips.org\/resources\/academic-life\/?lang=en\"},{\"@type\":\"ListItem\",\"position\":4,\"name\":\"Accessibility services in universities\"}]},{\"@type\":\"WebSite\",\"@id\":\"https:\/\/aqeips.org\/#website\",\"url\":\"https:\/\/aqeips.org\/\",\"name\":\"Quebec Association for Equity and Inclusion in Post-Secondary Education\",\"description\":\"AQEIPS\",\"publisher\":{\"@id\":\"https:\/\/aqeips.org\/#organization\"},\"potentialAction\":[{\"@type\":\"SearchAction\",\"target\":{\"@type\":\"EntryPoint\",\"urlTemplate\":\"https:\/\/aqeips.org\/?s={search_term_string}\"},\"query-input\":{\"@type\":\"PropertyValueSpecification\",\"valueRequired\":true,\"valueName\":\"search_term_string\"}}],\"inLanguage\":\"en-US\"},{\"@type\":\"Organization\",\"@id\":\"https:\/\/aqeips.org\/#organization\",\"name\":\"L\u2019Association qu\u00e9b\u00e9coise pour l\u2019\u00e9quit\u00e9 et l\u2019inclusion au postsecondaire\",\"alternateName\":\"AQEIPS\",\"url\":\"https:\/\/aqeips.org\/\",\"logo\":{\"@type\":\"ImageObject\",\"inLanguage\":\"en-US\",\"@id\":\"https:\/\/aqeips.org\/#\/schema\/logo\/image\/\",\"url\":\"https:\/\/aqeips.org\/wp-content\/uploads\/2023\/10\/Logo-de-lentite-AQEIPS.jpg\",\"contentUrl\":\"https:\/\/aqeips.org\/wp-content\/uploads\/2023\/10\/Logo-de-lentite-AQEIPS.jpg\",\"width\":696,\"height\":696,\"caption\":\"L\u2019Association qu\u00e9b\u00e9coise pour l\u2019\u00e9quit\u00e9 et l\u2019inclusion au postsecondaire\"},\"image\":{\"@id\":\"https:\/\/aqeips.org\/#\/schema\/logo\/image\/\"},\"sameAs\":[\"https:\/\/fr-ca.facebook.com\/aqeips\/\",\"https:\/\/x.com\/aqeips\",\"https:\/\/www.linkedin.com\/company\/aqeips---association-qu\u00e9b\u00e9coise-des-\u00e9tudiants-ayant-des-incapacit\u00e9s-au-postsecondaire\/?originalSubdomain=ca\",\"https:\/\/www.youtube.com\/channel\/UCFvl0P7dBP9jUPL89k-xXIg\"]}]}<\/script>\n<!-- \/ Yoast SEO plugin. -->","yoast_head_json":{"title":"Accessibility services in universities - Quebec Association for Equity and Inclusion in Post-Secondary Education","robots":{"index":"index","follow":"follow","max-snippet":"max-snippet:-1","max-image-preview":"max-image-preview:large","max-video-preview":"max-video-preview:-1"},"canonical":"https:\/\/aqeips.org\/resources\/academic-life\/accessibility-services-in-universities\/?lang=en","og_locale":"en_US","og_type":"article","og_title":"Accessibility services in universities - Quebec Association for Equity and Inclusion in Post-Secondary Education","og_url":"https:\/\/aqeips.org\/resources\/academic-life\/accessibility-services-in-universities\/?lang=en","og_site_name":"Quebec Association for Equity and Inclusion in Post-Secondary Education","article_publisher":"https:\/\/fr-ca.facebook.com\/aqeips\/","article_modified_time":"2023-12-22T18:58:00+00:00","og_image":[{"width":2560,"height":1707,"url":"https:\/\/aqeips.org\/wp-content\/uploads\/2023\/12\/pexels-keira-burton-6146978-scaled.jpg","type":"image\/jpeg"}],"twitter_card":"summary_large_image","twitter_site":"@aqeips","twitter_misc":{"Est. reading time":"1 minute"},"schema":{"@context":"https:\/\/schema.org","@graph":[{"@type":"WebPage","@id":"https:\/\/aqeips.org\/resources\/academic-life\/accessibility-services-in-universities\/?lang=en","url":"https:\/\/aqeips.org\/resources\/academic-life\/accessibility-services-in-universities\/?lang=en","name":"Accessibility services in universities - Quebec Association for Equity and Inclusion in Post-Secondary Education","isPartOf":{"@id":"https:\/\/aqeips.org\/#website"},"primaryImageOfPage":{"@id":"https:\/\/aqeips.org\/resources\/academic-life\/accessibility-services-in-universities\/?lang=en#primaryimage"},"image":{"@id":"https:\/\/aqeips.org\/resources\/academic-life\/accessibility-services-in-universities\/?lang=en#primaryimage"},"thumbnailUrl":"https:\/\/aqeips.org\/wp-content\/uploads\/2023\/12\/pexels-keira-burton-6146978-scaled.jpg","datePublished":"2023-12-14T18:14:54+00:00","dateModified":"2023-12-22T18:58:00+00:00","breadcrumb":{"@id":"https:\/\/aqeips.org\/resources\/academic-life\/accessibility-services-in-universities\/?lang=en#breadcrumb"},"inLanguage":"en-US","potentialAction":[{"@type":"ReadAction","target":["https:\/\/aqeips.org\/resources\/academic-life\/accessibility-services-in-universities\/?lang=en"]}]},{"@type":"ImageObject","inLanguage":"en-US","@id":"https:\/\/aqeips.org\/resources\/academic-life\/accessibility-services-in-universities\/?lang=en#primaryimage","url":"https:\/\/aqeips.org\/wp-content\/uploads\/2023\/12\/pexels-keira-burton-6146978-scaled.jpg","contentUrl":"https:\/\/aqeips.org\/wp-content\/uploads\/2023\/12\/pexels-keira-burton-6146978-scaled.jpg","width":2560,"height":1707},{"@type":"BreadcrumbList","@id":"https:\/\/aqeips.org\/resources\/academic-life\/accessibility-services-in-universities\/?lang=en#breadcrumb","itemListElement":[{"@type":"ListItem","position":1,"name":"Accueil","item":"https:\/\/aqeips.org\/?lang=en"},{"@type":"ListItem","position":2,"name":"Resources","item":"https:\/\/aqeips.org\/resources\/?lang=en"},{"@type":"ListItem","position":3,"name":"Academic life","item":"https:\/\/aqeips.org\/resources\/academic-life\/?lang=en"},{"@type":"ListItem","position":4,"name":"Accessibility services in universities"}]},{"@type":"WebSite","@id":"https:\/\/aqeips.org\/#website","url":"https:\/\/aqeips.org\/","name":"Quebec Association for Equity and Inclusion in Post-Secondary Education","description":"AQEIPS","publisher":{"@id":"https:\/\/aqeips.org\/#organization"},"potentialAction":[{"@type":"SearchAction","target":{"@type":"EntryPoint","urlTemplate":"https:\/\/aqeips.org\/?s={search_term_string}"},"query-input":{"@type":"PropertyValueSpecification","valueRequired":true,"valueName":"search_term_string"}}],"inLanguage":"en-US"},{"@type":"Organization","@id":"https:\/\/aqeips.org\/#organization","name":"L\u2019Association qu\u00e9b\u00e9coise pour l\u2019\u00e9quit\u00e9 et l\u2019inclusion au postsecondaire","alternateName":"AQEIPS","url":"https:\/\/aqeips.org\/","logo":{"@type":"ImageObject","inLanguage":"en-US","@id":"https:\/\/aqeips.org\/#\/schema\/logo\/image\/","url":"https:\/\/aqeips.org\/wp-content\/uploads\/2023\/10\/Logo-de-lentite-AQEIPS.jpg","contentUrl":"https:\/\/aqeips.org\/wp-content\/uploads\/2023\/10\/Logo-de-lentite-AQEIPS.jpg","width":696,"height":696,"caption":"L\u2019Association qu\u00e9b\u00e9coise pour l\u2019\u00e9quit\u00e9 et l\u2019inclusion au postsecondaire"},"image":{"@id":"https:\/\/aqeips.org\/#\/schema\/logo\/image\/"},"sameAs":["https:\/\/fr-ca.facebook.com\/aqeips\/","https:\/\/x.com\/aqeips","https:\/\/www.linkedin.com\/company\/aqeips---association-qu\u00e9b\u00e9coise-des-\u00e9tudiants-ayant-des-incapacit\u00e9s-au-postsecondaire\/?originalSubdomain=ca","https:\/\/www.youtube.com\/channel\/UCFvl0P7dBP9jUPL89k-xXIg"]}]}},"_links":{"self":[{"href":"https:\/\/aqeips.org\/en\/wp-json\/wp\/v2\/pages\/2780","targetHints":{"allow":["GET"]}}],"collection":[{"href":"https:\/\/aqeips.org\/en\/wp-json\/wp\/v2\/pages"}],"about":[{"href":"https:\/\/aqeips.org\/en\/wp-json\/wp\/v2\/types\/page"}],"author":[{"embeddable":true,"href":"https:\/\/aqeips.org\/en\/wp-json\/wp\/v2\/users\/7"}],"replies":[{"embeddable":true,"href":"https:\/\/aqeips.org\/en\/wp-json\/wp\/v2\/comments?post=2780"}],"version-history":[{"count":4,"href":"https:\/\/aqeips.org\/en\/wp-json\/wp\/v2\/pages\/2780\/revisions"}],"predecessor-version":[{"id":3091,"href":"https:\/\/aqeips.org\/en\/wp-json\/wp\/v2\/pages\/2780\/revisions\/3091"}],"up":[{"embeddable":true,"href":"https:\/\/aqeips.org\/en\/wp-json\/wp\/v2\/pages\/1428"}],"wp:featuredmedia":[{"embeddable":true,"href":"https:\/\/aqeips.org\/en\/wp-json\/wp\/v2\/media\/2255"}],"wp:attachment":[{"href":"https:\/\/aqeips.org\/en\/wp-json\/wp\/v2\/media?parent=2780"}],"curies":[{"name":"wp","href":"https:\/\/api.w.org\/{rel}","templated":true}]}}