{"id":2729,"date":"2023-12-13T14:49:47","date_gmt":"2023-12-13T19:49:20","guid":{"rendered":"https:\/\/aqeips.org\/?page_id=2729"},"modified":"2026-01-27T10:40:11","modified_gmt":"2026-01-27T15:40:11","slug":"our-team","status":"publish","type":"page","link":"https:\/\/aqeips.org\/en\/aqeips\/our-team\/","title":{"rendered":"The AQEIPS team"},"content":{"rendered":"\n<h2 class=\"wp-block-heading has-text-align-center has-white-color has-blue-dark-background-color has-text-color has-background has-link-color has-lg-font-size wp-elements-d3fe277e43c770f2bf05a4a7bf4a26ad\">THE AQEIPS TEAM<\/h2>\n\n\n<div class=\"wp-bootstrap-blocks-container container mb-2\">\r\n\t\n\n<div style=\"height:50px\" aria-hidden=\"true\" class=\"wp-block-spacer\"><\/div>\n\n\n<div class=\"wp-bootstrap-blocks-row row\">\r\n\t\n\r\n<div class=\"col-12 col-md-6\">\r\n\t<div class=\"h-100\">\r\n\t\t\n\n<figure class=\"wp-block-image aligncenter size-full is-resized is-style-rounded\"><img loading=\"lazy\" decoding=\"async\" width=\"300\" height=\"300\" src=\"https:\/\/aqeips.org\/wp-content\/uploads\/2025\/07\/Icones_Equipe.png\" alt=\"\" class=\"wp-image-6813\" style=\"aspect-ratio:1;object-fit:cover;width:180px\"\/><\/figure>\n\n\n\n<h3 class=\"wp-block-heading has-text-align-center has-md-font-size\">St\u00e9phane Braney<\/h3>\n\n\n\n<p class=\"has-text-align-center has-blue-color has-text-color has-link-color has-medium-font-size wp-elements-a3f04708015c18a9f654ec92d3eb6023\">General director and privacy officer<\/p>\n\n\t<\/div>\r\n<\/div>\r\n\n\n\r\n<div class=\"col-12 col-md-6\">\r\n\t<div class=\"h-100\">\r\n\t\t\n\n<figure class=\"wp-block-image aligncenter size-full is-resized is-style-rounded\"><img loading=\"lazy\" decoding=\"async\" width=\"300\" height=\"300\" src=\"https:\/\/aqeips.org\/wp-content\/uploads\/2025\/02\/5.png\" alt=\"\" class=\"wp-image-5840\" style=\"aspect-ratio:1;object-fit:cover;width:180px\"\/><\/figure>\n\n\n\n<h3 class=\"wp-block-heading has-text-align-center has-md-font-size\">Felicity Spence<\/h3>\n\n\n\n<p class=\"has-text-align-center has-blue-color has-text-color has-link-color has-medium-font-size wp-elements-b8541cdc4360dd3069f1d1d6f6125547\">Acting General Director<\/p>\n\n\t<\/div>\r\n<\/div>\r\n\n<\/div>\r\n\n\n\n<div style=\"height:60px\" aria-hidden=\"true\" class=\"wp-block-spacer\"><\/div>\n\n\n<div class=\"wp-bootstrap-blocks-row row\">\r\n\t\n\r\n<div class=\"col-12 col-md-6\">\r\n\t<div class=\"h-100\">\r\n\t\t\n\n<figure class=\"wp-block-image aligncenter size-full is-resized is-style-rounded\"><img loading=\"lazy\" decoding=\"async\" width=\"300\" height=\"300\" src=\"https:\/\/aqeips.org\/wp-content\/uploads\/2025\/02\/7.png\" alt=\"\" class=\"wp-image-5842\" style=\"aspect-ratio:1;object-fit:cover;width:180px\"\/><\/figure>\n\n\n\n<h3 class=\"wp-block-heading has-text-align-center has-md-font-size\">Marie Gravran<\/h3>\n\n\n\n<p class=\"has-text-align-center has-blue-color has-text-color has-link-color has-medium-font-size wp-elements-d4b0bcc90cf220eb64348995c582fbe6\">Administration and communications manager<\/p>\n\n\n\n<p class=\"has-text-align-center has-blue-dark-color has-text-color has-link-color has-medium-font-size wp-elements-7d2309b54deb1ed3baec2a7d550a011d\">\ud83d\udce7&nbsp;info@aqeips.org<\/p>\n\n\n\n<p class=\"has-text-align-center has-blue-dark-color has-text-color has-link-color has-medium-font-size wp-elements-6ffe9516a90788d74e88362344160569\">\ud83d\udce7&nbsp;communications@aqeips.org<\/p>\n\n\t<\/div>\r\n<\/div>\r\n\n\n\r\n<div class=\"col-12 col-md-6\">\r\n\t<div class=\"h-100\">\r\n\t\t\n\n<figure class=\"wp-block-image aligncenter size-full is-resized is-style-rounded\"><img loading=\"lazy\" decoding=\"async\" width=\"300\" height=\"300\" src=\"https:\/\/aqeips.org\/wp-content\/uploads\/2025\/02\/8.png\" alt=\"\" class=\"wp-image-5844\" style=\"aspect-ratio:1;object-fit:cover;width:180px\"\/><\/figure>\n\n\n\n<h3 class=\"wp-block-heading has-text-align-center has-md-font-size\">Maude Chartier-Desjardins<\/h3>\n\n\n\n<p class=\"has-text-align-center has-blue-color has-text-color has-link-color has-medium-font-size wp-elements-fe5f8f82e771cf9a165049dff473182d\">Project manager &#8211; research<\/p>\n\n\t<\/div>\r\n<\/div>\r\n\n<\/div>\r\n\n\n\n<div style=\"height:100px\" aria-hidden=\"true\" class=\"wp-block-spacer\"><\/div>\n\n<\/div>\r\n","protected":false},"excerpt":{"rendered":"<p>THE AQEIPS TEAM...<br \/><a href=\"https:\/\/aqeips.org\/en\/aqeips\/our-team\/\" class=\"read-more\">Read more <span class=\"sr-only\">about The AQEIPS team<\/span><\/a><\/p>","protected":false},"author":7,"featured_media":0,"parent":1362,"menu_order":2,"comment_status":"closed","ping_status":"closed","template":"templates\/side-nav.php","meta":{"_acf_changed":false,"footnotes":""},"class_list":["post-2729","page","type-page","status-publish","hentry"],"acf":[],"yoast_head":"<!-- This site is optimized with the Yoast SEO plugin v27.1.1 - https:\/\/yoast.com\/product\/yoast-seo-wordpress\/ -->\n<title>The AQEIPS team - Quebec Association for Equity and Inclusion in Post-Secondary Education<\/title>\n<meta name=\"robots\" content=\"index, follow, max-snippet:-1, max-image-preview:large, max-video-preview:-1\" \/>\n<link rel=\"canonical\" href=\"https:\/\/aqeips.org\/aqeips\/our-team\/?lang=en\" \/>\n<meta property=\"og:locale\" content=\"en_US\" \/>\n<meta property=\"og:type\" content=\"article\" \/>\n<meta property=\"og:title\" content=\"The AQEIPS team - Quebec Association for Equity and Inclusion in Post-Secondary Education\" \/>\n<meta property=\"og:description\" content=\"THE AQEIPS TEAM\" \/>\n<meta property=\"og:url\" content=\"https:\/\/aqeips.org\/aqeips\/our-team\/?lang=en\" \/>\n<meta property=\"og:site_name\" content=\"Quebec Association for Equity and Inclusion in Post-Secondary Education\" \/>\n<meta property=\"article:publisher\" content=\"https:\/\/fr-ca.facebook.com\/aqeips\/\" \/>\n<meta property=\"article:modified_time\" content=\"2026-01-27T15:40:11+00:00\" \/>\n<meta property=\"og:image\" content=\"https:\/\/aqeips.org\/wp-content\/uploads\/2025\/07\/Icones_Equipe.png\" \/>\n\t<meta property=\"og:image:width\" content=\"300\" \/>\n\t<meta property=\"og:image:height\" content=\"300\" \/>\n\t<meta property=\"og:image:type\" content=\"image\/png\" \/>\n<meta name=\"twitter:card\" content=\"summary_large_image\" \/>\n<meta name=\"twitter:site\" content=\"@aqeips\" \/>\n<meta name=\"twitter:label1\" content=\"Est. reading time\" \/>\n\t<meta name=\"twitter:data1\" content=\"1 minute\" \/>\n<script type=\"application\/ld+json\" class=\"yoast-schema-graph\">{\"@context\":\"https:\/\/schema.org\",\"@graph\":[{\"@type\":\"WebPage\",\"@id\":\"https:\/\/aqeips.org\/aqeips\/our-team\/?lang=en\",\"url\":\"https:\/\/aqeips.org\/aqeips\/our-team\/?lang=en\",\"name\":\"The AQEIPS team - Quebec Association for Equity and Inclusion in Post-Secondary Education\",\"isPartOf\":{\"@id\":\"https:\/\/aqeips.org\/#website\"},\"primaryImageOfPage\":{\"@id\":\"https:\/\/aqeips.org\/aqeips\/our-team\/?lang=en#primaryimage\"},\"image\":{\"@id\":\"https:\/\/aqeips.org\/aqeips\/our-team\/?lang=en#primaryimage\"},\"thumbnailUrl\":\"https:\/\/aqeips.org\/wp-content\/uploads\/2025\/07\/Icones_Equipe.png\",\"datePublished\":\"2023-12-13T19:49:20+00:00\",\"dateModified\":\"2026-01-27T15:40:11+00:00\",\"breadcrumb\":{\"@id\":\"https:\/\/aqeips.org\/aqeips\/our-team\/?lang=en#breadcrumb\"},\"inLanguage\":\"en-US\",\"potentialAction\":[{\"@type\":\"ReadAction\",\"target\":[\"https:\/\/aqeips.org\/aqeips\/our-team\/?lang=en\"]}]},{\"@type\":\"ImageObject\",\"inLanguage\":\"en-US\",\"@id\":\"https:\/\/aqeips.org\/aqeips\/our-team\/?lang=en#primaryimage\",\"url\":\"https:\/\/aqeips.org\/wp-content\/uploads\/2025\/07\/Icones_Equipe.png\",\"contentUrl\":\"https:\/\/aqeips.org\/wp-content\/uploads\/2025\/07\/Icones_Equipe.png\"},{\"@type\":\"BreadcrumbList\",\"@id\":\"https:\/\/aqeips.org\/aqeips\/our-team\/?lang=en#breadcrumb\",\"itemListElement\":[{\"@type\":\"ListItem\",\"position\":1,\"name\":\"Accueil\",\"item\":\"https:\/\/aqeips.org\/?lang=en\"},{\"@type\":\"ListItem\",\"position\":2,\"name\":\"AQEIPS\",\"item\":\"https:\/\/aqeips.org\/aqeips\/?lang=en\"},{\"@type\":\"ListItem\",\"position\":3,\"name\":\"The AQEIPS team\"}]},{\"@type\":\"WebSite\",\"@id\":\"https:\/\/aqeips.org\/#website\",\"url\":\"https:\/\/aqeips.org\/\",\"name\":\"Quebec Association for Equity and Inclusion in Post-Secondary Education\",\"description\":\"AQEIPS\",\"publisher\":{\"@id\":\"https:\/\/aqeips.org\/#organization\"},\"potentialAction\":[{\"@type\":\"SearchAction\",\"target\":{\"@type\":\"EntryPoint\",\"urlTemplate\":\"https:\/\/aqeips.org\/?s={search_term_string}\"},\"query-input\":{\"@type\":\"PropertyValueSpecification\",\"valueRequired\":true,\"valueName\":\"search_term_string\"}}],\"inLanguage\":\"en-US\"},{\"@type\":\"Organization\",\"@id\":\"https:\/\/aqeips.org\/#organization\",\"name\":\"L\u2019Association qu\u00e9b\u00e9coise pour l\u2019\u00e9quit\u00e9 et l\u2019inclusion au postsecondaire\",\"alternateName\":\"AQEIPS\",\"url\":\"https:\/\/aqeips.org\/\",\"logo\":{\"@type\":\"ImageObject\",\"inLanguage\":\"en-US\",\"@id\":\"https:\/\/aqeips.org\/#\/schema\/logo\/image\/\",\"url\":\"https:\/\/aqeips.org\/wp-content\/uploads\/2023\/10\/Logo-de-lentite-AQEIPS.jpg\",\"contentUrl\":\"https:\/\/aqeips.org\/wp-content\/uploads\/2023\/10\/Logo-de-lentite-AQEIPS.jpg\",\"width\":696,\"height\":696,\"caption\":\"L\u2019Association qu\u00e9b\u00e9coise pour l\u2019\u00e9quit\u00e9 et l\u2019inclusion au postsecondaire\"},\"image\":{\"@id\":\"https:\/\/aqeips.org\/#\/schema\/logo\/image\/\"},\"sameAs\":[\"https:\/\/fr-ca.facebook.com\/aqeips\/\",\"https:\/\/x.com\/aqeips\",\"https:\/\/www.linkedin.com\/company\/aqeips---association-qu\u00e9b\u00e9coise-des-\u00e9tudiants-ayant-des-incapacit\u00e9s-au-postsecondaire\/?originalSubdomain=ca\",\"https:\/\/www.youtube.com\/channel\/UCFvl0P7dBP9jUPL89k-xXIg\"]}]}<\/script>\n<!-- \/ Yoast SEO plugin. -->","yoast_head_json":{"title":"The AQEIPS team - Quebec Association for Equity and Inclusion in Post-Secondary Education","robots":{"index":"index","follow":"follow","max-snippet":"max-snippet:-1","max-image-preview":"max-image-preview:large","max-video-preview":"max-video-preview:-1"},"canonical":"https:\/\/aqeips.org\/aqeips\/our-team\/?lang=en","og_locale":"en_US","og_type":"article","og_title":"The AQEIPS team - Quebec Association for Equity and Inclusion in Post-Secondary Education","og_description":"THE AQEIPS TEAM","og_url":"https:\/\/aqeips.org\/aqeips\/our-team\/?lang=en","og_site_name":"Quebec Association for Equity and Inclusion in Post-Secondary Education","article_publisher":"https:\/\/fr-ca.facebook.com\/aqeips\/","article_modified_time":"2026-01-27T15:40:11+00:00","og_image":[{"width":300,"height":300,"url":"https:\/\/aqeips.org\/wp-content\/uploads\/2025\/07\/Icones_Equipe.png","type":"image\/png"}],"twitter_card":"summary_large_image","twitter_site":"@aqeips","twitter_misc":{"Est. reading time":"1 minute"},"schema":{"@context":"https:\/\/schema.org","@graph":[{"@type":"WebPage","@id":"https:\/\/aqeips.org\/aqeips\/our-team\/?lang=en","url":"https:\/\/aqeips.org\/aqeips\/our-team\/?lang=en","name":"The AQEIPS team - Quebec Association for Equity and Inclusion in Post-Secondary Education","isPartOf":{"@id":"https:\/\/aqeips.org\/#website"},"primaryImageOfPage":{"@id":"https:\/\/aqeips.org\/aqeips\/our-team\/?lang=en#primaryimage"},"image":{"@id":"https:\/\/aqeips.org\/aqeips\/our-team\/?lang=en#primaryimage"},"thumbnailUrl":"https:\/\/aqeips.org\/wp-content\/uploads\/2025\/07\/Icones_Equipe.png","datePublished":"2023-12-13T19:49:20+00:00","dateModified":"2026-01-27T15:40:11+00:00","breadcrumb":{"@id":"https:\/\/aqeips.org\/aqeips\/our-team\/?lang=en#breadcrumb"},"inLanguage":"en-US","potentialAction":[{"@type":"ReadAction","target":["https:\/\/aqeips.org\/aqeips\/our-team\/?lang=en"]}]},{"@type":"ImageObject","inLanguage":"en-US","@id":"https:\/\/aqeips.org\/aqeips\/our-team\/?lang=en#primaryimage","url":"https:\/\/aqeips.org\/wp-content\/uploads\/2025\/07\/Icones_Equipe.png","contentUrl":"https:\/\/aqeips.org\/wp-content\/uploads\/2025\/07\/Icones_Equipe.png"},{"@type":"BreadcrumbList","@id":"https:\/\/aqeips.org\/aqeips\/our-team\/?lang=en#breadcrumb","itemListElement":[{"@type":"ListItem","position":1,"name":"Accueil","item":"https:\/\/aqeips.org\/?lang=en"},{"@type":"ListItem","position":2,"name":"AQEIPS","item":"https:\/\/aqeips.org\/aqeips\/?lang=en"},{"@type":"ListItem","position":3,"name":"The AQEIPS team"}]},{"@type":"WebSite","@id":"https:\/\/aqeips.org\/#website","url":"https:\/\/aqeips.org\/","name":"Quebec Association for Equity and Inclusion in Post-Secondary Education","description":"AQEIPS","publisher":{"@id":"https:\/\/aqeips.org\/#organization"},"potentialAction":[{"@type":"SearchAction","target":{"@type":"EntryPoint","urlTemplate":"https:\/\/aqeips.org\/?s={search_term_string}"},"query-input":{"@type":"PropertyValueSpecification","valueRequired":true,"valueName":"search_term_string"}}],"inLanguage":"en-US"},{"@type":"Organization","@id":"https:\/\/aqeips.org\/#organization","name":"L\u2019Association qu\u00e9b\u00e9coise pour l\u2019\u00e9quit\u00e9 et l\u2019inclusion au postsecondaire","alternateName":"AQEIPS","url":"https:\/\/aqeips.org\/","logo":{"@type":"ImageObject","inLanguage":"en-US","@id":"https:\/\/aqeips.org\/#\/schema\/logo\/image\/","url":"https:\/\/aqeips.org\/wp-content\/uploads\/2023\/10\/Logo-de-lentite-AQEIPS.jpg","contentUrl":"https:\/\/aqeips.org\/wp-content\/uploads\/2023\/10\/Logo-de-lentite-AQEIPS.jpg","width":696,"height":696,"caption":"L\u2019Association qu\u00e9b\u00e9coise pour l\u2019\u00e9quit\u00e9 et l\u2019inclusion au postsecondaire"},"image":{"@id":"https:\/\/aqeips.org\/#\/schema\/logo\/image\/"},"sameAs":["https:\/\/fr-ca.facebook.com\/aqeips\/","https:\/\/x.com\/aqeips","https:\/\/www.linkedin.com\/company\/aqeips---association-qu\u00e9b\u00e9coise-des-\u00e9tudiants-ayant-des-incapacit\u00e9s-au-postsecondaire\/?originalSubdomain=ca","https:\/\/www.youtube.com\/channel\/UCFvl0P7dBP9jUPL89k-xXIg"]}]}},"_links":{"self":[{"href":"https:\/\/aqeips.org\/en\/wp-json\/wp\/v2\/pages\/2729","targetHints":{"allow":["GET"]}}],"collection":[{"href":"https:\/\/aqeips.org\/en\/wp-json\/wp\/v2\/pages"}],"about":[{"href":"https:\/\/aqeips.org\/en\/wp-json\/wp\/v2\/types\/page"}],"author":[{"embeddable":true,"href":"https:\/\/aqeips.org\/en\/wp-json\/wp\/v2\/users\/7"}],"replies":[{"embeddable":true,"href":"https:\/\/aqeips.org\/en\/wp-json\/wp\/v2\/comments?post=2729"}],"version-history":[{"count":9,"href":"https:\/\/aqeips.org\/en\/wp-json\/wp\/v2\/pages\/2729\/revisions"}],"predecessor-version":[{"id":7646,"href":"https:\/\/aqeips.org\/en\/wp-json\/wp\/v2\/pages\/2729\/revisions\/7646"}],"up":[{"embeddable":true,"href":"https:\/\/aqeips.org\/en\/wp-json\/wp\/v2\/pages\/1362"}],"wp:attachment":[{"href":"https:\/\/aqeips.org\/en\/wp-json\/wp\/v2\/media?parent=2729"}],"curies":[{"name":"wp","href":"https:\/\/api.w.org\/{rel}","templated":true}]}}