{"id":2600,"date":"2024-11-12T11:58:47","date_gmt":"2023-12-12T16:58:35","guid":{"rendered":"https:\/\/aqeips.org\/?page_id=2600"},"modified":"2024-11-18T15:03:20","modified_gmt":"2024-11-18T20:03:20","slug":"other-resources","status":"publish","type":"page","link":"https:\/\/aqeips.org\/en\/resources\/other-resources\/","title":{"rendered":"Other resources"},"content":{"rendered":"<div class=\"wp-bootstrap-blocks-container container mb-2\">\r\n\t\n\n<div style=\"height:25px\" aria-hidden=\"true\" class=\"wp-block-spacer\"><\/div>\n\n\n\n<h4 class=\"wp-block-heading\"><strong>Motor and organic disabilities<\/strong>&nbsp;<\/h4>\n\n\n\n<ul class=\"wp-block-list\">\n<li><strong><\/strong><a href=\"https:\/\/www.agir.ca\/\" target=\"_blank\" rel=\"noreferrer noopener\">AGIR &#8211; Association g\u00e9n\u00e9rale des insuffisants r\u00e9naux<\/a> (FR only)&nbsp;<\/li>\n\n\n\n<li><a href=\"https:\/\/spina.qc.ca\/\" target=\"_blank\" rel=\"noreferrer noopener\">ASBHQ &#8211; Association de Spina-Bifida et Hydroc\u00e9phalie du Qu\u00e9bec<\/a> (FR only)&nbsp;<\/li>\n\n\n\n<li><strong><\/strong><a href=\"https:\/\/vivreaveclafibrosekystique.com\/en\/\" target=\"_blank\" rel=\"noreferrer noopener\">Living with Cystic Fibrosis<\/a>&nbsp;<\/li>\n\n\n\n<li><strong><\/strong><a href=\"https:\/\/exaequo.net\/\" target=\"_blank\" rel=\"noreferrer noopener\">Ex aequo<\/a> &#8211; Motricit\u00e9 (FR only)&nbsp;<\/li>\n\n\n\n<li><strong><\/strong><a href=\"https:\/\/www.fondationmartinmatte.com\/\" target=\"_blank\" rel=\"noreferrer noopener\">Fondation Martin-Matte &#8211; Traumatis\u00e9s cr\u00e2niens<\/a> (FR only)&nbsp;<\/li>\n\n\n\n<li><strong><\/strong><a href=\"https:\/\/www.hydrocephalus.ca\/\" target=\"_blank\" rel=\"noreferrer noopener\">Hydrocephalus Canada<\/a>&nbsp;<\/li>\n\n\n\n<li><strong><\/strong><a href=\"https:\/\/www.keroul.qc.ca\/en\/about-keroul.html\" target=\"_blank\" rel=\"noreferrer noopener\">KEROUL -Accessible tourism<\/a>&nbsp;<\/li>\n\n\n\n<li><strong><\/strong><a href=\"https:\/\/www.moelleepiniere.com\/en\/\" target=\"_blank\" rel=\"noreferrer noopener\">Spinal Cord Injury Quebec<\/a>&nbsp;<\/li>\n\n\n\n<li><a href=\"https:\/\/mscanada.ca\/\" target=\"_blank\" rel=\"noreferrer noopener\">MS Canada \u2013 Multiple Sclerosis<\/a>&nbsp;<\/li>\n<\/ul>\n\n\n\n<h4 class=\"wp-block-heading\"><strong>Sensory disabilities&nbsp;<\/strong><\/h4>\n\n\n\n<ul class=\"wp-block-list\">\n<li><a href=\"https:\/\/www.apda.ca\/en\" target=\"_blank\" rel=\"noreferrer noopener\">APHI &#8211; Association of People with Hearing Impairments<\/a>&nbsp;<\/li>\n\n\n\n<li><a href=\"https:\/\/aqepa.org\/\" target=\"_blank\" rel=\"noreferrer noopener\">AQEPA &#8211; L\u2019Association du Qu\u00e9bec pour Enfants avec Probl\u00e8mes Auditifs<\/a> (FR only)&nbsp;<\/li>\n\n\n\n<li><a href=\"https:\/\/www.aqpehv.qc.ca\/\" target=\"_blank\" rel=\"noreferrer noopener\">AQPEHV &#8211; Association Qu\u00e9b\u00e9coise des Parents d&#8217;Enfants Handicap\u00e9s Visuels<\/a> (FR only)&nbsp;<\/li>\n\n\n\n<li><a href=\"https:\/\/auditionquebec.org\/\" target=\"_blank\" rel=\"noreferrer noopener\">Audition Qu\u00e9bec<\/a> (FR only)&nbsp;<\/li>\n\n\n\n<li><a href=\"https:\/\/www.vuesetvoix.com\/\" target=\"_blank\" rel=\"noreferrer noopener\">Canal M\/Radio Vues et Voix<\/a> (FR only)&nbsp;<\/li>\n\n\n\n<li><a href=\"https:\/\/www.cnib.ca\/en?region=qc\" target=\"_blank\" rel=\"noreferrer noopener\">CNIB Quebec &#8211; Canadian National Institute for the Blind<\/a>&nbsp;<\/li>\n\n\n\n<li><a href=\"https:\/\/raaq.qc.ca\/\" target=\"_blank\" rel=\"noreferrer noopener\">RAAQ &#8211; Regroupement des Aveugles et Amblyopes du Qu\u00e9bec<\/a> (FR only)&nbsp;<\/li>\n<\/ul>\n\n\n\n<h4 class=\"wp-block-heading\"><strong>Autism Spectrum Disorder&nbsp;<\/strong><\/h4>\n\n\n\n<ul class=\"wp-block-list\">\n<li><a href=\"https:\/\/collectifa.org\/\" target=\"_blank\" rel=\"noreferrer noopener\">Collectif Autiste de l&#8217;UQAM<\/a> (FR only)&nbsp;<\/li>\n\n\n\n<li><strong><\/strong><a href=\"https:\/\/www.autisme.qc.ca\/\" target=\"_blank\" rel=\"noreferrer noopener\">FQA &#8211; F\u00e9d\u00e9ration qu\u00e9b\u00e9coise de l&#8217;autisme<\/a> (FR only)&nbsp;<\/li>\n\n\n\n<li><strong><\/strong><a href=\"https:\/\/leadersautistes.com\/\" target=\"_blank\" rel=\"noreferrer noopener\">Leaders Autistes<\/a> (FR only)&nbsp;<\/li>\n<\/ul>\n\n\n\n<h4 class=\"wp-block-heading\"><strong>Intellectual disabilities<\/strong>&nbsp;<\/h4>\n\n\n\n<ul class=\"wp-block-list\">\n<li><a href=\"https:\/\/aisq.org\/\" target=\"_blank\" rel=\"noreferrer noopener\">AISQ &#8211; Association pour l&#8217;Int\u00e9gration Sociale de la r\u00e9gion de Qu\u00e9bec&nbsp;(FR<\/a> only)&nbsp;<\/li>\n\n\n\n<li><a href=\"https:\/\/trisomie.qc.ca\/\" target=\"_blank\" rel=\"noreferrer noopener\">Regroupement pour la trisomie 21<\/a> (FR only)&nbsp;<\/li>\n\n\n\n<li><a href=\"https:\/\/www.sqdi.ca\/en\/\" target=\"_blank\" rel=\"noreferrer noopener\">Quebec Intellectual Disability Society<\/a>&nbsp;<\/li>\n<\/ul>\n\n\n\n<h4 class=\"wp-block-heading\"><strong>Learning disabilities<\/strong>&nbsp;<\/h4>\n\n\n\n<ul class=\"wp-block-list\">\n<li><a href=\"https:\/\/associationpanda.qc.ca\/\" target=\"_blank\" rel=\"noreferrer noopener\">Association PANDA (TDA\/H)<\/a> (FR only)&nbsp;<\/li>\n\n\n\n<li><a href=\"https:\/\/www.tdlquebec.com\/\" target=\"_blank\" rel=\"noreferrer noopener\">Dysphasie Qu\u00e9bec<\/a> (FR only)&nbsp;<\/li>\n\n\n\n<li><a href=\"https:\/\/www.institutta.com\/\" target=\"_blank\" rel=\"noreferrer noopener\">Institut TA &#8211; Institut des Troubles d&#8217;Apprentissage<\/a> (FR only)&nbsp;<\/li>\n<\/ul>\n\n\n\n<h4 class=\"wp-block-heading\"><strong>Mental health<\/strong>&nbsp;<\/h4>\n\n\n\n<ul class=\"wp-block-list\">\n<li><strong><\/strong><a href=\"https:\/\/fondationecho.ca\/en\/\" target=\"_blank\" rel=\"noreferrer noopener\">Echo Foundation<\/a>&nbsp;<\/li>\n\n\n\n<li><strong><\/strong><a href=\"https:\/\/www.facebook.com\/ismees.santementale\/\" target=\"_blank\" rel=\"noreferrer noopener\">ISM\u00c9ES &#8211; Initiative Sant\u00e9 Mentale \u00c9tudiante en Enseignement Sup\u00e9rieur (UQuebec)<\/a> (FR only)&nbsp;<\/li>\n\n\n\n<li><strong><\/strong><a href=\"https:\/\/www.schizophrenie.qc.ca\/fr\/\" target=\"_blank\" rel=\"noreferrer noopener\">Soci\u00e9t\u00e9 qu\u00e9b\u00e9coise de la schizophr\u00e9nie<\/a> (FR only)&nbsp;<\/li>\n<\/ul>\n\n\n\n<h4 class=\"wp-block-heading\"><strong>Parents\u2019 associations<\/strong>&nbsp;<\/h4>\n\n\n\n<ul class=\"wp-block-list\">\n<li><a href=\"https:\/\/www.aqpehv.qc.ca\/\" target=\"_blank\" rel=\"noreferrer noopener\">AQPEHV &#8211; Association Qu\u00e9b\u00e9coise des Parents d&#8217;Enfants Handicap\u00e9s Visuels<\/a> (FR only)&nbsp;<\/li>\n<\/ul>\n\n\n\n<h4 class=\"wp-block-heading\"><strong>Adapted sports associations<\/strong>&nbsp;<\/h4>\n\n\n\n<ul class=\"wp-block-list\">\n<li><a href=\"https:\/\/www.aqva.org\/en\/home\" target=\"_blank\" rel=\"noreferrer noopener\">AQVA &#8211; Quebec Association for Adapted Sailing<\/a>&nbsp;<\/li>\n<\/ul>\n\n\n\n<h4 class=\"wp-block-heading\"><strong>Academic support<\/strong>&nbsp;<\/h4>\n\n\n\n<ul class=\"wp-block-list\">\n<li><a href=\"https:\/\/www.bci-qc.ca\/\" target=\"_blank\" rel=\"noreferrer noopener\">BCI &#8211; Bureau de Coop\u00e9ration Interuniversitaire<\/a> (FR only)&nbsp;<\/li>\n\n\n\n<li><a href=\"https:\/\/www.facebook.com\/ismees.santementale\/\" target=\"_blank\" rel=\"noreferrer noopener\">ISM\u00c9ES &#8211; Initiative Sant\u00e9 Mentale \u00c9tudiante en Enseignement Sup\u00e9rieur (UQuebec)<\/a> (FR only)&nbsp;<\/li>\n\n\n\n<li><a href=\"https:\/\/mbde.ca\/\" target=\"_blank\" rel=\"noreferrer noopener\">MBDE &#8211; Mon Bras Droit \u00c9duc<\/a> (FR only)&nbsp;<\/li>\n\n\n\n<li><a href=\"https:\/\/neads.ca\/\" target=\"_blank\" rel=\"noreferrer noopener\">NEADS &#8211; National Educational Association of Disabled Students<\/a>&nbsp;<\/li>\n\n\n\n<li><a href=\"https:\/\/rqedi.com\/en\/\" target=\"_blank\" rel=\"noreferrer noopener\">RIQEDI &#8211; Quebec Interuniversity Equity, Diversity and Inclusion Network<\/a>&nbsp;<\/li>\n\n\n\n<li><a href=\"https:\/\/unionetudiante.ca\/\" target=\"_blank\" rel=\"noreferrer noopener\">UEQ &#8211; Quebec Student Union<\/a>&nbsp;<\/li>\n\n\n\n<li><a href=\"https:\/\/www.utile.org\/\" target=\"_blank\" rel=\"noreferrer noopener\">UTILE &#8211; Non-profit Housing for Students<\/a>&nbsp;<\/li>\n<\/ul>\n\n\n\n<h4 class=\"wp-block-heading\"><strong>Integration, accessibility and rehabilitation<\/strong>&nbsp;<\/h4>\n\n\n\n<ul class=\"wp-block-list\">\n<li><a href=\"https:\/\/adaptech.org\/\" target=\"_blank\" rel=\"noreferrer noopener\">Adaptech Research Network (Coll\u00e8ge Dawson)<\/a>&nbsp;<\/li>\n\n\n\n<li><a href=\"https:\/\/altergo.ca\/fr\/\" target=\"_blank\" rel=\"noreferrer noopener\">AlterGo<\/a>&nbsp;(FR only)&nbsp;<\/li>\n\n\n\n<li><a href=\"https:\/\/www.ccdmd.qc.ca\/eng\" target=\"_blank\" rel=\"noreferrer noopener\">CCDMD &#8211; Educational Materials<\/a>&nbsp;<\/li>\n\n\n\n<li><a href=\"https:\/\/www.cirris.ulaval.ca\/en\/\" target=\"_blank\" rel=\"noreferrer noopener\">CIRRIS &#8211; Interdisciplinary Research Center for Rehabilitation and Social Integration<\/a>&nbsp;<\/li>\n\n\n\n<li><a href=\"https:\/\/coopassist.ca\/\" target=\"_blank\" rel=\"noreferrer noopener\">Coop ASSIST &#8211; Assistance personnelle pour une vie autonome et participative en soci\u00e9t\u00e9<\/a> (FR only)&nbsp;<\/li>\n\n\n\n<li><a href=\"https:\/\/crir.ca\/en\/\" target=\"_blank\" rel=\"noreferrer noopener\">CRIR &#8211; Interdisciplinary Research Center for Rehabilitation<\/a>&nbsp;<\/li>\n\n\n\n<li><a href=\"https:\/\/crispesh.ca\/\" target=\"_blank\" rel=\"noreferrer noopener\">CRISPESH &#8211; Centre de Recherche pour l&#8217;Inclusion des Personnes en Situation de Handicap<\/a> (FR only)&nbsp;<\/li>\n\n\n\n<li><a href=\"https:\/\/www.llmrc.ca\/\" target=\"_blank\" rel=\"noreferrer noopener\">Lethbridge-Layton-Mackay Rehabilitation Centre<\/a>&nbsp;<\/li>\n\n\n\n<li><a href=\"https:\/\/ropphl.org\/\" target=\"_blank\" rel=\"noreferrer noopener\">ROPPHL &#8211; Regroupement des Organismes de Promotion des Personnes Handicap\u00e9es de Laval<\/a> (FR only)&nbsp;<\/li>\n\n\n\n<li><a href=\"https:\/\/societeinclusive.ca\/en\/\" target=\"_blank\" rel=\"noreferrer noopener\">Inclusive Society &#8211; Social innovation to create more inclusive physical and social environments<\/a>&nbsp;<\/li>\n\n\n\n<li><a href=\"https:\/\/societelogique.org\/en\/\" target=\"_blank\" rel=\"noreferrer noopener\">Soci\u00e9t\u00e9 Logique &#8211; Universal Design<\/a>&nbsp;<\/li>\n<\/ul>\n\n\n\n<h4 class=\"wp-block-heading\"><strong>Rights of people with disabilities<\/strong>&nbsp;<\/h4>\n\n\n\n<ul class=\"wp-block-list\">\n<li><strong><\/strong><a href=\"https:\/\/afhm.org\/\" target=\"_blank\" rel=\"noreferrer noopener\">AFHM &#8211; Action des Femmes Handicap\u00e9es (Montr\u00e9al)<\/a> (FR only)&nbsp;<\/li>\n\n\n\n<li><strong><\/strong><a href=\"https:\/\/www.cdpdj.qc.ca\/en\" target=\"_blank\" rel=\"noreferrer noopener\">CDPDJ &#8211; Commission des Droits de la Personne et des Droits de la Jeunesse<\/a><strong><\/strong>&nbsp;<\/li>\n\n\n\n<li><strong><\/strong><a href=\"https:\/\/cophan.org\/\" target=\"_blank\" rel=\"noreferrer noopener\">COPHAN &#8211; Conf\u00e9d\u00e9ration des Organismes de Personnes Handicap\u00e9es du Qu\u00e9bec<\/a> (FR only)&nbsp;<\/li>\n\n\n\n<li><strong><\/strong><a href=\"https:\/\/www.dawncanada.net\/\" target=\"_blank\" rel=\"noreferrer noopener\">DAWN &#8211; R\u00e9seau d&#8217;Action des Femmes Handicap\u00e9es au Canada<\/a> (FR only)&nbsp;<\/li>\n\n\n\n<li><strong><\/strong><a href=\"https:\/\/ineeipsh.org\/en\/\" target=\"_blank\" rel=\"noreferrer noopener\">IN\u00c9\u00c9I-PSH &#8211; National Institute for the Equity, Egality and Inclusion of Persons with Disabilities<\/a><strong><\/strong>&nbsp;<\/li>\n\n\n\n<li><strong><\/strong><a href=\"https:\/\/www.ophq.gouv.qc.ca\/publications\/publications-in-english.html\" target=\"_blank\" rel=\"noreferrer noopener\">OPHQ &#8211; Office des Personnes Handicap\u00e9es du Qu\u00e9bec<\/a><strong><\/strong>&nbsp;<\/li>\n\n\n\n<li><strong><\/strong><a href=\"https:\/\/rapliq.org\/en\/\" target=\"_blank\" rel=\"noreferrer noopener\">RAPLIQ &#8211; Activists Against Discrimination Based on Disability<\/a><strong><\/strong>&nbsp;<\/li>\n\n\n\n<li><a href=\"https:\/\/ripph.qc.ca\/en\/\" target=\"_blank\" rel=\"noreferrer noopener\">RIPPH &#8211; International Network on the Disability Creation Process<\/a>&nbsp;<\/li>\n<\/ul>\n\n<\/div>\r\n","protected":false},"excerpt":{"rendered":"<p>Motor and organic disabilities&nbsp; AGIR - Association g\u00e9n\u00e9rale des insuffisants r\u00e9naux (FR only)&nbsp; ASBHQ - Association de Spina-Bifida et Hydroc\u00e9phalie du Qu\u00e9bec (FR only)&nbsp; Living with Cystic Fibrosis&nbsp; Ex aequo - Motricit\u00e9 (FR only)&nbsp; Fondation Martin-Matte - Traumatis\u00e9s cr\u00e2niens (FR...<br \/><a href=\"https:\/\/aqeips.org\/en\/resources\/other-resources\/\" class=\"read-more\">Read more <span class=\"sr-only\">about Other resources<\/span><\/a><\/p>","protected":false},"author":7,"featured_media":0,"parent":1425,"menu_order":9,"comment_status":"closed","ping_status":"closed","template":"templates\/side-nav.php","meta":{"_acf_changed":false,"footnotes":""},"class_list":["post-2600","page","type-page","status-publish","hentry"],"acf":[],"yoast_head":"<!-- This site is optimized with the Yoast SEO plugin v27.1.1 - https:\/\/yoast.com\/product\/yoast-seo-wordpress\/ -->\n<title>Other resources - Quebec Association for Equity and Inclusion in Post-Secondary Education<\/title>\n<meta name=\"robots\" content=\"index, follow, max-snippet:-1, max-image-preview:large, max-video-preview:-1\" \/>\n<link rel=\"canonical\" href=\"https:\/\/aqeips.org\/resources\/other-resources\/?lang=en\" \/>\n<meta property=\"og:locale\" content=\"en_US\" \/>\n<meta property=\"og:type\" content=\"article\" \/>\n<meta property=\"og:title\" content=\"Other resources - Quebec Association for Equity and Inclusion in Post-Secondary Education\" \/>\n<meta property=\"og:url\" content=\"https:\/\/aqeips.org\/resources\/other-resources\/?lang=en\" \/>\n<meta property=\"og:site_name\" content=\"Quebec Association for Equity and Inclusion in Post-Secondary Education\" \/>\n<meta property=\"article:publisher\" content=\"https:\/\/fr-ca.facebook.com\/aqeips\/\" \/>\n<meta property=\"article:modified_time\" content=\"2024-11-18T20:03:20+00:00\" \/>\n<meta property=\"og:image\" content=\"https:\/\/aqeips.org\/wp-content\/uploads\/2023\/10\/Image-du-site-AQEIPS.jpg\" \/>\n\t<meta property=\"og:image:width\" content=\"1200\" \/>\n\t<meta property=\"og:image:height\" content=\"675\" \/>\n\t<meta property=\"og:image:type\" content=\"image\/jpeg\" \/>\n<meta name=\"twitter:card\" content=\"summary_large_image\" \/>\n<meta name=\"twitter:site\" content=\"@aqeips\" \/>\n<meta name=\"twitter:label1\" content=\"Est. reading time\" \/>\n\t<meta name=\"twitter:data1\" content=\"3 minutes\" \/>\n<script type=\"application\/ld+json\" class=\"yoast-schema-graph\">{\"@context\":\"https:\/\/schema.org\",\"@graph\":[{\"@type\":\"WebPage\",\"@id\":\"https:\/\/aqeips.org\/resources\/other-resources\/?lang=en\",\"url\":\"https:\/\/aqeips.org\/resources\/other-resources\/?lang=en\",\"name\":\"Other resources - Quebec Association for Equity and Inclusion in Post-Secondary Education\",\"isPartOf\":{\"@id\":\"https:\/\/aqeips.org\/#website\"},\"datePublished\":\"2023-12-12T16:58:35+00:00\",\"dateModified\":\"2024-11-18T20:03:20+00:00\",\"breadcrumb\":{\"@id\":\"https:\/\/aqeips.org\/resources\/other-resources\/?lang=en#breadcrumb\"},\"inLanguage\":\"en-US\",\"potentialAction\":[{\"@type\":\"ReadAction\",\"target\":[\"https:\/\/aqeips.org\/resources\/other-resources\/?lang=en\"]}]},{\"@type\":\"BreadcrumbList\",\"@id\":\"https:\/\/aqeips.org\/resources\/other-resources\/?lang=en#breadcrumb\",\"itemListElement\":[{\"@type\":\"ListItem\",\"position\":1,\"name\":\"Accueil\",\"item\":\"https:\/\/aqeips.org\/?lang=en\"},{\"@type\":\"ListItem\",\"position\":2,\"name\":\"Resources\",\"item\":\"https:\/\/aqeips.org\/resources\/?lang=en\"},{\"@type\":\"ListItem\",\"position\":3,\"name\":\"Other resources\"}]},{\"@type\":\"WebSite\",\"@id\":\"https:\/\/aqeips.org\/#website\",\"url\":\"https:\/\/aqeips.org\/\",\"name\":\"Quebec Association for Equity and Inclusion in Post-Secondary Education\",\"description\":\"AQEIPS\",\"publisher\":{\"@id\":\"https:\/\/aqeips.org\/#organization\"},\"potentialAction\":[{\"@type\":\"SearchAction\",\"target\":{\"@type\":\"EntryPoint\",\"urlTemplate\":\"https:\/\/aqeips.org\/?s={search_term_string}\"},\"query-input\":{\"@type\":\"PropertyValueSpecification\",\"valueRequired\":true,\"valueName\":\"search_term_string\"}}],\"inLanguage\":\"en-US\"},{\"@type\":\"Organization\",\"@id\":\"https:\/\/aqeips.org\/#organization\",\"name\":\"L\u2019Association qu\u00e9b\u00e9coise pour l\u2019\u00e9quit\u00e9 et l\u2019inclusion au postsecondaire\",\"alternateName\":\"AQEIPS\",\"url\":\"https:\/\/aqeips.org\/\",\"logo\":{\"@type\":\"ImageObject\",\"inLanguage\":\"en-US\",\"@id\":\"https:\/\/aqeips.org\/#\/schema\/logo\/image\/\",\"url\":\"https:\/\/aqeips.org\/wp-content\/uploads\/2023\/10\/Logo-de-lentite-AQEIPS.jpg\",\"contentUrl\":\"https:\/\/aqeips.org\/wp-content\/uploads\/2023\/10\/Logo-de-lentite-AQEIPS.jpg\",\"width\":696,\"height\":696,\"caption\":\"L\u2019Association qu\u00e9b\u00e9coise pour l\u2019\u00e9quit\u00e9 et l\u2019inclusion au postsecondaire\"},\"image\":{\"@id\":\"https:\/\/aqeips.org\/#\/schema\/logo\/image\/\"},\"sameAs\":[\"https:\/\/fr-ca.facebook.com\/aqeips\/\",\"https:\/\/x.com\/aqeips\",\"https:\/\/www.linkedin.com\/company\/aqeips---association-qu\u00e9b\u00e9coise-des-\u00e9tudiants-ayant-des-incapacit\u00e9s-au-postsecondaire\/?originalSubdomain=ca\",\"https:\/\/www.youtube.com\/channel\/UCFvl0P7dBP9jUPL89k-xXIg\"]}]}<\/script>\n<!-- \/ Yoast SEO plugin. -->","yoast_head_json":{"title":"Other resources - Quebec Association for Equity and Inclusion in Post-Secondary Education","robots":{"index":"index","follow":"follow","max-snippet":"max-snippet:-1","max-image-preview":"max-image-preview:large","max-video-preview":"max-video-preview:-1"},"canonical":"https:\/\/aqeips.org\/resources\/other-resources\/?lang=en","og_locale":"en_US","og_type":"article","og_title":"Other resources - Quebec Association for Equity and Inclusion in Post-Secondary Education","og_url":"https:\/\/aqeips.org\/resources\/other-resources\/?lang=en","og_site_name":"Quebec Association for Equity and Inclusion in Post-Secondary Education","article_publisher":"https:\/\/fr-ca.facebook.com\/aqeips\/","article_modified_time":"2024-11-18T20:03:20+00:00","og_image":[{"width":1200,"height":675,"url":"https:\/\/aqeips.org\/wp-content\/uploads\/2023\/10\/Image-du-site-AQEIPS.jpg","type":"image\/jpeg"}],"twitter_card":"summary_large_image","twitter_site":"@aqeips","twitter_misc":{"Est. reading time":"3 minutes"},"schema":{"@context":"https:\/\/schema.org","@graph":[{"@type":"WebPage","@id":"https:\/\/aqeips.org\/resources\/other-resources\/?lang=en","url":"https:\/\/aqeips.org\/resources\/other-resources\/?lang=en","name":"Other resources - Quebec Association for Equity and Inclusion in Post-Secondary Education","isPartOf":{"@id":"https:\/\/aqeips.org\/#website"},"datePublished":"2023-12-12T16:58:35+00:00","dateModified":"2024-11-18T20:03:20+00:00","breadcrumb":{"@id":"https:\/\/aqeips.org\/resources\/other-resources\/?lang=en#breadcrumb"},"inLanguage":"en-US","potentialAction":[{"@type":"ReadAction","target":["https:\/\/aqeips.org\/resources\/other-resources\/?lang=en"]}]},{"@type":"BreadcrumbList","@id":"https:\/\/aqeips.org\/resources\/other-resources\/?lang=en#breadcrumb","itemListElement":[{"@type":"ListItem","position":1,"name":"Accueil","item":"https:\/\/aqeips.org\/?lang=en"},{"@type":"ListItem","position":2,"name":"Resources","item":"https:\/\/aqeips.org\/resources\/?lang=en"},{"@type":"ListItem","position":3,"name":"Other resources"}]},{"@type":"WebSite","@id":"https:\/\/aqeips.org\/#website","url":"https:\/\/aqeips.org\/","name":"Quebec Association for Equity and Inclusion in Post-Secondary Education","description":"AQEIPS","publisher":{"@id":"https:\/\/aqeips.org\/#organization"},"potentialAction":[{"@type":"SearchAction","target":{"@type":"EntryPoint","urlTemplate":"https:\/\/aqeips.org\/?s={search_term_string}"},"query-input":{"@type":"PropertyValueSpecification","valueRequired":true,"valueName":"search_term_string"}}],"inLanguage":"en-US"},{"@type":"Organization","@id":"https:\/\/aqeips.org\/#organization","name":"L\u2019Association qu\u00e9b\u00e9coise pour l\u2019\u00e9quit\u00e9 et l\u2019inclusion au postsecondaire","alternateName":"AQEIPS","url":"https:\/\/aqeips.org\/","logo":{"@type":"ImageObject","inLanguage":"en-US","@id":"https:\/\/aqeips.org\/#\/schema\/logo\/image\/","url":"https:\/\/aqeips.org\/wp-content\/uploads\/2023\/10\/Logo-de-lentite-AQEIPS.jpg","contentUrl":"https:\/\/aqeips.org\/wp-content\/uploads\/2023\/10\/Logo-de-lentite-AQEIPS.jpg","width":696,"height":696,"caption":"L\u2019Association qu\u00e9b\u00e9coise pour l\u2019\u00e9quit\u00e9 et l\u2019inclusion au postsecondaire"},"image":{"@id":"https:\/\/aqeips.org\/#\/schema\/logo\/image\/"},"sameAs":["https:\/\/fr-ca.facebook.com\/aqeips\/","https:\/\/x.com\/aqeips","https:\/\/www.linkedin.com\/company\/aqeips---association-qu\u00e9b\u00e9coise-des-\u00e9tudiants-ayant-des-incapacit\u00e9s-au-postsecondaire\/?originalSubdomain=ca","https:\/\/www.youtube.com\/channel\/UCFvl0P7dBP9jUPL89k-xXIg"]}]}},"_links":{"self":[{"href":"https:\/\/aqeips.org\/en\/wp-json\/wp\/v2\/pages\/2600","targetHints":{"allow":["GET"]}}],"collection":[{"href":"https:\/\/aqeips.org\/en\/wp-json\/wp\/v2\/pages"}],"about":[{"href":"https:\/\/aqeips.org\/en\/wp-json\/wp\/v2\/types\/page"}],"author":[{"embeddable":true,"href":"https:\/\/aqeips.org\/en\/wp-json\/wp\/v2\/users\/7"}],"replies":[{"embeddable":true,"href":"https:\/\/aqeips.org\/en\/wp-json\/wp\/v2\/comments?post=2600"}],"version-history":[{"count":4,"href":"https:\/\/aqeips.org\/en\/wp-json\/wp\/v2\/pages\/2600\/revisions"}],"predecessor-version":[{"id":3120,"href":"https:\/\/aqeips.org\/en\/wp-json\/wp\/v2\/pages\/2600\/revisions\/3120"}],"up":[{"embeddable":true,"href":"https:\/\/aqeips.org\/en\/wp-json\/wp\/v2\/pages\/1425"}],"wp:attachment":[{"href":"https:\/\/aqeips.org\/en\/wp-json\/wp\/v2\/media?parent=2600"}],"curies":[{"name":"wp","href":"https:\/\/api.w.org\/{rel}","templated":true}]}}