{"id":1535,"date":"2018-10-18T15:31:00","date_gmt":"2018-10-18T19:31:00","guid":{"rendered":"https:\/\/aqeips.org\/?page_id=1535"},"modified":"2024-06-11T10:46:25","modified_gmt":"2024-06-11T14:46:25","slug":"bursary-program-2018","status":"publish","type":"page","link":"https:\/\/aqeips.org\/en\/bursary-program\/winners\/bursary-program-2018\/","title":{"rendered":"Bursary Program 2018"},"content":{"rendered":"\n<p><strong>The AQEIPS would like to congratulate the winners of our 2018 bursary program.<\/strong><\/p>\n\n\n\n<p>We thank all the students who participated in this year\u2019s program. This program would not be possible without the generous donations of our sponsors, who helped us support post-secondary students with disabilities to achieve their goals.<\/p>\n\n\n\n<p>Thanks to our donors, we raised $4100. For the first time in 19 years, the AQEIPS awarded four $1000 bursaries. We wish to thank the volunteer jury for the 2017-2018 year: <strong>Ousmane Fall<\/strong>, secretary of our board of directors; <strong>Odette Raymond<\/strong> from the Institut des troubles d\u2019apprentissage; and <strong>Genevi\u00e8ve Guernier<\/strong> from Ex aequo.<\/p>\n\n\n\n<p><strong>Together, we can make a difference!<\/strong><\/p>\n\n\n\n<h2 class=\"wp-block-heading has-text-align-center\">Recipients<\/h2>\n\n\n\n<hr class=\"wp-block-separator has-text-color has-gray-lighter-color has-alpha-channel-opacity has-gray-lighter-background-color has-background wp-embed-aspect-16-9 wp-has-aspect-ratio is-style-wide\"\/>\n\n\n\n<div style=\"height:2em\" aria-hidden=\"true\" class=\"wp-block-spacer wp-embed-aspect-16-9 wp-has-aspect-ratio\"><\/div>\n\n\n<div class=\"wp-bootstrap-blocks-row row wp-embed-aspect-16-9 wp-has-aspect-ratio gy-4\">\r\n\t\n\r\n<div class=\"col-12 col-sm-12 col-md-12 col-lg-6\">\r\n\t<div class=\"h-100\">\r\n\t\t\n\n<h3 class=\"wp-block-heading\">Fran\u00e7ois G.<\/h3>\n\n\n\n<p><strong>University of Montr\u00e9al (UdeM)<\/strong><\/p>\n\n\n\n<p><strong>Bachelor of Social Work<\/strong><\/p>\n\n\n\n<hr class=\"wp-block-separator has-text-color has-gray-lighter-color has-alpha-channel-opacity has-gray-lighter-background-color has-background is-style-wide\"\/>\n\n\n\n<div style=\"height:2em\" aria-hidden=\"true\" class=\"wp-block-spacer\"><\/div>\n\n\t<\/div>\r\n<\/div>\r\n\n\n\r\n<div class=\"col-12 col-sm-12 col-md-12 col-lg-6\">\r\n\t<div class=\"h-100\">\r\n\t\t\n\n<h3 class=\"wp-block-heading has-text-align-left\">Guylaine P.<\/h3>\n\n\n\n<p class=\"has-text-align-left\"><strong>Certificate in French linguistics, psychology concentration<\/strong><\/p>\n\n\n\n<p class=\"has-text-align-left\"><strong>Laval University<\/strong><\/p>\n\n\n\n<hr class=\"wp-block-separator has-text-color has-gray-lighter-color has-alpha-channel-opacity has-gray-lighter-background-color has-background is-style-wide\"\/>\n\n\n\n<div style=\"height:2em\" aria-hidden=\"true\" class=\"wp-block-spacer\"><\/div>\n\n\t<\/div>\r\n<\/div>\r\n\n\n\r\n<div class=\"col-12 col-sm-12 col-md-12 col-lg-6\">\r\n\t<div class=\"h-100\">\r\n\t\t\n\n<h3 class=\"wp-block-heading\">Nicolas V.<\/h3>\n\n\n\n<p><strong>Bachelor of Social Work<\/strong><\/p>\n\n\n\n<p><strong>University of Qu\u00e9bec at Motr\u00e9al (UQAM)<\/strong><\/p>\n\n\n\n<hr class=\"wp-block-separator has-text-color has-gray-lighter-color has-alpha-channel-opacity has-gray-lighter-background-color has-background is-style-wide\"\/>\n\n\n\n<div style=\"height:2em\" aria-hidden=\"true\" class=\"wp-block-spacer\"><\/div>\n\n\t<\/div>\r\n<\/div>\r\n\n\n\r\n<div class=\"col-12 col-sm-12 col-md-12 col-lg-6\">\r\n\t<div class=\"h-100\">\r\n\t\t\n\n<h3 class=\"wp-block-heading has-text-align-left\">Marie-Anne J.<\/h3>\n\n\n\n<p class=\"has-text-align-left\"><strong>Master&#8217;s degree in health management and social services<\/strong><\/p>\n\n\n\n<p class=\"has-text-align-left\"><strong>The national school of public administration<\/strong><\/p>\n\n\n\n<hr class=\"wp-block-separator has-text-color has-gray-lighter-color has-alpha-channel-opacity has-gray-lighter-background-color has-background is-style-wide\"\/>\n\n\n\n<div style=\"height:2em\" aria-hidden=\"true\" class=\"wp-block-spacer\"><\/div>\n\n\t<\/div>\r\n<\/div>\r\n\n<\/div>\r\n","protected":false},"excerpt":{"rendered":"<p>The AQEIPS would like to congratulate the winners of our 2018 bursary program. We thank all the students who participated in this year\u2019s program. This program would not be possible without the generous donations of our sponsors, who helped us...<br \/><a href=\"https:\/\/aqeips.org\/en\/bursary-program\/winners\/bursary-program-2018\/\" class=\"read-more\">Read more <span class=\"sr-only\">about Bursary Program 2018<\/span><\/a><\/p>","protected":false},"author":3,"featured_media":7331,"parent":1409,"menu_order":9,"comment_status":"closed","ping_status":"closed","template":"templates\/side-nav.php","meta":{"_acf_changed":false,"footnotes":""},"class_list":["post-1535","page","type-page","status-publish","has-post-thumbnail","hentry"],"acf":[],"yoast_head":"<!-- This site is optimized with the Yoast SEO plugin v27.1.1 - https:\/\/yoast.com\/product\/yoast-seo-wordpress\/ -->\n<title>Bursary Program 2018 - Quebec Association for Equity and Inclusion in Post-Secondary Education<\/title>\n<meta name=\"robots\" content=\"index, follow, max-snippet:-1, max-image-preview:large, max-video-preview:-1\" \/>\n<link rel=\"canonical\" href=\"https:\/\/aqeips.org\/en\/bursary-program\/winners\/bursary-program-2018\/\" \/>\n<meta property=\"og:locale\" content=\"en_US\" \/>\n<meta property=\"og:type\" content=\"article\" \/>\n<meta property=\"og:title\" content=\"Bursary Program 2018 - Quebec Association for Equity and Inclusion in Post-Secondary Education\" \/>\n<meta property=\"og:description\" content=\"The AQEIPS would like to congratulate the winners of our 2018 bursary program. We thank all the students who participated in this year\u2019s program. This program would not be possible without the generous donations of our sponsors, who helped us\" \/>\n<meta property=\"og:url\" content=\"https:\/\/aqeips.org\/en\/bursary-program\/winners\/bursary-program-2018\/\" \/>\n<meta property=\"og:site_name\" content=\"Quebec Association for Equity and Inclusion in Post-Secondary Education\" \/>\n<meta property=\"article:publisher\" content=\"https:\/\/fr-ca.facebook.com\/aqeips\/\" \/>\n<meta property=\"article:modified_time\" content=\"2024-06-11T14:46:25+00:00\" \/>\n<meta property=\"og:image\" content=\"https:\/\/aqeips.org\/wp-content\/uploads\/2024\/06\/2018-1800x1013.png\" \/>\n\t<meta property=\"og:image:width\" content=\"1800\" \/>\n\t<meta property=\"og:image:height\" content=\"1013\" \/>\n\t<meta property=\"og:image:type\" content=\"image\/png\" \/>\n<meta name=\"twitter:card\" content=\"summary_large_image\" \/>\n<meta name=\"twitter:site\" content=\"@aqeips\" \/>\n<meta name=\"twitter:label1\" content=\"Est. reading time\" \/>\n\t<meta name=\"twitter:data1\" content=\"2 minutes\" \/>\n<script type=\"application\/ld+json\" class=\"yoast-schema-graph\">{\"@context\":\"https:\/\/schema.org\",\"@graph\":[{\"@type\":\"WebPage\",\"@id\":\"https:\/\/aqeips.org\/en\/bursary-program\/winners\/bursary-program-2018\/\",\"url\":\"https:\/\/aqeips.org\/en\/bursary-program\/winners\/bursary-program-2018\/\",\"name\":\"Bursary Program 2018 - Quebec Association for Equity and Inclusion in Post-Secondary Education\",\"isPartOf\":{\"@id\":\"https:\/\/aqeips.org\/#website\"},\"primaryImageOfPage\":{\"@id\":\"https:\/\/aqeips.org\/en\/bursary-program\/winners\/bursary-program-2018\/#primaryimage\"},\"image\":{\"@id\":\"https:\/\/aqeips.org\/en\/bursary-program\/winners\/bursary-program-2018\/#primaryimage\"},\"thumbnailUrl\":\"https:\/\/aqeips.org\/wp-content\/uploads\/2025\/10\/Site_Web_Recipiendaires.png\",\"datePublished\":\"2018-10-18T19:31:00+00:00\",\"dateModified\":\"2024-06-11T14:46:25+00:00\",\"breadcrumb\":{\"@id\":\"https:\/\/aqeips.org\/en\/bursary-program\/winners\/bursary-program-2018\/#breadcrumb\"},\"inLanguage\":\"en-US\",\"potentialAction\":[{\"@type\":\"ReadAction\",\"target\":[\"https:\/\/aqeips.org\/en\/bursary-program\/winners\/bursary-program-2018\/\"]}]},{\"@type\":\"ImageObject\",\"inLanguage\":\"en-US\",\"@id\":\"https:\/\/aqeips.org\/en\/bursary-program\/winners\/bursary-program-2018\/#primaryimage\",\"url\":\"https:\/\/aqeips.org\/wp-content\/uploads\/2025\/10\/Site_Web_Recipiendaires.png\",\"contentUrl\":\"https:\/\/aqeips.org\/wp-content\/uploads\/2025\/10\/Site_Web_Recipiendaires.png\",\"width\":2240,\"height\":1260},{\"@type\":\"BreadcrumbList\",\"@id\":\"https:\/\/aqeips.org\/en\/bursary-program\/winners\/bursary-program-2018\/#breadcrumb\",\"itemListElement\":[{\"@type\":\"ListItem\",\"position\":1,\"name\":\"Accueil\",\"item\":\"https:\/\/aqeips.org\/?lang=en\"},{\"@type\":\"ListItem\",\"position\":2,\"name\":\"Bursary program\",\"item\":\"https:\/\/aqeips.org\/en\/bursary-program\/\"},{\"@type\":\"ListItem\",\"position\":3,\"name\":\"Bursary recipients\",\"item\":\"https:\/\/aqeips.org\/en\/bursary-program\/winners\/\"},{\"@type\":\"ListItem\",\"position\":4,\"name\":\"Bursary Program 2018\"}]},{\"@type\":\"WebSite\",\"@id\":\"https:\/\/aqeips.org\/#website\",\"url\":\"https:\/\/aqeips.org\/\",\"name\":\"Quebec Association for Equity and Inclusion in Post-Secondary Education\",\"description\":\"AQEIPS\",\"publisher\":{\"@id\":\"https:\/\/aqeips.org\/#organization\"},\"potentialAction\":[{\"@type\":\"SearchAction\",\"target\":{\"@type\":\"EntryPoint\",\"urlTemplate\":\"https:\/\/aqeips.org\/?s={search_term_string}\"},\"query-input\":{\"@type\":\"PropertyValueSpecification\",\"valueRequired\":true,\"valueName\":\"search_term_string\"}}],\"inLanguage\":\"en-US\"},{\"@type\":\"Organization\",\"@id\":\"https:\/\/aqeips.org\/#organization\",\"name\":\"L\u2019Association qu\u00e9b\u00e9coise pour l\u2019\u00e9quit\u00e9 et l\u2019inclusion au postsecondaire\",\"alternateName\":\"AQEIPS\",\"url\":\"https:\/\/aqeips.org\/\",\"logo\":{\"@type\":\"ImageObject\",\"inLanguage\":\"en-US\",\"@id\":\"https:\/\/aqeips.org\/#\/schema\/logo\/image\/\",\"url\":\"https:\/\/aqeips.org\/wp-content\/uploads\/2023\/10\/Logo-de-lentite-AQEIPS.jpg\",\"contentUrl\":\"https:\/\/aqeips.org\/wp-content\/uploads\/2023\/10\/Logo-de-lentite-AQEIPS.jpg\",\"width\":696,\"height\":696,\"caption\":\"L\u2019Association qu\u00e9b\u00e9coise pour l\u2019\u00e9quit\u00e9 et l\u2019inclusion au postsecondaire\"},\"image\":{\"@id\":\"https:\/\/aqeips.org\/#\/schema\/logo\/image\/\"},\"sameAs\":[\"https:\/\/fr-ca.facebook.com\/aqeips\/\",\"https:\/\/x.com\/aqeips\",\"https:\/\/www.linkedin.com\/company\/aqeips---association-qu\u00e9b\u00e9coise-des-\u00e9tudiants-ayant-des-incapacit\u00e9s-au-postsecondaire\/?originalSubdomain=ca\",\"https:\/\/www.youtube.com\/channel\/UCFvl0P7dBP9jUPL89k-xXIg\"]}]}<\/script>\n<!-- \/ Yoast SEO plugin. -->","yoast_head_json":{"title":"Bursary Program 2018 - Quebec Association for Equity and Inclusion in Post-Secondary Education","robots":{"index":"index","follow":"follow","max-snippet":"max-snippet:-1","max-image-preview":"max-image-preview:large","max-video-preview":"max-video-preview:-1"},"canonical":"https:\/\/aqeips.org\/en\/bursary-program\/winners\/bursary-program-2018\/","og_locale":"en_US","og_type":"article","og_title":"Bursary Program 2018 - Quebec Association for Equity and Inclusion in Post-Secondary Education","og_description":"The AQEIPS would like to congratulate the winners of our 2018 bursary program. We thank all the students who participated in this year\u2019s program. This program would not be possible without the generous donations of our sponsors, who helped us","og_url":"https:\/\/aqeips.org\/en\/bursary-program\/winners\/bursary-program-2018\/","og_site_name":"Quebec Association for Equity and Inclusion in Post-Secondary Education","article_publisher":"https:\/\/fr-ca.facebook.com\/aqeips\/","article_modified_time":"2024-06-11T14:46:25+00:00","og_image":[{"width":1800,"height":1013,"url":"https:\/\/aqeips.org\/wp-content\/uploads\/2024\/06\/2018-1800x1013.png","type":"image\/png"}],"twitter_card":"summary_large_image","twitter_site":"@aqeips","twitter_misc":{"Est. reading time":"2 minutes"},"schema":{"@context":"https:\/\/schema.org","@graph":[{"@type":"WebPage","@id":"https:\/\/aqeips.org\/en\/bursary-program\/winners\/bursary-program-2018\/","url":"https:\/\/aqeips.org\/en\/bursary-program\/winners\/bursary-program-2018\/","name":"Bursary Program 2018 - Quebec Association for Equity and Inclusion in Post-Secondary Education","isPartOf":{"@id":"https:\/\/aqeips.org\/#website"},"primaryImageOfPage":{"@id":"https:\/\/aqeips.org\/en\/bursary-program\/winners\/bursary-program-2018\/#primaryimage"},"image":{"@id":"https:\/\/aqeips.org\/en\/bursary-program\/winners\/bursary-program-2018\/#primaryimage"},"thumbnailUrl":"https:\/\/aqeips.org\/wp-content\/uploads\/2025\/10\/Site_Web_Recipiendaires.png","datePublished":"2018-10-18T19:31:00+00:00","dateModified":"2024-06-11T14:46:25+00:00","breadcrumb":{"@id":"https:\/\/aqeips.org\/en\/bursary-program\/winners\/bursary-program-2018\/#breadcrumb"},"inLanguage":"en-US","potentialAction":[{"@type":"ReadAction","target":["https:\/\/aqeips.org\/en\/bursary-program\/winners\/bursary-program-2018\/"]}]},{"@type":"ImageObject","inLanguage":"en-US","@id":"https:\/\/aqeips.org\/en\/bursary-program\/winners\/bursary-program-2018\/#primaryimage","url":"https:\/\/aqeips.org\/wp-content\/uploads\/2025\/10\/Site_Web_Recipiendaires.png","contentUrl":"https:\/\/aqeips.org\/wp-content\/uploads\/2025\/10\/Site_Web_Recipiendaires.png","width":2240,"height":1260},{"@type":"BreadcrumbList","@id":"https:\/\/aqeips.org\/en\/bursary-program\/winners\/bursary-program-2018\/#breadcrumb","itemListElement":[{"@type":"ListItem","position":1,"name":"Accueil","item":"https:\/\/aqeips.org\/?lang=en"},{"@type":"ListItem","position":2,"name":"Bursary program","item":"https:\/\/aqeips.org\/en\/bursary-program\/"},{"@type":"ListItem","position":3,"name":"Bursary recipients","item":"https:\/\/aqeips.org\/en\/bursary-program\/winners\/"},{"@type":"ListItem","position":4,"name":"Bursary Program 2018"}]},{"@type":"WebSite","@id":"https:\/\/aqeips.org\/#website","url":"https:\/\/aqeips.org\/","name":"Quebec Association for Equity and Inclusion in Post-Secondary Education","description":"AQEIPS","publisher":{"@id":"https:\/\/aqeips.org\/#organization"},"potentialAction":[{"@type":"SearchAction","target":{"@type":"EntryPoint","urlTemplate":"https:\/\/aqeips.org\/?s={search_term_string}"},"query-input":{"@type":"PropertyValueSpecification","valueRequired":true,"valueName":"search_term_string"}}],"inLanguage":"en-US"},{"@type":"Organization","@id":"https:\/\/aqeips.org\/#organization","name":"L\u2019Association qu\u00e9b\u00e9coise pour l\u2019\u00e9quit\u00e9 et l\u2019inclusion au postsecondaire","alternateName":"AQEIPS","url":"https:\/\/aqeips.org\/","logo":{"@type":"ImageObject","inLanguage":"en-US","@id":"https:\/\/aqeips.org\/#\/schema\/logo\/image\/","url":"https:\/\/aqeips.org\/wp-content\/uploads\/2023\/10\/Logo-de-lentite-AQEIPS.jpg","contentUrl":"https:\/\/aqeips.org\/wp-content\/uploads\/2023\/10\/Logo-de-lentite-AQEIPS.jpg","width":696,"height":696,"caption":"L\u2019Association qu\u00e9b\u00e9coise pour l\u2019\u00e9quit\u00e9 et l\u2019inclusion au postsecondaire"},"image":{"@id":"https:\/\/aqeips.org\/#\/schema\/logo\/image\/"},"sameAs":["https:\/\/fr-ca.facebook.com\/aqeips\/","https:\/\/x.com\/aqeips","https:\/\/www.linkedin.com\/company\/aqeips---association-qu\u00e9b\u00e9coise-des-\u00e9tudiants-ayant-des-incapacit\u00e9s-au-postsecondaire\/?originalSubdomain=ca","https:\/\/www.youtube.com\/channel\/UCFvl0P7dBP9jUPL89k-xXIg"]}]}},"_links":{"self":[{"href":"https:\/\/aqeips.org\/en\/wp-json\/wp\/v2\/pages\/1535","targetHints":{"allow":["GET"]}}],"collection":[{"href":"https:\/\/aqeips.org\/en\/wp-json\/wp\/v2\/pages"}],"about":[{"href":"https:\/\/aqeips.org\/en\/wp-json\/wp\/v2\/types\/page"}],"author":[{"embeddable":true,"href":"https:\/\/aqeips.org\/en\/wp-json\/wp\/v2\/users\/3"}],"replies":[{"embeddable":true,"href":"https:\/\/aqeips.org\/en\/wp-json\/wp\/v2\/comments?post=1535"}],"version-history":[{"count":5,"href":"https:\/\/aqeips.org\/en\/wp-json\/wp\/v2\/pages\/1535\/revisions"}],"predecessor-version":[{"id":3748,"href":"https:\/\/aqeips.org\/en\/wp-json\/wp\/v2\/pages\/1535\/revisions\/3748"}],"up":[{"embeddable":true,"href":"https:\/\/aqeips.org\/en\/wp-json\/wp\/v2\/pages\/1409"}],"wp:featuredmedia":[{"embeddable":true,"href":"https:\/\/aqeips.org\/en\/wp-json\/wp\/v2\/media\/7331"}],"wp:attachment":[{"href":"https:\/\/aqeips.org\/en\/wp-json\/wp\/v2\/media?parent=1535"}],"curies":[{"name":"wp","href":"https:\/\/api.w.org\/{rel}","templated":true}]}}