{"id":1533,"date":"2019-10-18T15:30:47","date_gmt":"2023-10-18T19:30:08","guid":{"rendered":"https:\/\/aqeips.org\/?page_id=1533"},"modified":"2024-06-11T10:45:48","modified_gmt":"2024-06-11T14:45:48","slug":"bursary-program-2019","status":"publish","type":"page","link":"https:\/\/aqeips.org\/en\/bursary-program\/winners\/bursary-program-2019\/","title":{"rendered":"Bursary Program 2019"},"content":{"rendered":"\n<p><strong>The AQEIPS would like to congratulate the winners of our 2019 bursary program.<\/strong><\/p>\n\n\n\n<p>We thank all the students who participated in this year\u2019s program. This program would not be possible without the generous donations of our sponsors, who helped us support post-secondary students with disabilities to achieve their goals.<\/p>\n\n\n\n<p>This year, we raised $3700. AQEIPS will therefore award four $900 bursaries. This corresponds to one in each of the following categories: (1) college, pre-university programme; (2) college, technical programme; (3) university, undergraduate programme; and (4) university, Master\u2019s and PhD programmes. Since we did not receive any applications from SWD undertaking vocational studies, we did not award any scholarships in this category. We wish to thank the volunteer jury for the 2019 year: <strong>Blanche Mageau-B\u00e9land<\/strong>, general secretary of the Quebec Student Union; <strong>Mariloue Daudier<\/strong>, project manager for training at the Comit\u00e9 sectoriel de main-d\u2019oeuvre \/ \u00c9conomie sociale et action communautaire (CSMO-\u00c9SAC); <strong>Jean-Christophe Gascon<\/strong>, assistant project manager at AQEIPS; and <strong>Ad\u00e8le-\u00c9lise Pr\u00e9vost<\/strong>, assistant project manager at AQEIPS.<\/p>\n\n\n\n<p><strong>Together, we can make a difference!<\/strong><\/p>\n\n\n\n<h2 class=\"wp-block-heading has-text-align-center\">Recipients<\/h2>\n\n\n\n<hr class=\"wp-block-separator has-text-color has-gray-light-color has-alpha-channel-opacity has-gray-light-background-color has-background is-style-wide\"\/>\n\n\n\n<div style=\"height:2em\" aria-hidden=\"true\" class=\"wp-block-spacer\"><\/div>\n\n\n<div class=\"wp-bootstrap-blocks-row row wp-embed-aspect-16-9 wp-has-aspect-ratio gy-4\">\r\n\t\n\r\n<div class=\"col-12 col-sm-12 col-md-12 col-lg-6\">\r\n\t<div class=\"h-100\">\r\n\t\t\n\n<div class=\"wp-block-group is-vertical is-layout-flex wp-container-core-group-is-layout-8cf370e7 wp-block-group-is-layout-flex\">\n<h3 class=\"wp-block-heading\">Fr\u00e9d\u00e9rique P.<\/h3>\n\n\n\n<figure class=\"wp-block-image size-full is-resized\"><img loading=\"lazy\" decoding=\"async\" width=\"330\" height=\"243\" src=\"https:\/\/aqeips.org\/wp-content\/uploads\/2023\/10\/Frederique-Plante.jpg\" alt=\"\" class=\"wp-image-538\" style=\"aspect-ratio:4\/3;object-fit:cover;width:undefinedpx;height:225px\" srcset=\"https:\/\/aqeips.org\/wp-content\/uploads\/2023\/10\/Frederique-Plante.jpg 330w, https:\/\/aqeips.org\/wp-content\/uploads\/2023\/10\/Frederique-Plante-300x221.jpg 300w\" sizes=\"auto, (max-width: 330px) 100vw, 330px\" \/><\/figure>\n\n\n\n<p><strong>Pre-university in nature science<\/strong><\/p>\n\n\n\n<p><strong>C\u00e9gep de St-J\u00e9r\u00f4me<\/strong><\/p>\n<\/div>\n\n\n\n<hr class=\"wp-block-separator has-text-color has-gray-light-color has-alpha-channel-opacity has-gray-light-background-color has-background is-style-wide\"\/>\n\n\n\n<div style=\"height:2em\" aria-hidden=\"true\" class=\"wp-block-spacer\"><\/div>\n\n\t<\/div>\r\n<\/div>\r\n\n\n\r\n<div class=\"col-12 col-sm-12 col-md-12 col-lg-6\">\r\n\t<div class=\"h-100\">\r\n\t\t\n\n<div class=\"wp-block-group d-flex is-vertical is-content-justification-left is-layout-flex wp-container-core-group-is-layout-c0ca7d81 wp-block-group-is-layout-flex\">\n<h3 class=\"wp-block-heading has-text-align-right\">Martine C.<\/h3>\n\n\n\n<figure class=\"wp-block-image size-full is-resized\"><img loading=\"lazy\" decoding=\"async\" width=\"179\" height=\"179\" src=\"https:\/\/aqeips.org\/wp-content\/uploads\/2023\/10\/Martine-Cardinal.jpg\" alt=\"\" class=\"wp-image-847\" style=\"aspect-ratio:1;object-fit:cover;width:undefinedpx;height:225px\" srcset=\"https:\/\/aqeips.org\/wp-content\/uploads\/2023\/10\/Martine-Cardinal.jpg 179w, https:\/\/aqeips.org\/wp-content\/uploads\/2023\/10\/Martine-Cardinal-150x150.jpg 150w\" sizes=\"auto, (max-width: 179px) 100vw, 179px\" \/><\/figure>\n\n\n\n<p><strong>Specialized education technique<\/strong><\/p>\n\n\n\n<p><strong>C\u00e9gep de St-J\u00e9r\u00f4me<\/strong><\/p>\n<\/div>\n\n\n\n<hr class=\"wp-block-separator has-text-color has-gray-light-color has-alpha-channel-opacity has-gray-light-background-color has-background is-style-wide\"\/>\n\n\n\n<div style=\"height:2em\" aria-hidden=\"true\" class=\"wp-block-spacer\"><\/div>\n\n\t<\/div>\r\n<\/div>\r\n\n\n\r\n<div class=\"col-12 col-sm-12 col-md-12 col-lg-6\">\r\n\t<div class=\"h-100\">\r\n\t\t\n\n<div class=\"wp-block-group is-vertical is-content-justification-left is-layout-flex wp-container-core-group-is-layout-c0ca7d81 wp-block-group-is-layout-flex\">\n<h3 class=\"wp-block-heading\">Yanick R.<\/h3>\n\n\n\n<figure class=\"wp-block-image size-full is-resized\"><img loading=\"lazy\" decoding=\"async\" width=\"345\" height=\"230\" src=\"https:\/\/aqeips.org\/wp-content\/uploads\/2023\/10\/Yanick-Racicot.jpg\" alt=\"\" class=\"wp-image-848\" style=\"aspect-ratio:4\/3;object-fit:cover;width:undefinedpx;height:225px\" srcset=\"https:\/\/aqeips.org\/wp-content\/uploads\/2023\/10\/Yanick-Racicot.jpg 345w, https:\/\/aqeips.org\/wp-content\/uploads\/2023\/10\/Yanick-Racicot-300x200.jpg 300w\" sizes=\"auto, (max-width: 345px) 100vw, 345px\" \/><\/figure>\n\n\n\n<p><strong>Bachelor&#8217;s degree in school adaptation<\/strong><\/p>\n\n\n\n<p><strong>Universit\u00e9 de Montr\u00e9al<\/strong><\/p>\n<\/div>\n\n\n\n<hr class=\"wp-block-separator has-text-color has-gray-light-color has-alpha-channel-opacity has-gray-light-background-color has-background is-style-wide\"\/>\n\n\n\n<div style=\"height:2em\" aria-hidden=\"true\" class=\"wp-block-spacer\"><\/div>\n\n\t<\/div>\r\n<\/div>\r\n\n\n\r\n<div class=\"col-12 col-sm-12 col-md-12 col-lg-6\">\r\n\t<div class=\"h-100\">\r\n\t\t\n\n<div class=\"wp-block-group d-flex is-vertical is-content-justification-left is-layout-flex wp-container-core-group-is-layout-adc7e0b5 wp-block-group-is-layout-flex\">\n<h3 class=\"wp-block-heading has-text-align-right\">Shanie R.<\/h3>\n\n\n\n<figure class=\"wp-block-image size-full is-resized\"><img loading=\"lazy\" decoding=\"async\" width=\"324\" height=\"228\" src=\"https:\/\/aqeips.org\/wp-content\/uploads\/2023\/10\/Shanie-Roy.jpg\" alt=\"\" class=\"wp-image-849\" style=\"aspect-ratio:4\/3;object-fit:cover;width:undefinedpx;height:225px\" srcset=\"https:\/\/aqeips.org\/wp-content\/uploads\/2023\/10\/Shanie-Roy.jpg 324w, https:\/\/aqeips.org\/wp-content\/uploads\/2023\/10\/Shanie-Roy-300x211.jpg 300w\" sizes=\"auto, (max-width: 324px) 100vw, 324px\" \/><\/figure>\n\n\n\n<p class=\"has-text-align-right\"><strong>Candidate for a master&#8217;s degree in labor law<\/strong><\/p>\n\n\n\n<p class=\"has-text-align-right\"><strong>UQAM<\/strong><\/p>\n<\/div>\n\n\n\n<hr class=\"wp-block-separator has-text-color has-gray-light-color has-alpha-channel-opacity has-gray-light-background-color has-background is-style-wide\"\/>\n\n\n\n<div style=\"height:2em\" aria-hidden=\"true\" class=\"wp-block-spacer\"><\/div>\n\n\t<\/div>\r\n<\/div>\r\n\n<\/div>\r\n","protected":false},"excerpt":{"rendered":"<p>The AQEIPS would like to congratulate the winners of our 2019 bursary program. We thank all the students who participated in this year\u2019s program. This program would not be possible without the generous donations of our sponsors, who helped us...<br \/><a href=\"https:\/\/aqeips.org\/en\/bursary-program\/winners\/bursary-program-2019\/\" class=\"read-more\">Read more <span class=\"sr-only\">about Bursary Program 2019<\/span><\/a><\/p>","protected":false},"author":3,"featured_media":7343,"parent":1409,"menu_order":8,"comment_status":"closed","ping_status":"closed","template":"templates\/side-nav.php","meta":{"_acf_changed":false,"footnotes":""},"class_list":["post-1533","page","type-page","status-publish","has-post-thumbnail","hentry"],"acf":[],"yoast_head":"<!-- This site is optimized with the Yoast SEO plugin v27.1.1 - https:\/\/yoast.com\/product\/yoast-seo-wordpress\/ -->\n<title>Bursary Program 2019 - Quebec Association for Equity and Inclusion in Post-Secondary Education<\/title>\n<meta name=\"robots\" content=\"index, follow, max-snippet:-1, max-image-preview:large, max-video-preview:-1\" \/>\n<link rel=\"canonical\" href=\"https:\/\/aqeips.org\/en\/bursary-program\/winners\/bursary-program-2019\/\" \/>\n<meta property=\"og:locale\" content=\"en_US\" \/>\n<meta property=\"og:type\" content=\"article\" \/>\n<meta property=\"og:title\" content=\"Bursary Program 2019 - Quebec Association for Equity and Inclusion in Post-Secondary Education\" \/>\n<meta property=\"og:description\" content=\"The AQEIPS would like to congratulate the winners of our 2019 bursary program. We thank all the students who participated in this year\u2019s program. This program would not be possible without the generous donations of our sponsors, who helped us\" \/>\n<meta property=\"og:url\" content=\"https:\/\/aqeips.org\/en\/bursary-program\/winners\/bursary-program-2019\/\" \/>\n<meta property=\"og:site_name\" content=\"Quebec Association for Equity and Inclusion in Post-Secondary Education\" \/>\n<meta property=\"article:publisher\" content=\"https:\/\/fr-ca.facebook.com\/aqeips\/\" \/>\n<meta property=\"article:modified_time\" content=\"2024-06-11T14:45:48+00:00\" \/>\n<meta property=\"og:image\" content=\"https:\/\/aqeips.org\/wp-content\/uploads\/2024\/06\/2019-1800x1013.png\" \/>\n\t<meta property=\"og:image:width\" content=\"1800\" \/>\n\t<meta property=\"og:image:height\" content=\"1013\" \/>\n\t<meta property=\"og:image:type\" content=\"image\/png\" \/>\n<meta name=\"twitter:card\" content=\"summary_large_image\" \/>\n<meta name=\"twitter:site\" content=\"@aqeips\" \/>\n<meta name=\"twitter:label1\" content=\"Est. reading time\" \/>\n\t<meta name=\"twitter:data1\" content=\"3 minutes\" \/>\n<script type=\"application\/ld+json\" class=\"yoast-schema-graph\">{\"@context\":\"https:\/\/schema.org\",\"@graph\":[{\"@type\":\"WebPage\",\"@id\":\"https:\/\/aqeips.org\/en\/bursary-program\/winners\/bursary-program-2019\/\",\"url\":\"https:\/\/aqeips.org\/en\/bursary-program\/winners\/bursary-program-2019\/\",\"name\":\"Bursary Program 2019 - Quebec Association for Equity and Inclusion in Post-Secondary Education\",\"isPartOf\":{\"@id\":\"https:\/\/aqeips.org\/#website\"},\"primaryImageOfPage\":{\"@id\":\"https:\/\/aqeips.org\/en\/bursary-program\/winners\/bursary-program-2019\/#primaryimage\"},\"image\":{\"@id\":\"https:\/\/aqeips.org\/en\/bursary-program\/winners\/bursary-program-2019\/#primaryimage\"},\"thumbnailUrl\":\"https:\/\/aqeips.org\/wp-content\/uploads\/2025\/10\/2019_Site_Web_Recipiendaires.png\",\"datePublished\":\"2023-10-18T19:30:08+00:00\",\"dateModified\":\"2024-06-11T14:45:48+00:00\",\"breadcrumb\":{\"@id\":\"https:\/\/aqeips.org\/en\/bursary-program\/winners\/bursary-program-2019\/#breadcrumb\"},\"inLanguage\":\"en-US\",\"potentialAction\":[{\"@type\":\"ReadAction\",\"target\":[\"https:\/\/aqeips.org\/en\/bursary-program\/winners\/bursary-program-2019\/\"]}]},{\"@type\":\"ImageObject\",\"inLanguage\":\"en-US\",\"@id\":\"https:\/\/aqeips.org\/en\/bursary-program\/winners\/bursary-program-2019\/#primaryimage\",\"url\":\"https:\/\/aqeips.org\/wp-content\/uploads\/2025\/10\/2019_Site_Web_Recipiendaires.png\",\"contentUrl\":\"https:\/\/aqeips.org\/wp-content\/uploads\/2025\/10\/2019_Site_Web_Recipiendaires.png\",\"width\":2240,\"height\":1260},{\"@type\":\"BreadcrumbList\",\"@id\":\"https:\/\/aqeips.org\/en\/bursary-program\/winners\/bursary-program-2019\/#breadcrumb\",\"itemListElement\":[{\"@type\":\"ListItem\",\"position\":1,\"name\":\"Accueil\",\"item\":\"https:\/\/aqeips.org\/?lang=en\"},{\"@type\":\"ListItem\",\"position\":2,\"name\":\"Bursary program\",\"item\":\"https:\/\/aqeips.org\/en\/bursary-program\/\"},{\"@type\":\"ListItem\",\"position\":3,\"name\":\"Bursary recipients\",\"item\":\"https:\/\/aqeips.org\/en\/bursary-program\/winners\/\"},{\"@type\":\"ListItem\",\"position\":4,\"name\":\"Bursary Program 2019\"}]},{\"@type\":\"WebSite\",\"@id\":\"https:\/\/aqeips.org\/#website\",\"url\":\"https:\/\/aqeips.org\/\",\"name\":\"Quebec Association for Equity and Inclusion in Post-Secondary Education\",\"description\":\"AQEIPS\",\"publisher\":{\"@id\":\"https:\/\/aqeips.org\/#organization\"},\"potentialAction\":[{\"@type\":\"SearchAction\",\"target\":{\"@type\":\"EntryPoint\",\"urlTemplate\":\"https:\/\/aqeips.org\/?s={search_term_string}\"},\"query-input\":{\"@type\":\"PropertyValueSpecification\",\"valueRequired\":true,\"valueName\":\"search_term_string\"}}],\"inLanguage\":\"en-US\"},{\"@type\":\"Organization\",\"@id\":\"https:\/\/aqeips.org\/#organization\",\"name\":\"L\u2019Association qu\u00e9b\u00e9coise pour l\u2019\u00e9quit\u00e9 et l\u2019inclusion au postsecondaire\",\"alternateName\":\"AQEIPS\",\"url\":\"https:\/\/aqeips.org\/\",\"logo\":{\"@type\":\"ImageObject\",\"inLanguage\":\"en-US\",\"@id\":\"https:\/\/aqeips.org\/#\/schema\/logo\/image\/\",\"url\":\"https:\/\/aqeips.org\/wp-content\/uploads\/2023\/10\/Logo-de-lentite-AQEIPS.jpg\",\"contentUrl\":\"https:\/\/aqeips.org\/wp-content\/uploads\/2023\/10\/Logo-de-lentite-AQEIPS.jpg\",\"width\":696,\"height\":696,\"caption\":\"L\u2019Association qu\u00e9b\u00e9coise pour l\u2019\u00e9quit\u00e9 et l\u2019inclusion au postsecondaire\"},\"image\":{\"@id\":\"https:\/\/aqeips.org\/#\/schema\/logo\/image\/\"},\"sameAs\":[\"https:\/\/fr-ca.facebook.com\/aqeips\/\",\"https:\/\/x.com\/aqeips\",\"https:\/\/www.linkedin.com\/company\/aqeips---association-qu\u00e9b\u00e9coise-des-\u00e9tudiants-ayant-des-incapacit\u00e9s-au-postsecondaire\/?originalSubdomain=ca\",\"https:\/\/www.youtube.com\/channel\/UCFvl0P7dBP9jUPL89k-xXIg\"]}]}<\/script>\n<!-- \/ Yoast SEO plugin. -->","yoast_head_json":{"title":"Bursary Program 2019 - Quebec Association for Equity and Inclusion in Post-Secondary Education","robots":{"index":"index","follow":"follow","max-snippet":"max-snippet:-1","max-image-preview":"max-image-preview:large","max-video-preview":"max-video-preview:-1"},"canonical":"https:\/\/aqeips.org\/en\/bursary-program\/winners\/bursary-program-2019\/","og_locale":"en_US","og_type":"article","og_title":"Bursary Program 2019 - Quebec Association for Equity and Inclusion in Post-Secondary Education","og_description":"The AQEIPS would like to congratulate the winners of our 2019 bursary program. We thank all the students who participated in this year\u2019s program. This program would not be possible without the generous donations of our sponsors, who helped us","og_url":"https:\/\/aqeips.org\/en\/bursary-program\/winners\/bursary-program-2019\/","og_site_name":"Quebec Association for Equity and Inclusion in Post-Secondary Education","article_publisher":"https:\/\/fr-ca.facebook.com\/aqeips\/","article_modified_time":"2024-06-11T14:45:48+00:00","og_image":[{"width":1800,"height":1013,"url":"https:\/\/aqeips.org\/wp-content\/uploads\/2024\/06\/2019-1800x1013.png","type":"image\/png"}],"twitter_card":"summary_large_image","twitter_site":"@aqeips","twitter_misc":{"Est. reading time":"3 minutes"},"schema":{"@context":"https:\/\/schema.org","@graph":[{"@type":"WebPage","@id":"https:\/\/aqeips.org\/en\/bursary-program\/winners\/bursary-program-2019\/","url":"https:\/\/aqeips.org\/en\/bursary-program\/winners\/bursary-program-2019\/","name":"Bursary Program 2019 - Quebec Association for Equity and Inclusion in Post-Secondary Education","isPartOf":{"@id":"https:\/\/aqeips.org\/#website"},"primaryImageOfPage":{"@id":"https:\/\/aqeips.org\/en\/bursary-program\/winners\/bursary-program-2019\/#primaryimage"},"image":{"@id":"https:\/\/aqeips.org\/en\/bursary-program\/winners\/bursary-program-2019\/#primaryimage"},"thumbnailUrl":"https:\/\/aqeips.org\/wp-content\/uploads\/2025\/10\/2019_Site_Web_Recipiendaires.png","datePublished":"2023-10-18T19:30:08+00:00","dateModified":"2024-06-11T14:45:48+00:00","breadcrumb":{"@id":"https:\/\/aqeips.org\/en\/bursary-program\/winners\/bursary-program-2019\/#breadcrumb"},"inLanguage":"en-US","potentialAction":[{"@type":"ReadAction","target":["https:\/\/aqeips.org\/en\/bursary-program\/winners\/bursary-program-2019\/"]}]},{"@type":"ImageObject","inLanguage":"en-US","@id":"https:\/\/aqeips.org\/en\/bursary-program\/winners\/bursary-program-2019\/#primaryimage","url":"https:\/\/aqeips.org\/wp-content\/uploads\/2025\/10\/2019_Site_Web_Recipiendaires.png","contentUrl":"https:\/\/aqeips.org\/wp-content\/uploads\/2025\/10\/2019_Site_Web_Recipiendaires.png","width":2240,"height":1260},{"@type":"BreadcrumbList","@id":"https:\/\/aqeips.org\/en\/bursary-program\/winners\/bursary-program-2019\/#breadcrumb","itemListElement":[{"@type":"ListItem","position":1,"name":"Accueil","item":"https:\/\/aqeips.org\/?lang=en"},{"@type":"ListItem","position":2,"name":"Bursary program","item":"https:\/\/aqeips.org\/en\/bursary-program\/"},{"@type":"ListItem","position":3,"name":"Bursary recipients","item":"https:\/\/aqeips.org\/en\/bursary-program\/winners\/"},{"@type":"ListItem","position":4,"name":"Bursary Program 2019"}]},{"@type":"WebSite","@id":"https:\/\/aqeips.org\/#website","url":"https:\/\/aqeips.org\/","name":"Quebec Association for Equity and Inclusion in Post-Secondary Education","description":"AQEIPS","publisher":{"@id":"https:\/\/aqeips.org\/#organization"},"potentialAction":[{"@type":"SearchAction","target":{"@type":"EntryPoint","urlTemplate":"https:\/\/aqeips.org\/?s={search_term_string}"},"query-input":{"@type":"PropertyValueSpecification","valueRequired":true,"valueName":"search_term_string"}}],"inLanguage":"en-US"},{"@type":"Organization","@id":"https:\/\/aqeips.org\/#organization","name":"L\u2019Association qu\u00e9b\u00e9coise pour l\u2019\u00e9quit\u00e9 et l\u2019inclusion au postsecondaire","alternateName":"AQEIPS","url":"https:\/\/aqeips.org\/","logo":{"@type":"ImageObject","inLanguage":"en-US","@id":"https:\/\/aqeips.org\/#\/schema\/logo\/image\/","url":"https:\/\/aqeips.org\/wp-content\/uploads\/2023\/10\/Logo-de-lentite-AQEIPS.jpg","contentUrl":"https:\/\/aqeips.org\/wp-content\/uploads\/2023\/10\/Logo-de-lentite-AQEIPS.jpg","width":696,"height":696,"caption":"L\u2019Association qu\u00e9b\u00e9coise pour l\u2019\u00e9quit\u00e9 et l\u2019inclusion au postsecondaire"},"image":{"@id":"https:\/\/aqeips.org\/#\/schema\/logo\/image\/"},"sameAs":["https:\/\/fr-ca.facebook.com\/aqeips\/","https:\/\/x.com\/aqeips","https:\/\/www.linkedin.com\/company\/aqeips---association-qu\u00e9b\u00e9coise-des-\u00e9tudiants-ayant-des-incapacit\u00e9s-au-postsecondaire\/?originalSubdomain=ca","https:\/\/www.youtube.com\/channel\/UCFvl0P7dBP9jUPL89k-xXIg"]}]}},"_links":{"self":[{"href":"https:\/\/aqeips.org\/en\/wp-json\/wp\/v2\/pages\/1533","targetHints":{"allow":["GET"]}}],"collection":[{"href":"https:\/\/aqeips.org\/en\/wp-json\/wp\/v2\/pages"}],"about":[{"href":"https:\/\/aqeips.org\/en\/wp-json\/wp\/v2\/types\/page"}],"author":[{"embeddable":true,"href":"https:\/\/aqeips.org\/en\/wp-json\/wp\/v2\/users\/3"}],"replies":[{"embeddable":true,"href":"https:\/\/aqeips.org\/en\/wp-json\/wp\/v2\/comments?post=1533"}],"version-history":[{"count":8,"href":"https:\/\/aqeips.org\/en\/wp-json\/wp\/v2\/pages\/1533\/revisions"}],"predecessor-version":[{"id":3746,"href":"https:\/\/aqeips.org\/en\/wp-json\/wp\/v2\/pages\/1533\/revisions\/3746"}],"up":[{"embeddable":true,"href":"https:\/\/aqeips.org\/en\/wp-json\/wp\/v2\/pages\/1409"}],"wp:featuredmedia":[{"embeddable":true,"href":"https:\/\/aqeips.org\/en\/wp-json\/wp\/v2\/media\/7343"}],"wp:attachment":[{"href":"https:\/\/aqeips.org\/en\/wp-json\/wp\/v2\/media?parent=1533"}],"curies":[{"name":"wp","href":"https:\/\/api.w.org\/{rel}","templated":true}]}}