{"id":1531,"date":"2020-10-18T15:20:47","date_gmt":"2023-10-18T19:20:46","guid":{"rendered":"https:\/\/aqeips.org\/?page_id=1531"},"modified":"2024-06-11T10:45:10","modified_gmt":"2024-06-11T14:45:10","slug":"bursary-program-2020","status":"publish","type":"page","link":"https:\/\/aqeips.org\/en\/bursary-program\/winners\/bursary-program-2020\/","title":{"rendered":"Bursary Program 2020"},"content":{"rendered":"\n<p><strong>AQEIPS would like to congratulate the winners of our 2020 bursary program<\/strong><\/p>\n\n\n\n<p>We thank all the students who participated in this year\u2019s program. This program would not be possible without the generous donations of our sponsors, who helped us support post-secondary students with disabilities to achieve their goals.<\/p>\n\n\n\n<p>This year, we raised $4230, enabling AQEIPS to award four $1000 bursaries, one in each of the following categories: (1) professional diploma (DVS); (2) college; (3) university, undergraduate program; and (4) university, Master\u2019s and PhD programs. We wish to thank the jury for 2019-2020: <strong>Amanda Lane Papillon<\/strong>, Human Resources Officer \u2013 Diversity in employment (City of Montreal); <strong>Jessica Cacciatore<\/strong>, (Employment counsellor \u2013 Independent Living \u2013 Montreal); <strong>Marie-Jeanne Bernier<\/strong>, Coordinator of academic affairs (Quebec Student Union) (QSU); and <strong>Dr. Marjorie Vidal<\/strong>, Course lecturer, Faculty of Education (Universit\u00e9 de Montr\u00e9al) and member of the AQEIPS Board of Directors.<\/p>\n\n\n\n<p><strong>Together, we can make a difference!<\/strong><\/p>\n\n\n\n<h2 class=\"wp-block-heading has-text-align-center\">Recipients<\/h2>\n\n\n\n<hr class=\"wp-block-separator has-text-color has-gray-light-color has-alpha-channel-opacity has-gray-light-background-color has-background is-style-wide\"\/>\n\n\n\n<div style=\"height:2em\" aria-hidden=\"true\" class=\"wp-block-spacer\"><\/div>\n\n\n<div class=\"wp-bootstrap-blocks-row row wp-embed-aspect-16-9 wp-has-aspect-ratio\">\r\n\t\n\r\n<div class=\"col-12 col-sm-12 col-md-12 col-lg-6\">\r\n\t<div class=\"h-100\">\r\n\t\t\n\n<h3 class=\"wp-block-heading\">Nicolas V.<\/h3>\n\n\n\n<p><strong>Watch Nicolas\u2019s testimonial here!<\/strong><\/p>\n\n\n\n<figure class=\"wp-block-embed is-type-video is-provider-youtube wp-block-embed-youtube\"><div style=\"display: contents;\" >\n\n<div data-mode=\"normal\" data-oembed=\"1\" data-provider=\"youtube\" id=\"arve-youtube-cfcfl8p_fxw\" class=\"arve\">\n\t<div class=\"arve-inner\">\n\t\t<div style=\"aspect-ratio:500\/281\" class=\"arve-embed arve-embed--has-aspect-ratio\">\n\t\t\t<div class=\"arve-ar\" style=\"padding-top:56.200000%\"><\/div>\n\t\t\t<iframe allow=\"accelerometer &apos;none&apos;;autoplay &apos;none&apos;;bluetooth &apos;none&apos;;browsing-topics &apos;none&apos;;camera &apos;none&apos;;clipboard-read &apos;none&apos;;clipboard-write;display-capture &apos;none&apos;;encrypted-media &apos;none&apos;;gamepad &apos;none&apos;;geolocation &apos;none&apos;;gyroscope &apos;none&apos;;hid &apos;none&apos;;identity-credentials-get &apos;none&apos;;idle-detection &apos;none&apos;;keyboard-map &apos;none&apos;;local-fonts;magnetometer &apos;none&apos;;microphone &apos;none&apos;;midi &apos;none&apos;;otp-credentials &apos;none&apos;;payment &apos;none&apos;;picture-in-picture;publickey-credentials-create &apos;none&apos;;publickey-credentials-get &apos;none&apos;;screen-wake-lock &apos;none&apos;;serial &apos;none&apos;;summarizer &apos;none&apos;;sync-xhr;usb &apos;none&apos;;web-share;window-management &apos;none&apos;;xr-spatial-tracking &apos;none&apos;;\" allowfullscreen=\"\" class=\"arve-iframe fitvidsignore\" credentialless data-arve=\"arve-youtube-cfcfl8p_fxw\" data-lenis-prevent=\"\" data-src-no-ap=\"https:\/\/www.youtube-nocookie.com\/embed\/CFcFl8p_fXw?feature=oembed&amp;iv_load_policy=3&amp;modestbranding=1&amp;rel=0&amp;autohide=1&amp;playsinline=0&amp;autoplay=0\" frameborder=\"0\" height=\"0\" loading=\"lazy\" name=\"\" referrerpolicy=\"strict-origin-when-cross-origin\" sandbox=\"allow-scripts allow-same-origin allow-presentation allow-popups allow-popups-to-escape-sandbox\" scrolling=\"no\" src=\"https:\/\/www.youtube-nocookie.com\/embed\/CFcFl8p_fXw?feature=oembed&#038;iv_load_policy=3&#038;modestbranding=1&#038;rel=0&#038;autohide=1&#038;playsinline=0&#038;autoplay=0\" title=\"\" width=\"0\"><\/iframe>\n\t\t\t\n\t\t<\/div>\n\t\t\n\t<\/div>\n\t\n\t\n\t<script type=\"application\/ld+json\">{\"@context\":\"http:\\\/\\\/schema.org\\\/\",\"@id\":\"https:\\\/\\\/aqeips.org\\\/en\\\/bursary-program\\\/winners\\\/bursary-program-2020\\\/#arve-youtube-cfcfl8p_fxw\",\"type\":\"VideoObject\",\"embedURL\":\"https:\\\/\\\/www.youtube-nocookie.com\\\/embed\\\/CFcFl8p_fXw?feature=oembed&iv_load_policy=3&modestbranding=1&rel=0&autohide=1&playsinline=0&autoplay=0\"}<\/script>\n\t\n<\/div>\n<\/div><\/figure>\n\n\n\n<p><strong>DVS in Secretarial Studies<\/strong><\/p>\n\n\n\n<p><strong>Centre r\u00e9gional de formation \u00e0 distance du Grand Montr\u00e9al<\/strong><\/p>\n\n\n\n<hr class=\"wp-block-separator has-text-color has-gray-lighter-color has-alpha-channel-opacity has-gray-lighter-background-color has-background is-style-wide\"\/>\n\n\n\n<div style=\"height:2em\" aria-hidden=\"true\" class=\"wp-block-spacer\"><\/div>\n\n\t<\/div>\r\n<\/div>\r\n\n\n\r\n<div class=\"col-12 col-sm-12 col-md-12 col-lg-6\">\r\n\t<div class=\"h-100\">\r\n\t\t\n\n<h3 class=\"wp-block-heading has-text-align-left\">Kevin M.<\/h3>\n\n\n\n<p class=\"has-text-align-left\"><strong>Watch Kevin\u2019s testimonial here!<\/strong><\/p>\n\n\n\n<figure class=\"wp-block-embed is-type-video is-provider-youtube wp-block-embed-youtube\"><div style=\"display: contents;\" >\n\n<div data-mode=\"normal\" data-oembed=\"1\" data-provider=\"youtube\" id=\"arve-youtube-bdghfxkzeru\" class=\"arve\">\n\t<div class=\"arve-inner\">\n\t\t<div style=\"aspect-ratio:500\/281\" class=\"arve-embed arve-embed--has-aspect-ratio\">\n\t\t\t<div class=\"arve-ar\" style=\"padding-top:56.200000%\"><\/div>\n\t\t\t<iframe allow=\"accelerometer &apos;none&apos;;autoplay &apos;none&apos;;bluetooth &apos;none&apos;;browsing-topics &apos;none&apos;;camera &apos;none&apos;;clipboard-read &apos;none&apos;;clipboard-write;display-capture &apos;none&apos;;encrypted-media &apos;none&apos;;gamepad &apos;none&apos;;geolocation &apos;none&apos;;gyroscope &apos;none&apos;;hid &apos;none&apos;;identity-credentials-get &apos;none&apos;;idle-detection &apos;none&apos;;keyboard-map &apos;none&apos;;local-fonts;magnetometer &apos;none&apos;;microphone &apos;none&apos;;midi &apos;none&apos;;otp-credentials &apos;none&apos;;payment &apos;none&apos;;picture-in-picture;publickey-credentials-create &apos;none&apos;;publickey-credentials-get &apos;none&apos;;screen-wake-lock &apos;none&apos;;serial &apos;none&apos;;summarizer &apos;none&apos;;sync-xhr;usb &apos;none&apos;;web-share;window-management &apos;none&apos;;xr-spatial-tracking &apos;none&apos;;\" allowfullscreen=\"\" class=\"arve-iframe fitvidsignore\" credentialless data-arve=\"arve-youtube-bdghfxkzeru\" data-lenis-prevent=\"\" data-src-no-ap=\"https:\/\/www.youtube-nocookie.com\/embed\/bdgHfXkzeRU?feature=oembed&amp;iv_load_policy=3&amp;modestbranding=1&amp;rel=0&amp;autohide=1&amp;playsinline=0&amp;autoplay=0\" frameborder=\"0\" height=\"0\" loading=\"lazy\" name=\"\" referrerpolicy=\"strict-origin-when-cross-origin\" sandbox=\"allow-scripts allow-same-origin allow-presentation allow-popups allow-popups-to-escape-sandbox\" scrolling=\"no\" src=\"https:\/\/www.youtube-nocookie.com\/embed\/bdgHfXkzeRU?feature=oembed&#038;iv_load_policy=3&#038;modestbranding=1&#038;rel=0&#038;autohide=1&#038;playsinline=0&#038;autoplay=0\" title=\"\" width=\"0\"><\/iframe>\n\t\t\t\n\t\t<\/div>\n\t\t\n\t<\/div>\n\t\n\t\n\t<script type=\"application\/ld+json\">{\"@context\":\"http:\\\/\\\/schema.org\\\/\",\"@id\":\"https:\\\/\\\/aqeips.org\\\/en\\\/bursary-program\\\/winners\\\/bursary-program-2020\\\/#arve-youtube-bdghfxkzeru\",\"type\":\"VideoObject\",\"embedURL\":\"https:\\\/\\\/www.youtube-nocookie.com\\\/embed\\\/bdgHfXkzeRU?feature=oembed&iv_load_policy=3&modestbranding=1&rel=0&autohide=1&playsinline=0&autoplay=0\"}<\/script>\n\t\n<\/div>\n<\/div><\/figure>\n\n\n\n<p class=\"has-text-align-left\"><strong>DCS in Social Studies<\/strong><\/p>\n\n\n\n<p class=\"has-text-align-left\"><strong>C\u00e9gep r\u00e9gional de Lanaudi\u00e8re, Terrebonne<\/strong><\/p>\n\n\n\n<hr class=\"wp-block-separator has-text-color has-gray-lighter-color has-alpha-channel-opacity has-gray-lighter-background-color has-background is-style-wide\"\/>\n\n\n\n<div style=\"height:2em\" aria-hidden=\"true\" class=\"wp-block-spacer\"><\/div>\n\n\t<\/div>\r\n<\/div>\r\n\n\n\r\n<div class=\"col-12 col-sm-12 col-md-12 col-lg-6\">\r\n\t<div class=\"h-100\">\r\n\t\t\n\n<h3 class=\"wp-block-heading\">Zar\u00e9ma B.<\/h3>\n\n\n\n<p><strong>Watch Zar\u00e9ma\u2019s testimonial here!<\/strong><\/p>\n\n\n\n<figure class=\"wp-block-embed is-type-video is-provider-youtube wp-block-embed-youtube\"><div style=\"display: contents;\" >\n\n<div data-mode=\"normal\" data-oembed=\"1\" data-provider=\"youtube\" id=\"arve-youtube-pk2dzos9fzo\" class=\"arve\">\n\t<div class=\"arve-inner\">\n\t\t<div style=\"aspect-ratio:4\/3\" class=\"arve-embed arve-embed--has-aspect-ratio\">\n\t\t\t<div class=\"arve-ar\" style=\"padding-top:75.000000%\"><\/div>\n\t\t\t<iframe allow=\"accelerometer &apos;none&apos;;autoplay &apos;none&apos;;bluetooth &apos;none&apos;;browsing-topics &apos;none&apos;;camera &apos;none&apos;;clipboard-read &apos;none&apos;;clipboard-write;display-capture &apos;none&apos;;encrypted-media &apos;none&apos;;gamepad &apos;none&apos;;geolocation &apos;none&apos;;gyroscope &apos;none&apos;;hid &apos;none&apos;;identity-credentials-get &apos;none&apos;;idle-detection &apos;none&apos;;keyboard-map &apos;none&apos;;local-fonts;magnetometer &apos;none&apos;;microphone &apos;none&apos;;midi &apos;none&apos;;otp-credentials &apos;none&apos;;payment &apos;none&apos;;picture-in-picture;publickey-credentials-create &apos;none&apos;;publickey-credentials-get &apos;none&apos;;screen-wake-lock &apos;none&apos;;serial &apos;none&apos;;summarizer &apos;none&apos;;sync-xhr;usb &apos;none&apos;;web-share;window-management &apos;none&apos;;xr-spatial-tracking &apos;none&apos;;\" allowfullscreen=\"\" class=\"arve-iframe fitvidsignore\" credentialless data-arve=\"arve-youtube-pk2dzos9fzo\" data-lenis-prevent=\"\" data-src-no-ap=\"https:\/\/www.youtube-nocookie.com\/embed\/pK2dzOs9Fzo?feature=oembed&amp;iv_load_policy=3&amp;modestbranding=1&amp;rel=0&amp;autohide=1&amp;playsinline=0&amp;autoplay=0\" frameborder=\"0\" height=\"0\" loading=\"lazy\" name=\"\" referrerpolicy=\"strict-origin-when-cross-origin\" sandbox=\"allow-scripts allow-same-origin allow-presentation allow-popups allow-popups-to-escape-sandbox\" scrolling=\"no\" src=\"https:\/\/www.youtube-nocookie.com\/embed\/pK2dzOs9Fzo?feature=oembed&#038;iv_load_policy=3&#038;modestbranding=1&#038;rel=0&#038;autohide=1&#038;playsinline=0&#038;autoplay=0\" title=\"\" width=\"0\"><\/iframe>\n\t\t\t\n\t\t<\/div>\n\t\t\n\t<\/div>\n\t\n\t\n\t<script type=\"application\/ld+json\">{\"@context\":\"http:\\\/\\\/schema.org\\\/\",\"@id\":\"https:\\\/\\\/aqeips.org\\\/en\\\/bursary-program\\\/winners\\\/bursary-program-2020\\\/#arve-youtube-pk2dzos9fzo\",\"type\":\"VideoObject\",\"embedURL\":\"https:\\\/\\\/www.youtube-nocookie.com\\\/embed\\\/pK2dzOs9Fzo?feature=oembed&iv_load_policy=3&modestbranding=1&rel=0&autohide=1&playsinline=0&autoplay=0\"}<\/script>\n\t\n<\/div>\n<\/div><\/figure>\n\n\n\n<p><strong>Bachelor\u2019s degree in Social Work<\/strong><\/p>\n\n\n\n<p><strong>McGill University, Montreal<\/strong><\/p>\n\n\n\n<hr class=\"wp-block-separator has-text-color has-gray-lighter-color has-alpha-channel-opacity has-gray-lighter-background-color has-background is-style-wide\"\/>\n\n\n\n<div style=\"height:2em\" aria-hidden=\"true\" class=\"wp-block-spacer\"><\/div>\n\n\t<\/div>\r\n<\/div>\r\n\n\n\r\n<div class=\"col-12 col-sm-12 col-md-12 col-lg-6\">\r\n\t<div class=\"h-100\">\r\n\t\t\n\n<h3 class=\"wp-block-heading has-text-align-left\">Marie-\u00c8ve R.-M.<\/h3>\n\n\n\n<p class=\"has-text-align-left\"><strong>Master\u2019s degree in Industrial Relations<\/strong><\/p>\n\n\n\n<p class=\"has-text-align-left\"><strong>Universit\u00e9 Laval, Quebec City<\/strong><\/p>\n\n\n\n<hr class=\"wp-block-separator has-text-color has-gray-lighter-color has-alpha-channel-opacity has-gray-lighter-background-color has-background is-style-wide\"\/>\n\n\n\n<div style=\"height:2em\" aria-hidden=\"true\" class=\"wp-block-spacer\"><\/div>\n\n\t<\/div>\r\n<\/div>\r\n\n<\/div>\r\n","protected":false},"excerpt":{"rendered":"<p>AQEIPS would like to congratulate the winners of our 2020 bursary program We thank all the students who participated in this year\u2019s program. This program would not be possible without the generous donations of our sponsors, who helped us support...<br \/><a href=\"https:\/\/aqeips.org\/en\/bursary-program\/winners\/bursary-program-2020\/\" class=\"read-more\">Read more <span class=\"sr-only\">about Bursary Program 2020<\/span><\/a><\/p>","protected":false},"author":3,"featured_media":7345,"parent":1409,"menu_order":7,"comment_status":"closed","ping_status":"closed","template":"templates\/side-nav.php","meta":{"_acf_changed":false,"footnotes":""},"class_list":["post-1531","page","type-page","status-publish","has-post-thumbnail","hentry"],"acf":[],"yoast_head":"<!-- This site is optimized with the Yoast SEO plugin v27.1.1 - https:\/\/yoast.com\/product\/yoast-seo-wordpress\/ -->\n<title>Bursary Program 2020 - Quebec Association for Equity and Inclusion in Post-Secondary Education<\/title>\n<meta name=\"robots\" content=\"index, follow, max-snippet:-1, max-image-preview:large, max-video-preview:-1\" \/>\n<link rel=\"canonical\" href=\"https:\/\/aqeips.org\/en\/bursary-program\/winners\/bursary-program-2020\/\" \/>\n<meta property=\"og:locale\" content=\"en_US\" \/>\n<meta property=\"og:type\" content=\"article\" \/>\n<meta property=\"og:title\" content=\"Bursary Program 2020 - Quebec Association for Equity and Inclusion in Post-Secondary Education\" \/>\n<meta property=\"og:description\" content=\"AQEIPS would like to congratulate the winners of our 2020 bursary program We thank all the students who participated in this year\u2019s program. This program would not be possible without the generous donations of our sponsors, who helped us support\" \/>\n<meta property=\"og:url\" content=\"https:\/\/aqeips.org\/en\/bursary-program\/winners\/bursary-program-2020\/\" \/>\n<meta property=\"og:site_name\" content=\"Quebec Association for Equity and Inclusion in Post-Secondary Education\" \/>\n<meta property=\"article:publisher\" content=\"https:\/\/fr-ca.facebook.com\/aqeips\/\" \/>\n<meta property=\"article:modified_time\" content=\"2024-06-11T14:45:10+00:00\" \/>\n<meta property=\"og:image\" content=\"https:\/\/aqeips.org\/wp-content\/uploads\/2024\/06\/2020-1800x1013.png\" \/>\n\t<meta property=\"og:image:width\" content=\"1800\" \/>\n\t<meta property=\"og:image:height\" content=\"1013\" \/>\n\t<meta property=\"og:image:type\" content=\"image\/png\" \/>\n<meta name=\"twitter:card\" content=\"summary_large_image\" \/>\n<meta name=\"twitter:site\" content=\"@aqeips\" \/>\n<meta name=\"twitter:label1\" content=\"Est. reading time\" \/>\n\t<meta name=\"twitter:data1\" content=\"2 minutes\" \/>\n<script type=\"application\/ld+json\" class=\"yoast-schema-graph\">{\"@context\":\"https:\/\/schema.org\",\"@graph\":[{\"@type\":\"WebPage\",\"@id\":\"https:\/\/aqeips.org\/en\/bursary-program\/winners\/bursary-program-2020\/\",\"url\":\"https:\/\/aqeips.org\/en\/bursary-program\/winners\/bursary-program-2020\/\",\"name\":\"Bursary Program 2020 - Quebec Association for Equity and Inclusion in Post-Secondary Education\",\"isPartOf\":{\"@id\":\"https:\/\/aqeips.org\/#website\"},\"primaryImageOfPage\":{\"@id\":\"https:\/\/aqeips.org\/en\/bursary-program\/winners\/bursary-program-2020\/#primaryimage\"},\"image\":{\"@id\":\"https:\/\/aqeips.org\/en\/bursary-program\/winners\/bursary-program-2020\/#primaryimage\"},\"thumbnailUrl\":\"https:\/\/aqeips.org\/wp-content\/uploads\/2025\/10\/2020_Site_Web_Recipiendaires.png\",\"datePublished\":\"2023-10-18T19:20:46+00:00\",\"dateModified\":\"2024-06-11T14:45:10+00:00\",\"breadcrumb\":{\"@id\":\"https:\/\/aqeips.org\/en\/bursary-program\/winners\/bursary-program-2020\/#breadcrumb\"},\"inLanguage\":\"en-US\",\"potentialAction\":[{\"@type\":\"ReadAction\",\"target\":[\"https:\/\/aqeips.org\/en\/bursary-program\/winners\/bursary-program-2020\/\"]}]},{\"@type\":\"ImageObject\",\"inLanguage\":\"en-US\",\"@id\":\"https:\/\/aqeips.org\/en\/bursary-program\/winners\/bursary-program-2020\/#primaryimage\",\"url\":\"https:\/\/aqeips.org\/wp-content\/uploads\/2025\/10\/2020_Site_Web_Recipiendaires.png\",\"contentUrl\":\"https:\/\/aqeips.org\/wp-content\/uploads\/2025\/10\/2020_Site_Web_Recipiendaires.png\",\"width\":2240,\"height\":1260},{\"@type\":\"BreadcrumbList\",\"@id\":\"https:\/\/aqeips.org\/en\/bursary-program\/winners\/bursary-program-2020\/#breadcrumb\",\"itemListElement\":[{\"@type\":\"ListItem\",\"position\":1,\"name\":\"Accueil\",\"item\":\"https:\/\/aqeips.org\/?lang=en\"},{\"@type\":\"ListItem\",\"position\":2,\"name\":\"Bursary program\",\"item\":\"https:\/\/aqeips.org\/en\/bursary-program\/\"},{\"@type\":\"ListItem\",\"position\":3,\"name\":\"Bursary recipients\",\"item\":\"https:\/\/aqeips.org\/en\/bursary-program\/winners\/\"},{\"@type\":\"ListItem\",\"position\":4,\"name\":\"Bursary Program 2020\"}]},{\"@type\":\"WebSite\",\"@id\":\"https:\/\/aqeips.org\/#website\",\"url\":\"https:\/\/aqeips.org\/\",\"name\":\"Quebec Association for Equity and Inclusion in Post-Secondary Education\",\"description\":\"AQEIPS\",\"publisher\":{\"@id\":\"https:\/\/aqeips.org\/#organization\"},\"potentialAction\":[{\"@type\":\"SearchAction\",\"target\":{\"@type\":\"EntryPoint\",\"urlTemplate\":\"https:\/\/aqeips.org\/?s={search_term_string}\"},\"query-input\":{\"@type\":\"PropertyValueSpecification\",\"valueRequired\":true,\"valueName\":\"search_term_string\"}}],\"inLanguage\":\"en-US\"},{\"@type\":\"Organization\",\"@id\":\"https:\/\/aqeips.org\/#organization\",\"name\":\"L\u2019Association qu\u00e9b\u00e9coise pour l\u2019\u00e9quit\u00e9 et l\u2019inclusion au postsecondaire\",\"alternateName\":\"AQEIPS\",\"url\":\"https:\/\/aqeips.org\/\",\"logo\":{\"@type\":\"ImageObject\",\"inLanguage\":\"en-US\",\"@id\":\"https:\/\/aqeips.org\/#\/schema\/logo\/image\/\",\"url\":\"https:\/\/aqeips.org\/wp-content\/uploads\/2023\/10\/Logo-de-lentite-AQEIPS.jpg\",\"contentUrl\":\"https:\/\/aqeips.org\/wp-content\/uploads\/2023\/10\/Logo-de-lentite-AQEIPS.jpg\",\"width\":696,\"height\":696,\"caption\":\"L\u2019Association qu\u00e9b\u00e9coise pour l\u2019\u00e9quit\u00e9 et l\u2019inclusion au postsecondaire\"},\"image\":{\"@id\":\"https:\/\/aqeips.org\/#\/schema\/logo\/image\/\"},\"sameAs\":[\"https:\/\/fr-ca.facebook.com\/aqeips\/\",\"https:\/\/x.com\/aqeips\",\"https:\/\/www.linkedin.com\/company\/aqeips---association-qu\u00e9b\u00e9coise-des-\u00e9tudiants-ayant-des-incapacit\u00e9s-au-postsecondaire\/?originalSubdomain=ca\",\"https:\/\/www.youtube.com\/channel\/UCFvl0P7dBP9jUPL89k-xXIg\"]}]}<\/script>\n<!-- \/ Yoast SEO plugin. -->","yoast_head_json":{"title":"Bursary Program 2020 - Quebec Association for Equity and Inclusion in Post-Secondary Education","robots":{"index":"index","follow":"follow","max-snippet":"max-snippet:-1","max-image-preview":"max-image-preview:large","max-video-preview":"max-video-preview:-1"},"canonical":"https:\/\/aqeips.org\/en\/bursary-program\/winners\/bursary-program-2020\/","og_locale":"en_US","og_type":"article","og_title":"Bursary Program 2020 - Quebec Association for Equity and Inclusion in Post-Secondary Education","og_description":"AQEIPS would like to congratulate the winners of our 2020 bursary program We thank all the students who participated in this year\u2019s program. This program would not be possible without the generous donations of our sponsors, who helped us support","og_url":"https:\/\/aqeips.org\/en\/bursary-program\/winners\/bursary-program-2020\/","og_site_name":"Quebec Association for Equity and Inclusion in Post-Secondary Education","article_publisher":"https:\/\/fr-ca.facebook.com\/aqeips\/","article_modified_time":"2024-06-11T14:45:10+00:00","og_image":[{"width":1800,"height":1013,"url":"https:\/\/aqeips.org\/wp-content\/uploads\/2024\/06\/2020-1800x1013.png","type":"image\/png"}],"twitter_card":"summary_large_image","twitter_site":"@aqeips","twitter_misc":{"Est. reading time":"2 minutes"},"schema":{"@context":"https:\/\/schema.org","@graph":[{"@type":"WebPage","@id":"https:\/\/aqeips.org\/en\/bursary-program\/winners\/bursary-program-2020\/","url":"https:\/\/aqeips.org\/en\/bursary-program\/winners\/bursary-program-2020\/","name":"Bursary Program 2020 - Quebec Association for Equity and Inclusion in Post-Secondary Education","isPartOf":{"@id":"https:\/\/aqeips.org\/#website"},"primaryImageOfPage":{"@id":"https:\/\/aqeips.org\/en\/bursary-program\/winners\/bursary-program-2020\/#primaryimage"},"image":{"@id":"https:\/\/aqeips.org\/en\/bursary-program\/winners\/bursary-program-2020\/#primaryimage"},"thumbnailUrl":"https:\/\/aqeips.org\/wp-content\/uploads\/2025\/10\/2020_Site_Web_Recipiendaires.png","datePublished":"2023-10-18T19:20:46+00:00","dateModified":"2024-06-11T14:45:10+00:00","breadcrumb":{"@id":"https:\/\/aqeips.org\/en\/bursary-program\/winners\/bursary-program-2020\/#breadcrumb"},"inLanguage":"en-US","potentialAction":[{"@type":"ReadAction","target":["https:\/\/aqeips.org\/en\/bursary-program\/winners\/bursary-program-2020\/"]}]},{"@type":"ImageObject","inLanguage":"en-US","@id":"https:\/\/aqeips.org\/en\/bursary-program\/winners\/bursary-program-2020\/#primaryimage","url":"https:\/\/aqeips.org\/wp-content\/uploads\/2025\/10\/2020_Site_Web_Recipiendaires.png","contentUrl":"https:\/\/aqeips.org\/wp-content\/uploads\/2025\/10\/2020_Site_Web_Recipiendaires.png","width":2240,"height":1260},{"@type":"BreadcrumbList","@id":"https:\/\/aqeips.org\/en\/bursary-program\/winners\/bursary-program-2020\/#breadcrumb","itemListElement":[{"@type":"ListItem","position":1,"name":"Accueil","item":"https:\/\/aqeips.org\/?lang=en"},{"@type":"ListItem","position":2,"name":"Bursary program","item":"https:\/\/aqeips.org\/en\/bursary-program\/"},{"@type":"ListItem","position":3,"name":"Bursary recipients","item":"https:\/\/aqeips.org\/en\/bursary-program\/winners\/"},{"@type":"ListItem","position":4,"name":"Bursary Program 2020"}]},{"@type":"WebSite","@id":"https:\/\/aqeips.org\/#website","url":"https:\/\/aqeips.org\/","name":"Quebec Association for Equity and Inclusion in Post-Secondary Education","description":"AQEIPS","publisher":{"@id":"https:\/\/aqeips.org\/#organization"},"potentialAction":[{"@type":"SearchAction","target":{"@type":"EntryPoint","urlTemplate":"https:\/\/aqeips.org\/?s={search_term_string}"},"query-input":{"@type":"PropertyValueSpecification","valueRequired":true,"valueName":"search_term_string"}}],"inLanguage":"en-US"},{"@type":"Organization","@id":"https:\/\/aqeips.org\/#organization","name":"L\u2019Association qu\u00e9b\u00e9coise pour l\u2019\u00e9quit\u00e9 et l\u2019inclusion au postsecondaire","alternateName":"AQEIPS","url":"https:\/\/aqeips.org\/","logo":{"@type":"ImageObject","inLanguage":"en-US","@id":"https:\/\/aqeips.org\/#\/schema\/logo\/image\/","url":"https:\/\/aqeips.org\/wp-content\/uploads\/2023\/10\/Logo-de-lentite-AQEIPS.jpg","contentUrl":"https:\/\/aqeips.org\/wp-content\/uploads\/2023\/10\/Logo-de-lentite-AQEIPS.jpg","width":696,"height":696,"caption":"L\u2019Association qu\u00e9b\u00e9coise pour l\u2019\u00e9quit\u00e9 et l\u2019inclusion au postsecondaire"},"image":{"@id":"https:\/\/aqeips.org\/#\/schema\/logo\/image\/"},"sameAs":["https:\/\/fr-ca.facebook.com\/aqeips\/","https:\/\/x.com\/aqeips","https:\/\/www.linkedin.com\/company\/aqeips---association-qu\u00e9b\u00e9coise-des-\u00e9tudiants-ayant-des-incapacit\u00e9s-au-postsecondaire\/?originalSubdomain=ca","https:\/\/www.youtube.com\/channel\/UCFvl0P7dBP9jUPL89k-xXIg"]}]}},"_links":{"self":[{"href":"https:\/\/aqeips.org\/en\/wp-json\/wp\/v2\/pages\/1531","targetHints":{"allow":["GET"]}}],"collection":[{"href":"https:\/\/aqeips.org\/en\/wp-json\/wp\/v2\/pages"}],"about":[{"href":"https:\/\/aqeips.org\/en\/wp-json\/wp\/v2\/types\/page"}],"author":[{"embeddable":true,"href":"https:\/\/aqeips.org\/en\/wp-json\/wp\/v2\/users\/3"}],"replies":[{"embeddable":true,"href":"https:\/\/aqeips.org\/en\/wp-json\/wp\/v2\/comments?post=1531"}],"version-history":[{"count":5,"href":"https:\/\/aqeips.org\/en\/wp-json\/wp\/v2\/pages\/1531\/revisions"}],"predecessor-version":[{"id":3745,"href":"https:\/\/aqeips.org\/en\/wp-json\/wp\/v2\/pages\/1531\/revisions\/3745"}],"up":[{"embeddable":true,"href":"https:\/\/aqeips.org\/en\/wp-json\/wp\/v2\/pages\/1409"}],"wp:featuredmedia":[{"embeddable":true,"href":"https:\/\/aqeips.org\/en\/wp-json\/wp\/v2\/media\/7345"}],"wp:attachment":[{"href":"https:\/\/aqeips.org\/en\/wp-json\/wp\/v2\/media?parent=1531"}],"curies":[{"name":"wp","href":"https:\/\/api.w.org\/{rel}","templated":true}]}}