{"id":1476,"date":"2020-10-18T12:02:47","date_gmt":"2023-10-18T16:02:47","guid":{"rendered":"https:\/\/aqeips.org\/?page_id=1476"},"modified":"2023-10-18T12:25:01","modified_gmt":"2023-10-18T16:25:01","slug":"march-2020-project-update","status":"publish","type":"page","link":"https:\/\/aqeips.org\/en\/projects\/completed-projects\/mcwd\/march-2020-project-update\/","title":{"rendered":"March 2020 Project Update"},"content":{"rendered":"\n<p class=\"has-text-align-center\"><strong>Supporting Mid-Career Workers with Disabilities<\/strong><\/p>\n\n\n\n<p class=\"has-text-align-center\"><strong>through Community-building, Education, and Career-Progression Resources (MCWD) Project<\/strong><\/p>\n\n\n\n<p class=\"has-text-align-center\"><strong>Update \u2013 March 2020<\/strong><\/p>\n\n\n\n<div style=\"height:2em\" aria-hidden=\"true\" class=\"wp-block-spacer\"><\/div>\n\n\n\n<h2 class=\"wp-block-heading\">MCWD Project Background Information<\/h2>\n\n\n\n<h3 class=\"wp-block-heading\">The Challenge<\/h3>\n\n\n\n<p>Today\u2019s changing labour market necessitates that all workers constantly adopt new roles and therefore, readily adapt in their careers. Yet to achieve such an adaptation requires a skill set that imbues an individual with career adaptive responses \u2013 i.e., the ability to see the need and know the tools needed for self-managing their career in the context of labour market volatility and changes.<\/p>\n\n\n\n<p>While undoubtedly challenging for any worker, this presents a compounding difficulty for workers with disabilities, particularly those in their mid-career. Mid-career and other workers with disabilities are faced with challenges that include underemployment and unemployment, limited opportunities and access to post-secondary education, negative attitudes and discrimination in the workplace, and displacement due to labour market conditions. Yet a dearth of tools and resources exist to support mid-career workers with disabilities (MCWD), necessitating tailored interventions to potentiate career adaptability and successful career navigation in today\u2019s labour market.<\/p>\n\n\n\n<h3 class=\"wp-block-heading\">What is Career Adaptability?<\/h3>\n\n\n\n<p>Career adaptability can be thought of as a set of attitudes, behaviours, and competencies that individuals use in fitting themselves to work that suits them. Research evidence demonstrates a strong relationship between developing career adaptability and positive career and employment outcomes (e.g., obtaining employment, career\/job\/life satisfaction).<\/p>\n\n\n\n<p>Career adaptability can be conceptualized as consisting of four key dimensions: concern (planning, being planful), control (decision-making, being decisive), curiosity (exploring, being inquisitive), and confidence (problem solving, being efficacious). Each of these dimensions is associated with career adaptive responses \u2013 a set of adaptive behaviours, beliefs, and barriers to deal with career development tasks and changes in work and career conditions. Together these skills make up an individual\u2019s career adaptive responsiveness.<\/p>\n\n\n\n<h3 class=\"wp-block-heading\">Project Overview<\/h3>\n\n\n\n<p>The Supporting&nbsp;Mid-Career&nbsp;Workers&nbsp;with&nbsp;Disabilities&nbsp;through&nbsp;Community-building,&nbsp;Education, and&nbsp;Career-Progression&nbsp;Resources (MCWD) project&nbsp;is&nbsp;funded&nbsp;by the&nbsp;Government&nbsp;of&nbsp;Canada\u2019s&nbsp;Future&nbsp;Skills&nbsp;Centre. It addresses career adaptability by targeting the adaptive response skills development needs of MCWD. Through fostering and strengthening career adaptability, the project aims to potentiate other work underway to ameliorate the barriers MCWD and other disability cohorts face in the Canadian labour market.<\/p>\n\n\n\n<p>The MCWD project consists of three phases over a two-year period that will assess MCWD needs and through a systematic development, implementation, and evaluation process, create tools and resources to develop and build upon the career adaptive response skills of MCWD.<\/p>\n\n\n\n<h4 class=\"wp-block-heading\">The objectives of the project are as follows:<\/h4>\n\n\n\n<ol class=\"wp-block-list\">\n<li>Gain insight into the experiences and needs of MCWD related to employment and career adaptability as well as, the perceptions of employers and disability organizations\/advocacy groups about tools and resources to support MCWD.<\/li>\n\n\n\n<li>Develop and launch tools and resources to support MCWD focusing in three areas: education-related services, virtual peer-to-peer networking and support, and employment-related career coaching and other resources.<\/li>\n\n\n\n<li>Conduct evaluations of user experiences with tools and resources developed and outline the impact of the interventions on the career adaptive responses of users.<\/li>\n<\/ol>\n\n\n\n<ol class=\"wp-block-list\" type=\"wp-embed\">\n<li>D\u00e9velopper et lancer des outils et des ressources pour soutenir les THMC en se concentrant sur trois secteurs : les services li\u00e9s \u00e0 l\u2019\u00e9ducation, le r\u00e9seautage et le soutien virtuel entre pairs et le coaching en mati\u00e8re d\u2019emploi et de carri\u00e8re et autres ressources.<\/li>\n\n\n\n<li>Effectuer des \u00e9valuations des exp\u00e9riences des utilisateurs avec les outils et les ressources d\u00e9velopp\u00e9s et d\u00e9crire l\u2019impact des interventions sur les r\u00e9ponses adaptives dans le cadre de la carri\u00e8re des utilisateurs.<\/li>\n<\/ol>\n\n\n\n<h3 class=\"wp-block-heading\">Progress Update<\/h3>\n\n\n\n<ul class=\"wp-block-list\">\n<li>The project is in Phase 1, which consists of gathering data and evaluating it to inform the development of tools and resources and more broadly, share insights with key stakeholders and the general public about MCWD\u2019s experiences in the Canadian labour market.<\/li>\n\n\n\n<li>Activities currently underway include:\n<ul class=\"wp-block-list\">\n<li>Conducting a scoping review to map out the literature relating to MCWD experience in the labour market;<\/li>\n\n\n\n<li>Completing a secondary data analysis of the 2017 Canadian Survey on Disability focusing on the MCWD cohort;<\/li>\n\n\n\n<li>Preparing and organizing for a cross-Canada stakeholder consultation involving an online survey for MCWD and focus groups with MCWD, employers, and advocacy and support organization.<\/li>\n<\/ul>\n<\/li>\n<\/ul>\n\n\n\n<h3 class=\"wp-block-heading\">What to Watch Out for Next?<\/h3>\n\n\n\n<p>In late March and early April, we will be launching our online survey and begin local consultations across Canada. If you think you might be interested in participating, be on the lookout of future announcements about the project.<\/p>\n\n\n\n<p>For more information on this initiative and the Future Skills Centre visit this website: <\/p>\n\n\n\n<p><a href=\"https:\/\/fsc-ccf.ca\/projects\/supporting-mid-career-workers-with-disabilities-through-community-building-education-and-career-progression-resources\/\">https:\/\/fsc-ccf.ca\/projects\/supporting-mid-career-workers-with-disabilities-through-community-building-education-and-career-progression-resources\/<\/a><\/p>\n\n\n\n<p><a href=\"https:\/\/aqeips.org\/projets\/projets-completes\/thmc\/annonce-du-projet-de-juillet-2019\/\">Lisez l\u2019annonce du projet de juillet 2019 ici\u2009!<\/a><\/p>\n\n\n\n<div class=\"wp-block-buttons is-content-justification-left is-layout-flex wp-container-core-buttons-is-layout-fdcfc74e wp-block-buttons-is-layout-flex\">\n<div class=\"wp-block-button\"><a class=\"wp-block-button__link wp-element-button\" href=\"https:\/\/aqeips.org\/projects\/projets-completes\/mcwd\/?lang=en\">Back to main page<\/a><\/div>\n<\/div>\n","protected":false},"excerpt":{"rendered":"<p>Supporting Mid-Career Workers with Disabilities through Community-building, Education, and Career-Progression Resources (MCWD) Project Update \u2013 March 2020 MCWD Project Background Information The Challenge Today\u2019s changing labour market necessitates that all workers constantly adopt new roles and therefore, readily adapt in...<br \/><a href=\"https:\/\/aqeips.org\/en\/projects\/completed-projects\/mcwd\/march-2020-project-update\/\" class=\"read-more\">Read more <span class=\"sr-only\">about March 2020 Project Update<\/span><\/a><\/p>","protected":false},"author":3,"featured_media":1340,"parent":1470,"menu_order":0,"comment_status":"closed","ping_status":"closed","template":"templates\/side-nav.php","meta":{"_acf_changed":false,"footnotes":""},"class_list":["post-1476","page","type-page","status-publish","has-post-thumbnail","hentry"],"acf":[],"yoast_head":"<!-- This site is optimized with the Yoast SEO plugin v27.1.1 - https:\/\/yoast.com\/product\/yoast-seo-wordpress\/ -->\n<title>March 2020 Project Update - Quebec Association for Equity and Inclusion in Post-Secondary Education<\/title>\n<meta name=\"robots\" content=\"index, follow, max-snippet:-1, max-image-preview:large, max-video-preview:-1\" \/>\n<link rel=\"canonical\" href=\"https:\/\/aqeips.org\/en\/projects\/completed-projects\/mcwd\/march-2020-project-update\/\" \/>\n<meta property=\"og:locale\" content=\"en_US\" \/>\n<meta property=\"og:type\" content=\"article\" \/>\n<meta property=\"og:title\" content=\"March 2020 Project Update - Quebec Association for Equity and Inclusion in Post-Secondary Education\" \/>\n<meta property=\"og:description\" content=\"Supporting Mid-Career Workers with Disabilities through Community-building, Education, and Career-Progression Resources (MCWD) Project Update \u2013 March 2020 MCWD Project Background Information The Challenge Today\u2019s changing labour market necessitates that all workers constantly adopt new roles and therefore, readily adapt in\" \/>\n<meta property=\"og:url\" content=\"https:\/\/aqeips.org\/en\/projects\/completed-projects\/mcwd\/march-2020-project-update\/\" \/>\n<meta property=\"og:site_name\" content=\"Quebec Association for Equity and Inclusion in Post-Secondary Education\" \/>\n<meta property=\"article:publisher\" content=\"https:\/\/fr-ca.facebook.com\/aqeips\/\" \/>\n<meta property=\"article:modified_time\" content=\"2023-10-18T16:25:01+00:00\" \/>\n<meta property=\"og:image\" content=\"https:\/\/aqeips.org\/wp-content\/uploads\/2021\/10\/cdc-unsplash.jpg\" \/>\n\t<meta property=\"og:image:width\" content=\"1920\" \/>\n\t<meta property=\"og:image:height\" content=\"1382\" \/>\n\t<meta property=\"og:image:type\" content=\"image\/jpeg\" \/>\n<meta name=\"twitter:card\" content=\"summary_large_image\" \/>\n<meta name=\"twitter:site\" content=\"@aqeips\" \/>\n<meta name=\"twitter:label1\" content=\"Est. reading time\" \/>\n\t<meta name=\"twitter:data1\" content=\"4 minutes\" \/>\n<script type=\"application\/ld+json\" class=\"yoast-schema-graph\">{\"@context\":\"https:\/\/schema.org\",\"@graph\":[{\"@type\":\"WebPage\",\"@id\":\"https:\/\/aqeips.org\/en\/projects\/completed-projects\/mcwd\/march-2020-project-update\/\",\"url\":\"https:\/\/aqeips.org\/en\/projects\/completed-projects\/mcwd\/march-2020-project-update\/\",\"name\":\"March 2020 Project Update - Quebec Association for Equity and Inclusion in Post-Secondary Education\",\"isPartOf\":{\"@id\":\"https:\/\/aqeips.org\/#website\"},\"primaryImageOfPage\":{\"@id\":\"https:\/\/aqeips.org\/en\/projects\/completed-projects\/mcwd\/march-2020-project-update\/#primaryimage\"},\"image\":{\"@id\":\"https:\/\/aqeips.org\/en\/projects\/completed-projects\/mcwd\/march-2020-project-update\/#primaryimage\"},\"thumbnailUrl\":\"https:\/\/aqeips.org\/wp-content\/uploads\/2021\/10\/cdc-unsplash.jpg\",\"datePublished\":\"2023-10-18T16:02:47+00:00\",\"dateModified\":\"2023-10-18T16:25:01+00:00\",\"breadcrumb\":{\"@id\":\"https:\/\/aqeips.org\/en\/projects\/completed-projects\/mcwd\/march-2020-project-update\/#breadcrumb\"},\"inLanguage\":\"en-US\",\"potentialAction\":[{\"@type\":\"ReadAction\",\"target\":[\"https:\/\/aqeips.org\/en\/projects\/completed-projects\/mcwd\/march-2020-project-update\/\"]}]},{\"@type\":\"ImageObject\",\"inLanguage\":\"en-US\",\"@id\":\"https:\/\/aqeips.org\/en\/projects\/completed-projects\/mcwd\/march-2020-project-update\/#primaryimage\",\"url\":\"https:\/\/aqeips.org\/wp-content\/uploads\/2021\/10\/cdc-unsplash.jpg\",\"contentUrl\":\"https:\/\/aqeips.org\/wp-content\/uploads\/2021\/10\/cdc-unsplash.jpg\",\"width\":1920,\"height\":1382},{\"@type\":\"BreadcrumbList\",\"@id\":\"https:\/\/aqeips.org\/en\/projects\/completed-projects\/mcwd\/march-2020-project-update\/#breadcrumb\",\"itemListElement\":[{\"@type\":\"ListItem\",\"position\":1,\"name\":\"Accueil\",\"item\":\"https:\/\/aqeips.org\/?lang=en\"},{\"@type\":\"ListItem\",\"position\":2,\"name\":\"Projects\",\"item\":\"https:\/\/aqeips.org\/en\/projects\/\"},{\"@type\":\"ListItem\",\"position\":3,\"name\":\"Completed Projects\",\"item\":\"https:\/\/aqeips.org\/en\/projects\/completed-projects\/\"},{\"@type\":\"ListItem\",\"position\":4,\"name\":\"MCWD\",\"item\":\"https:\/\/aqeips.org\/en\/projects\/completed-projects\/mcwd\/\"},{\"@type\":\"ListItem\",\"position\":5,\"name\":\"March 2020 Project Update\"}]},{\"@type\":\"WebSite\",\"@id\":\"https:\/\/aqeips.org\/#website\",\"url\":\"https:\/\/aqeips.org\/\",\"name\":\"Quebec Association for Equity and Inclusion in Post-Secondary Education\",\"description\":\"AQEIPS\",\"publisher\":{\"@id\":\"https:\/\/aqeips.org\/#organization\"},\"potentialAction\":[{\"@type\":\"SearchAction\",\"target\":{\"@type\":\"EntryPoint\",\"urlTemplate\":\"https:\/\/aqeips.org\/?s={search_term_string}\"},\"query-input\":{\"@type\":\"PropertyValueSpecification\",\"valueRequired\":true,\"valueName\":\"search_term_string\"}}],\"inLanguage\":\"en-US\"},{\"@type\":\"Organization\",\"@id\":\"https:\/\/aqeips.org\/#organization\",\"name\":\"L\u2019Association qu\u00e9b\u00e9coise pour l\u2019\u00e9quit\u00e9 et l\u2019inclusion au postsecondaire\",\"alternateName\":\"AQEIPS\",\"url\":\"https:\/\/aqeips.org\/\",\"logo\":{\"@type\":\"ImageObject\",\"inLanguage\":\"en-US\",\"@id\":\"https:\/\/aqeips.org\/#\/schema\/logo\/image\/\",\"url\":\"https:\/\/aqeips.org\/wp-content\/uploads\/2023\/10\/Logo-de-lentite-AQEIPS.jpg\",\"contentUrl\":\"https:\/\/aqeips.org\/wp-content\/uploads\/2023\/10\/Logo-de-lentite-AQEIPS.jpg\",\"width\":696,\"height\":696,\"caption\":\"L\u2019Association qu\u00e9b\u00e9coise pour l\u2019\u00e9quit\u00e9 et l\u2019inclusion au postsecondaire\"},\"image\":{\"@id\":\"https:\/\/aqeips.org\/#\/schema\/logo\/image\/\"},\"sameAs\":[\"https:\/\/fr-ca.facebook.com\/aqeips\/\",\"https:\/\/x.com\/aqeips\",\"https:\/\/www.linkedin.com\/company\/aqeips---association-qu\u00e9b\u00e9coise-des-\u00e9tudiants-ayant-des-incapacit\u00e9s-au-postsecondaire\/?originalSubdomain=ca\",\"https:\/\/www.youtube.com\/channel\/UCFvl0P7dBP9jUPL89k-xXIg\"]}]}<\/script>\n<!-- \/ Yoast SEO plugin. -->","yoast_head_json":{"title":"March 2020 Project Update - Quebec Association for Equity and Inclusion in Post-Secondary Education","robots":{"index":"index","follow":"follow","max-snippet":"max-snippet:-1","max-image-preview":"max-image-preview:large","max-video-preview":"max-video-preview:-1"},"canonical":"https:\/\/aqeips.org\/en\/projects\/completed-projects\/mcwd\/march-2020-project-update\/","og_locale":"en_US","og_type":"article","og_title":"March 2020 Project Update - Quebec Association for Equity and Inclusion in Post-Secondary Education","og_description":"Supporting Mid-Career Workers with Disabilities through Community-building, Education, and Career-Progression Resources (MCWD) Project Update \u2013 March 2020 MCWD Project Background Information The Challenge Today\u2019s changing labour market necessitates that all workers constantly adopt new roles and therefore, readily adapt in","og_url":"https:\/\/aqeips.org\/en\/projects\/completed-projects\/mcwd\/march-2020-project-update\/","og_site_name":"Quebec Association for Equity and Inclusion in Post-Secondary Education","article_publisher":"https:\/\/fr-ca.facebook.com\/aqeips\/","article_modified_time":"2023-10-18T16:25:01+00:00","og_image":[{"width":1920,"height":1382,"url":"https:\/\/aqeips.org\/wp-content\/uploads\/2021\/10\/cdc-unsplash.jpg","type":"image\/jpeg"}],"twitter_card":"summary_large_image","twitter_site":"@aqeips","twitter_misc":{"Est. reading time":"4 minutes"},"schema":{"@context":"https:\/\/schema.org","@graph":[{"@type":"WebPage","@id":"https:\/\/aqeips.org\/en\/projects\/completed-projects\/mcwd\/march-2020-project-update\/","url":"https:\/\/aqeips.org\/en\/projects\/completed-projects\/mcwd\/march-2020-project-update\/","name":"March 2020 Project Update - Quebec Association for Equity and Inclusion in Post-Secondary Education","isPartOf":{"@id":"https:\/\/aqeips.org\/#website"},"primaryImageOfPage":{"@id":"https:\/\/aqeips.org\/en\/projects\/completed-projects\/mcwd\/march-2020-project-update\/#primaryimage"},"image":{"@id":"https:\/\/aqeips.org\/en\/projects\/completed-projects\/mcwd\/march-2020-project-update\/#primaryimage"},"thumbnailUrl":"https:\/\/aqeips.org\/wp-content\/uploads\/2021\/10\/cdc-unsplash.jpg","datePublished":"2023-10-18T16:02:47+00:00","dateModified":"2023-10-18T16:25:01+00:00","breadcrumb":{"@id":"https:\/\/aqeips.org\/en\/projects\/completed-projects\/mcwd\/march-2020-project-update\/#breadcrumb"},"inLanguage":"en-US","potentialAction":[{"@type":"ReadAction","target":["https:\/\/aqeips.org\/en\/projects\/completed-projects\/mcwd\/march-2020-project-update\/"]}]},{"@type":"ImageObject","inLanguage":"en-US","@id":"https:\/\/aqeips.org\/en\/projects\/completed-projects\/mcwd\/march-2020-project-update\/#primaryimage","url":"https:\/\/aqeips.org\/wp-content\/uploads\/2021\/10\/cdc-unsplash.jpg","contentUrl":"https:\/\/aqeips.org\/wp-content\/uploads\/2021\/10\/cdc-unsplash.jpg","width":1920,"height":1382},{"@type":"BreadcrumbList","@id":"https:\/\/aqeips.org\/en\/projects\/completed-projects\/mcwd\/march-2020-project-update\/#breadcrumb","itemListElement":[{"@type":"ListItem","position":1,"name":"Accueil","item":"https:\/\/aqeips.org\/?lang=en"},{"@type":"ListItem","position":2,"name":"Projects","item":"https:\/\/aqeips.org\/en\/projects\/"},{"@type":"ListItem","position":3,"name":"Completed Projects","item":"https:\/\/aqeips.org\/en\/projects\/completed-projects\/"},{"@type":"ListItem","position":4,"name":"MCWD","item":"https:\/\/aqeips.org\/en\/projects\/completed-projects\/mcwd\/"},{"@type":"ListItem","position":5,"name":"March 2020 Project Update"}]},{"@type":"WebSite","@id":"https:\/\/aqeips.org\/#website","url":"https:\/\/aqeips.org\/","name":"Quebec Association for Equity and Inclusion in Post-Secondary Education","description":"AQEIPS","publisher":{"@id":"https:\/\/aqeips.org\/#organization"},"potentialAction":[{"@type":"SearchAction","target":{"@type":"EntryPoint","urlTemplate":"https:\/\/aqeips.org\/?s={search_term_string}"},"query-input":{"@type":"PropertyValueSpecification","valueRequired":true,"valueName":"search_term_string"}}],"inLanguage":"en-US"},{"@type":"Organization","@id":"https:\/\/aqeips.org\/#organization","name":"L\u2019Association qu\u00e9b\u00e9coise pour l\u2019\u00e9quit\u00e9 et l\u2019inclusion au postsecondaire","alternateName":"AQEIPS","url":"https:\/\/aqeips.org\/","logo":{"@type":"ImageObject","inLanguage":"en-US","@id":"https:\/\/aqeips.org\/#\/schema\/logo\/image\/","url":"https:\/\/aqeips.org\/wp-content\/uploads\/2023\/10\/Logo-de-lentite-AQEIPS.jpg","contentUrl":"https:\/\/aqeips.org\/wp-content\/uploads\/2023\/10\/Logo-de-lentite-AQEIPS.jpg","width":696,"height":696,"caption":"L\u2019Association qu\u00e9b\u00e9coise pour l\u2019\u00e9quit\u00e9 et l\u2019inclusion au postsecondaire"},"image":{"@id":"https:\/\/aqeips.org\/#\/schema\/logo\/image\/"},"sameAs":["https:\/\/fr-ca.facebook.com\/aqeips\/","https:\/\/x.com\/aqeips","https:\/\/www.linkedin.com\/company\/aqeips---association-qu\u00e9b\u00e9coise-des-\u00e9tudiants-ayant-des-incapacit\u00e9s-au-postsecondaire\/?originalSubdomain=ca","https:\/\/www.youtube.com\/channel\/UCFvl0P7dBP9jUPL89k-xXIg"]}]}},"_links":{"self":[{"href":"https:\/\/aqeips.org\/en\/wp-json\/wp\/v2\/pages\/1476","targetHints":{"allow":["GET"]}}],"collection":[{"href":"https:\/\/aqeips.org\/en\/wp-json\/wp\/v2\/pages"}],"about":[{"href":"https:\/\/aqeips.org\/en\/wp-json\/wp\/v2\/types\/page"}],"author":[{"embeddable":true,"href":"https:\/\/aqeips.org\/en\/wp-json\/wp\/v2\/users\/3"}],"replies":[{"embeddable":true,"href":"https:\/\/aqeips.org\/en\/wp-json\/wp\/v2\/comments?post=1476"}],"version-history":[{"count":1,"href":"https:\/\/aqeips.org\/en\/wp-json\/wp\/v2\/pages\/1476\/revisions"}],"predecessor-version":[{"id":1477,"href":"https:\/\/aqeips.org\/en\/wp-json\/wp\/v2\/pages\/1476\/revisions\/1477"}],"up":[{"embeddable":true,"href":"https:\/\/aqeips.org\/en\/wp-json\/wp\/v2\/pages\/1470"}],"wp:featuredmedia":[{"embeddable":true,"href":"https:\/\/aqeips.org\/en\/wp-json\/wp\/v2\/media\/1340"}],"wp:attachment":[{"href":"https:\/\/aqeips.org\/en\/wp-json\/wp\/v2\/media?parent=1476"}],"curies":[{"name":"wp","href":"https:\/\/api.w.org\/{rel}","templated":true}]}}