{"id":1470,"date":"2019-10-18T11:51:47","date_gmt":"2023-10-18T15:51:38","guid":{"rendered":"https:\/\/aqeips.org\/?page_id=1470"},"modified":"2023-10-18T13:21:22","modified_gmt":"2023-10-18T17:21:22","slug":"mcwd","status":"publish","type":"page","link":"https:\/\/aqeips.org\/en\/projects\/completed-projects\/mcwd\/","title":{"rendered":"MCWD"},"content":{"rendered":"\n<figure class=\"wp-block-image aligncenter size-full\"><img loading=\"lazy\" decoding=\"async\" width=\"536\" height=\"142\" src=\"https:\/\/aqeips.org\/wp-content\/uploads\/2023\/10\/MCWD-Logo-English.png\" alt=\"Mid-Career Workers with Disabilities Project\" class=\"wp-image-1471\" srcset=\"https:\/\/aqeips.org\/wp-content\/uploads\/2023\/10\/MCWD-Logo-English.png 536w, https:\/\/aqeips.org\/wp-content\/uploads\/2023\/10\/MCWD-Logo-English-300x79.png 300w\" sizes=\"auto, (max-width: 536px) 100vw, 536px\" \/><\/figure>\n\n\n\n<h2 class=\"wp-block-heading\">About the Project<\/h2>\n\n\n\n<p>The Mid-Career Workers with Disabilities (MCWD) project, operating with grant funding from Canada\u2019s Future Skills Centre (FSC), addresses career adaptability by targeting the adaptive response skills development needs of MCWD. Through fostering and strengthening career adaptability, the project aims to potentiate other work underway to lessen the barriers MCWD and other disability cohorts face in the Canadian labour market.<\/p>\n\n\n\n<h2 class=\"wp-block-heading\">Our Team<\/h2>\n\n\n\n<p>Our team consists of researchers from 4 post-secondary institutions (Ontario Tech University, Nipissing University, Durham College, and York University) and 4 not-for-profit provincial and national organization (Quebec Association for Equity and Inclusion in Post-Secondary Education [AQEIPS], Council of Canadians with Disabilities [CCD], Manitoba League of Persons with Disabilities [MLPD], National Educational Association of Disabled Students [NEADS]). The project is led by Dr. Sue Coffey.<\/p>\n\n\n<div class=\"wp-bootstrap-blocks-row row\">\r\n\t\n\r\n<div class=\"col-12 col-md-12\">\r\n\t<div class=\"h-100\">\r\n\t\t\n\n<div style=\"height:2.5em\" aria-hidden=\"true\" class=\"wp-block-spacer\"><\/div>\n\n\n\n<hr class=\"wp-block-separator has-alpha-channel-opacity is-style-wide\"\/>\n\n\n\n<div style=\"height:2.5em\" aria-hidden=\"true\" class=\"wp-block-spacer\"><\/div>\n\n\t<\/div>\r\n<\/div>\r\n\n<\/div>\r\n\n\n\n<div class=\"wp-block-query is-layout-flow wp-block-query-is-layout-flow\"><ul class=\"wp-block-post-template has-text-color has-blue-dark-color has-medium-font-size is-layout-flow wp-block-post-template-is-layout-flow\"><li class=\"wp-block-post post-1476 page type-page status-publish has-post-thumbnail hentry\">\n\n<div class=\"wp-block-columns is-layout-flex wp-container-core-columns-is-layout-9d6595d7 wp-block-columns-is-layout-flex\">\n<div class=\"wp-block-column is-vertically-aligned-center is-layout-flow wp-block-column-is-layout-flow\">\n<div class=\"wp-block-group is-content-justification-left is-layout-constrained wp-container-core-group-is-layout-8c890d92 wp-block-group-is-layout-constrained\"><h2 class=\"wp-block-post-title\">March 2020 Project Update<\/h2>\n\n<div class=\"wp-block-post-excerpt\"><p class=\"wp-block-post-excerpt__excerpt\">Supporting Mid-Career Workers with Disabilities through Community-building, Education, and Career-Progression Resources (MCWD) Project Update \u2013 March 2020 MCWD Project Background Information The Challenge Today\u2019s changing labour market necessitates that all workers constantly adopt new roles and therefore, readily adapt in <\/p><\/div>\n\n\n<div style=\"height:1.5em\" aria-hidden=\"true\" class=\"wp-block-spacer\"><\/div>\n\n\n\n<div style=\"height:0px;width:0px\" aria-hidden=\"true\" class=\"wp-block-spacer\"><\/div>\n\n\n<a class=\"wp-block-read-more\" href=\"https:\/\/aqeips.org\/en\/projects\/completed-projects\/mcwd\/march-2020-project-update\/\" target=\"_self\">En savoir plus<span class=\"screen-reader-text\">: March 2020 Project Update<\/span><\/a><\/div>\n<\/div>\n\n\n\n<div class=\"wp-block-column is-layout-flow wp-block-column-is-layout-flow\" style=\"flex-basis:25%\"><figure class=\"wp-block-post-featured-image\"><a href=\"https:\/\/aqeips.org\/en\/projects\/completed-projects\/mcwd\/march-2020-project-update\/\" target=\"_self\"  ><img loading=\"lazy\" decoding=\"async\" width=\"1920\" height=\"1382\" src=\"https:\/\/aqeips.org\/wp-content\/uploads\/2021\/10\/cdc-unsplash.jpg\" class=\"attachment-post-thumbnail size-post-thumbnail wp-post-image\" alt=\"March 2020 Project Update\" style=\"object-fit:cover;\" srcset=\"https:\/\/aqeips.org\/wp-content\/uploads\/2021\/10\/cdc-unsplash.jpg 1920w, https:\/\/aqeips.org\/wp-content\/uploads\/2021\/10\/cdc-unsplash-300x216.jpg 300w, https:\/\/aqeips.org\/wp-content\/uploads\/2021\/10\/cdc-unsplash-1024x737.jpg 1024w, https:\/\/aqeips.org\/wp-content\/uploads\/2021\/10\/cdc-unsplash-768x553.jpg 768w, https:\/\/aqeips.org\/wp-content\/uploads\/2021\/10\/cdc-unsplash-1536x1106.jpg 1536w\" sizes=\"auto, (max-width: 1920px) 100vw, 1920px\" \/><\/a><\/figure><\/div>\n<\/div>\n\n\n\n<hr class=\"wp-block-separator has-text-color has-gray-light-color has-alpha-channel-opacity has-gray-light-background-color has-background is-style-wide\"\/>\n\n\n\n<div style=\"height:1.5em;width:0px\" aria-hidden=\"true\" class=\"wp-block-spacer\"><\/div>\n\n<\/li><li class=\"wp-block-post post-1480 page type-page status-publish has-post-thumbnail hentry\">\n\n<div class=\"wp-block-columns is-layout-flex wp-container-core-columns-is-layout-9d6595d7 wp-block-columns-is-layout-flex\">\n<div class=\"wp-block-column is-vertically-aligned-center is-layout-flow wp-block-column-is-layout-flow\">\n<div class=\"wp-block-group is-content-justification-left is-layout-constrained wp-container-core-group-is-layout-8c890d92 wp-block-group-is-layout-constrained\"><h2 class=\"wp-block-post-title\">July 2019 Project Announcement<\/h2>\n\n<div class=\"wp-block-post-excerpt\"><p class=\"wp-block-post-excerpt__excerpt\">Future Skills Centre Announces $7.65 Million to Help Prepare Mid-Career Workers for New Opportunities Ten new innovation projects will test and evaluate approaches to best support thousands of workers facing career transitions Toronto, ON, July 9, 2019 \u2013 Canada\u2019s complex <\/p><\/div>\n\n\n<div style=\"height:1.5em\" aria-hidden=\"true\" class=\"wp-block-spacer\"><\/div>\n\n\n\n<div style=\"height:0px;width:0px\" aria-hidden=\"true\" class=\"wp-block-spacer\"><\/div>\n\n\n<a class=\"wp-block-read-more\" href=\"https:\/\/aqeips.org\/en\/projects\/completed-projects\/mcwd\/july-2019-project-announcement\/\" target=\"_self\">En savoir plus<span class=\"screen-reader-text\">: July 2019 Project Announcement<\/span><\/a><\/div>\n<\/div>\n\n\n\n<div class=\"wp-block-column is-layout-flow wp-block-column-is-layout-flow\" style=\"flex-basis:25%\"><figure class=\"wp-block-post-featured-image\"><a href=\"https:\/\/aqeips.org\/en\/projects\/completed-projects\/mcwd\/july-2019-project-announcement\/\" target=\"_self\"  ><img loading=\"lazy\" decoding=\"async\" width=\"1920\" height=\"1440\" src=\"https:\/\/aqeips.org\/wp-content\/uploads\/2023\/10\/josh-appel-0nkFvdcM-X4-unsplash.jpg\" class=\"attachment-post-thumbnail size-post-thumbnail wp-post-image\" alt=\"July 2019 Project Announcement\" style=\"object-fit:cover;\" srcset=\"https:\/\/aqeips.org\/wp-content\/uploads\/2023\/10\/josh-appel-0nkFvdcM-X4-unsplash.jpg 1920w, https:\/\/aqeips.org\/wp-content\/uploads\/2023\/10\/josh-appel-0nkFvdcM-X4-unsplash-300x225.jpg 300w, https:\/\/aqeips.org\/wp-content\/uploads\/2023\/10\/josh-appel-0nkFvdcM-X4-unsplash-1024x768.jpg 1024w, https:\/\/aqeips.org\/wp-content\/uploads\/2023\/10\/josh-appel-0nkFvdcM-X4-unsplash-768x576.jpg 768w, https:\/\/aqeips.org\/wp-content\/uploads\/2023\/10\/josh-appel-0nkFvdcM-X4-unsplash-1536x1152.jpg 1536w\" sizes=\"auto, (max-width: 1920px) 100vw, 1920px\" \/><\/a><\/figure><\/div>\n<\/div>\n\n\n\n<hr class=\"wp-block-separator has-text-color has-gray-light-color has-alpha-channel-opacity has-gray-light-background-color has-background is-style-wide\"\/>\n\n\n\n<div style=\"height:1.5em;width:0px\" aria-hidden=\"true\" class=\"wp-block-spacer\"><\/div>\n\n<\/li><\/ul>\n\n\n\n<\/div>\n","protected":false},"excerpt":{"rendered":"<p>About the Project The Mid-Career Workers with Disabilities (MCWD) project, operating with grant funding from Canada\u2019s Future Skills Centre (FSC), addresses career adaptability by targeting the adaptive response skills development needs of MCWD. Through fostering and strengthening career adaptability, the...<br \/><a href=\"https:\/\/aqeips.org\/en\/projects\/completed-projects\/mcwd\/\" class=\"read-more\">Read more <span class=\"sr-only\">about MCWD<\/span><\/a><\/p>","protected":false},"author":3,"featured_media":1340,"parent":1393,"menu_order":1,"comment_status":"closed","ping_status":"closed","template":"templates\/side-nav.php","meta":{"_acf_changed":false,"footnotes":""},"class_list":["post-1470","page","type-page","status-publish","has-post-thumbnail","hentry"],"acf":[],"yoast_head":"<!-- This site is optimized with the Yoast SEO plugin v27.1.1 - https:\/\/yoast.com\/product\/yoast-seo-wordpress\/ -->\n<title>MCWD - Quebec Association for Equity and Inclusion in Post-Secondary Education<\/title>\n<meta name=\"robots\" content=\"index, follow, max-snippet:-1, max-image-preview:large, max-video-preview:-1\" \/>\n<link rel=\"canonical\" href=\"https:\/\/aqeips.org\/en\/projects\/completed-projects\/mcwd\/\" \/>\n<meta property=\"og:locale\" content=\"en_US\" \/>\n<meta property=\"og:type\" content=\"article\" \/>\n<meta property=\"og:title\" content=\"MCWD - Quebec Association for Equity and Inclusion in Post-Secondary Education\" \/>\n<meta property=\"og:description\" content=\"About the Project The Mid-Career Workers with Disabilities (MCWD) project, operating with grant funding from Canada\u2019s Future Skills Centre (FSC), addresses career adaptability by targeting the adaptive response skills development needs of MCWD. Through fostering and strengthening career adaptability, the\" \/>\n<meta property=\"og:url\" content=\"https:\/\/aqeips.org\/en\/projects\/completed-projects\/mcwd\/\" \/>\n<meta property=\"og:site_name\" content=\"Quebec Association for Equity and Inclusion in Post-Secondary Education\" \/>\n<meta property=\"article:publisher\" content=\"https:\/\/fr-ca.facebook.com\/aqeips\/\" \/>\n<meta property=\"article:modified_time\" content=\"2023-10-18T17:21:22+00:00\" \/>\n<meta property=\"og:image\" content=\"https:\/\/aqeips.org\/wp-content\/uploads\/2021\/10\/cdc-unsplash.jpg\" \/>\n\t<meta property=\"og:image:width\" content=\"1920\" \/>\n\t<meta property=\"og:image:height\" content=\"1382\" \/>\n\t<meta property=\"og:image:type\" content=\"image\/jpeg\" \/>\n<meta name=\"twitter:card\" content=\"summary_large_image\" \/>\n<meta name=\"twitter:site\" content=\"@aqeips\" \/>\n<meta name=\"twitter:label1\" content=\"Est. reading time\" \/>\n\t<meta name=\"twitter:data1\" content=\"1 minute\" \/>\n<script type=\"application\/ld+json\" class=\"yoast-schema-graph\">{\"@context\":\"https:\/\/schema.org\",\"@graph\":[{\"@type\":\"WebPage\",\"@id\":\"https:\/\/aqeips.org\/en\/projects\/completed-projects\/mcwd\/\",\"url\":\"https:\/\/aqeips.org\/en\/projects\/completed-projects\/mcwd\/\",\"name\":\"MCWD - Quebec Association for Equity and Inclusion in Post-Secondary Education\",\"isPartOf\":{\"@id\":\"https:\/\/aqeips.org\/#website\"},\"primaryImageOfPage\":{\"@id\":\"https:\/\/aqeips.org\/en\/projects\/completed-projects\/mcwd\/#primaryimage\"},\"image\":{\"@id\":\"https:\/\/aqeips.org\/en\/projects\/completed-projects\/mcwd\/#primaryimage\"},\"thumbnailUrl\":\"https:\/\/aqeips.org\/wp-content\/uploads\/2021\/10\/cdc-unsplash.jpg\",\"datePublished\":\"2023-10-18T15:51:38+00:00\",\"dateModified\":\"2023-10-18T17:21:22+00:00\",\"breadcrumb\":{\"@id\":\"https:\/\/aqeips.org\/en\/projects\/completed-projects\/mcwd\/#breadcrumb\"},\"inLanguage\":\"en-US\",\"potentialAction\":[{\"@type\":\"ReadAction\",\"target\":[\"https:\/\/aqeips.org\/en\/projects\/completed-projects\/mcwd\/\"]}]},{\"@type\":\"ImageObject\",\"inLanguage\":\"en-US\",\"@id\":\"https:\/\/aqeips.org\/en\/projects\/completed-projects\/mcwd\/#primaryimage\",\"url\":\"https:\/\/aqeips.org\/wp-content\/uploads\/2021\/10\/cdc-unsplash.jpg\",\"contentUrl\":\"https:\/\/aqeips.org\/wp-content\/uploads\/2021\/10\/cdc-unsplash.jpg\",\"width\":1920,\"height\":1382},{\"@type\":\"BreadcrumbList\",\"@id\":\"https:\/\/aqeips.org\/en\/projects\/completed-projects\/mcwd\/#breadcrumb\",\"itemListElement\":[{\"@type\":\"ListItem\",\"position\":1,\"name\":\"Accueil\",\"item\":\"https:\/\/aqeips.org\/?lang=en\"},{\"@type\":\"ListItem\",\"position\":2,\"name\":\"Projects\",\"item\":\"https:\/\/aqeips.org\/en\/projects\/\"},{\"@type\":\"ListItem\",\"position\":3,\"name\":\"Completed Projects\",\"item\":\"https:\/\/aqeips.org\/en\/projects\/completed-projects\/\"},{\"@type\":\"ListItem\",\"position\":4,\"name\":\"MCWD\"}]},{\"@type\":\"WebSite\",\"@id\":\"https:\/\/aqeips.org\/#website\",\"url\":\"https:\/\/aqeips.org\/\",\"name\":\"Quebec Association for Equity and Inclusion in Post-Secondary Education\",\"description\":\"AQEIPS\",\"publisher\":{\"@id\":\"https:\/\/aqeips.org\/#organization\"},\"potentialAction\":[{\"@type\":\"SearchAction\",\"target\":{\"@type\":\"EntryPoint\",\"urlTemplate\":\"https:\/\/aqeips.org\/?s={search_term_string}\"},\"query-input\":{\"@type\":\"PropertyValueSpecification\",\"valueRequired\":true,\"valueName\":\"search_term_string\"}}],\"inLanguage\":\"en-US\"},{\"@type\":\"Organization\",\"@id\":\"https:\/\/aqeips.org\/#organization\",\"name\":\"L\u2019Association qu\u00e9b\u00e9coise pour l\u2019\u00e9quit\u00e9 et l\u2019inclusion au postsecondaire\",\"alternateName\":\"AQEIPS\",\"url\":\"https:\/\/aqeips.org\/\",\"logo\":{\"@type\":\"ImageObject\",\"inLanguage\":\"en-US\",\"@id\":\"https:\/\/aqeips.org\/#\/schema\/logo\/image\/\",\"url\":\"https:\/\/aqeips.org\/wp-content\/uploads\/2023\/10\/Logo-de-lentite-AQEIPS.jpg\",\"contentUrl\":\"https:\/\/aqeips.org\/wp-content\/uploads\/2023\/10\/Logo-de-lentite-AQEIPS.jpg\",\"width\":696,\"height\":696,\"caption\":\"L\u2019Association qu\u00e9b\u00e9coise pour l\u2019\u00e9quit\u00e9 et l\u2019inclusion au postsecondaire\"},\"image\":{\"@id\":\"https:\/\/aqeips.org\/#\/schema\/logo\/image\/\"},\"sameAs\":[\"https:\/\/fr-ca.facebook.com\/aqeips\/\",\"https:\/\/x.com\/aqeips\",\"https:\/\/www.linkedin.com\/company\/aqeips---association-qu\u00e9b\u00e9coise-des-\u00e9tudiants-ayant-des-incapacit\u00e9s-au-postsecondaire\/?originalSubdomain=ca\",\"https:\/\/www.youtube.com\/channel\/UCFvl0P7dBP9jUPL89k-xXIg\"]}]}<\/script>\n<!-- \/ Yoast SEO plugin. -->","yoast_head_json":{"title":"MCWD - Quebec Association for Equity and Inclusion in Post-Secondary Education","robots":{"index":"index","follow":"follow","max-snippet":"max-snippet:-1","max-image-preview":"max-image-preview:large","max-video-preview":"max-video-preview:-1"},"canonical":"https:\/\/aqeips.org\/en\/projects\/completed-projects\/mcwd\/","og_locale":"en_US","og_type":"article","og_title":"MCWD - Quebec Association for Equity and Inclusion in Post-Secondary Education","og_description":"About the Project The Mid-Career Workers with Disabilities (MCWD) project, operating with grant funding from Canada\u2019s Future Skills Centre (FSC), addresses career adaptability by targeting the adaptive response skills development needs of MCWD. Through fostering and strengthening career adaptability, the","og_url":"https:\/\/aqeips.org\/en\/projects\/completed-projects\/mcwd\/","og_site_name":"Quebec Association for Equity and Inclusion in Post-Secondary Education","article_publisher":"https:\/\/fr-ca.facebook.com\/aqeips\/","article_modified_time":"2023-10-18T17:21:22+00:00","og_image":[{"width":1920,"height":1382,"url":"https:\/\/aqeips.org\/wp-content\/uploads\/2021\/10\/cdc-unsplash.jpg","type":"image\/jpeg"}],"twitter_card":"summary_large_image","twitter_site":"@aqeips","twitter_misc":{"Est. reading time":"1 minute"},"schema":{"@context":"https:\/\/schema.org","@graph":[{"@type":"WebPage","@id":"https:\/\/aqeips.org\/en\/projects\/completed-projects\/mcwd\/","url":"https:\/\/aqeips.org\/en\/projects\/completed-projects\/mcwd\/","name":"MCWD - Quebec Association for Equity and Inclusion in Post-Secondary Education","isPartOf":{"@id":"https:\/\/aqeips.org\/#website"},"primaryImageOfPage":{"@id":"https:\/\/aqeips.org\/en\/projects\/completed-projects\/mcwd\/#primaryimage"},"image":{"@id":"https:\/\/aqeips.org\/en\/projects\/completed-projects\/mcwd\/#primaryimage"},"thumbnailUrl":"https:\/\/aqeips.org\/wp-content\/uploads\/2021\/10\/cdc-unsplash.jpg","datePublished":"2023-10-18T15:51:38+00:00","dateModified":"2023-10-18T17:21:22+00:00","breadcrumb":{"@id":"https:\/\/aqeips.org\/en\/projects\/completed-projects\/mcwd\/#breadcrumb"},"inLanguage":"en-US","potentialAction":[{"@type":"ReadAction","target":["https:\/\/aqeips.org\/en\/projects\/completed-projects\/mcwd\/"]}]},{"@type":"ImageObject","inLanguage":"en-US","@id":"https:\/\/aqeips.org\/en\/projects\/completed-projects\/mcwd\/#primaryimage","url":"https:\/\/aqeips.org\/wp-content\/uploads\/2021\/10\/cdc-unsplash.jpg","contentUrl":"https:\/\/aqeips.org\/wp-content\/uploads\/2021\/10\/cdc-unsplash.jpg","width":1920,"height":1382},{"@type":"BreadcrumbList","@id":"https:\/\/aqeips.org\/en\/projects\/completed-projects\/mcwd\/#breadcrumb","itemListElement":[{"@type":"ListItem","position":1,"name":"Accueil","item":"https:\/\/aqeips.org\/?lang=en"},{"@type":"ListItem","position":2,"name":"Projects","item":"https:\/\/aqeips.org\/en\/projects\/"},{"@type":"ListItem","position":3,"name":"Completed Projects","item":"https:\/\/aqeips.org\/en\/projects\/completed-projects\/"},{"@type":"ListItem","position":4,"name":"MCWD"}]},{"@type":"WebSite","@id":"https:\/\/aqeips.org\/#website","url":"https:\/\/aqeips.org\/","name":"Quebec Association for Equity and Inclusion in Post-Secondary Education","description":"AQEIPS","publisher":{"@id":"https:\/\/aqeips.org\/#organization"},"potentialAction":[{"@type":"SearchAction","target":{"@type":"EntryPoint","urlTemplate":"https:\/\/aqeips.org\/?s={search_term_string}"},"query-input":{"@type":"PropertyValueSpecification","valueRequired":true,"valueName":"search_term_string"}}],"inLanguage":"en-US"},{"@type":"Organization","@id":"https:\/\/aqeips.org\/#organization","name":"L\u2019Association qu\u00e9b\u00e9coise pour l\u2019\u00e9quit\u00e9 et l\u2019inclusion au postsecondaire","alternateName":"AQEIPS","url":"https:\/\/aqeips.org\/","logo":{"@type":"ImageObject","inLanguage":"en-US","@id":"https:\/\/aqeips.org\/#\/schema\/logo\/image\/","url":"https:\/\/aqeips.org\/wp-content\/uploads\/2023\/10\/Logo-de-lentite-AQEIPS.jpg","contentUrl":"https:\/\/aqeips.org\/wp-content\/uploads\/2023\/10\/Logo-de-lentite-AQEIPS.jpg","width":696,"height":696,"caption":"L\u2019Association qu\u00e9b\u00e9coise pour l\u2019\u00e9quit\u00e9 et l\u2019inclusion au postsecondaire"},"image":{"@id":"https:\/\/aqeips.org\/#\/schema\/logo\/image\/"},"sameAs":["https:\/\/fr-ca.facebook.com\/aqeips\/","https:\/\/x.com\/aqeips","https:\/\/www.linkedin.com\/company\/aqeips---association-qu\u00e9b\u00e9coise-des-\u00e9tudiants-ayant-des-incapacit\u00e9s-au-postsecondaire\/?originalSubdomain=ca","https:\/\/www.youtube.com\/channel\/UCFvl0P7dBP9jUPL89k-xXIg"]}]}},"_links":{"self":[{"href":"https:\/\/aqeips.org\/en\/wp-json\/wp\/v2\/pages\/1470","targetHints":{"allow":["GET"]}}],"collection":[{"href":"https:\/\/aqeips.org\/en\/wp-json\/wp\/v2\/pages"}],"about":[{"href":"https:\/\/aqeips.org\/en\/wp-json\/wp\/v2\/types\/page"}],"author":[{"embeddable":true,"href":"https:\/\/aqeips.org\/en\/wp-json\/wp\/v2\/users\/3"}],"replies":[{"embeddable":true,"href":"https:\/\/aqeips.org\/en\/wp-json\/wp\/v2\/comments?post=1470"}],"version-history":[{"count":2,"href":"https:\/\/aqeips.org\/en\/wp-json\/wp\/v2\/pages\/1470\/revisions"}],"predecessor-version":[{"id":1479,"href":"https:\/\/aqeips.org\/en\/wp-json\/wp\/v2\/pages\/1470\/revisions\/1479"}],"up":[{"embeddable":true,"href":"https:\/\/aqeips.org\/en\/wp-json\/wp\/v2\/pages\/1393"}],"wp:featuredmedia":[{"embeddable":true,"href":"https:\/\/aqeips.org\/en\/wp-json\/wp\/v2\/media\/1340"}],"wp:attachment":[{"href":"https:\/\/aqeips.org\/en\/wp-json\/wp\/v2\/media?parent=1470"}],"curies":[{"name":"wp","href":"https:\/\/api.w.org\/{rel}","templated":true}]}}