{"id":1468,"date":"2021-10-18T11:45:00","date_gmt":"2021-10-18T15:45:00","guid":{"rendered":"https:\/\/aqeips.org\/?page_id=1468"},"modified":"2023-10-18T13:21:59","modified_gmt":"2023-10-18T17:21:59","slug":"online-resources-for-udl","status":"publish","type":"page","link":"https:\/\/aqeips.org\/en\/projects\/completed-projects\/resource-page-on-universal-design-for-learning-udl\/online-resources-for-udl\/","title":{"rendered":"Online Resources for UDL"},"content":{"rendered":"\n<p><strong>Curated Selection of Online Resources for UDL by <a href=\"https:\/\/www.linkedin.com\/in\/marengube\/\">Dr Maren Gube<\/a><\/strong><\/p>\n\n\n\n<h2 class=\"wp-block-heading\">Links in English<\/h2>\n\n\n\n<p><a href=\"http:\/\/www.cast.org\/products-services\/covid19-remote-learning-resources#.X1AYZNNKg1I\" target=\"_blank\" rel=\"noreferrer noopener\">With this page one almost doesn\u2019t need anything else<\/a><\/p>\n\n\n\n<p><a href=\"https:\/\/sites.google.com\/site\/udlguidelinesexamples\/\" target=\"_blank\" rel=\"noreferrer noopener\">3 \u00d7 3 grid with examples to all three networks and levels<\/a><\/p>\n\n\n\n<p><a href=\"https:\/\/www.toptools4learning.com\/\" target=\"_blank\" rel=\"noreferrer noopener\">Recent list of Top 200 Tools for learning<\/a><\/p>\n\n\n\n<p><a href=\"https:\/\/moodle.gprc.ab.ca\/course\/view.php?id=2272\">Entire course in Online UDL<\/a><\/p>\n\n\n\n<p><a href=\"https:\/\/www.mcgill.ca\/equity\/resources\/disability\/virtual-presenters-accessibility-guide\" target=\"_blank\" rel=\"noreferrer noopener\">McGill Accessibility Guide<\/a><\/p>\n\n\n\n<p><a href=\"http:\/\/www.concordia.ca\/cunews\/main\/stories\/2020\/08\/25\/concordia-offers-instructors-tips-for-accessibility-and-inclusiveness-in-online-course.html\">Concordia Guide<\/a><\/p>\n\n\n\n<p><a href=\"https:\/\/www.everylearnereverywhere.org\/resources\/suddenly-online-national-undergraduate-survey\/\">Survey of undergraduate student satisfaction during COVID-19 online shift (US)<\/a><\/p>\n\n\n\n<h2 class=\"wp-block-heading\">Links in French<\/h2>\n\n\n\n<p><a href=\"https:\/\/www.capres.ca\/dossiers\/la-conception-universelle-de-lapprentissage-cua\/\" target=\"_blank\" rel=\"noreferrer noopener\">Dossier avec plusieurs ressources sur la CUA<\/a><\/p>\n\n\n\n<p><a href=\"http:\/\/pcua.ca\/\" target=\"_blank\" rel=\"noreferrer noopener\">Les applications p\u00e9dagogiques de la conception universelle de l\u2019apprentissage<\/a><\/p>\n\n\n\n<p><a href=\"https:\/\/www.affairesuniversitaires.ca\/conseils-carriere\/conseils-carriere-article\/a-quoi-ressemble-un-apprentissage-de-qualite-en-ligne\/\" target=\"_blank\" rel=\"noreferrer noopener\">\u00c0 quoi ressemble un apprentissage de qualit\u00e9 en ligne\u2009?<\/a><\/p>\n\n\n\n<div class=\"wp-block-buttons is-layout-flex wp-block-buttons-is-layout-flex\">\n<div class=\"wp-block-button is-style-primary-button\"><a class=\"wp-block-button__link wp-element-button\" href=\"https:\/\/aqeips.org\/projects\/projets-completes\/resource-page-on-universal-design-for-learning-udl\/?lang=en\">Back to UDL Page<\/a><\/div>\n<\/div>\n","protected":false},"excerpt":{"rendered":"<p>Curated Selection of Online Resources for UDL by Dr Maren Gube Links in English With this page one almost doesn\u2019t need anything else 3 \u00d7 3 grid with examples to all three networks and levels Recent list of Top 200...<br \/><a href=\"https:\/\/aqeips.org\/en\/projects\/completed-projects\/resource-page-on-universal-design-for-learning-udl\/online-resources-for-udl\/\" class=\"read-more\">Read more <span class=\"sr-only\">about Online Resources for UDL<\/span><\/a><\/p>","protected":false},"author":3,"featured_media":1339,"parent":1464,"menu_order":0,"comment_status":"closed","ping_status":"closed","template":"templates\/side-nav.php","meta":{"_acf_changed":false,"footnotes":""},"class_list":["post-1468","page","type-page","status-publish","has-post-thumbnail","hentry"],"acf":[],"yoast_head":"<!-- This site is optimized with the Yoast SEO plugin v27.1.1 - https:\/\/yoast.com\/product\/yoast-seo-wordpress\/ -->\n<title>Online Resources for UDL - Quebec Association for Equity and Inclusion in Post-Secondary Education<\/title>\n<meta name=\"robots\" content=\"index, follow, max-snippet:-1, max-image-preview:large, max-video-preview:-1\" \/>\n<link rel=\"canonical\" href=\"https:\/\/aqeips.org\/en\/projects\/completed-projects\/resource-page-on-universal-design-for-learning-udl\/online-resources-for-udl\/\" \/>\n<meta property=\"og:locale\" content=\"en_US\" \/>\n<meta property=\"og:type\" content=\"article\" \/>\n<meta property=\"og:title\" content=\"Online Resources for UDL - Quebec Association for Equity and Inclusion in Post-Secondary Education\" \/>\n<meta property=\"og:description\" content=\"Curated Selection of Online Resources for UDL by Dr Maren Gube Links in English With this page one almost doesn\u2019t need anything else 3 \u00d7 3 grid with examples to all three networks and levels Recent list of Top 200\" \/>\n<meta property=\"og:url\" content=\"https:\/\/aqeips.org\/en\/projects\/completed-projects\/resource-page-on-universal-design-for-learning-udl\/online-resources-for-udl\/\" \/>\n<meta property=\"og:site_name\" content=\"Quebec Association for Equity and Inclusion in Post-Secondary Education\" \/>\n<meta property=\"article:publisher\" content=\"https:\/\/fr-ca.facebook.com\/aqeips\/\" \/>\n<meta property=\"article:modified_time\" content=\"2023-10-18T17:21:59+00:00\" \/>\n<meta property=\"og:image\" content=\"https:\/\/aqeips.org\/wp-content\/uploads\/2021\/10\/tim-wildsmith-ressource-unsplash.jpg\" \/>\n\t<meta property=\"og:image:width\" content=\"1920\" \/>\n\t<meta property=\"og:image:height\" content=\"1330\" \/>\n\t<meta property=\"og:image:type\" content=\"image\/jpeg\" \/>\n<meta name=\"twitter:card\" content=\"summary_large_image\" \/>\n<meta name=\"twitter:site\" content=\"@aqeips\" \/>\n<meta name=\"twitter:label1\" content=\"Est. reading time\" \/>\n\t<meta name=\"twitter:data1\" content=\"1 minute\" \/>\n<script type=\"application\/ld+json\" class=\"yoast-schema-graph\">{\"@context\":\"https:\/\/schema.org\",\"@graph\":[{\"@type\":\"WebPage\",\"@id\":\"https:\/\/aqeips.org\/en\/projects\/completed-projects\/resource-page-on-universal-design-for-learning-udl\/online-resources-for-udl\/\",\"url\":\"https:\/\/aqeips.org\/en\/projects\/completed-projects\/resource-page-on-universal-design-for-learning-udl\/online-resources-for-udl\/\",\"name\":\"Online Resources for UDL - Quebec Association for Equity and Inclusion in Post-Secondary Education\",\"isPartOf\":{\"@id\":\"https:\/\/aqeips.org\/#website\"},\"primaryImageOfPage\":{\"@id\":\"https:\/\/aqeips.org\/en\/projects\/completed-projects\/resource-page-on-universal-design-for-learning-udl\/online-resources-for-udl\/#primaryimage\"},\"image\":{\"@id\":\"https:\/\/aqeips.org\/en\/projects\/completed-projects\/resource-page-on-universal-design-for-learning-udl\/online-resources-for-udl\/#primaryimage\"},\"thumbnailUrl\":\"https:\/\/aqeips.org\/wp-content\/uploads\/2021\/10\/tim-wildsmith-ressource-unsplash.jpg\",\"datePublished\":\"2021-10-18T15:45:00+00:00\",\"dateModified\":\"2023-10-18T17:21:59+00:00\",\"breadcrumb\":{\"@id\":\"https:\/\/aqeips.org\/en\/projects\/completed-projects\/resource-page-on-universal-design-for-learning-udl\/online-resources-for-udl\/#breadcrumb\"},\"inLanguage\":\"en-US\",\"potentialAction\":[{\"@type\":\"ReadAction\",\"target\":[\"https:\/\/aqeips.org\/en\/projects\/completed-projects\/resource-page-on-universal-design-for-learning-udl\/online-resources-for-udl\/\"]}]},{\"@type\":\"ImageObject\",\"inLanguage\":\"en-US\",\"@id\":\"https:\/\/aqeips.org\/en\/projects\/completed-projects\/resource-page-on-universal-design-for-learning-udl\/online-resources-for-udl\/#primaryimage\",\"url\":\"https:\/\/aqeips.org\/wp-content\/uploads\/2021\/10\/tim-wildsmith-ressource-unsplash.jpg\",\"contentUrl\":\"https:\/\/aqeips.org\/wp-content\/uploads\/2021\/10\/tim-wildsmith-ressource-unsplash.jpg\",\"width\":1920,\"height\":1330},{\"@type\":\"BreadcrumbList\",\"@id\":\"https:\/\/aqeips.org\/en\/projects\/completed-projects\/resource-page-on-universal-design-for-learning-udl\/online-resources-for-udl\/#breadcrumb\",\"itemListElement\":[{\"@type\":\"ListItem\",\"position\":1,\"name\":\"Accueil\",\"item\":\"https:\/\/aqeips.org\/?lang=en\"},{\"@type\":\"ListItem\",\"position\":2,\"name\":\"Projects\",\"item\":\"https:\/\/aqeips.org\/en\/projects\/\"},{\"@type\":\"ListItem\",\"position\":3,\"name\":\"Completed Projects\",\"item\":\"https:\/\/aqeips.org\/en\/projects\/completed-projects\/\"},{\"@type\":\"ListItem\",\"position\":4,\"name\":\"Resource page on Universal design for learning (UDL)\",\"item\":\"https:\/\/aqeips.org\/en\/projects\/completed-projects\/resource-page-on-universal-design-for-learning-udl\/\"},{\"@type\":\"ListItem\",\"position\":5,\"name\":\"Online Resources for UDL\"}]},{\"@type\":\"WebSite\",\"@id\":\"https:\/\/aqeips.org\/#website\",\"url\":\"https:\/\/aqeips.org\/\",\"name\":\"Quebec Association for Equity and Inclusion in Post-Secondary Education\",\"description\":\"AQEIPS\",\"publisher\":{\"@id\":\"https:\/\/aqeips.org\/#organization\"},\"potentialAction\":[{\"@type\":\"SearchAction\",\"target\":{\"@type\":\"EntryPoint\",\"urlTemplate\":\"https:\/\/aqeips.org\/?s={search_term_string}\"},\"query-input\":{\"@type\":\"PropertyValueSpecification\",\"valueRequired\":true,\"valueName\":\"search_term_string\"}}],\"inLanguage\":\"en-US\"},{\"@type\":\"Organization\",\"@id\":\"https:\/\/aqeips.org\/#organization\",\"name\":\"L\u2019Association qu\u00e9b\u00e9coise pour l\u2019\u00e9quit\u00e9 et l\u2019inclusion au postsecondaire\",\"alternateName\":\"AQEIPS\",\"url\":\"https:\/\/aqeips.org\/\",\"logo\":{\"@type\":\"ImageObject\",\"inLanguage\":\"en-US\",\"@id\":\"https:\/\/aqeips.org\/#\/schema\/logo\/image\/\",\"url\":\"https:\/\/aqeips.org\/wp-content\/uploads\/2023\/10\/Logo-de-lentite-AQEIPS.jpg\",\"contentUrl\":\"https:\/\/aqeips.org\/wp-content\/uploads\/2023\/10\/Logo-de-lentite-AQEIPS.jpg\",\"width\":696,\"height\":696,\"caption\":\"L\u2019Association qu\u00e9b\u00e9coise pour l\u2019\u00e9quit\u00e9 et l\u2019inclusion au postsecondaire\"},\"image\":{\"@id\":\"https:\/\/aqeips.org\/#\/schema\/logo\/image\/\"},\"sameAs\":[\"https:\/\/fr-ca.facebook.com\/aqeips\/\",\"https:\/\/x.com\/aqeips\",\"https:\/\/www.linkedin.com\/company\/aqeips---association-qu\u00e9b\u00e9coise-des-\u00e9tudiants-ayant-des-incapacit\u00e9s-au-postsecondaire\/?originalSubdomain=ca\",\"https:\/\/www.youtube.com\/channel\/UCFvl0P7dBP9jUPL89k-xXIg\"]}]}<\/script>\n<!-- \/ Yoast SEO plugin. -->","yoast_head_json":{"title":"Online Resources for UDL - Quebec Association for Equity and Inclusion in Post-Secondary Education","robots":{"index":"index","follow":"follow","max-snippet":"max-snippet:-1","max-image-preview":"max-image-preview:large","max-video-preview":"max-video-preview:-1"},"canonical":"https:\/\/aqeips.org\/en\/projects\/completed-projects\/resource-page-on-universal-design-for-learning-udl\/online-resources-for-udl\/","og_locale":"en_US","og_type":"article","og_title":"Online Resources for UDL - Quebec Association for Equity and Inclusion in Post-Secondary Education","og_description":"Curated Selection of Online Resources for UDL by Dr Maren Gube Links in English With this page one almost doesn\u2019t need anything else 3 \u00d7 3 grid with examples to all three networks and levels Recent list of Top 200","og_url":"https:\/\/aqeips.org\/en\/projects\/completed-projects\/resource-page-on-universal-design-for-learning-udl\/online-resources-for-udl\/","og_site_name":"Quebec Association for Equity and Inclusion in Post-Secondary Education","article_publisher":"https:\/\/fr-ca.facebook.com\/aqeips\/","article_modified_time":"2023-10-18T17:21:59+00:00","og_image":[{"width":1920,"height":1330,"url":"https:\/\/aqeips.org\/wp-content\/uploads\/2021\/10\/tim-wildsmith-ressource-unsplash.jpg","type":"image\/jpeg"}],"twitter_card":"summary_large_image","twitter_site":"@aqeips","twitter_misc":{"Est. reading time":"1 minute"},"schema":{"@context":"https:\/\/schema.org","@graph":[{"@type":"WebPage","@id":"https:\/\/aqeips.org\/en\/projects\/completed-projects\/resource-page-on-universal-design-for-learning-udl\/online-resources-for-udl\/","url":"https:\/\/aqeips.org\/en\/projects\/completed-projects\/resource-page-on-universal-design-for-learning-udl\/online-resources-for-udl\/","name":"Online Resources for UDL - Quebec Association for Equity and Inclusion in Post-Secondary Education","isPartOf":{"@id":"https:\/\/aqeips.org\/#website"},"primaryImageOfPage":{"@id":"https:\/\/aqeips.org\/en\/projects\/completed-projects\/resource-page-on-universal-design-for-learning-udl\/online-resources-for-udl\/#primaryimage"},"image":{"@id":"https:\/\/aqeips.org\/en\/projects\/completed-projects\/resource-page-on-universal-design-for-learning-udl\/online-resources-for-udl\/#primaryimage"},"thumbnailUrl":"https:\/\/aqeips.org\/wp-content\/uploads\/2021\/10\/tim-wildsmith-ressource-unsplash.jpg","datePublished":"2021-10-18T15:45:00+00:00","dateModified":"2023-10-18T17:21:59+00:00","breadcrumb":{"@id":"https:\/\/aqeips.org\/en\/projects\/completed-projects\/resource-page-on-universal-design-for-learning-udl\/online-resources-for-udl\/#breadcrumb"},"inLanguage":"en-US","potentialAction":[{"@type":"ReadAction","target":["https:\/\/aqeips.org\/en\/projects\/completed-projects\/resource-page-on-universal-design-for-learning-udl\/online-resources-for-udl\/"]}]},{"@type":"ImageObject","inLanguage":"en-US","@id":"https:\/\/aqeips.org\/en\/projects\/completed-projects\/resource-page-on-universal-design-for-learning-udl\/online-resources-for-udl\/#primaryimage","url":"https:\/\/aqeips.org\/wp-content\/uploads\/2021\/10\/tim-wildsmith-ressource-unsplash.jpg","contentUrl":"https:\/\/aqeips.org\/wp-content\/uploads\/2021\/10\/tim-wildsmith-ressource-unsplash.jpg","width":1920,"height":1330},{"@type":"BreadcrumbList","@id":"https:\/\/aqeips.org\/en\/projects\/completed-projects\/resource-page-on-universal-design-for-learning-udl\/online-resources-for-udl\/#breadcrumb","itemListElement":[{"@type":"ListItem","position":1,"name":"Accueil","item":"https:\/\/aqeips.org\/?lang=en"},{"@type":"ListItem","position":2,"name":"Projects","item":"https:\/\/aqeips.org\/en\/projects\/"},{"@type":"ListItem","position":3,"name":"Completed Projects","item":"https:\/\/aqeips.org\/en\/projects\/completed-projects\/"},{"@type":"ListItem","position":4,"name":"Resource page on Universal design for learning (UDL)","item":"https:\/\/aqeips.org\/en\/projects\/completed-projects\/resource-page-on-universal-design-for-learning-udl\/"},{"@type":"ListItem","position":5,"name":"Online Resources for UDL"}]},{"@type":"WebSite","@id":"https:\/\/aqeips.org\/#website","url":"https:\/\/aqeips.org\/","name":"Quebec Association for Equity and Inclusion in Post-Secondary Education","description":"AQEIPS","publisher":{"@id":"https:\/\/aqeips.org\/#organization"},"potentialAction":[{"@type":"SearchAction","target":{"@type":"EntryPoint","urlTemplate":"https:\/\/aqeips.org\/?s={search_term_string}"},"query-input":{"@type":"PropertyValueSpecification","valueRequired":true,"valueName":"search_term_string"}}],"inLanguage":"en-US"},{"@type":"Organization","@id":"https:\/\/aqeips.org\/#organization","name":"L\u2019Association qu\u00e9b\u00e9coise pour l\u2019\u00e9quit\u00e9 et l\u2019inclusion au postsecondaire","alternateName":"AQEIPS","url":"https:\/\/aqeips.org\/","logo":{"@type":"ImageObject","inLanguage":"en-US","@id":"https:\/\/aqeips.org\/#\/schema\/logo\/image\/","url":"https:\/\/aqeips.org\/wp-content\/uploads\/2023\/10\/Logo-de-lentite-AQEIPS.jpg","contentUrl":"https:\/\/aqeips.org\/wp-content\/uploads\/2023\/10\/Logo-de-lentite-AQEIPS.jpg","width":696,"height":696,"caption":"L\u2019Association qu\u00e9b\u00e9coise pour l\u2019\u00e9quit\u00e9 et l\u2019inclusion au postsecondaire"},"image":{"@id":"https:\/\/aqeips.org\/#\/schema\/logo\/image\/"},"sameAs":["https:\/\/fr-ca.facebook.com\/aqeips\/","https:\/\/x.com\/aqeips","https:\/\/www.linkedin.com\/company\/aqeips---association-qu\u00e9b\u00e9coise-des-\u00e9tudiants-ayant-des-incapacit\u00e9s-au-postsecondaire\/?originalSubdomain=ca","https:\/\/www.youtube.com\/channel\/UCFvl0P7dBP9jUPL89k-xXIg"]}]}},"_links":{"self":[{"href":"https:\/\/aqeips.org\/en\/wp-json\/wp\/v2\/pages\/1468","targetHints":{"allow":["GET"]}}],"collection":[{"href":"https:\/\/aqeips.org\/en\/wp-json\/wp\/v2\/pages"}],"about":[{"href":"https:\/\/aqeips.org\/en\/wp-json\/wp\/v2\/types\/page"}],"author":[{"embeddable":true,"href":"https:\/\/aqeips.org\/en\/wp-json\/wp\/v2\/users\/3"}],"replies":[{"embeddable":true,"href":"https:\/\/aqeips.org\/en\/wp-json\/wp\/v2\/comments?post=1468"}],"version-history":[{"count":1,"href":"https:\/\/aqeips.org\/en\/wp-json\/wp\/v2\/pages\/1468\/revisions"}],"predecessor-version":[{"id":1469,"href":"https:\/\/aqeips.org\/en\/wp-json\/wp\/v2\/pages\/1468\/revisions\/1469"}],"up":[{"embeddable":true,"href":"https:\/\/aqeips.org\/en\/wp-json\/wp\/v2\/pages\/1464"}],"wp:featuredmedia":[{"embeddable":true,"href":"https:\/\/aqeips.org\/en\/wp-json\/wp\/v2\/media\/1339"}],"wp:attachment":[{"href":"https:\/\/aqeips.org\/en\/wp-json\/wp\/v2\/media?parent=1468"}],"curies":[{"name":"wp","href":"https:\/\/api.w.org\/{rel}","templated":true}]}}