{"id":1464,"date":"2021-10-18T11:38:47","date_gmt":"2023-10-18T15:38:19","guid":{"rendered":"https:\/\/aqeips.org\/?page_id=1464"},"modified":"2023-10-18T13:21:36","modified_gmt":"2023-10-18T17:21:36","slug":"resource-page-on-universal-design-for-learning-udl","status":"publish","type":"page","link":"https:\/\/aqeips.org\/en\/projects\/completed-projects\/resource-page-on-universal-design-for-learning-udl\/","title":{"rendered":"Resource page on Universal design for learning (UDL)"},"content":{"rendered":"\n<p>From September to November 2020, AQEIPS and RIQEDI partnered up to work on a project presenting webinars, short videos and educational materials on inclusive pedagogy and UDL in the context of distance learning during a pandemic. The name of the project is Teaching inclusively in\u202f2020: COVID-19,\u202fremote learning and universal design for learning.<\/p>\n\n\n\n<p>Several teachers and researchers who are experts on UDL, inclusive or online education presented on how to make distance education more enjoyable and inclusive for all during this unprecedented time. The three webinars will be open to all, but they will be particularly useful for post-secondary students, teachers, professors, course lecturers and counselors.<\/p>\n\n\n\n<p>The project was financed by the Canadian Red Cross through its COVID-19 Emergency Support for Community Organizations program. This bilingual (French and English) project was meant to be accessible, so we offered simultaneous interpretation and captioning during the webinars.<\/p>\n\n\n\n<p><a href=\"https:\/\/aqeips.qc.ca\/en\/projects\/udl\/online-resources-for-udl\/\">CURATED SELECTION OF ONLINE RESOURCES FOR UDL BY DR. MAREN GUBE<\/a><\/p>\n\n\n\n<p>This project is the result of a collaboration with:<\/p>\n\n\n\n<p><a href=\"https:\/\/www.linkedin.com\/in\/marengube\/\">Dr. Maren Gube, project director<\/a><\/p>\n\n\n\n<p><a href=\"https:\/\/rqedi.com\/en\/\">The Quebec Interuniversity Equity Diversity Inclusion Network (RIQEDI)<\/a><\/p>\n\n\n\n<p><a href=\"https:\/\/institutedi2.ulaval.ca\/\">L\u2019Institut EDI2 (\u00c9quit\u00e9, Diversit\u00e9, Inclusion, Intersectionnalit\u00e9) de l\u2019Universit\u00e9 Laval<\/a><\/p>\n\n\n\n<p><a href=\"https:\/\/www.redcross.ca\/\">The Canadian Red Cross<\/a><\/p>\n\n\n<div class=\"wp-bootstrap-blocks-row row justify-content-center\">\r\n\t\n\r\n<div class=\"col-12 col-md-6\">\r\n\t<div class=\"h-100\">\r\n\t\t\n\n<figure class=\"wp-block-image aligncenter\"><img loading=\"lazy\" decoding=\"async\" width=\"300\" height=\"108\" src=\"https:\/\/aqeips.org\/wp-content\/uploads\/2023\/10\/Logos-CUA-300x108.jpg\" alt=\"List of Logo from AQEIPS, The Quebec Interuniversity Equity Diversity Inclusion Network, Canadian red cross, Canada.ca &amp; Institut EDI2 \u00c9quit\u00e9, Diversit\u00e9, Inclusion, Intersectionnalit\u00e9\n\" class=\"wp-image-603\" srcset=\"https:\/\/aqeips.org\/wp-content\/uploads\/2023\/10\/Logos-CUA-300x108.jpg 300w, https:\/\/aqeips.org\/wp-content\/uploads\/2023\/10\/Logos-CUA.jpg 738w\" sizes=\"auto, (max-width: 300px) 100vw, 300px\" \/><\/figure>\n\n\t<\/div>\r\n<\/div>\r\n\n<\/div>\r\n\n\n<div class=\"wp-bootstrap-blocks-row row\">\r\n\t\n\r\n<div class=\"col-12 col-md-12\">\r\n\t<div class=\"h-100\">\r\n\t\t\n\n<div style=\"height:2.5em\" aria-hidden=\"true\" class=\"wp-block-spacer\"><\/div>\n\n\n\n<hr class=\"wp-block-separator has-alpha-channel-opacity is-style-wide\"\/>\n\n\n\n<div style=\"height:2.5em\" aria-hidden=\"true\" class=\"wp-block-spacer\"><\/div>\n\n\t<\/div>\r\n<\/div>\r\n\n<\/div>\r\n\n\n\n<div class=\"wp-block-query is-layout-flow wp-block-query-is-layout-flow\"><ul class=\"wp-block-post-template has-text-color has-blue-dark-color has-medium-font-size is-layout-flow wp-block-post-template-is-layout-flow\"><li class=\"wp-block-post post-1468 page type-page status-publish has-post-thumbnail hentry\">\n\n<div class=\"wp-block-columns is-layout-flex wp-container-core-columns-is-layout-9d6595d7 wp-block-columns-is-layout-flex\">\n<div class=\"wp-block-column is-vertically-aligned-center is-layout-flow wp-block-column-is-layout-flow\">\n<div class=\"wp-block-group is-content-justification-left is-layout-constrained wp-container-core-group-is-layout-8c890d92 wp-block-group-is-layout-constrained\"><h2 class=\"wp-block-post-title\">Online Resources for UDL<\/h2>\n\n<div class=\"wp-block-post-excerpt\"><p class=\"wp-block-post-excerpt__excerpt\">Curated Selection of Online Resources for UDL by Dr Maren Gube Links in English With this page one almost doesn\u2019t need anything else 3 \u00d7 3 grid with examples to all three networks and levels Recent list of Top 200 <\/p><\/div>\n\n\n<div style=\"height:1.5em\" aria-hidden=\"true\" class=\"wp-block-spacer\"><\/div>\n\n\n\n<div style=\"height:0px;width:0px\" aria-hidden=\"true\" class=\"wp-block-spacer\"><\/div>\n\n\n<a class=\"wp-block-read-more\" href=\"https:\/\/aqeips.org\/en\/projects\/completed-projects\/resource-page-on-universal-design-for-learning-udl\/online-resources-for-udl\/\" target=\"_self\">En savoir plus<span class=\"screen-reader-text\">: Online Resources for UDL<\/span><\/a><\/div>\n<\/div>\n\n\n\n<div class=\"wp-block-column is-layout-flow wp-block-column-is-layout-flow\" style=\"flex-basis:25%\"><figure class=\"wp-block-post-featured-image\"><a href=\"https:\/\/aqeips.org\/en\/projects\/completed-projects\/resource-page-on-universal-design-for-learning-udl\/online-resources-for-udl\/\" target=\"_self\"  ><img loading=\"lazy\" decoding=\"async\" width=\"1920\" height=\"1330\" src=\"https:\/\/aqeips.org\/wp-content\/uploads\/2021\/10\/tim-wildsmith-ressource-unsplash.jpg\" class=\"attachment-post-thumbnail size-post-thumbnail wp-post-image\" alt=\"Online Resources for UDL\" style=\"object-fit:cover;\" srcset=\"https:\/\/aqeips.org\/wp-content\/uploads\/2021\/10\/tim-wildsmith-ressource-unsplash.jpg 1920w, https:\/\/aqeips.org\/wp-content\/uploads\/2021\/10\/tim-wildsmith-ressource-unsplash-300x208.jpg 300w, https:\/\/aqeips.org\/wp-content\/uploads\/2021\/10\/tim-wildsmith-ressource-unsplash-1024x709.jpg 1024w, https:\/\/aqeips.org\/wp-content\/uploads\/2021\/10\/tim-wildsmith-ressource-unsplash-768x532.jpg 768w, https:\/\/aqeips.org\/wp-content\/uploads\/2021\/10\/tim-wildsmith-ressource-unsplash-1536x1064.jpg 1536w\" sizes=\"auto, (max-width: 1920px) 100vw, 1920px\" \/><\/a><\/figure><\/div>\n<\/div>\n\n\n\n<hr class=\"wp-block-separator has-text-color has-gray-light-color has-alpha-channel-opacity has-gray-light-background-color has-background is-style-wide\"\/>\n\n\n\n<div style=\"height:1.5em;width:0px\" aria-hidden=\"true\" class=\"wp-block-spacer\"><\/div>\n\n<\/li><\/ul>\n\n\n\n<\/div>\n","protected":false},"excerpt":{"rendered":"<p>From September to November 2020, AQEIPS and RIQEDI partnered up to work on a project presenting webinars, short videos and educational materials on inclusive pedagogy and UDL in the context of distance learning during a pandemic. The name of the...<br \/><a href=\"https:\/\/aqeips.org\/en\/projects\/completed-projects\/resource-page-on-universal-design-for-learning-udl\/\" class=\"read-more\">Read more <span class=\"sr-only\">about Resource page on Universal design for learning (UDL)<\/span><\/a><\/p>","protected":false},"author":3,"featured_media":1339,"parent":1393,"menu_order":0,"comment_status":"closed","ping_status":"closed","template":"templates\/side-nav.php","meta":{"_acf_changed":false,"footnotes":""},"class_list":["post-1464","page","type-page","status-publish","has-post-thumbnail","hentry"],"acf":[],"yoast_head":"<!-- This site is optimized with the Yoast SEO plugin v27.1.1 - https:\/\/yoast.com\/product\/yoast-seo-wordpress\/ -->\n<title>Resource page on Universal design for learning (UDL) - Quebec Association for Equity and Inclusion in Post-Secondary Education<\/title>\n<meta name=\"robots\" content=\"index, follow, max-snippet:-1, max-image-preview:large, max-video-preview:-1\" \/>\n<link rel=\"canonical\" href=\"https:\/\/aqeips.org\/en\/projects\/completed-projects\/resource-page-on-universal-design-for-learning-udl\/\" \/>\n<meta property=\"og:locale\" content=\"en_US\" \/>\n<meta property=\"og:type\" content=\"article\" \/>\n<meta property=\"og:title\" content=\"Resource page on Universal design for learning (UDL) - Quebec Association for Equity and Inclusion in Post-Secondary Education\" \/>\n<meta property=\"og:description\" content=\"From September to November 2020, AQEIPS and RIQEDI partnered up to work on a project presenting webinars, short videos and educational materials on inclusive pedagogy and UDL in the context of distance learning during a pandemic. The name of the\" \/>\n<meta property=\"og:url\" content=\"https:\/\/aqeips.org\/en\/projects\/completed-projects\/resource-page-on-universal-design-for-learning-udl\/\" \/>\n<meta property=\"og:site_name\" content=\"Quebec Association for Equity and Inclusion in Post-Secondary Education\" \/>\n<meta property=\"article:publisher\" content=\"https:\/\/fr-ca.facebook.com\/aqeips\/\" \/>\n<meta property=\"article:modified_time\" content=\"2023-10-18T17:21:36+00:00\" \/>\n<meta property=\"og:image\" content=\"https:\/\/aqeips.org\/wp-content\/uploads\/2021\/10\/tim-wildsmith-ressource-unsplash.jpg\" \/>\n\t<meta property=\"og:image:width\" content=\"1920\" \/>\n\t<meta property=\"og:image:height\" content=\"1330\" \/>\n\t<meta property=\"og:image:type\" content=\"image\/jpeg\" \/>\n<meta name=\"twitter:card\" content=\"summary_large_image\" \/>\n<meta name=\"twitter:site\" content=\"@aqeips\" \/>\n<meta name=\"twitter:label1\" content=\"Est. reading time\" \/>\n\t<meta name=\"twitter:data1\" content=\"2 minutes\" \/>\n<script type=\"application\/ld+json\" class=\"yoast-schema-graph\">{\"@context\":\"https:\/\/schema.org\",\"@graph\":[{\"@type\":\"WebPage\",\"@id\":\"https:\/\/aqeips.org\/en\/projects\/completed-projects\/resource-page-on-universal-design-for-learning-udl\/\",\"url\":\"https:\/\/aqeips.org\/en\/projects\/completed-projects\/resource-page-on-universal-design-for-learning-udl\/\",\"name\":\"Resource page on Universal design for learning (UDL) - Quebec Association for Equity and Inclusion in Post-Secondary Education\",\"isPartOf\":{\"@id\":\"https:\/\/aqeips.org\/#website\"},\"primaryImageOfPage\":{\"@id\":\"https:\/\/aqeips.org\/en\/projects\/completed-projects\/resource-page-on-universal-design-for-learning-udl\/#primaryimage\"},\"image\":{\"@id\":\"https:\/\/aqeips.org\/en\/projects\/completed-projects\/resource-page-on-universal-design-for-learning-udl\/#primaryimage\"},\"thumbnailUrl\":\"https:\/\/aqeips.org\/wp-content\/uploads\/2021\/10\/tim-wildsmith-ressource-unsplash.jpg\",\"datePublished\":\"2023-10-18T15:38:19+00:00\",\"dateModified\":\"2023-10-18T17:21:36+00:00\",\"breadcrumb\":{\"@id\":\"https:\/\/aqeips.org\/en\/projects\/completed-projects\/resource-page-on-universal-design-for-learning-udl\/#breadcrumb\"},\"inLanguage\":\"en-US\",\"potentialAction\":[{\"@type\":\"ReadAction\",\"target\":[\"https:\/\/aqeips.org\/en\/projects\/completed-projects\/resource-page-on-universal-design-for-learning-udl\/\"]}]},{\"@type\":\"ImageObject\",\"inLanguage\":\"en-US\",\"@id\":\"https:\/\/aqeips.org\/en\/projects\/completed-projects\/resource-page-on-universal-design-for-learning-udl\/#primaryimage\",\"url\":\"https:\/\/aqeips.org\/wp-content\/uploads\/2021\/10\/tim-wildsmith-ressource-unsplash.jpg\",\"contentUrl\":\"https:\/\/aqeips.org\/wp-content\/uploads\/2021\/10\/tim-wildsmith-ressource-unsplash.jpg\",\"width\":1920,\"height\":1330},{\"@type\":\"BreadcrumbList\",\"@id\":\"https:\/\/aqeips.org\/en\/projects\/completed-projects\/resource-page-on-universal-design-for-learning-udl\/#breadcrumb\",\"itemListElement\":[{\"@type\":\"ListItem\",\"position\":1,\"name\":\"Accueil\",\"item\":\"https:\/\/aqeips.org\/?lang=en\"},{\"@type\":\"ListItem\",\"position\":2,\"name\":\"Projects\",\"item\":\"https:\/\/aqeips.org\/en\/projects\/\"},{\"@type\":\"ListItem\",\"position\":3,\"name\":\"Completed Projects\",\"item\":\"https:\/\/aqeips.org\/en\/projects\/completed-projects\/\"},{\"@type\":\"ListItem\",\"position\":4,\"name\":\"Resource page on Universal design for learning (UDL)\"}]},{\"@type\":\"WebSite\",\"@id\":\"https:\/\/aqeips.org\/#website\",\"url\":\"https:\/\/aqeips.org\/\",\"name\":\"Quebec Association for Equity and Inclusion in Post-Secondary Education\",\"description\":\"AQEIPS\",\"publisher\":{\"@id\":\"https:\/\/aqeips.org\/#organization\"},\"potentialAction\":[{\"@type\":\"SearchAction\",\"target\":{\"@type\":\"EntryPoint\",\"urlTemplate\":\"https:\/\/aqeips.org\/?s={search_term_string}\"},\"query-input\":{\"@type\":\"PropertyValueSpecification\",\"valueRequired\":true,\"valueName\":\"search_term_string\"}}],\"inLanguage\":\"en-US\"},{\"@type\":\"Organization\",\"@id\":\"https:\/\/aqeips.org\/#organization\",\"name\":\"L\u2019Association qu\u00e9b\u00e9coise pour l\u2019\u00e9quit\u00e9 et l\u2019inclusion au postsecondaire\",\"alternateName\":\"AQEIPS\",\"url\":\"https:\/\/aqeips.org\/\",\"logo\":{\"@type\":\"ImageObject\",\"inLanguage\":\"en-US\",\"@id\":\"https:\/\/aqeips.org\/#\/schema\/logo\/image\/\",\"url\":\"https:\/\/aqeips.org\/wp-content\/uploads\/2023\/10\/Logo-de-lentite-AQEIPS.jpg\",\"contentUrl\":\"https:\/\/aqeips.org\/wp-content\/uploads\/2023\/10\/Logo-de-lentite-AQEIPS.jpg\",\"width\":696,\"height\":696,\"caption\":\"L\u2019Association qu\u00e9b\u00e9coise pour l\u2019\u00e9quit\u00e9 et l\u2019inclusion au postsecondaire\"},\"image\":{\"@id\":\"https:\/\/aqeips.org\/#\/schema\/logo\/image\/\"},\"sameAs\":[\"https:\/\/fr-ca.facebook.com\/aqeips\/\",\"https:\/\/x.com\/aqeips\",\"https:\/\/www.linkedin.com\/company\/aqeips---association-qu\u00e9b\u00e9coise-des-\u00e9tudiants-ayant-des-incapacit\u00e9s-au-postsecondaire\/?originalSubdomain=ca\",\"https:\/\/www.youtube.com\/channel\/UCFvl0P7dBP9jUPL89k-xXIg\"]}]}<\/script>\n<!-- \/ Yoast SEO plugin. -->","yoast_head_json":{"title":"Resource page on Universal design for learning (UDL) - Quebec Association for Equity and Inclusion in Post-Secondary Education","robots":{"index":"index","follow":"follow","max-snippet":"max-snippet:-1","max-image-preview":"max-image-preview:large","max-video-preview":"max-video-preview:-1"},"canonical":"https:\/\/aqeips.org\/en\/projects\/completed-projects\/resource-page-on-universal-design-for-learning-udl\/","og_locale":"en_US","og_type":"article","og_title":"Resource page on Universal design for learning (UDL) - Quebec Association for Equity and Inclusion in Post-Secondary Education","og_description":"From September to November 2020, AQEIPS and RIQEDI partnered up to work on a project presenting webinars, short videos and educational materials on inclusive pedagogy and UDL in the context of distance learning during a pandemic. The name of the","og_url":"https:\/\/aqeips.org\/en\/projects\/completed-projects\/resource-page-on-universal-design-for-learning-udl\/","og_site_name":"Quebec Association for Equity and Inclusion in Post-Secondary Education","article_publisher":"https:\/\/fr-ca.facebook.com\/aqeips\/","article_modified_time":"2023-10-18T17:21:36+00:00","og_image":[{"width":1920,"height":1330,"url":"https:\/\/aqeips.org\/wp-content\/uploads\/2021\/10\/tim-wildsmith-ressource-unsplash.jpg","type":"image\/jpeg"}],"twitter_card":"summary_large_image","twitter_site":"@aqeips","twitter_misc":{"Est. reading time":"2 minutes"},"schema":{"@context":"https:\/\/schema.org","@graph":[{"@type":"WebPage","@id":"https:\/\/aqeips.org\/en\/projects\/completed-projects\/resource-page-on-universal-design-for-learning-udl\/","url":"https:\/\/aqeips.org\/en\/projects\/completed-projects\/resource-page-on-universal-design-for-learning-udl\/","name":"Resource page on Universal design for learning (UDL) - Quebec Association for Equity and Inclusion in Post-Secondary Education","isPartOf":{"@id":"https:\/\/aqeips.org\/#website"},"primaryImageOfPage":{"@id":"https:\/\/aqeips.org\/en\/projects\/completed-projects\/resource-page-on-universal-design-for-learning-udl\/#primaryimage"},"image":{"@id":"https:\/\/aqeips.org\/en\/projects\/completed-projects\/resource-page-on-universal-design-for-learning-udl\/#primaryimage"},"thumbnailUrl":"https:\/\/aqeips.org\/wp-content\/uploads\/2021\/10\/tim-wildsmith-ressource-unsplash.jpg","datePublished":"2023-10-18T15:38:19+00:00","dateModified":"2023-10-18T17:21:36+00:00","breadcrumb":{"@id":"https:\/\/aqeips.org\/en\/projects\/completed-projects\/resource-page-on-universal-design-for-learning-udl\/#breadcrumb"},"inLanguage":"en-US","potentialAction":[{"@type":"ReadAction","target":["https:\/\/aqeips.org\/en\/projects\/completed-projects\/resource-page-on-universal-design-for-learning-udl\/"]}]},{"@type":"ImageObject","inLanguage":"en-US","@id":"https:\/\/aqeips.org\/en\/projects\/completed-projects\/resource-page-on-universal-design-for-learning-udl\/#primaryimage","url":"https:\/\/aqeips.org\/wp-content\/uploads\/2021\/10\/tim-wildsmith-ressource-unsplash.jpg","contentUrl":"https:\/\/aqeips.org\/wp-content\/uploads\/2021\/10\/tim-wildsmith-ressource-unsplash.jpg","width":1920,"height":1330},{"@type":"BreadcrumbList","@id":"https:\/\/aqeips.org\/en\/projects\/completed-projects\/resource-page-on-universal-design-for-learning-udl\/#breadcrumb","itemListElement":[{"@type":"ListItem","position":1,"name":"Accueil","item":"https:\/\/aqeips.org\/?lang=en"},{"@type":"ListItem","position":2,"name":"Projects","item":"https:\/\/aqeips.org\/en\/projects\/"},{"@type":"ListItem","position":3,"name":"Completed Projects","item":"https:\/\/aqeips.org\/en\/projects\/completed-projects\/"},{"@type":"ListItem","position":4,"name":"Resource page on Universal design for learning (UDL)"}]},{"@type":"WebSite","@id":"https:\/\/aqeips.org\/#website","url":"https:\/\/aqeips.org\/","name":"Quebec Association for Equity and Inclusion in Post-Secondary Education","description":"AQEIPS","publisher":{"@id":"https:\/\/aqeips.org\/#organization"},"potentialAction":[{"@type":"SearchAction","target":{"@type":"EntryPoint","urlTemplate":"https:\/\/aqeips.org\/?s={search_term_string}"},"query-input":{"@type":"PropertyValueSpecification","valueRequired":true,"valueName":"search_term_string"}}],"inLanguage":"en-US"},{"@type":"Organization","@id":"https:\/\/aqeips.org\/#organization","name":"L\u2019Association qu\u00e9b\u00e9coise pour l\u2019\u00e9quit\u00e9 et l\u2019inclusion au postsecondaire","alternateName":"AQEIPS","url":"https:\/\/aqeips.org\/","logo":{"@type":"ImageObject","inLanguage":"en-US","@id":"https:\/\/aqeips.org\/#\/schema\/logo\/image\/","url":"https:\/\/aqeips.org\/wp-content\/uploads\/2023\/10\/Logo-de-lentite-AQEIPS.jpg","contentUrl":"https:\/\/aqeips.org\/wp-content\/uploads\/2023\/10\/Logo-de-lentite-AQEIPS.jpg","width":696,"height":696,"caption":"L\u2019Association qu\u00e9b\u00e9coise pour l\u2019\u00e9quit\u00e9 et l\u2019inclusion au postsecondaire"},"image":{"@id":"https:\/\/aqeips.org\/#\/schema\/logo\/image\/"},"sameAs":["https:\/\/fr-ca.facebook.com\/aqeips\/","https:\/\/x.com\/aqeips","https:\/\/www.linkedin.com\/company\/aqeips---association-qu\u00e9b\u00e9coise-des-\u00e9tudiants-ayant-des-incapacit\u00e9s-au-postsecondaire\/?originalSubdomain=ca","https:\/\/www.youtube.com\/channel\/UCFvl0P7dBP9jUPL89k-xXIg"]}]}},"_links":{"self":[{"href":"https:\/\/aqeips.org\/en\/wp-json\/wp\/v2\/pages\/1464","targetHints":{"allow":["GET"]}}],"collection":[{"href":"https:\/\/aqeips.org\/en\/wp-json\/wp\/v2\/pages"}],"about":[{"href":"https:\/\/aqeips.org\/en\/wp-json\/wp\/v2\/types\/page"}],"author":[{"embeddable":true,"href":"https:\/\/aqeips.org\/en\/wp-json\/wp\/v2\/users\/3"}],"replies":[{"embeddable":true,"href":"https:\/\/aqeips.org\/en\/wp-json\/wp\/v2\/comments?post=1464"}],"version-history":[{"count":3,"href":"https:\/\/aqeips.org\/en\/wp-json\/wp\/v2\/pages\/1464\/revisions"}],"predecessor-version":[{"id":1475,"href":"https:\/\/aqeips.org\/en\/wp-json\/wp\/v2\/pages\/1464\/revisions\/1475"}],"up":[{"embeddable":true,"href":"https:\/\/aqeips.org\/en\/wp-json\/wp\/v2\/pages\/1393"}],"wp:featuredmedia":[{"embeddable":true,"href":"https:\/\/aqeips.org\/en\/wp-json\/wp\/v2\/media\/1339"}],"wp:attachment":[{"href":"https:\/\/aqeips.org\/en\/wp-json\/wp\/v2\/media?parent=1464"}],"curies":[{"name":"wp","href":"https:\/\/api.w.org\/{rel}","templated":true}]}}