{"id":1447,"date":"2023-10-18T11:05:47","date_gmt":"2023-10-18T15:05:47","guid":{"rendered":"https:\/\/aqeips.org\/?page_id=1447"},"modified":"2023-10-18T11:05:49","modified_gmt":"2023-10-18T15:05:49","slug":"site-map","status":"publish","type":"page","link":"https:\/\/aqeips.org\/en\/site-map\/","title":{"rendered":"Site map"},"content":{"rendered":"<div class=\"wsp-container\"><h2 class=\"wsp-pages-title\">Pages<\/h2>\n<ul class=\"wsp-pages-list\">\n<li class=\"page_item page-item-1357\"><a href=\"https:\/\/aqeips.org\/en\/\">Home<\/a><\/li>\n<li class=\"page_item page-item-4205\"><a href=\"https:\/\/aqeips.org\/en\/privacy-policy\/\">Privacy Policy<\/a><\/li>\n<li class=\"page_item page-item-1362 page_item_has_children\"><a href=\"https:\/\/aqeips.org\/en\/aqeips\/\">AQEIPS<\/a>\n<ul class='children'>\n\t<li class=\"page_item page-item-1364\"><a href=\"https:\/\/aqeips.org\/en\/aqeips\/about-us\/\">About us<\/a><\/li>\n\t<li class=\"page_item page-item-1366\"><a href=\"https:\/\/aqeips.org\/en\/aqeips\/our-team-2\/\">Our Board of directors<\/a><\/li>\n\t<li class=\"page_item page-item-2729\"><a href=\"https:\/\/aqeips.org\/en\/aqeips\/our-team\/\">The AQEIPS team<\/a><\/li>\n\t<li class=\"page_item page-item-4932\"><a href=\"https:\/\/aqeips.org\/en\/aqeips\/partners-2024\/\">Our partners<\/a><\/li>\n\t<li class=\"page_item page-item-1371\"><a href=\"https:\/\/aqeips.org\/en\/aqeips\/get-involved\/\">Get involved<\/a><\/li>\n<\/ul>\n<\/li>\n<li class=\"page_item page-item-1376 page_item_has_children\"><a href=\"https:\/\/aqeips.org\/en\/news-and-events\/\">News<\/a>\n<ul class='children'>\n\t<li class=\"page_item page-item-1388\"><a href=\"https:\/\/aqeips.org\/en\/news-and-events\/press-releases\/\">Articles<\/a><\/li>\n\t<li class=\"page_item page-item-4191\"><a href=\"https:\/\/aqeips.org\/en\/news-and-events\/news\/\">Research and reports<\/a><\/li>\n\t<li class=\"page_item page-item-1381\"><a href=\"https:\/\/aqeips.org\/en\/news-and-events\/archive\/\">Archives<\/a><\/li>\n<\/ul>\n<\/li>\n<li class=\"page_item page-item-1390 page_item_has_children\"><a href=\"https:\/\/aqeips.org\/en\/projects\/\">Projects<\/a>\n<ul class='children'>\n\t<li class=\"page_item page-item-1395 page_item_has_children\"><a href=\"https:\/\/aqeips.org\/en\/projects\/current-projects\/\">Current projects<\/a>\n\t<ul class='children'>\n\t\t<li class=\"page_item page-item-5946 page_item_has_children\"><a href=\"https:\/\/aqeips.org\/en\/projects\/current-projects\/art-qeips\/\">Art-QEIPS<\/a>\n\t\t<ul class='children'>\n\t\t\t<li class=\"page_item page-item-6670\"><a href=\"https:\/\/aqeips.org\/en\/projects\/current-projects\/art-qeips\/art-qeips-gallery\/\">Art-QEIPS Gallery<\/a><\/li>\n\t\t<\/ul>\n<\/li>\n\t\t<li class=\"page_item page-item-5690\"><a href=\"https:\/\/aqeips.org\/en\/projects\/current-projects\/spokesperson-project\/\">Spokesperson project<\/a><\/li>\n\t\t<li class=\"page_item page-item-3014\"><a href=\"https:\/\/aqeips.org\/en\/projects\/current-projects\/worbe-project-workplace-accessibility\/\">Workplace accessibility<\/a><\/li>\n\t\t<li class=\"page_item page-item-7574\"><a href=\"https:\/\/aqeips.org\/en\/projects\/current-projects\/video-project\/\">Video Project<\/a><\/li>\n\t<\/ul>\n<\/li>\n\t<li class=\"page_item page-item-1393 page_item_has_children\"><a href=\"https:\/\/aqeips.org\/en\/projects\/completed-projects\/\">Completed Projects<\/a>\n\t<ul class='children'>\n\t\t<li class=\"page_item page-item-3022\"><a href=\"https:\/\/aqeips.org\/en\/projects\/completed-projects\/collaboration-with-c-r-e-t-h-august-2023\/\">Collaboration with\u00a0C.R.E.T.H &#8211; August 2023\u00a0<\/a><\/li>\n\t\t<li class=\"page_item page-item-1464 page_item_has_children\"><a href=\"https:\/\/aqeips.org\/en\/projects\/completed-projects\/resource-page-on-universal-design-for-learning-udl\/\">Resource page on Universal design for learning (UDL)<\/a>\n\t\t<ul class='children'>\n\t\t\t<li class=\"page_item page-item-1468\"><a href=\"https:\/\/aqeips.org\/en\/projects\/completed-projects\/resource-page-on-universal-design-for-learning-udl\/online-resources-for-udl\/\">Online Resources for UDL<\/a><\/li>\n\t\t<\/ul>\n<\/li>\n\t\t<li class=\"page_item page-item-1470 page_item_has_children\"><a href=\"https:\/\/aqeips.org\/en\/projects\/completed-projects\/mcwd\/\">MCWD<\/a>\n\t\t<ul class='children'>\n\t\t\t<li class=\"page_item page-item-1476\"><a href=\"https:\/\/aqeips.org\/en\/projects\/completed-projects\/mcwd\/march-2020-project-update\/\">March 2020 Project Update<\/a><\/li>\n\t\t\t<li class=\"page_item page-item-1480\"><a href=\"https:\/\/aqeips.org\/en\/projects\/completed-projects\/mcwd\/july-2019-project-announcement\/\">July 2019 Project Announcement<\/a><\/li>\n\t\t<\/ul>\n<\/li>\n\t\t<li class=\"page_item page-item-3016\"><a href=\"https:\/\/aqeips.org\/en\/projects\/completed-projects\/research-project-in-collaboration-with-uqam\/\">Research project in collaboration with the SAC-UQAM<\/a><\/li>\n\t<\/ul>\n<\/li>\n\t<li class=\"page_item page-item-3867\"><a href=\"https:\/\/aqeips.org\/en\/projects\/podcast\/\">Podcast<\/a><\/li>\n<\/ul>\n<\/li>\n<li class=\"page_item page-item-1399 page_item_has_children\"><a href=\"https:\/\/aqeips.org\/en\/bursary-program\/\">Bursary program<\/a>\n<ul class='children'>\n\t<li class=\"page_item page-item-1409 page_item_has_children\"><a href=\"https:\/\/aqeips.org\/en\/bursary-program\/winners\/\">Bursary recipients<\/a>\n\t<ul class='children'>\n\t\t<li class=\"page_item page-item-6240\"><a href=\"https:\/\/aqeips.org\/en\/bursary-program\/winners\/bursary-program-2025\/\">Bursary Program 2025<\/a><\/li>\n\t\t<li class=\"page_item page-item-1504\"><a href=\"https:\/\/aqeips.org\/en\/bursary-program\/winners\/2024-2\/\">Bursary Program 2024<\/a><\/li>\n\t\t<li class=\"page_item page-item-4003\"><a href=\"https:\/\/aqeips.org\/en\/bursary-program\/winners\/bursary-program-2023\/\">Bursary Program 2023<\/a><\/li>\n\t\t<li class=\"page_item page-item-1520\"><a href=\"https:\/\/aqeips.org\/en\/bursary-program\/winners\/bursary-program-2022\/\">Bursary Program 2022<\/a><\/li>\n\t\t<li class=\"page_item page-item-1529\"><a href=\"https:\/\/aqeips.org\/en\/bursary-program\/winners\/bursary-program-2021\/\">Bursary Program 2021<\/a><\/li>\n\t\t<li class=\"page_item page-item-1531\"><a href=\"https:\/\/aqeips.org\/en\/bursary-program\/winners\/bursary-program-2020\/\">Bursary Program 2020<\/a><\/li>\n\t\t<li class=\"page_item page-item-1533\"><a href=\"https:\/\/aqeips.org\/en\/bursary-program\/winners\/bursary-program-2019\/\">Bursary Program 2019<\/a><\/li>\n\t\t<li class=\"page_item page-item-1535\"><a href=\"https:\/\/aqeips.org\/en\/bursary-program\/winners\/bursary-program-2018\/\">Bursary Program 2018<\/a><\/li>\n\t<\/ul>\n<\/li>\n\t<li class=\"page_item page-item-2757\"><a href=\"https:\/\/aqeips.org\/en\/bursary-program\/information\/\">Information<\/a><\/li>\n\t<li class=\"page_item page-item-1407 page_item_has_children\"><a href=\"https:\/\/aqeips.org\/en\/bursary-program\/donors\/\">Generous donors<\/a>\n\t<ul class='children'>\n\t\t<li class=\"page_item page-item-6040\"><a href=\"https:\/\/aqeips.org\/en\/bursary-program\/donors\/2025-donors\/\">2025 Donors<\/a><\/li>\n\t<\/ul>\n<\/li>\n\t<li class=\"page_item page-item-1438\"><a href=\"https:\/\/aqeips.org\/en\/bursary-program\/make-a-donation\/\">Make a donation<\/a><\/li>\n<\/ul>\n<\/li>\n<li class=\"page_item page-item-1425 page_item_has_children\"><a href=\"https:\/\/aqeips.org\/en\/resources\/\">Resources<\/a>\n<ul class='children'>\n\t<li class=\"page_item page-item-1428 page_item_has_children\"><a href=\"https:\/\/aqeips.org\/en\/resources\/academic-life\/\">Academic life<\/a>\n\t<ul class='children'>\n\t\t<li class=\"page_item page-item-2780\"><a href=\"https:\/\/aqeips.org\/en\/resources\/academic-life\/accessibility-services-in-universities\/\">Accessibility services in universities<\/a><\/li>\n\t\t<li class=\"page_item page-item-2783\"><a href=\"https:\/\/aqeips.org\/en\/resources\/academic-life\/accessibility-services-in-cegeps\/\">Accessibility services in c\u00e9geps<\/a><\/li>\n\t<\/ul>\n<\/li>\n\t<li class=\"page_item page-item-2795\"><a href=\"https:\/\/aqeips.org\/en\/resources\/financial-help\/\">Financial help<\/a><\/li>\n\t<li class=\"page_item page-item-5794\"><a href=\"https:\/\/aqeips.org\/en\/resources\/employment\/\">Employment<\/a><\/li>\n\t<li class=\"page_item page-item-1430\"><a href=\"https:\/\/aqeips.org\/en\/resources\/mental-health\/\">Mental Health<\/a><\/li>\n\t<li class=\"page_item page-item-4499\"><a href=\"https:\/\/aqeips.org\/en\/resources\/adaptive-technology\/\">Adaptive technology<\/a><\/li>\n\t<li class=\"page_item page-item-2600\"><a href=\"https:\/\/aqeips.org\/en\/resources\/other-resources\/\">Other resources<\/a><\/li>\n<\/ul>\n<\/li>\n<li class=\"page_item page-item-1440\"><a href=\"https:\/\/aqeips.org\/en\/contact-us\/\">Contact us<\/a><\/li>\n<li class=\"page_item page-item-1442\"><a href=\"https:\/\/aqeips.org\/en\/accessibility\/\">Accessibility<\/a><\/li>\n<li class=\"page_item page-item-1447\"><a href=\"https:\/\/aqeips.org\/en\/site-map\/\">Site map<\/a><\/li>\n<\/ul>\n<\/div>\n","protected":false},"excerpt":{"rendered":"<p>[wp_sitemap_page only=\"page\"]...<br \/><a href=\"https:\/\/aqeips.org\/en\/site-map\/\" class=\"read-more\">Read more <span class=\"sr-only\">about Site map<\/span><\/a><\/p>","protected":false},"author":3,"featured_media":0,"parent":0,"menu_order":21,"comment_status":"closed","ping_status":"closed","template":"templates\/fixed-width.php","meta":{"_acf_changed":false,"footnotes":""},"class_list":["post-1447","page","type-page","status-publish","hentry"],"acf":[],"yoast_head":"<!-- This site is optimized with the Yoast SEO plugin v27.1.1 - https:\/\/yoast.com\/product\/yoast-seo-wordpress\/ -->\n<title>Site map - Quebec Association for Equity and Inclusion in Post-Secondary Education<\/title>\n<meta name=\"robots\" content=\"index, follow, max-snippet:-1, max-image-preview:large, max-video-preview:-1\" \/>\n<link rel=\"canonical\" href=\"https:\/\/aqeips.org\/site-map\/?lang=en\" \/>\n<meta property=\"og:locale\" content=\"en_US\" \/>\n<meta property=\"og:type\" content=\"article\" \/>\n<meta property=\"og:title\" content=\"Site map - Quebec Association for Equity and Inclusion in Post-Secondary Education\" \/>\n<meta property=\"og:url\" content=\"https:\/\/aqeips.org\/site-map\/?lang=en\" \/>\n<meta property=\"og:site_name\" content=\"Quebec Association for Equity and Inclusion in Post-Secondary Education\" \/>\n<meta property=\"article:publisher\" content=\"https:\/\/fr-ca.facebook.com\/aqeips\/\" \/>\n<meta property=\"article:modified_time\" content=\"2023-10-18T15:05:49+00:00\" \/>\n<meta property=\"og:image\" content=\"https:\/\/aqeips.org\/wp-content\/uploads\/2023\/10\/Image-du-site-AQEIPS.jpg\" \/>\n\t<meta property=\"og:image:width\" content=\"1200\" \/>\n\t<meta property=\"og:image:height\" content=\"675\" \/>\n\t<meta property=\"og:image:type\" content=\"image\/jpeg\" \/>\n<meta name=\"twitter:card\" content=\"summary_large_image\" \/>\n<meta name=\"twitter:site\" content=\"@aqeips\" \/>\n<meta name=\"twitter:label1\" content=\"Est. reading time\" \/>\n\t<meta name=\"twitter:data1\" content=\"1 minute\" \/>\n<script type=\"application\/ld+json\" class=\"yoast-schema-graph\">{\"@context\":\"https:\/\/schema.org\",\"@graph\":[{\"@type\":\"WebPage\",\"@id\":\"https:\/\/aqeips.org\/site-map\/?lang=en\",\"url\":\"https:\/\/aqeips.org\/site-map\/?lang=en\",\"name\":\"Site map - Quebec Association for Equity and Inclusion in Post-Secondary Education\",\"isPartOf\":{\"@id\":\"https:\/\/aqeips.org\/#website\"},\"datePublished\":\"2023-10-18T15:05:47+00:00\",\"dateModified\":\"2023-10-18T15:05:49+00:00\",\"breadcrumb\":{\"@id\":\"https:\/\/aqeips.org\/site-map\/?lang=en#breadcrumb\"},\"inLanguage\":\"en-US\",\"potentialAction\":[{\"@type\":\"ReadAction\",\"target\":[\"https:\/\/aqeips.org\/site-map\/?lang=en\"]}]},{\"@type\":\"BreadcrumbList\",\"@id\":\"https:\/\/aqeips.org\/site-map\/?lang=en#breadcrumb\",\"itemListElement\":[{\"@type\":\"ListItem\",\"position\":1,\"name\":\"Accueil\",\"item\":\"https:\/\/aqeips.org\/?lang=en\"},{\"@type\":\"ListItem\",\"position\":2,\"name\":\"Site map\"}]},{\"@type\":\"WebSite\",\"@id\":\"https:\/\/aqeips.org\/#website\",\"url\":\"https:\/\/aqeips.org\/\",\"name\":\"Quebec Association for Equity and Inclusion in Post-Secondary Education\",\"description\":\"AQEIPS\",\"publisher\":{\"@id\":\"https:\/\/aqeips.org\/#organization\"},\"potentialAction\":[{\"@type\":\"SearchAction\",\"target\":{\"@type\":\"EntryPoint\",\"urlTemplate\":\"https:\/\/aqeips.org\/?s={search_term_string}\"},\"query-input\":{\"@type\":\"PropertyValueSpecification\",\"valueRequired\":true,\"valueName\":\"search_term_string\"}}],\"inLanguage\":\"en-US\"},{\"@type\":\"Organization\",\"@id\":\"https:\/\/aqeips.org\/#organization\",\"name\":\"L\u2019Association qu\u00e9b\u00e9coise pour l\u2019\u00e9quit\u00e9 et l\u2019inclusion au postsecondaire\",\"alternateName\":\"AQEIPS\",\"url\":\"https:\/\/aqeips.org\/\",\"logo\":{\"@type\":\"ImageObject\",\"inLanguage\":\"en-US\",\"@id\":\"https:\/\/aqeips.org\/#\/schema\/logo\/image\/\",\"url\":\"https:\/\/aqeips.org\/wp-content\/uploads\/2023\/10\/Logo-de-lentite-AQEIPS.jpg\",\"contentUrl\":\"https:\/\/aqeips.org\/wp-content\/uploads\/2023\/10\/Logo-de-lentite-AQEIPS.jpg\",\"width\":696,\"height\":696,\"caption\":\"L\u2019Association qu\u00e9b\u00e9coise pour l\u2019\u00e9quit\u00e9 et l\u2019inclusion au postsecondaire\"},\"image\":{\"@id\":\"https:\/\/aqeips.org\/#\/schema\/logo\/image\/\"},\"sameAs\":[\"https:\/\/fr-ca.facebook.com\/aqeips\/\",\"https:\/\/x.com\/aqeips\",\"https:\/\/www.linkedin.com\/company\/aqeips---association-qu\u00e9b\u00e9coise-des-\u00e9tudiants-ayant-des-incapacit\u00e9s-au-postsecondaire\/?originalSubdomain=ca\",\"https:\/\/www.youtube.com\/channel\/UCFvl0P7dBP9jUPL89k-xXIg\"]}]}<\/script>\n<!-- \/ Yoast SEO plugin. -->","yoast_head_json":{"title":"Site map - Quebec Association for Equity and Inclusion in Post-Secondary Education","robots":{"index":"index","follow":"follow","max-snippet":"max-snippet:-1","max-image-preview":"max-image-preview:large","max-video-preview":"max-video-preview:-1"},"canonical":"https:\/\/aqeips.org\/site-map\/?lang=en","og_locale":"en_US","og_type":"article","og_title":"Site map - Quebec Association for Equity and Inclusion in Post-Secondary Education","og_url":"https:\/\/aqeips.org\/site-map\/?lang=en","og_site_name":"Quebec Association for Equity and Inclusion in Post-Secondary Education","article_publisher":"https:\/\/fr-ca.facebook.com\/aqeips\/","article_modified_time":"2023-10-18T15:05:49+00:00","og_image":[{"width":1200,"height":675,"url":"https:\/\/aqeips.org\/wp-content\/uploads\/2023\/10\/Image-du-site-AQEIPS.jpg","type":"image\/jpeg"}],"twitter_card":"summary_large_image","twitter_site":"@aqeips","twitter_misc":{"Est. reading time":"1 minute"},"schema":{"@context":"https:\/\/schema.org","@graph":[{"@type":"WebPage","@id":"https:\/\/aqeips.org\/site-map\/?lang=en","url":"https:\/\/aqeips.org\/site-map\/?lang=en","name":"Site map - Quebec Association for Equity and Inclusion in Post-Secondary Education","isPartOf":{"@id":"https:\/\/aqeips.org\/#website"},"datePublished":"2023-10-18T15:05:47+00:00","dateModified":"2023-10-18T15:05:49+00:00","breadcrumb":{"@id":"https:\/\/aqeips.org\/site-map\/?lang=en#breadcrumb"},"inLanguage":"en-US","potentialAction":[{"@type":"ReadAction","target":["https:\/\/aqeips.org\/site-map\/?lang=en"]}]},{"@type":"BreadcrumbList","@id":"https:\/\/aqeips.org\/site-map\/?lang=en#breadcrumb","itemListElement":[{"@type":"ListItem","position":1,"name":"Accueil","item":"https:\/\/aqeips.org\/?lang=en"},{"@type":"ListItem","position":2,"name":"Site map"}]},{"@type":"WebSite","@id":"https:\/\/aqeips.org\/#website","url":"https:\/\/aqeips.org\/","name":"Quebec Association for Equity and Inclusion in Post-Secondary Education","description":"AQEIPS","publisher":{"@id":"https:\/\/aqeips.org\/#organization"},"potentialAction":[{"@type":"SearchAction","target":{"@type":"EntryPoint","urlTemplate":"https:\/\/aqeips.org\/?s={search_term_string}"},"query-input":{"@type":"PropertyValueSpecification","valueRequired":true,"valueName":"search_term_string"}}],"inLanguage":"en-US"},{"@type":"Organization","@id":"https:\/\/aqeips.org\/#organization","name":"L\u2019Association qu\u00e9b\u00e9coise pour l\u2019\u00e9quit\u00e9 et l\u2019inclusion au postsecondaire","alternateName":"AQEIPS","url":"https:\/\/aqeips.org\/","logo":{"@type":"ImageObject","inLanguage":"en-US","@id":"https:\/\/aqeips.org\/#\/schema\/logo\/image\/","url":"https:\/\/aqeips.org\/wp-content\/uploads\/2023\/10\/Logo-de-lentite-AQEIPS.jpg","contentUrl":"https:\/\/aqeips.org\/wp-content\/uploads\/2023\/10\/Logo-de-lentite-AQEIPS.jpg","width":696,"height":696,"caption":"L\u2019Association qu\u00e9b\u00e9coise pour l\u2019\u00e9quit\u00e9 et l\u2019inclusion au postsecondaire"},"image":{"@id":"https:\/\/aqeips.org\/#\/schema\/logo\/image\/"},"sameAs":["https:\/\/fr-ca.facebook.com\/aqeips\/","https:\/\/x.com\/aqeips","https:\/\/www.linkedin.com\/company\/aqeips---association-qu\u00e9b\u00e9coise-des-\u00e9tudiants-ayant-des-incapacit\u00e9s-au-postsecondaire\/?originalSubdomain=ca","https:\/\/www.youtube.com\/channel\/UCFvl0P7dBP9jUPL89k-xXIg"]}]}},"_links":{"self":[{"href":"https:\/\/aqeips.org\/en\/wp-json\/wp\/v2\/pages\/1447","targetHints":{"allow":["GET"]}}],"collection":[{"href":"https:\/\/aqeips.org\/en\/wp-json\/wp\/v2\/pages"}],"about":[{"href":"https:\/\/aqeips.org\/en\/wp-json\/wp\/v2\/types\/page"}],"author":[{"embeddable":true,"href":"https:\/\/aqeips.org\/en\/wp-json\/wp\/v2\/users\/3"}],"replies":[{"embeddable":true,"href":"https:\/\/aqeips.org\/en\/wp-json\/wp\/v2\/comments?post=1447"}],"version-history":[{"count":1,"href":"https:\/\/aqeips.org\/en\/wp-json\/wp\/v2\/pages\/1447\/revisions"}],"predecessor-version":[{"id":1448,"href":"https:\/\/aqeips.org\/en\/wp-json\/wp\/v2\/pages\/1447\/revisions\/1448"}],"wp:attachment":[{"href":"https:\/\/aqeips.org\/en\/wp-json\/wp\/v2\/media?parent=1447"}],"curies":[{"name":"wp","href":"https:\/\/api.w.org\/{rel}","templated":true}]}}