{"id":1438,"date":"2023-10-18T10:52:47","date_gmt":"2023-10-18T14:52:17","guid":{"rendered":"https:\/\/aqeips.org\/?page_id=1438"},"modified":"2025-12-11T05:54:36","modified_gmt":"2025-12-11T10:54:36","slug":"make-a-donation","status":"publish","type":"page","link":"https:\/\/aqeips.org\/en\/bursary-program\/make-a-donation\/","title":{"rendered":"Make a donation"},"content":{"rendered":"<div class=\"wp-bootstrap-blocks-container container mb-2\">\r\n\t\n\n<p class=\"has-text-align-center has-blue-color has-text-color has-link-color wp-elements-1eea28dbb7e80d0b03b0f5e1c2274e4d\" style=\"font-size:18px\"><strong>\u2193 Scroll down to view our visibility plan \u2193<\/strong><\/p>\n\n\n\n<div style=\"height:30px\" aria-hidden=\"true\" class=\"wp-block-spacer\"><\/div>\n\n\n\n<p class=\"has-white-color has-blue-background-color has-text-color has-background has-link-color wp-elements-154e8791151c980c7db06ae7b76efc20\">Charity number: 875839169 RR 002<\/p>\n\n\n\n<div class=\"wp-block-buttons has-custom-font-size has-medium-font-size is-content-justification-center is-layout-flex wp-container-core-buttons-is-layout-16018d1d wp-block-buttons-is-layout-flex\">\n<div class=\"wp-block-button has-custom-font-size is-style-light-button\" style=\"font-size:16px\"><a class=\"wp-block-button__link wp-element-button\" href=\"https:\/\/www.zeffy.com\/en-CA\/donation-form\/06ac487b-05f5-4b2f-86ad-8a949a596358\" target=\"_blank\" rel=\"noreferrer noopener\">Click here to DONATE and support students with disabilities<\/a><\/div>\n<\/div>\n\n\n\n<div class=\"wp-block-group is-layout-constrained wp-block-group-is-layout-constrained\">\n<div style=\"height:30px\" aria-hidden=\"true\" class=\"wp-block-spacer\"><\/div>\n\n\n<div class=\"wp-bootstrap-blocks-row row\">\r\n\t\n\r\n<div class=\"col-12 col-md-4\">\r\n\t<div class=\"h-100\">\r\n\t\t\n\n<figure class=\"wp-block-image aligncenter size-large is-resized\"><img loading=\"lazy\" decoding=\"async\" width=\"1024\" height=\"1024\" src=\"https:\/\/aqeips.org\/wp-content\/uploads\/2023\/12\/AQEIPS_Fond-transparent_logotype-1024x1024.png\" alt=\"AQEIPS logo\" class=\"wp-image-2966\" style=\"aspect-ratio:1;object-fit:cover;width:200px\" srcset=\"https:\/\/aqeips.org\/wp-content\/uploads\/2023\/12\/AQEIPS_Fond-transparent_logotype-1024x1024.png 1024w, https:\/\/aqeips.org\/wp-content\/uploads\/2023\/12\/AQEIPS_Fond-transparent_logotype-300x300.png 300w, https:\/\/aqeips.org\/wp-content\/uploads\/2023\/12\/AQEIPS_Fond-transparent_logotype-150x150.png 150w, https:\/\/aqeips.org\/wp-content\/uploads\/2023\/12\/AQEIPS_Fond-transparent_logotype-768x768.png 768w, https:\/\/aqeips.org\/wp-content\/uploads\/2023\/12\/AQEIPS_Fond-transparent_logotype.png 1285w\" sizes=\"auto, (max-width: 1024px) 100vw, 1024px\" \/><\/figure>\n\n\t<\/div>\r\n<\/div>\r\n\n\n\r\n<div class=\"col-12 col-md-8\">\r\n\t<div class=\"h-100\">\r\n\t\t\n\n<p style=\"font-size:16px\">United for successful inclusive practices in education, AQEIPS has been fighting for equal opportunities for students with disabilities (SWD) in post-secondary education since 1991.<\/p>\n\n\n\n<p style=\"font-size:16px\">We are working to build an inclusive society, where SWD can exit the cycle of poverty and isolation and have the same access to&nbsp;higher education as students without disabilities.&nbsp;<\/p>\n\n\n\n<p><a href=\"https:\/\/aqeips.org\/aqeips\/about-us\/?lang=en\">Learn more about our mission -&gt;<\/a><\/p>\n\n\t<\/div>\r\n<\/div>\r\n\n<\/div>\r\n<\/div>\n\n\n\n<div style=\"height:50px\" aria-hidden=\"true\" class=\"wp-block-spacer\"><\/div>\n\n\n\n<p style=\"font-size:18px\"><strong>OR send a cheque to the following address :<\/strong><\/p>\n\n\n\n<p class=\"has-blue-color has-text-color has-link-color wp-elements-4cbc50223924ff8d6343c00d43cb0150\"><strong>AQEIPS (Quebec association for equity and inclusion in post-secondary education)<\/strong><\/p>\n\n\n\n<p class=\"has-blue-color has-text-color has-link-color wp-elements-289098ce8a29b5c230ea10159d783417\"><strong>407-7000 Park avenue<\/strong><\/p>\n\n\n\n<p class=\"has-blue-color has-text-color has-link-color wp-elements-f537fc98d07c5a99b92081e6afe59887\"><strong>Montreal (Quebec) H3N 1X1<\/strong><\/p>\n\n\n\n<div style=\"height:30px\" aria-hidden=\"true\" class=\"wp-block-spacer\"><\/div>\n\n\n\n<hr class=\"wp-block-separator has-alpha-channel-opacity is-style-wide\"\/>\n\n\n\n<div style=\"height:25px\" aria-hidden=\"true\" class=\"wp-block-spacer\"><\/div>\n\n\n\n<figure data-wp-context=\"{&quot;imageId&quot;:&quot;69f22bfa6e711&quot;}\" data-wp-interactive=\"core\/image\" data-wp-key=\"69f22bfa6e711\" class=\"wp-block-image aligncenter size-full wp-lightbox-container\"><img loading=\"lazy\" decoding=\"async\" width=\"1529\" height=\"2000\" data-wp-class--hide=\"state.isContentHidden\" data-wp-class--show=\"state.isContentVisible\" data-wp-init=\"callbacks.setButtonStyles\" data-wp-on--click=\"actions.showLightbox\" data-wp-on--load=\"callbacks.setButtonStyles\" data-wp-on-window--resize=\"callbacks.setButtonStyles\" src=\"https:\/\/aqeips.org\/wp-content\/uploads\/2024\/10\/Plan-de-visibilite-1.png\" alt=\"\" class=\"wp-image-4576\" srcset=\"https:\/\/aqeips.org\/wp-content\/uploads\/2024\/10\/Plan-de-visibilite-1.png 1529w, https:\/\/aqeips.org\/wp-content\/uploads\/2024\/10\/Plan-de-visibilite-1-783x1024.png 783w, https:\/\/aqeips.org\/wp-content\/uploads\/2024\/10\/Plan-de-visibilite-1-1376x1800.png 1376w, https:\/\/aqeips.org\/wp-content\/uploads\/2024\/10\/Plan-de-visibilite-1-768x1005.png 768w, https:\/\/aqeips.org\/wp-content\/uploads\/2024\/10\/Plan-de-visibilite-1-1174x1536.png 1174w\" sizes=\"auto, (max-width: 1529px) 100vw, 1529px\" \/><button\n\t\t\tclass=\"lightbox-trigger\"\n\t\t\ttype=\"button\"\n\t\t\taria-haspopup=\"dialog\"\n\t\t\taria-label=\"Enlarge\"\n\t\t\tdata-wp-init=\"callbacks.initTriggerButton\"\n\t\t\tdata-wp-on--click=\"actions.showLightbox\"\n\t\t\tdata-wp-style--right=\"state.imageButtonRight\"\n\t\t\tdata-wp-style--top=\"state.imageButtonTop\"\n\t\t>\n\t\t\t<svg xmlns=\"http:\/\/www.w3.org\/2000\/svg\" width=\"12\" height=\"12\" fill=\"none\" viewBox=\"0 0 12 12\">\n\t\t\t\t<path fill=\"#fff\" d=\"M2 0a2 2 0 0 0-2 2v2h1.5V2a.5.5 0 0 1 .5-.5h2V0H2Zm2 10.5H2a.5.5 0 0 1-.5-.5V8H0v2a2 2 0 0 0 2 2h2v-1.5ZM8 12v-1.5h2a.5.5 0 0 0 .5-.5V8H12v2a2 2 0 0 1-2 2H8Zm2-12a2 2 0 0 1 2 2v2h-1.5V2a.5.5 0 0 0-.5-.5H8V0h2Z\" \/>\n\t\t\t<\/svg>\n\t\t<\/button><\/figure>\n\n\n\n<div style=\"height:25px\" aria-hidden=\"true\" class=\"wp-block-spacer\"><\/div>\n\n<\/div>\r\n","protected":false},"excerpt":{"rendered":"<p>\u2193 Scroll down to view our visibility plan \u2193 Charity number: 875839169 RR 002 Click here to DONATE and support students with disabilities United for successful inclusive practices in education, AQEIPS has been fighting for equal opportunities for students with...<br \/><a href=\"https:\/\/aqeips.org\/en\/bursary-program\/make-a-donation\/\" class=\"read-more\">Read more <span class=\"sr-only\">about Make a donation<\/span><\/a><\/p>","protected":false},"author":3,"featured_media":0,"parent":1399,"menu_order":6,"comment_status":"closed","ping_status":"closed","template":"templates\/side-nav.php","meta":{"_acf_changed":false,"footnotes":""},"class_list":["post-1438","page","type-page","status-publish","hentry"],"acf":[],"yoast_head":"<!-- This site is optimized with the Yoast SEO plugin v27.1.1 - https:\/\/yoast.com\/product\/yoast-seo-wordpress\/ -->\n<title>Make a donation - Quebec Association for Equity and Inclusion in Post-Secondary Education<\/title>\n<meta name=\"robots\" content=\"index, follow, max-snippet:-1, max-image-preview:large, max-video-preview:-1\" \/>\n<link rel=\"canonical\" href=\"https:\/\/aqeips.org\/en\/bursary-program\/make-a-donation\/\" \/>\n<meta property=\"og:locale\" content=\"en_US\" \/>\n<meta property=\"og:type\" content=\"article\" \/>\n<meta property=\"og:title\" content=\"Make a donation - Quebec Association for Equity and Inclusion in Post-Secondary Education\" \/>\n<meta property=\"og:url\" content=\"https:\/\/aqeips.org\/en\/bursary-program\/make-a-donation\/\" \/>\n<meta property=\"og:site_name\" content=\"Quebec Association for Equity and Inclusion in Post-Secondary Education\" \/>\n<meta property=\"article:publisher\" content=\"https:\/\/fr-ca.facebook.com\/aqeips\/\" \/>\n<meta property=\"article:modified_time\" content=\"2025-12-11T10:54:36+00:00\" \/>\n<meta property=\"og:image\" content=\"https:\/\/aqeips.org\/wp-content\/uploads\/2023\/12\/AQEIPS_Fond-transparent_logotype.png\" \/>\n\t<meta property=\"og:image:width\" content=\"1285\" \/>\n\t<meta property=\"og:image:height\" content=\"1285\" \/>\n\t<meta property=\"og:image:type\" content=\"image\/png\" \/>\n<meta name=\"twitter:card\" content=\"summary_large_image\" \/>\n<meta name=\"twitter:site\" content=\"@aqeips\" \/>\n<meta name=\"twitter:label1\" content=\"Est. reading time\" \/>\n\t<meta name=\"twitter:data1\" content=\"1 minute\" \/>\n<script type=\"application\/ld+json\" class=\"yoast-schema-graph\">{\"@context\":\"https:\/\/schema.org\",\"@graph\":[{\"@type\":\"WebPage\",\"@id\":\"https:\/\/aqeips.org\/en\/bursary-program\/make-a-donation\/\",\"url\":\"https:\/\/aqeips.org\/en\/bursary-program\/make-a-donation\/\",\"name\":\"Make a donation - Quebec Association for Equity and Inclusion in Post-Secondary Education\",\"isPartOf\":{\"@id\":\"https:\/\/aqeips.org\/#website\"},\"primaryImageOfPage\":{\"@id\":\"https:\/\/aqeips.org\/en\/bursary-program\/make-a-donation\/#primaryimage\"},\"image\":{\"@id\":\"https:\/\/aqeips.org\/en\/bursary-program\/make-a-donation\/#primaryimage\"},\"thumbnailUrl\":\"https:\/\/aqeips.org\/wp-content\/uploads\/2023\/12\/AQEIPS_Fond-transparent_logotype-1024x1024.png\",\"datePublished\":\"2023-10-18T14:52:17+00:00\",\"dateModified\":\"2025-12-11T10:54:36+00:00\",\"breadcrumb\":{\"@id\":\"https:\/\/aqeips.org\/en\/bursary-program\/make-a-donation\/#breadcrumb\"},\"inLanguage\":\"en-US\",\"potentialAction\":[{\"@type\":\"ReadAction\",\"target\":[\"https:\/\/aqeips.org\/en\/bursary-program\/make-a-donation\/\"]}]},{\"@type\":\"ImageObject\",\"inLanguage\":\"en-US\",\"@id\":\"https:\/\/aqeips.org\/en\/bursary-program\/make-a-donation\/#primaryimage\",\"url\":\"https:\/\/aqeips.org\/wp-content\/uploads\/2023\/12\/AQEIPS_Fond-transparent_logotype-1024x1024.png\",\"contentUrl\":\"https:\/\/aqeips.org\/wp-content\/uploads\/2023\/12\/AQEIPS_Fond-transparent_logotype-1024x1024.png\"},{\"@type\":\"BreadcrumbList\",\"@id\":\"https:\/\/aqeips.org\/en\/bursary-program\/make-a-donation\/#breadcrumb\",\"itemListElement\":[{\"@type\":\"ListItem\",\"position\":1,\"name\":\"Accueil\",\"item\":\"https:\/\/aqeips.org\/?lang=en\"},{\"@type\":\"ListItem\",\"position\":2,\"name\":\"Bursary program\",\"item\":\"https:\/\/aqeips.org\/en\/bursary-program\/\"},{\"@type\":\"ListItem\",\"position\":3,\"name\":\"Make a donation\"}]},{\"@type\":\"WebSite\",\"@id\":\"https:\/\/aqeips.org\/#website\",\"url\":\"https:\/\/aqeips.org\/\",\"name\":\"Quebec Association for Equity and Inclusion in Post-Secondary Education\",\"description\":\"AQEIPS\",\"publisher\":{\"@id\":\"https:\/\/aqeips.org\/#organization\"},\"potentialAction\":[{\"@type\":\"SearchAction\",\"target\":{\"@type\":\"EntryPoint\",\"urlTemplate\":\"https:\/\/aqeips.org\/?s={search_term_string}\"},\"query-input\":{\"@type\":\"PropertyValueSpecification\",\"valueRequired\":true,\"valueName\":\"search_term_string\"}}],\"inLanguage\":\"en-US\"},{\"@type\":\"Organization\",\"@id\":\"https:\/\/aqeips.org\/#organization\",\"name\":\"L\u2019Association qu\u00e9b\u00e9coise pour l\u2019\u00e9quit\u00e9 et l\u2019inclusion au postsecondaire\",\"alternateName\":\"AQEIPS\",\"url\":\"https:\/\/aqeips.org\/\",\"logo\":{\"@type\":\"ImageObject\",\"inLanguage\":\"en-US\",\"@id\":\"https:\/\/aqeips.org\/#\/schema\/logo\/image\/\",\"url\":\"https:\/\/aqeips.org\/wp-content\/uploads\/2023\/10\/Logo-de-lentite-AQEIPS.jpg\",\"contentUrl\":\"https:\/\/aqeips.org\/wp-content\/uploads\/2023\/10\/Logo-de-lentite-AQEIPS.jpg\",\"width\":696,\"height\":696,\"caption\":\"L\u2019Association qu\u00e9b\u00e9coise pour l\u2019\u00e9quit\u00e9 et l\u2019inclusion au postsecondaire\"},\"image\":{\"@id\":\"https:\/\/aqeips.org\/#\/schema\/logo\/image\/\"},\"sameAs\":[\"https:\/\/fr-ca.facebook.com\/aqeips\/\",\"https:\/\/x.com\/aqeips\",\"https:\/\/www.linkedin.com\/company\/aqeips---association-qu\u00e9b\u00e9coise-des-\u00e9tudiants-ayant-des-incapacit\u00e9s-au-postsecondaire\/?originalSubdomain=ca\",\"https:\/\/www.youtube.com\/channel\/UCFvl0P7dBP9jUPL89k-xXIg\"]}]}<\/script>\n<!-- \/ Yoast SEO plugin. -->","yoast_head_json":{"title":"Make a donation - Quebec Association for Equity and Inclusion in Post-Secondary Education","robots":{"index":"index","follow":"follow","max-snippet":"max-snippet:-1","max-image-preview":"max-image-preview:large","max-video-preview":"max-video-preview:-1"},"canonical":"https:\/\/aqeips.org\/en\/bursary-program\/make-a-donation\/","og_locale":"en_US","og_type":"article","og_title":"Make a donation - Quebec Association for Equity and Inclusion in Post-Secondary Education","og_url":"https:\/\/aqeips.org\/en\/bursary-program\/make-a-donation\/","og_site_name":"Quebec Association for Equity and Inclusion in Post-Secondary Education","article_publisher":"https:\/\/fr-ca.facebook.com\/aqeips\/","article_modified_time":"2025-12-11T10:54:36+00:00","og_image":[{"width":1285,"height":1285,"url":"https:\/\/aqeips.org\/wp-content\/uploads\/2023\/12\/AQEIPS_Fond-transparent_logotype.png","type":"image\/png"}],"twitter_card":"summary_large_image","twitter_site":"@aqeips","twitter_misc":{"Est. reading time":"1 minute"},"schema":{"@context":"https:\/\/schema.org","@graph":[{"@type":"WebPage","@id":"https:\/\/aqeips.org\/en\/bursary-program\/make-a-donation\/","url":"https:\/\/aqeips.org\/en\/bursary-program\/make-a-donation\/","name":"Make a donation - Quebec Association for Equity and Inclusion in Post-Secondary Education","isPartOf":{"@id":"https:\/\/aqeips.org\/#website"},"primaryImageOfPage":{"@id":"https:\/\/aqeips.org\/en\/bursary-program\/make-a-donation\/#primaryimage"},"image":{"@id":"https:\/\/aqeips.org\/en\/bursary-program\/make-a-donation\/#primaryimage"},"thumbnailUrl":"https:\/\/aqeips.org\/wp-content\/uploads\/2023\/12\/AQEIPS_Fond-transparent_logotype-1024x1024.png","datePublished":"2023-10-18T14:52:17+00:00","dateModified":"2025-12-11T10:54:36+00:00","breadcrumb":{"@id":"https:\/\/aqeips.org\/en\/bursary-program\/make-a-donation\/#breadcrumb"},"inLanguage":"en-US","potentialAction":[{"@type":"ReadAction","target":["https:\/\/aqeips.org\/en\/bursary-program\/make-a-donation\/"]}]},{"@type":"ImageObject","inLanguage":"en-US","@id":"https:\/\/aqeips.org\/en\/bursary-program\/make-a-donation\/#primaryimage","url":"https:\/\/aqeips.org\/wp-content\/uploads\/2023\/12\/AQEIPS_Fond-transparent_logotype-1024x1024.png","contentUrl":"https:\/\/aqeips.org\/wp-content\/uploads\/2023\/12\/AQEIPS_Fond-transparent_logotype-1024x1024.png"},{"@type":"BreadcrumbList","@id":"https:\/\/aqeips.org\/en\/bursary-program\/make-a-donation\/#breadcrumb","itemListElement":[{"@type":"ListItem","position":1,"name":"Accueil","item":"https:\/\/aqeips.org\/?lang=en"},{"@type":"ListItem","position":2,"name":"Bursary program","item":"https:\/\/aqeips.org\/en\/bursary-program\/"},{"@type":"ListItem","position":3,"name":"Make a donation"}]},{"@type":"WebSite","@id":"https:\/\/aqeips.org\/#website","url":"https:\/\/aqeips.org\/","name":"Quebec Association for Equity and Inclusion in Post-Secondary Education","description":"AQEIPS","publisher":{"@id":"https:\/\/aqeips.org\/#organization"},"potentialAction":[{"@type":"SearchAction","target":{"@type":"EntryPoint","urlTemplate":"https:\/\/aqeips.org\/?s={search_term_string}"},"query-input":{"@type":"PropertyValueSpecification","valueRequired":true,"valueName":"search_term_string"}}],"inLanguage":"en-US"},{"@type":"Organization","@id":"https:\/\/aqeips.org\/#organization","name":"L\u2019Association qu\u00e9b\u00e9coise pour l\u2019\u00e9quit\u00e9 et l\u2019inclusion au postsecondaire","alternateName":"AQEIPS","url":"https:\/\/aqeips.org\/","logo":{"@type":"ImageObject","inLanguage":"en-US","@id":"https:\/\/aqeips.org\/#\/schema\/logo\/image\/","url":"https:\/\/aqeips.org\/wp-content\/uploads\/2023\/10\/Logo-de-lentite-AQEIPS.jpg","contentUrl":"https:\/\/aqeips.org\/wp-content\/uploads\/2023\/10\/Logo-de-lentite-AQEIPS.jpg","width":696,"height":696,"caption":"L\u2019Association qu\u00e9b\u00e9coise pour l\u2019\u00e9quit\u00e9 et l\u2019inclusion au postsecondaire"},"image":{"@id":"https:\/\/aqeips.org\/#\/schema\/logo\/image\/"},"sameAs":["https:\/\/fr-ca.facebook.com\/aqeips\/","https:\/\/x.com\/aqeips","https:\/\/www.linkedin.com\/company\/aqeips---association-qu\u00e9b\u00e9coise-des-\u00e9tudiants-ayant-des-incapacit\u00e9s-au-postsecondaire\/?originalSubdomain=ca","https:\/\/www.youtube.com\/channel\/UCFvl0P7dBP9jUPL89k-xXIg"]}]}},"_links":{"self":[{"href":"https:\/\/aqeips.org\/en\/wp-json\/wp\/v2\/pages\/1438","targetHints":{"allow":["GET"]}}],"collection":[{"href":"https:\/\/aqeips.org\/en\/wp-json\/wp\/v2\/pages"}],"about":[{"href":"https:\/\/aqeips.org\/en\/wp-json\/wp\/v2\/types\/page"}],"author":[{"embeddable":true,"href":"https:\/\/aqeips.org\/en\/wp-json\/wp\/v2\/users\/3"}],"replies":[{"embeddable":true,"href":"https:\/\/aqeips.org\/en\/wp-json\/wp\/v2\/comments?post=1438"}],"version-history":[{"count":10,"href":"https:\/\/aqeips.org\/en\/wp-json\/wp\/v2\/pages\/1438\/revisions"}],"predecessor-version":[{"id":7547,"href":"https:\/\/aqeips.org\/en\/wp-json\/wp\/v2\/pages\/1438\/revisions\/7547"}],"up":[{"embeddable":true,"href":"https:\/\/aqeips.org\/en\/wp-json\/wp\/v2\/pages\/1399"}],"wp:attachment":[{"href":"https:\/\/aqeips.org\/en\/wp-json\/wp\/v2\/media?parent=1438"}],"curies":[{"name":"wp","href":"https:\/\/api.w.org\/{rel}","templated":true}]}}