{"id":1430,"date":"2023-10-18T10:49:07","date_gmt":"2023-10-18T14:49:07","guid":{"rendered":"https:\/\/aqeips.org\/?page_id=1430"},"modified":"2023-12-14T13:33:37","modified_gmt":"2023-12-14T18:33:37","slug":"mental-health","status":"publish","type":"page","link":"https:\/\/aqeips.org\/en\/resources\/mental-health\/","title":{"rendered":"Mental Health"},"content":{"rendered":"<div class=\"wp-bootstrap-blocks-container container mb-2\">\r\n\t\n\n<p>This section contains tools to help you take care of your mental health.<\/p>\n\n\n\n<p>They were created by Maggie Leclerc, undergraduate psychology student at Universit\u00e9 du Qu\u00e9bec \u00e0 Trois-Rivi\u00e8res. She was hired by AQEIPS in 2021 thanks to a Canada Summer Jobs grant to create this page. The resources and tools are available for your personal use or for reproduction in an educational context only.<\/p>\n\n<\/div>\r\n\n\n\n<div style=\"height:4em\" aria-hidden=\"true\" class=\"wp-block-spacer\"><\/div>\n\n\n\r\n<div class=\"text-media-logo\">\r\n    <div class=\"row g-0\">\r\n        <div class=\"col-lg \" data-aos=\"fade-right\">\r\n            <div class=\"text-media-logo-media\">\r\n                                    <img decoding=\"async\" src=\"https:\/\/aqeips.org\/wp-content\/uploads\/2023\/09\/donation.jpg\" alt=\"\">\r\n                            <\/div>\r\n        <\/div>\r\n        <div class=\"position-relative col-lg d-flex flex-column align-items-stretch justify-content-center\" data-aos=\"fade-left\">\r\n            <div class=\"text-media-logo-content\">\r\n                <div class=\"text-media-logo-heading\">\r\n                    \r\n                                            <h3 class=\"main-title h2\">Mental Health Guide (French Only)<\/h3>\r\n                                    <\/div>\r\n\r\n                                    <p>This guide contains tools to help you take care of your mental health. It was created by Maggie Leclerc, a bachelor&#8217;s student in psychology at the Universit\u00e9 du Qu\u00e9bec \u00e0 Trois-Rivi\u00e8res. She was hired by AQEIPS in 2021 thanks to a Canada Summer Jobs grant to create a mental health support page on the AQEIPS website as well as this guide. These resources and tools are available for your personal use or reproduction in an educational context only.<br \/>\r\n<br \/>\r\nHappy reading!<\/p>\r\n                \r\n                                                <a href=\"https:\/\/aqeips.org\/wp-content\/uploads\/2023\/10\/FINAL-Guide-sante-mentale-AQEIPS-1.pdf\" class=\"btn btn-icon\" _blank>\r\n                    Mental health guide Document in French                <\/a>\r\n                            <\/div>\r\n            <svg class=\"text-media-logo-logo\" width=\"247\" height=\"337\" viewBox=\"0 0 247 337\" fill=\"none\" xmlns=\"http:\/\/www.w3.org\/2000\/svg\">\r\n                <path fill-rule=\"evenodd\" clip-rule=\"evenodd\" d=\"M129.004 0.515875L243.078 52.7191V52.7444C247.547 54.3141 247.624 58.466 243.256 60.1369L235.713 63.7319V102.745C238.481 104.365 240.361 107.277 240.361 110.669C240.361 114.416 238.075 117.606 234.799 119.074C237.897 123.277 240.056 131.378 240.056 134.948V142.948C240.056 142.948 234.799 144.746 230.812 144.746C226.825 144.746 221.721 142.948 221.721 142.948V134.948C221.721 131.378 223.879 123.302 226.978 119.074C223.702 117.606 221.416 114.416 221.416 110.669C221.416 107.277 223.295 104.365 226.063 102.745V68.3396L190.663 85.2765V64.5927C148.304 43.5038 98.1497 43.5038 55.7912 64.5927V85.3778L3.22392 60.2129C-1.19478 58.5167 -1.04241 54.3141 3.50326 52.7697L122.884 0.490558C124.814 -0.167679 127.1 -0.167679 129.004 0.515875ZM190.987 300.491C196.56 300.491 200.987 298.361 204.269 294.127V294.077C205.389 292.606 206.381 291.009 207.297 289.361H230.909C228.314 300.212 224.345 309.77 219.002 318.086C211.953 329.039 202.437 334.515 190.478 334.515C188.112 334.515 185.644 334.313 183.023 333.907C177.96 333.172 171.98 331.422 165.059 328.608L138.623 318.847C136.18 317.96 133.177 317.123 129.641 316.388C126.104 315.652 123.483 315.272 121.804 315.272C116.995 315.272 112.746 317.072 109.031 320.647C105.316 324.222 102.67 329.673 101.067 337H79.1844C80.6093 327.214 82.6703 318.771 85.3165 311.697C87.9627 304.624 91.245 298.818 95.1126 294.305C96.8174 292.353 98.5222 290.705 100.252 289.234C100.227 289.234 100.201 289.183 100.201 289.183L116.944 274.909C92.0593 273.845 72.7724 266.467 59.1342 252.75C39.2875 234.521 29.3642 208.94 29.3642 173.927C29.3642 138.913 39.2875 112.647 59.1342 95.1026C73.9428 80.2455 95.3162 72.8169 123.305 72.8169C151.294 72.8169 172.693 80.2455 187.476 95.1026C207.221 112.647 217.093 139.623 217.093 173.927C217.093 208.23 207.221 234.521 187.476 252.75C185.517 254.703 183.43 256.553 181.242 258.252C176.229 262.562 165.085 271.233 142.897 285.482C143.063 285.545 143.241 285.596 143.419 285.647C143.597 285.697 143.775 285.748 143.94 285.811L173.405 296.916C176.866 298.209 180.199 299.147 183.456 299.68C186.713 300.237 189.206 300.491 190.987 300.491ZM70.0498 173.876C70.0498 195.376 74.8843 211.982 84.5277 223.645L84.5532 223.695C94.2221 235.358 107.148 241.189 123.356 241.189C133.508 241.189 142.363 238.882 149.92 234.293C147.63 239.719 144.653 245.677 140.785 251.787C160.123 236.093 169.588 211.323 170.606 208.585C174.347 198.95 176.204 187.415 176.204 173.901C176.204 152.478 171.446 135.896 161.93 124.183C152.413 112.47 139.539 106.613 123.33 106.613C107.122 106.613 94.1712 112.444 84.5277 124.107C74.8843 135.77 70.0498 152.376 70.0498 173.876Z\"\/>\r\n            <\/svg>\r\n        <\/div>\r\n    <\/div>\r\n<\/div>\r\n\n\n\n<div style=\"height:4em\" aria-hidden=\"true\" class=\"wp-block-spacer\"><\/div>\n\n\n<div class=\"wp-bootstrap-blocks-container container mb-2\">\r\n\t\n\n<h2 class=\"wp-block-heading has-text-align-center wp-embed-aspect-16-9 wp-has-aspect-ratio\">Understanding Stress to Better Prevent it<br>(In French Only)<\/h2>\n\n\n\n<figure class=\"wp-block-image aligncenter size-full\"><img loading=\"lazy\" decoding=\"async\" width=\"1024\" height=\"576\" src=\"https:\/\/aqeips.org\/wp-content\/uploads\/2023\/10\/PUB-28-IMAGE-1024x576-1.png\" alt=\"Le stress, comprendre pour mieux pr\u00e9venir. Jeudi le 28 octobre 2021 de 13h30 \u00e0 15h00 HNE. Anim\u00e9e par Maggie Leclerc, \u00e9tudiante au baccalaur\u00e9at en psychologie \u00e0 l'Universit\u00e9 du Qu\u00e9bec \u00e0 Trois-Rivi\u00e8res (UQTR) et intervenante en sant\u00e9 mentale \u00e0 l'AQEIPS.\" class=\"wp-image-1148\" srcset=\"https:\/\/aqeips.org\/wp-content\/uploads\/2023\/10\/PUB-28-IMAGE-1024x576-1.png 1024w, https:\/\/aqeips.org\/wp-content\/uploads\/2023\/10\/PUB-28-IMAGE-1024x576-1-300x169.png 300w, https:\/\/aqeips.org\/wp-content\/uploads\/2023\/10\/PUB-28-IMAGE-1024x576-1-768x432.png 768w\" sizes=\"auto, (max-width: 1024px) 100vw, 1024px\" \/><\/figure>\n\n\n<div class=\"wp-bootstrap-blocks-row row wp-embed-aspect-16-9 wp-has-aspect-ratio justify-content-center\">\r\n\t\n\r\n<div class=\"col-12 col-md-6\">\r\n\t<div class=\"h-100\">\r\n\t\t\n\n<figure class=\"wp-block-embed is-type-video is-provider-youtube wp-block-embed-youtube\"><div style=\"display: contents;\" >\n\n<div data-mode=\"normal\" data-oembed=\"1\" data-provider=\"youtube\" id=\"arve-youtube-dtxnpf1lypk\" class=\"arve\">\n\t<div class=\"arve-inner\">\n\t\t<div style=\"aspect-ratio:500\/281\" class=\"arve-embed arve-embed--has-aspect-ratio\">\n\t\t\t<div class=\"arve-ar\" style=\"padding-top:56.200000%\"><\/div>\n\t\t\t<iframe allow=\"accelerometer &apos;none&apos;;autoplay &apos;none&apos;;bluetooth &apos;none&apos;;browsing-topics &apos;none&apos;;camera &apos;none&apos;;clipboard-read &apos;none&apos;;clipboard-write;display-capture &apos;none&apos;;encrypted-media &apos;none&apos;;gamepad &apos;none&apos;;geolocation &apos;none&apos;;gyroscope &apos;none&apos;;hid &apos;none&apos;;identity-credentials-get &apos;none&apos;;idle-detection &apos;none&apos;;keyboard-map &apos;none&apos;;local-fonts;magnetometer &apos;none&apos;;microphone &apos;none&apos;;midi &apos;none&apos;;otp-credentials &apos;none&apos;;payment &apos;none&apos;;picture-in-picture;publickey-credentials-create &apos;none&apos;;publickey-credentials-get &apos;none&apos;;screen-wake-lock &apos;none&apos;;serial &apos;none&apos;;summarizer &apos;none&apos;;sync-xhr;usb &apos;none&apos;;web-share;window-management &apos;none&apos;;xr-spatial-tracking &apos;none&apos;;\" allowfullscreen=\"\" class=\"arve-iframe fitvidsignore\" credentialless data-arve=\"arve-youtube-dtxnpf1lypk\" data-lenis-prevent=\"\" data-src-no-ap=\"https:\/\/www.youtube-nocookie.com\/embed\/DtXnPF1Lypk?feature=oembed&amp;iv_load_policy=3&amp;modestbranding=1&amp;rel=0&amp;autohide=1&amp;playsinline=0&amp;autoplay=0\" frameborder=\"0\" height=\"0\" loading=\"lazy\" name=\"\" referrerpolicy=\"strict-origin-when-cross-origin\" sandbox=\"allow-scripts allow-same-origin allow-presentation allow-popups allow-popups-to-escape-sandbox\" scrolling=\"no\" src=\"https:\/\/www.youtube-nocookie.com\/embed\/DtXnPF1Lypk?feature=oembed&#038;iv_load_policy=3&#038;modestbranding=1&#038;rel=0&#038;autohide=1&#038;playsinline=0&#038;autoplay=0\" title=\"\" width=\"0\"><\/iframe>\n\t\t\t\n\t\t<\/div>\n\t\t\n\t<\/div>\n\t\n\t\n\t<script type=\"application\/ld+json\">{\"@context\":\"http:\\\/\\\/schema.org\\\/\",\"@id\":\"https:\\\/\\\/aqeips.org\\\/en\\\/resources\\\/mental-health\\\/#arve-youtube-dtxnpf1lypk\",\"type\":\"VideoObject\",\"embedURL\":\"https:\\\/\\\/www.youtube-nocookie.com\\\/embed\\\/DtXnPF1Lypk?feature=oembed&iv_load_policy=3&modestbranding=1&rel=0&autohide=1&playsinline=0&autoplay=0\"}<\/script>\n\t\n<\/div>\n<\/div><\/figure>\n\n\t<\/div>\r\n<\/div>\r\n\n<\/div>\r\n\n\n\n<div class=\"wp-block-buttons wp-embed-aspect-16-9 wp-has-aspect-ratio is-content-justification-center is-layout-flex wp-container-core-buttons-is-layout-16018d1d wp-block-buttons-is-layout-flex\">\n<div class=\"wp-block-button\"><a class=\"wp-block-button__link wp-element-button\" href=\"https:\/\/aqeips.org\/wp-content\/uploads\/2023\/10\/FR-FINAL-le-stress-version-abregee.pptx\">Download the Powerpoint<\/a><\/div>\n<\/div>\n\n<\/div>\r\n","protected":false},"excerpt":{"rendered":"<p>This section contains tools to help you take care of your mental health. They were created by Maggie Leclerc, undergraduate psychology student at Universit\u00e9 du Qu\u00e9bec \u00e0 Trois-Rivi\u00e8res. She was hired by AQEIPS in 2021 thanks to a Canada Summer...<br \/><a href=\"https:\/\/aqeips.org\/en\/resources\/mental-health\/\" class=\"read-more\">Read more <span class=\"sr-only\">about Mental Health<\/span><\/a><\/p>","protected":false},"author":3,"featured_media":2261,"parent":1425,"menu_order":7,"comment_status":"closed","ping_status":"closed","template":"templates\/side-nav.php","meta":{"_acf_changed":false,"footnotes":""},"class_list":["post-1430","page","type-page","status-publish","has-post-thumbnail","hentry"],"acf":[],"yoast_head":"<!-- This site is optimized with the Yoast SEO plugin v27.1.1 - https:\/\/yoast.com\/product\/yoast-seo-wordpress\/ -->\n<title>Mental Health - Quebec Association for Equity and Inclusion in Post-Secondary Education<\/title>\n<meta name=\"robots\" content=\"index, follow, max-snippet:-1, max-image-preview:large, max-video-preview:-1\" \/>\n<link rel=\"canonical\" href=\"https:\/\/aqeips.org\/resources\/mental-health\/?lang=en\" \/>\n<meta property=\"og:locale\" content=\"en_US\" \/>\n<meta property=\"og:type\" content=\"article\" \/>\n<meta property=\"og:title\" content=\"Mental Health - Quebec Association for Equity and Inclusion in Post-Secondary Education\" \/>\n<meta property=\"og:url\" content=\"https:\/\/aqeips.org\/resources\/mental-health\/?lang=en\" \/>\n<meta property=\"og:site_name\" content=\"Quebec Association for Equity and Inclusion in Post-Secondary Education\" \/>\n<meta property=\"article:publisher\" content=\"https:\/\/fr-ca.facebook.com\/aqeips\/\" \/>\n<meta property=\"article:modified_time\" content=\"2023-12-14T18:33:37+00:00\" \/>\n<meta property=\"og:image\" content=\"https:\/\/aqeips.org\/wp-content\/uploads\/2023\/12\/pexels-leeloo-thefirst-7304974-scaled.jpg\" \/>\n\t<meta property=\"og:image:width\" content=\"2560\" \/>\n\t<meta property=\"og:image:height\" content=\"1709\" \/>\n\t<meta property=\"og:image:type\" content=\"image\/jpeg\" \/>\n<meta name=\"twitter:card\" content=\"summary_large_image\" \/>\n<meta name=\"twitter:site\" content=\"@aqeips\" \/>\n<meta name=\"twitter:label1\" content=\"Est. reading time\" \/>\n\t<meta name=\"twitter:data1\" content=\"1 minute\" \/>\n<script type=\"application\/ld+json\" class=\"yoast-schema-graph\">{\"@context\":\"https:\/\/schema.org\",\"@graph\":[{\"@type\":\"WebPage\",\"@id\":\"https:\/\/aqeips.org\/resources\/mental-health\/?lang=en\",\"url\":\"https:\/\/aqeips.org\/resources\/mental-health\/?lang=en\",\"name\":\"Mental Health - Quebec Association for Equity and Inclusion in Post-Secondary Education\",\"isPartOf\":{\"@id\":\"https:\/\/aqeips.org\/#website\"},\"primaryImageOfPage\":{\"@id\":\"https:\/\/aqeips.org\/resources\/mental-health\/?lang=en#primaryimage\"},\"image\":{\"@id\":\"https:\/\/aqeips.org\/resources\/mental-health\/?lang=en#primaryimage\"},\"thumbnailUrl\":\"https:\/\/aqeips.org\/wp-content\/uploads\/2023\/12\/pexels-leeloo-thefirst-7304974-scaled.jpg\",\"datePublished\":\"2023-10-18T14:49:07+00:00\",\"dateModified\":\"2023-12-14T18:33:37+00:00\",\"breadcrumb\":{\"@id\":\"https:\/\/aqeips.org\/resources\/mental-health\/?lang=en#breadcrumb\"},\"inLanguage\":\"en-US\",\"potentialAction\":[{\"@type\":\"ReadAction\",\"target\":[\"https:\/\/aqeips.org\/resources\/mental-health\/?lang=en\"]}]},{\"@type\":\"ImageObject\",\"inLanguage\":\"en-US\",\"@id\":\"https:\/\/aqeips.org\/resources\/mental-health\/?lang=en#primaryimage\",\"url\":\"https:\/\/aqeips.org\/wp-content\/uploads\/2023\/12\/pexels-leeloo-thefirst-7304974-scaled.jpg\",\"contentUrl\":\"https:\/\/aqeips.org\/wp-content\/uploads\/2023\/12\/pexels-leeloo-thefirst-7304974-scaled.jpg\",\"width\":2560,\"height\":1709},{\"@type\":\"BreadcrumbList\",\"@id\":\"https:\/\/aqeips.org\/resources\/mental-health\/?lang=en#breadcrumb\",\"itemListElement\":[{\"@type\":\"ListItem\",\"position\":1,\"name\":\"Accueil\",\"item\":\"https:\/\/aqeips.org\/?lang=en\"},{\"@type\":\"ListItem\",\"position\":2,\"name\":\"Resources\",\"item\":\"https:\/\/aqeips.org\/resources\/?lang=en\"},{\"@type\":\"ListItem\",\"position\":3,\"name\":\"Mental Health\"}]},{\"@type\":\"WebSite\",\"@id\":\"https:\/\/aqeips.org\/#website\",\"url\":\"https:\/\/aqeips.org\/\",\"name\":\"Quebec Association for Equity and Inclusion in Post-Secondary Education\",\"description\":\"AQEIPS\",\"publisher\":{\"@id\":\"https:\/\/aqeips.org\/#organization\"},\"potentialAction\":[{\"@type\":\"SearchAction\",\"target\":{\"@type\":\"EntryPoint\",\"urlTemplate\":\"https:\/\/aqeips.org\/?s={search_term_string}\"},\"query-input\":{\"@type\":\"PropertyValueSpecification\",\"valueRequired\":true,\"valueName\":\"search_term_string\"}}],\"inLanguage\":\"en-US\"},{\"@type\":\"Organization\",\"@id\":\"https:\/\/aqeips.org\/#organization\",\"name\":\"L\u2019Association qu\u00e9b\u00e9coise pour l\u2019\u00e9quit\u00e9 et l\u2019inclusion au postsecondaire\",\"alternateName\":\"AQEIPS\",\"url\":\"https:\/\/aqeips.org\/\",\"logo\":{\"@type\":\"ImageObject\",\"inLanguage\":\"en-US\",\"@id\":\"https:\/\/aqeips.org\/#\/schema\/logo\/image\/\",\"url\":\"https:\/\/aqeips.org\/wp-content\/uploads\/2023\/10\/Logo-de-lentite-AQEIPS.jpg\",\"contentUrl\":\"https:\/\/aqeips.org\/wp-content\/uploads\/2023\/10\/Logo-de-lentite-AQEIPS.jpg\",\"width\":696,\"height\":696,\"caption\":\"L\u2019Association qu\u00e9b\u00e9coise pour l\u2019\u00e9quit\u00e9 et l\u2019inclusion au postsecondaire\"},\"image\":{\"@id\":\"https:\/\/aqeips.org\/#\/schema\/logo\/image\/\"},\"sameAs\":[\"https:\/\/fr-ca.facebook.com\/aqeips\/\",\"https:\/\/x.com\/aqeips\",\"https:\/\/www.linkedin.com\/company\/aqeips---association-qu\u00e9b\u00e9coise-des-\u00e9tudiants-ayant-des-incapacit\u00e9s-au-postsecondaire\/?originalSubdomain=ca\",\"https:\/\/www.youtube.com\/channel\/UCFvl0P7dBP9jUPL89k-xXIg\"]}]}<\/script>\n<!-- \/ Yoast SEO plugin. -->","yoast_head_json":{"title":"Mental Health - Quebec Association for Equity and Inclusion in Post-Secondary Education","robots":{"index":"index","follow":"follow","max-snippet":"max-snippet:-1","max-image-preview":"max-image-preview:large","max-video-preview":"max-video-preview:-1"},"canonical":"https:\/\/aqeips.org\/resources\/mental-health\/?lang=en","og_locale":"en_US","og_type":"article","og_title":"Mental Health - Quebec Association for Equity and Inclusion in Post-Secondary Education","og_url":"https:\/\/aqeips.org\/resources\/mental-health\/?lang=en","og_site_name":"Quebec Association for Equity and Inclusion in Post-Secondary Education","article_publisher":"https:\/\/fr-ca.facebook.com\/aqeips\/","article_modified_time":"2023-12-14T18:33:37+00:00","og_image":[{"width":2560,"height":1709,"url":"https:\/\/aqeips.org\/wp-content\/uploads\/2023\/12\/pexels-leeloo-thefirst-7304974-scaled.jpg","type":"image\/jpeg"}],"twitter_card":"summary_large_image","twitter_site":"@aqeips","twitter_misc":{"Est. reading time":"1 minute"},"schema":{"@context":"https:\/\/schema.org","@graph":[{"@type":"WebPage","@id":"https:\/\/aqeips.org\/resources\/mental-health\/?lang=en","url":"https:\/\/aqeips.org\/resources\/mental-health\/?lang=en","name":"Mental Health - Quebec Association for Equity and Inclusion in Post-Secondary Education","isPartOf":{"@id":"https:\/\/aqeips.org\/#website"},"primaryImageOfPage":{"@id":"https:\/\/aqeips.org\/resources\/mental-health\/?lang=en#primaryimage"},"image":{"@id":"https:\/\/aqeips.org\/resources\/mental-health\/?lang=en#primaryimage"},"thumbnailUrl":"https:\/\/aqeips.org\/wp-content\/uploads\/2023\/12\/pexels-leeloo-thefirst-7304974-scaled.jpg","datePublished":"2023-10-18T14:49:07+00:00","dateModified":"2023-12-14T18:33:37+00:00","breadcrumb":{"@id":"https:\/\/aqeips.org\/resources\/mental-health\/?lang=en#breadcrumb"},"inLanguage":"en-US","potentialAction":[{"@type":"ReadAction","target":["https:\/\/aqeips.org\/resources\/mental-health\/?lang=en"]}]},{"@type":"ImageObject","inLanguage":"en-US","@id":"https:\/\/aqeips.org\/resources\/mental-health\/?lang=en#primaryimage","url":"https:\/\/aqeips.org\/wp-content\/uploads\/2023\/12\/pexels-leeloo-thefirst-7304974-scaled.jpg","contentUrl":"https:\/\/aqeips.org\/wp-content\/uploads\/2023\/12\/pexels-leeloo-thefirst-7304974-scaled.jpg","width":2560,"height":1709},{"@type":"BreadcrumbList","@id":"https:\/\/aqeips.org\/resources\/mental-health\/?lang=en#breadcrumb","itemListElement":[{"@type":"ListItem","position":1,"name":"Accueil","item":"https:\/\/aqeips.org\/?lang=en"},{"@type":"ListItem","position":2,"name":"Resources","item":"https:\/\/aqeips.org\/resources\/?lang=en"},{"@type":"ListItem","position":3,"name":"Mental Health"}]},{"@type":"WebSite","@id":"https:\/\/aqeips.org\/#website","url":"https:\/\/aqeips.org\/","name":"Quebec Association for Equity and Inclusion in Post-Secondary Education","description":"AQEIPS","publisher":{"@id":"https:\/\/aqeips.org\/#organization"},"potentialAction":[{"@type":"SearchAction","target":{"@type":"EntryPoint","urlTemplate":"https:\/\/aqeips.org\/?s={search_term_string}"},"query-input":{"@type":"PropertyValueSpecification","valueRequired":true,"valueName":"search_term_string"}}],"inLanguage":"en-US"},{"@type":"Organization","@id":"https:\/\/aqeips.org\/#organization","name":"L\u2019Association qu\u00e9b\u00e9coise pour l\u2019\u00e9quit\u00e9 et l\u2019inclusion au postsecondaire","alternateName":"AQEIPS","url":"https:\/\/aqeips.org\/","logo":{"@type":"ImageObject","inLanguage":"en-US","@id":"https:\/\/aqeips.org\/#\/schema\/logo\/image\/","url":"https:\/\/aqeips.org\/wp-content\/uploads\/2023\/10\/Logo-de-lentite-AQEIPS.jpg","contentUrl":"https:\/\/aqeips.org\/wp-content\/uploads\/2023\/10\/Logo-de-lentite-AQEIPS.jpg","width":696,"height":696,"caption":"L\u2019Association qu\u00e9b\u00e9coise pour l\u2019\u00e9quit\u00e9 et l\u2019inclusion au postsecondaire"},"image":{"@id":"https:\/\/aqeips.org\/#\/schema\/logo\/image\/"},"sameAs":["https:\/\/fr-ca.facebook.com\/aqeips\/","https:\/\/x.com\/aqeips","https:\/\/www.linkedin.com\/company\/aqeips---association-qu\u00e9b\u00e9coise-des-\u00e9tudiants-ayant-des-incapacit\u00e9s-au-postsecondaire\/?originalSubdomain=ca","https:\/\/www.youtube.com\/channel\/UCFvl0P7dBP9jUPL89k-xXIg"]}]}},"_links":{"self":[{"href":"https:\/\/aqeips.org\/en\/wp-json\/wp\/v2\/pages\/1430","targetHints":{"allow":["GET"]}}],"collection":[{"href":"https:\/\/aqeips.org\/en\/wp-json\/wp\/v2\/pages"}],"about":[{"href":"https:\/\/aqeips.org\/en\/wp-json\/wp\/v2\/types\/page"}],"author":[{"embeddable":true,"href":"https:\/\/aqeips.org\/en\/wp-json\/wp\/v2\/users\/3"}],"replies":[{"embeddable":true,"href":"https:\/\/aqeips.org\/en\/wp-json\/wp\/v2\/comments?post=1430"}],"version-history":[{"count":8,"href":"https:\/\/aqeips.org\/en\/wp-json\/wp\/v2\/pages\/1430\/revisions"}],"predecessor-version":[{"id":2598,"href":"https:\/\/aqeips.org\/en\/wp-json\/wp\/v2\/pages\/1430\/revisions\/2598"}],"up":[{"embeddable":true,"href":"https:\/\/aqeips.org\/en\/wp-json\/wp\/v2\/pages\/1425"}],"wp:featuredmedia":[{"embeddable":true,"href":"https:\/\/aqeips.org\/en\/wp-json\/wp\/v2\/media\/2261"}],"wp:attachment":[{"href":"https:\/\/aqeips.org\/en\/wp-json\/wp\/v2\/media?parent=1430"}],"curies":[{"name":"wp","href":"https:\/\/api.w.org\/{rel}","templated":true}]}}