{"id":1409,"date":"2023-11-18T10:06:47","date_gmt":"2023-10-18T14:06:45","guid":{"rendered":"https:\/\/aqeips.org\/?page_id=1409"},"modified":"2025-10-29T09:46:50","modified_gmt":"2025-10-29T13:46:50","slug":"winners","status":"publish","type":"page","link":"https:\/\/aqeips.org\/en\/bursary-program\/winners\/","title":{"rendered":"Bursary recipients"},"content":{"rendered":"<div class=\"wp-bootstrap-blocks-container container mb-2\">\r\n\t\n\n<div class=\"wp-block-query is-layout-flow wp-block-query-is-layout-flow\"><ul class=\"columns-2 wp-block-post-template has-text-color has-blue-dark-color is-layout-grid wp-container-core-post-template-is-layout-17361a50 wp-block-post-template-is-layout-grid\"><li class=\"wp-block-post post-6240 page type-page status-publish has-post-thumbnail hentry\">\n\n<div class=\"wp-block-group is-layout-flow wp-block-group-is-layout-flow\"><figure class=\"wp-block-post-featured-image\"><a href=\"https:\/\/aqeips.org\/en\/bursary-program\/winners\/bursary-program-2025\/\" target=\"_self\"  ><img loading=\"lazy\" decoding=\"async\" width=\"2240\" height=\"1260\" src=\"https:\/\/aqeips.org\/wp-content\/uploads\/2025\/10\/2025_Site_Web_Recipiendaires.png\" class=\"attachment-post-thumbnail size-post-thumbnail wp-post-image\" alt=\"Bursary Program 2025\" style=\"object-fit:cover;\" srcset=\"https:\/\/aqeips.org\/wp-content\/uploads\/2025\/10\/2025_Site_Web_Recipiendaires.png 2240w, https:\/\/aqeips.org\/wp-content\/uploads\/2025\/10\/2025_Site_Web_Recipiendaires-1024x576.png 1024w, https:\/\/aqeips.org\/wp-content\/uploads\/2025\/10\/2025_Site_Web_Recipiendaires-1800x1013.png 1800w, https:\/\/aqeips.org\/wp-content\/uploads\/2025\/10\/2025_Site_Web_Recipiendaires-768x432.png 768w, https:\/\/aqeips.org\/wp-content\/uploads\/2025\/10\/2025_Site_Web_Recipiendaires-1536x864.png 1536w, https:\/\/aqeips.org\/wp-content\/uploads\/2025\/10\/2025_Site_Web_Recipiendaires-2048x1152.png 2048w\" sizes=\"auto, (max-width: 2240px) 100vw, 2240px\" \/><\/a><\/figure>\n\n<div class=\"wp-block-post-date\"><time datetime=\"2025-04-28T10:52:31-04:00\">28 April 2025<\/time><\/div>\n\n<h2 class=\"wp-block-post-title has-medium-font-size\">Bursary Program 2025<\/h2>\n\n\n<div style=\"height:1em\" aria-hidden=\"true\" class=\"wp-block-spacer\"><\/div>\n<\/div>\n\n\n<a class=\"wp-block-read-more\" href=\"https:\/\/aqeips.org\/en\/bursary-program\/winners\/bursary-program-2025\/\" target=\"_self\">Read more<span class=\"screen-reader-text\">: Bursary Program 2025<\/span><\/a>\n<\/li><li class=\"wp-block-post post-1504 page type-page status-publish has-post-thumbnail hentry\">\n\n<div class=\"wp-block-group is-layout-flow wp-block-group-is-layout-flow\"><figure class=\"wp-block-post-featured-image\"><a href=\"https:\/\/aqeips.org\/en\/bursary-program\/winners\/2024-2\/\" target=\"_self\"  ><img loading=\"lazy\" decoding=\"async\" width=\"2240\" height=\"1260\" src=\"https:\/\/aqeips.org\/wp-content\/uploads\/2025\/10\/2024_Site_Web_Recipiendaires.png\" class=\"attachment-post-thumbnail size-post-thumbnail wp-post-image\" alt=\"Bursary Program 2024\" style=\"object-fit:cover;\" srcset=\"https:\/\/aqeips.org\/wp-content\/uploads\/2025\/10\/2024_Site_Web_Recipiendaires.png 2240w, https:\/\/aqeips.org\/wp-content\/uploads\/2025\/10\/2024_Site_Web_Recipiendaires-1024x576.png 1024w, https:\/\/aqeips.org\/wp-content\/uploads\/2025\/10\/2024_Site_Web_Recipiendaires-1800x1013.png 1800w, https:\/\/aqeips.org\/wp-content\/uploads\/2025\/10\/2024_Site_Web_Recipiendaires-768x432.png 768w, https:\/\/aqeips.org\/wp-content\/uploads\/2025\/10\/2024_Site_Web_Recipiendaires-1536x864.png 1536w, https:\/\/aqeips.org\/wp-content\/uploads\/2025\/10\/2024_Site_Web_Recipiendaires-2048x1152.png 2048w\" sizes=\"auto, (max-width: 2240px) 100vw, 2240px\" \/><\/a><\/figure>\n\n<div class=\"wp-block-post-date\"><time datetime=\"2024-05-30T13:57:47-04:00\">30 May 2024<\/time><\/div>\n\n<h2 class=\"wp-block-post-title has-medium-font-size\">Bursary Program 2024<\/h2>\n\n\n<div style=\"height:1em\" aria-hidden=\"true\" class=\"wp-block-spacer\"><\/div>\n<\/div>\n\n\n<a class=\"wp-block-read-more\" href=\"https:\/\/aqeips.org\/en\/bursary-program\/winners\/2024-2\/\" target=\"_self\">Read more<span class=\"screen-reader-text\">: Bursary Program 2024<\/span><\/a>\n<\/li><li class=\"wp-block-post post-4003 page type-page status-publish has-post-thumbnail hentry\">\n\n<div class=\"wp-block-group is-layout-flow wp-block-group-is-layout-flow\"><figure class=\"wp-block-post-featured-image\"><a href=\"https:\/\/aqeips.org\/en\/bursary-program\/winners\/bursary-program-2023\/\" target=\"_self\"  ><img loading=\"lazy\" decoding=\"async\" width=\"2240\" height=\"1260\" src=\"https:\/\/aqeips.org\/wp-content\/uploads\/2025\/10\/2023_Site_Web_Recipiendaires.png\" class=\"attachment-post-thumbnail size-post-thumbnail wp-post-image\" alt=\"Bursary Program 2023\" style=\"object-fit:cover;\" srcset=\"https:\/\/aqeips.org\/wp-content\/uploads\/2025\/10\/2023_Site_Web_Recipiendaires.png 2240w, https:\/\/aqeips.org\/wp-content\/uploads\/2025\/10\/2023_Site_Web_Recipiendaires-1024x576.png 1024w, https:\/\/aqeips.org\/wp-content\/uploads\/2025\/10\/2023_Site_Web_Recipiendaires-1800x1013.png 1800w, https:\/\/aqeips.org\/wp-content\/uploads\/2025\/10\/2023_Site_Web_Recipiendaires-768x432.png 768w, https:\/\/aqeips.org\/wp-content\/uploads\/2025\/10\/2023_Site_Web_Recipiendaires-1536x864.png 1536w, https:\/\/aqeips.org\/wp-content\/uploads\/2025\/10\/2023_Site_Web_Recipiendaires-2048x1152.png 2048w\" sizes=\"auto, (max-width: 2240px) 100vw, 2240px\" \/><\/a><\/figure>\n\n<div class=\"wp-block-post-date\"><time datetime=\"2023-06-09T11:31:00-04:00\">9 June 2023<\/time><\/div>\n\n<h2 class=\"wp-block-post-title has-medium-font-size\">Bursary Program 2023<\/h2>\n\n\n<div style=\"height:1em\" aria-hidden=\"true\" class=\"wp-block-spacer\"><\/div>\n<\/div>\n\n\n<a class=\"wp-block-read-more\" href=\"https:\/\/aqeips.org\/en\/bursary-program\/winners\/bursary-program-2023\/\" target=\"_self\">Read more<span class=\"screen-reader-text\">: Bursary Program 2023<\/span><\/a>\n<\/li><li class=\"wp-block-post post-1520 page type-page status-publish has-post-thumbnail hentry\">\n\n<div class=\"wp-block-group is-layout-flow wp-block-group-is-layout-flow\"><figure class=\"wp-block-post-featured-image\"><a href=\"https:\/\/aqeips.org\/en\/bursary-program\/winners\/bursary-program-2022\/\" target=\"_self\"  ><img loading=\"lazy\" decoding=\"async\" width=\"2240\" height=\"1260\" src=\"https:\/\/aqeips.org\/wp-content\/uploads\/2025\/10\/2022_Site_Web_Recipiendaires.png\" class=\"attachment-post-thumbnail size-post-thumbnail wp-post-image\" alt=\"Bursary Program 2022\" style=\"object-fit:cover;\" srcset=\"https:\/\/aqeips.org\/wp-content\/uploads\/2025\/10\/2022_Site_Web_Recipiendaires.png 2240w, https:\/\/aqeips.org\/wp-content\/uploads\/2025\/10\/2022_Site_Web_Recipiendaires-1024x576.png 1024w, https:\/\/aqeips.org\/wp-content\/uploads\/2025\/10\/2022_Site_Web_Recipiendaires-1800x1013.png 1800w, https:\/\/aqeips.org\/wp-content\/uploads\/2025\/10\/2022_Site_Web_Recipiendaires-768x432.png 768w, https:\/\/aqeips.org\/wp-content\/uploads\/2025\/10\/2022_Site_Web_Recipiendaires-1536x864.png 1536w, https:\/\/aqeips.org\/wp-content\/uploads\/2025\/10\/2022_Site_Web_Recipiendaires-2048x1152.png 2048w\" sizes=\"auto, (max-width: 2240px) 100vw, 2240px\" \/><\/a><\/figure>\n\n<div class=\"wp-block-post-date\"><time datetime=\"2022-10-18T14:44:47-04:00\">18 October 2022<\/time><\/div>\n\n<h2 class=\"wp-block-post-title has-medium-font-size\">Bursary Program 2022<\/h2>\n\n\n<div style=\"height:1em\" aria-hidden=\"true\" class=\"wp-block-spacer\"><\/div>\n<\/div>\n\n\n<a class=\"wp-block-read-more\" href=\"https:\/\/aqeips.org\/en\/bursary-program\/winners\/bursary-program-2022\/\" target=\"_self\">Read more<span class=\"screen-reader-text\">: Bursary Program 2022<\/span><\/a>\n<\/li><li class=\"wp-block-post post-1529 page type-page status-publish has-post-thumbnail hentry\">\n\n<div class=\"wp-block-group is-layout-flow wp-block-group-is-layout-flow\"><figure class=\"wp-block-post-featured-image\"><a href=\"https:\/\/aqeips.org\/en\/bursary-program\/winners\/bursary-program-2021\/\" target=\"_self\"  ><img loading=\"lazy\" decoding=\"async\" width=\"2240\" height=\"1260\" src=\"https:\/\/aqeips.org\/wp-content\/uploads\/2025\/10\/2021_Site_Web_Recipiendaires.png\" class=\"attachment-post-thumbnail size-post-thumbnail wp-post-image\" alt=\"Bursary Program 2021\" style=\"object-fit:cover;\" srcset=\"https:\/\/aqeips.org\/wp-content\/uploads\/2025\/10\/2021_Site_Web_Recipiendaires.png 2240w, https:\/\/aqeips.org\/wp-content\/uploads\/2025\/10\/2021_Site_Web_Recipiendaires-1024x576.png 1024w, https:\/\/aqeips.org\/wp-content\/uploads\/2025\/10\/2021_Site_Web_Recipiendaires-1800x1013.png 1800w, https:\/\/aqeips.org\/wp-content\/uploads\/2025\/10\/2021_Site_Web_Recipiendaires-768x432.png 768w, https:\/\/aqeips.org\/wp-content\/uploads\/2025\/10\/2021_Site_Web_Recipiendaires-1536x864.png 1536w, https:\/\/aqeips.org\/wp-content\/uploads\/2025\/10\/2021_Site_Web_Recipiendaires-2048x1152.png 2048w\" sizes=\"auto, (max-width: 2240px) 100vw, 2240px\" \/><\/a><\/figure>\n\n<div class=\"wp-block-post-date\"><time datetime=\"2021-10-18T15:14:47-04:00\">18 October 2021<\/time><\/div>\n\n<h2 class=\"wp-block-post-title has-medium-font-size\">Bursary Program 2021<\/h2>\n\n\n<div style=\"height:1em\" aria-hidden=\"true\" class=\"wp-block-spacer\"><\/div>\n<\/div>\n\n\n<a class=\"wp-block-read-more\" href=\"https:\/\/aqeips.org\/en\/bursary-program\/winners\/bursary-program-2021\/\" target=\"_self\">Read more<span class=\"screen-reader-text\">: Bursary Program 2021<\/span><\/a>\n<\/li><li class=\"wp-block-post post-1531 page type-page status-publish has-post-thumbnail hentry\">\n\n<div class=\"wp-block-group is-layout-flow wp-block-group-is-layout-flow\"><figure class=\"wp-block-post-featured-image\"><a href=\"https:\/\/aqeips.org\/en\/bursary-program\/winners\/bursary-program-2020\/\" target=\"_self\"  ><img loading=\"lazy\" decoding=\"async\" width=\"2240\" height=\"1260\" src=\"https:\/\/aqeips.org\/wp-content\/uploads\/2025\/10\/2020_Site_Web_Recipiendaires.png\" class=\"attachment-post-thumbnail size-post-thumbnail wp-post-image\" alt=\"Bursary Program 2020\" style=\"object-fit:cover;\" srcset=\"https:\/\/aqeips.org\/wp-content\/uploads\/2025\/10\/2020_Site_Web_Recipiendaires.png 2240w, https:\/\/aqeips.org\/wp-content\/uploads\/2025\/10\/2020_Site_Web_Recipiendaires-1024x576.png 1024w, https:\/\/aqeips.org\/wp-content\/uploads\/2025\/10\/2020_Site_Web_Recipiendaires-1800x1013.png 1800w, https:\/\/aqeips.org\/wp-content\/uploads\/2025\/10\/2020_Site_Web_Recipiendaires-768x432.png 768w, https:\/\/aqeips.org\/wp-content\/uploads\/2025\/10\/2020_Site_Web_Recipiendaires-1536x864.png 1536w, https:\/\/aqeips.org\/wp-content\/uploads\/2025\/10\/2020_Site_Web_Recipiendaires-2048x1152.png 2048w\" sizes=\"auto, (max-width: 2240px) 100vw, 2240px\" \/><\/a><\/figure>\n\n<div class=\"wp-block-post-date\"><time datetime=\"2020-10-18T15:20:47-04:00\">18 October 2020<\/time><\/div>\n\n<h2 class=\"wp-block-post-title has-medium-font-size\">Bursary Program 2020<\/h2>\n\n\n<div style=\"height:1em\" aria-hidden=\"true\" class=\"wp-block-spacer\"><\/div>\n<\/div>\n\n\n<a class=\"wp-block-read-more\" href=\"https:\/\/aqeips.org\/en\/bursary-program\/winners\/bursary-program-2020\/\" target=\"_self\">Read more<span class=\"screen-reader-text\">: Bursary Program 2020<\/span><\/a>\n<\/li><li class=\"wp-block-post post-1533 page type-page status-publish has-post-thumbnail hentry\">\n\n<div class=\"wp-block-group is-layout-flow wp-block-group-is-layout-flow\"><figure class=\"wp-block-post-featured-image\"><a href=\"https:\/\/aqeips.org\/en\/bursary-program\/winners\/bursary-program-2019\/\" target=\"_self\"  ><img loading=\"lazy\" decoding=\"async\" width=\"2240\" height=\"1260\" src=\"https:\/\/aqeips.org\/wp-content\/uploads\/2025\/10\/2019_Site_Web_Recipiendaires.png\" class=\"attachment-post-thumbnail size-post-thumbnail wp-post-image\" alt=\"Bursary Program 2019\" style=\"object-fit:cover;\" srcset=\"https:\/\/aqeips.org\/wp-content\/uploads\/2025\/10\/2019_Site_Web_Recipiendaires.png 2240w, https:\/\/aqeips.org\/wp-content\/uploads\/2025\/10\/2019_Site_Web_Recipiendaires-1024x576.png 1024w, https:\/\/aqeips.org\/wp-content\/uploads\/2025\/10\/2019_Site_Web_Recipiendaires-1800x1013.png 1800w, https:\/\/aqeips.org\/wp-content\/uploads\/2025\/10\/2019_Site_Web_Recipiendaires-768x432.png 768w, https:\/\/aqeips.org\/wp-content\/uploads\/2025\/10\/2019_Site_Web_Recipiendaires-1536x864.png 1536w, https:\/\/aqeips.org\/wp-content\/uploads\/2025\/10\/2019_Site_Web_Recipiendaires-2048x1152.png 2048w\" sizes=\"auto, (max-width: 2240px) 100vw, 2240px\" \/><\/a><\/figure>\n\n<div class=\"wp-block-post-date\"><time datetime=\"2019-10-18T15:30:47-04:00\">18 October 2019<\/time><\/div>\n\n<h2 class=\"wp-block-post-title has-medium-font-size\">Bursary Program 2019<\/h2>\n\n\n<div style=\"height:1em\" aria-hidden=\"true\" class=\"wp-block-spacer\"><\/div>\n<\/div>\n\n\n<a class=\"wp-block-read-more\" href=\"https:\/\/aqeips.org\/en\/bursary-program\/winners\/bursary-program-2019\/\" target=\"_self\">Read more<span class=\"screen-reader-text\">: Bursary Program 2019<\/span><\/a>\n<\/li><li class=\"wp-block-post post-1535 page type-page status-publish has-post-thumbnail hentry\">\n\n<div class=\"wp-block-group is-layout-flow wp-block-group-is-layout-flow\"><figure class=\"wp-block-post-featured-image\"><a href=\"https:\/\/aqeips.org\/en\/bursary-program\/winners\/bursary-program-2018\/\" target=\"_self\"  ><img loading=\"lazy\" decoding=\"async\" width=\"2240\" height=\"1260\" src=\"https:\/\/aqeips.org\/wp-content\/uploads\/2025\/10\/Site_Web_Recipiendaires.png\" class=\"attachment-post-thumbnail size-post-thumbnail wp-post-image\" alt=\"Bursary Program 2018\" style=\"object-fit:cover;\" srcset=\"https:\/\/aqeips.org\/wp-content\/uploads\/2025\/10\/Site_Web_Recipiendaires.png 2240w, https:\/\/aqeips.org\/wp-content\/uploads\/2025\/10\/Site_Web_Recipiendaires-1024x576.png 1024w, https:\/\/aqeips.org\/wp-content\/uploads\/2025\/10\/Site_Web_Recipiendaires-1800x1013.png 1800w, https:\/\/aqeips.org\/wp-content\/uploads\/2025\/10\/Site_Web_Recipiendaires-768x432.png 768w, https:\/\/aqeips.org\/wp-content\/uploads\/2025\/10\/Site_Web_Recipiendaires-1536x864.png 1536w, https:\/\/aqeips.org\/wp-content\/uploads\/2025\/10\/Site_Web_Recipiendaires-2048x1152.png 2048w\" sizes=\"auto, (max-width: 2240px) 100vw, 2240px\" \/><\/a><\/figure>\n\n<div class=\"wp-block-post-date\"><time datetime=\"2018-10-18T15:31:00-04:00\">18 October 2018<\/time><\/div>\n\n<h2 class=\"wp-block-post-title has-medium-font-size\">Bursary Program 2018<\/h2>\n\n\n<div style=\"height:1em\" aria-hidden=\"true\" class=\"wp-block-spacer\"><\/div>\n<\/div>\n\n\n<a class=\"wp-block-read-more\" href=\"https:\/\/aqeips.org\/en\/bursary-program\/winners\/bursary-program-2018\/\" target=\"_self\">Read more<span class=\"screen-reader-text\">: Bursary Program 2018<\/span><\/a>\n<\/li><\/ul>\n\n\n\n<\/div>\n\n<\/div>\r\n","protected":false},"excerpt":{"rendered":"<p>There is no Scholarships Programs available at the moment. Back to Home Page...<br \/><a href=\"https:\/\/aqeips.org\/en\/bursary-program\/winners\/\" class=\"read-more\">Read more <span class=\"sr-only\">about Bursary recipients<\/span><\/a><\/p>","protected":false},"author":3,"featured_media":1356,"parent":1399,"menu_order":2,"comment_status":"closed","ping_status":"closed","template":"templates\/side-nav.php","meta":{"_acf_changed":false,"footnotes":""},"class_list":["post-1409","page","type-page","status-publish","has-post-thumbnail","hentry"],"acf":[],"yoast_head":"<!-- This site is optimized with the Yoast SEO plugin v27.1.1 - https:\/\/yoast.com\/product\/yoast-seo-wordpress\/ -->\n<title>Bursary recipients - Quebec Association for Equity and Inclusion in Post-Secondary Education<\/title>\n<meta name=\"robots\" content=\"index, follow, max-snippet:-1, max-image-preview:large, max-video-preview:-1\" \/>\n<link rel=\"canonical\" href=\"https:\/\/aqeips.org\/en\/bursary-program\/winners\/\" \/>\n<meta property=\"og:locale\" content=\"en_US\" \/>\n<meta property=\"og:type\" content=\"article\" \/>\n<meta property=\"og:title\" content=\"Bursary recipients - Quebec Association for Equity and Inclusion in Post-Secondary Education\" \/>\n<meta property=\"og:url\" content=\"https:\/\/aqeips.org\/en\/bursary-program\/winners\/\" \/>\n<meta property=\"og:site_name\" content=\"Quebec Association for Equity and Inclusion in Post-Secondary Education\" \/>\n<meta property=\"article:publisher\" content=\"https:\/\/fr-ca.facebook.com\/aqeips\/\" \/>\n<meta property=\"article:modified_time\" content=\"2025-10-29T13:46:50+00:00\" \/>\n<meta property=\"og:image\" content=\"https:\/\/aqeips.org\/wp-content\/uploads\/2023\/10\/joshua-hoehne-iggWDxHTAUQ-unsplash.jpg\" \/>\n\t<meta property=\"og:image:width\" content=\"1920\" \/>\n\t<meta property=\"og:image:height\" content=\"1280\" \/>\n\t<meta property=\"og:image:type\" content=\"image\/jpeg\" \/>\n<meta name=\"twitter:card\" content=\"summary_large_image\" \/>\n<meta name=\"twitter:site\" content=\"@aqeips\" \/>\n<meta name=\"twitter:label1\" content=\"Est. reading time\" \/>\n\t<meta name=\"twitter:data1\" content=\"1 minute\" \/>\n<script type=\"application\/ld+json\" class=\"yoast-schema-graph\">{\"@context\":\"https:\/\/schema.org\",\"@graph\":[{\"@type\":\"WebPage\",\"@id\":\"https:\/\/aqeips.org\/en\/bursary-program\/winners\/\",\"url\":\"https:\/\/aqeips.org\/en\/bursary-program\/winners\/\",\"name\":\"Bursary recipients - Quebec Association for Equity and Inclusion in Post-Secondary Education\",\"isPartOf\":{\"@id\":\"https:\/\/aqeips.org\/#website\"},\"primaryImageOfPage\":{\"@id\":\"https:\/\/aqeips.org\/en\/bursary-program\/winners\/#primaryimage\"},\"image\":{\"@id\":\"https:\/\/aqeips.org\/en\/bursary-program\/winners\/#primaryimage\"},\"thumbnailUrl\":\"https:\/\/aqeips.org\/wp-content\/uploads\/2023\/10\/joshua-hoehne-iggWDxHTAUQ-unsplash.jpg\",\"datePublished\":\"2023-10-18T14:06:45+00:00\",\"dateModified\":\"2025-10-29T13:46:50+00:00\",\"breadcrumb\":{\"@id\":\"https:\/\/aqeips.org\/en\/bursary-program\/winners\/#breadcrumb\"},\"inLanguage\":\"en-US\",\"potentialAction\":[{\"@type\":\"ReadAction\",\"target\":[\"https:\/\/aqeips.org\/en\/bursary-program\/winners\/\"]}]},{\"@type\":\"ImageObject\",\"inLanguage\":\"en-US\",\"@id\":\"https:\/\/aqeips.org\/en\/bursary-program\/winners\/#primaryimage\",\"url\":\"https:\/\/aqeips.org\/wp-content\/uploads\/2023\/10\/joshua-hoehne-iggWDxHTAUQ-unsplash.jpg\",\"contentUrl\":\"https:\/\/aqeips.org\/wp-content\/uploads\/2023\/10\/joshua-hoehne-iggWDxHTAUQ-unsplash.jpg\",\"width\":1920,\"height\":1280},{\"@type\":\"BreadcrumbList\",\"@id\":\"https:\/\/aqeips.org\/en\/bursary-program\/winners\/#breadcrumb\",\"itemListElement\":[{\"@type\":\"ListItem\",\"position\":1,\"name\":\"Accueil\",\"item\":\"https:\/\/aqeips.org\/?lang=en\"},{\"@type\":\"ListItem\",\"position\":2,\"name\":\"Bursary program\",\"item\":\"https:\/\/aqeips.org\/en\/bursary-program\/\"},{\"@type\":\"ListItem\",\"position\":3,\"name\":\"Bursary recipients\"}]},{\"@type\":\"WebSite\",\"@id\":\"https:\/\/aqeips.org\/#website\",\"url\":\"https:\/\/aqeips.org\/\",\"name\":\"Quebec Association for Equity and Inclusion in Post-Secondary Education\",\"description\":\"AQEIPS\",\"publisher\":{\"@id\":\"https:\/\/aqeips.org\/#organization\"},\"potentialAction\":[{\"@type\":\"SearchAction\",\"target\":{\"@type\":\"EntryPoint\",\"urlTemplate\":\"https:\/\/aqeips.org\/?s={search_term_string}\"},\"query-input\":{\"@type\":\"PropertyValueSpecification\",\"valueRequired\":true,\"valueName\":\"search_term_string\"}}],\"inLanguage\":\"en-US\"},{\"@type\":\"Organization\",\"@id\":\"https:\/\/aqeips.org\/#organization\",\"name\":\"L\u2019Association qu\u00e9b\u00e9coise pour l\u2019\u00e9quit\u00e9 et l\u2019inclusion au postsecondaire\",\"alternateName\":\"AQEIPS\",\"url\":\"https:\/\/aqeips.org\/\",\"logo\":{\"@type\":\"ImageObject\",\"inLanguage\":\"en-US\",\"@id\":\"https:\/\/aqeips.org\/#\/schema\/logo\/image\/\",\"url\":\"https:\/\/aqeips.org\/wp-content\/uploads\/2023\/10\/Logo-de-lentite-AQEIPS.jpg\",\"contentUrl\":\"https:\/\/aqeips.org\/wp-content\/uploads\/2023\/10\/Logo-de-lentite-AQEIPS.jpg\",\"width\":696,\"height\":696,\"caption\":\"L\u2019Association qu\u00e9b\u00e9coise pour l\u2019\u00e9quit\u00e9 et l\u2019inclusion au postsecondaire\"},\"image\":{\"@id\":\"https:\/\/aqeips.org\/#\/schema\/logo\/image\/\"},\"sameAs\":[\"https:\/\/fr-ca.facebook.com\/aqeips\/\",\"https:\/\/x.com\/aqeips\",\"https:\/\/www.linkedin.com\/company\/aqeips---association-qu\u00e9b\u00e9coise-des-\u00e9tudiants-ayant-des-incapacit\u00e9s-au-postsecondaire\/?originalSubdomain=ca\",\"https:\/\/www.youtube.com\/channel\/UCFvl0P7dBP9jUPL89k-xXIg\"]}]}<\/script>\n<!-- \/ Yoast SEO plugin. -->","yoast_head_json":{"title":"Bursary recipients - Quebec Association for Equity and Inclusion in Post-Secondary Education","robots":{"index":"index","follow":"follow","max-snippet":"max-snippet:-1","max-image-preview":"max-image-preview:large","max-video-preview":"max-video-preview:-1"},"canonical":"https:\/\/aqeips.org\/en\/bursary-program\/winners\/","og_locale":"en_US","og_type":"article","og_title":"Bursary recipients - Quebec Association for Equity and Inclusion in Post-Secondary Education","og_url":"https:\/\/aqeips.org\/en\/bursary-program\/winners\/","og_site_name":"Quebec Association for Equity and Inclusion in Post-Secondary Education","article_publisher":"https:\/\/fr-ca.facebook.com\/aqeips\/","article_modified_time":"2025-10-29T13:46:50+00:00","og_image":[{"width":1920,"height":1280,"url":"https:\/\/aqeips.org\/wp-content\/uploads\/2023\/10\/joshua-hoehne-iggWDxHTAUQ-unsplash.jpg","type":"image\/jpeg"}],"twitter_card":"summary_large_image","twitter_site":"@aqeips","twitter_misc":{"Est. reading time":"1 minute"},"schema":{"@context":"https:\/\/schema.org","@graph":[{"@type":"WebPage","@id":"https:\/\/aqeips.org\/en\/bursary-program\/winners\/","url":"https:\/\/aqeips.org\/en\/bursary-program\/winners\/","name":"Bursary recipients - Quebec Association for Equity and Inclusion in Post-Secondary Education","isPartOf":{"@id":"https:\/\/aqeips.org\/#website"},"primaryImageOfPage":{"@id":"https:\/\/aqeips.org\/en\/bursary-program\/winners\/#primaryimage"},"image":{"@id":"https:\/\/aqeips.org\/en\/bursary-program\/winners\/#primaryimage"},"thumbnailUrl":"https:\/\/aqeips.org\/wp-content\/uploads\/2023\/10\/joshua-hoehne-iggWDxHTAUQ-unsplash.jpg","datePublished":"2023-10-18T14:06:45+00:00","dateModified":"2025-10-29T13:46:50+00:00","breadcrumb":{"@id":"https:\/\/aqeips.org\/en\/bursary-program\/winners\/#breadcrumb"},"inLanguage":"en-US","potentialAction":[{"@type":"ReadAction","target":["https:\/\/aqeips.org\/en\/bursary-program\/winners\/"]}]},{"@type":"ImageObject","inLanguage":"en-US","@id":"https:\/\/aqeips.org\/en\/bursary-program\/winners\/#primaryimage","url":"https:\/\/aqeips.org\/wp-content\/uploads\/2023\/10\/joshua-hoehne-iggWDxHTAUQ-unsplash.jpg","contentUrl":"https:\/\/aqeips.org\/wp-content\/uploads\/2023\/10\/joshua-hoehne-iggWDxHTAUQ-unsplash.jpg","width":1920,"height":1280},{"@type":"BreadcrumbList","@id":"https:\/\/aqeips.org\/en\/bursary-program\/winners\/#breadcrumb","itemListElement":[{"@type":"ListItem","position":1,"name":"Accueil","item":"https:\/\/aqeips.org\/?lang=en"},{"@type":"ListItem","position":2,"name":"Bursary program","item":"https:\/\/aqeips.org\/en\/bursary-program\/"},{"@type":"ListItem","position":3,"name":"Bursary recipients"}]},{"@type":"WebSite","@id":"https:\/\/aqeips.org\/#website","url":"https:\/\/aqeips.org\/","name":"Quebec Association for Equity and Inclusion in Post-Secondary Education","description":"AQEIPS","publisher":{"@id":"https:\/\/aqeips.org\/#organization"},"potentialAction":[{"@type":"SearchAction","target":{"@type":"EntryPoint","urlTemplate":"https:\/\/aqeips.org\/?s={search_term_string}"},"query-input":{"@type":"PropertyValueSpecification","valueRequired":true,"valueName":"search_term_string"}}],"inLanguage":"en-US"},{"@type":"Organization","@id":"https:\/\/aqeips.org\/#organization","name":"L\u2019Association qu\u00e9b\u00e9coise pour l\u2019\u00e9quit\u00e9 et l\u2019inclusion au postsecondaire","alternateName":"AQEIPS","url":"https:\/\/aqeips.org\/","logo":{"@type":"ImageObject","inLanguage":"en-US","@id":"https:\/\/aqeips.org\/#\/schema\/logo\/image\/","url":"https:\/\/aqeips.org\/wp-content\/uploads\/2023\/10\/Logo-de-lentite-AQEIPS.jpg","contentUrl":"https:\/\/aqeips.org\/wp-content\/uploads\/2023\/10\/Logo-de-lentite-AQEIPS.jpg","width":696,"height":696,"caption":"L\u2019Association qu\u00e9b\u00e9coise pour l\u2019\u00e9quit\u00e9 et l\u2019inclusion au postsecondaire"},"image":{"@id":"https:\/\/aqeips.org\/#\/schema\/logo\/image\/"},"sameAs":["https:\/\/fr-ca.facebook.com\/aqeips\/","https:\/\/x.com\/aqeips","https:\/\/www.linkedin.com\/company\/aqeips---association-qu\u00e9b\u00e9coise-des-\u00e9tudiants-ayant-des-incapacit\u00e9s-au-postsecondaire\/?originalSubdomain=ca","https:\/\/www.youtube.com\/channel\/UCFvl0P7dBP9jUPL89k-xXIg"]}]}},"_links":{"self":[{"href":"https:\/\/aqeips.org\/en\/wp-json\/wp\/v2\/pages\/1409","targetHints":{"allow":["GET"]}}],"collection":[{"href":"https:\/\/aqeips.org\/en\/wp-json\/wp\/v2\/pages"}],"about":[{"href":"https:\/\/aqeips.org\/en\/wp-json\/wp\/v2\/types\/page"}],"author":[{"embeddable":true,"href":"https:\/\/aqeips.org\/en\/wp-json\/wp\/v2\/users\/3"}],"replies":[{"embeddable":true,"href":"https:\/\/aqeips.org\/en\/wp-json\/wp\/v2\/comments?post=1409"}],"version-history":[{"count":7,"href":"https:\/\/aqeips.org\/en\/wp-json\/wp\/v2\/pages\/1409\/revisions"}],"predecessor-version":[{"id":4349,"href":"https:\/\/aqeips.org\/en\/wp-json\/wp\/v2\/pages\/1409\/revisions\/4349"}],"up":[{"embeddable":true,"href":"https:\/\/aqeips.org\/en\/wp-json\/wp\/v2\/pages\/1399"}],"wp:featuredmedia":[{"embeddable":true,"href":"https:\/\/aqeips.org\/en\/wp-json\/wp\/v2\/media\/1356"}],"wp:attachment":[{"href":"https:\/\/aqeips.org\/en\/wp-json\/wp\/v2\/media?parent=1409"}],"curies":[{"name":"wp","href":"https:\/\/api.w.org\/{rel}","templated":true}]}}