{"id":1407,"date":"2023-10-06T12:57:47","date_gmt":"2023-10-06T16:57:27","guid":{"rendered":"https:\/\/aqeips.org\/?page_id=1407"},"modified":"2023-12-11T16:51:27","modified_gmt":"2023-12-11T21:51:27","slug":"donors","status":"publish","type":"page","link":"https:\/\/aqeips.org\/en\/bursary-program\/donors\/","title":{"rendered":"Generous donors"},"content":{"rendered":"\n<div class=\"wp-block-query is-layout-flow wp-block-query-is-layout-flow\"><ul class=\"wp-block-post-template is-layout-flow wp-block-post-template-is-layout-flow\"><li class=\"wp-block-post post-6040 page type-page status-publish hentry\">\n\n<div class=\"wp-block-group has-gray-lighter-background-color has-background is-content-justification-space-between is-nowrap is-layout-flex wp-container-core-group-is-layout-bd566394 wp-block-group-is-layout-flex\" style=\"padding-bottom:var(--wp--preset--spacing--50)\">\n<div class=\"wp-block-group wp-container-content-9cfa9a5a is-nowrap is-layout-flex wp-container-core-group-is-layout-ad2f72ca wp-block-group-is-layout-flex\"><div class=\" has-text-align-center\"><i class=\"fa-light fa-hand-heart fa-2xl\" style=\"color: #2f78be;\"><\/i><\/div>\n\n\n<div style=\"height:100px;width:0px\" aria-hidden=\"true\" class=\"wp-block-spacer wp-container-content-42fb7c7f\"><\/div>\n\n\n<h2 style=\"font-size:3rem;font-style:normal;font-weight:400;line-height:1.1;text-transform:capitalize; padding-top:var(--wp--preset--spacing--30);\" class=\"has-link-color wp-elements-a04de84fb2ba870f569a94e7271272ff wp-block-post-title has-text-color has-contrast-color\"><a href=\"https:\/\/aqeips.org\/en\/bursary-program\/donors\/2025-donors\/\" target=\"_self\" >2025 Donors<\/a><\/h2><\/div>\n\n\n<div class=\" has-text-align-center\"><i class=\"fa-light fa-arrow-up-right fa-2xl\" style=\"color: #2f78be;\"><\/i><\/div><\/div>\n\n\n\n<hr class=\"wp-block-separator has-text-color has-gray-light-color has-alpha-channel-opacity has-gray-light-background-color has-background is-style-wide\"\/>\n\n<\/li><\/ul>\n\n\n\n<\/div>\n","protected":false},"excerpt":{"rendered":"<p>Sorry no donations available at this time...<br \/><a href=\"https:\/\/aqeips.org\/en\/bursary-program\/donors\/\" class=\"read-more\">Read more <span class=\"sr-only\">about Generous donors<\/span><\/a><\/p>","protected":false},"author":3,"featured_media":0,"parent":1399,"menu_order":4,"comment_status":"closed","ping_status":"closed","template":"templates\/side-nav.php","meta":{"_acf_changed":false,"footnotes":""},"class_list":["post-1407","page","type-page","status-publish","hentry"],"acf":[],"yoast_head":"<!-- This site is optimized with the Yoast SEO plugin v27.1.1 - https:\/\/yoast.com\/product\/yoast-seo-wordpress\/ -->\n<title>Generous donors - Quebec Association for Equity and Inclusion in Post-Secondary Education<\/title>\n<meta name=\"robots\" content=\"index, follow, max-snippet:-1, max-image-preview:large, max-video-preview:-1\" \/>\n<link rel=\"canonical\" href=\"https:\/\/aqeips.org\/en\/bursary-program\/donors\/\" \/>\n<meta property=\"og:locale\" content=\"en_US\" \/>\n<meta property=\"og:type\" content=\"article\" \/>\n<meta property=\"og:title\" content=\"Generous donors - Quebec Association for Equity and Inclusion in Post-Secondary Education\" \/>\n<meta property=\"og:url\" content=\"https:\/\/aqeips.org\/en\/bursary-program\/donors\/\" \/>\n<meta property=\"og:site_name\" content=\"Quebec Association for Equity and Inclusion in Post-Secondary Education\" \/>\n<meta property=\"article:publisher\" content=\"https:\/\/fr-ca.facebook.com\/aqeips\/\" \/>\n<meta property=\"article:modified_time\" content=\"2023-12-11T21:51:27+00:00\" \/>\n<meta property=\"og:image\" content=\"https:\/\/aqeips.org\/wp-content\/uploads\/2023\/10\/Image-du-site-AQEIPS.jpg\" \/>\n\t<meta property=\"og:image:width\" content=\"1200\" \/>\n\t<meta property=\"og:image:height\" content=\"675\" \/>\n\t<meta property=\"og:image:type\" content=\"image\/jpeg\" \/>\n<meta name=\"twitter:card\" content=\"summary_large_image\" \/>\n<meta name=\"twitter:site\" content=\"@aqeips\" \/>\n<meta name=\"twitter:label1\" content=\"Est. reading time\" \/>\n\t<meta name=\"twitter:data1\" content=\"1 minute\" \/>\n<script type=\"application\/ld+json\" class=\"yoast-schema-graph\">{\"@context\":\"https:\/\/schema.org\",\"@graph\":[{\"@type\":\"WebPage\",\"@id\":\"https:\/\/aqeips.org\/en\/bursary-program\/donors\/\",\"url\":\"https:\/\/aqeips.org\/en\/bursary-program\/donors\/\",\"name\":\"Generous donors - Quebec Association for Equity and Inclusion in Post-Secondary Education\",\"isPartOf\":{\"@id\":\"https:\/\/aqeips.org\/#website\"},\"datePublished\":\"2023-10-06T16:57:27+00:00\",\"dateModified\":\"2023-12-11T21:51:27+00:00\",\"breadcrumb\":{\"@id\":\"https:\/\/aqeips.org\/en\/bursary-program\/donors\/#breadcrumb\"},\"inLanguage\":\"en-US\",\"potentialAction\":[{\"@type\":\"ReadAction\",\"target\":[\"https:\/\/aqeips.org\/en\/bursary-program\/donors\/\"]}]},{\"@type\":\"BreadcrumbList\",\"@id\":\"https:\/\/aqeips.org\/en\/bursary-program\/donors\/#breadcrumb\",\"itemListElement\":[{\"@type\":\"ListItem\",\"position\":1,\"name\":\"Accueil\",\"item\":\"https:\/\/aqeips.org\/?lang=en\"},{\"@type\":\"ListItem\",\"position\":2,\"name\":\"Bursary program\",\"item\":\"https:\/\/aqeips.org\/en\/bursary-program\/\"},{\"@type\":\"ListItem\",\"position\":3,\"name\":\"Generous donors\"}]},{\"@type\":\"WebSite\",\"@id\":\"https:\/\/aqeips.org\/#website\",\"url\":\"https:\/\/aqeips.org\/\",\"name\":\"Quebec Association for Equity and Inclusion in Post-Secondary Education\",\"description\":\"AQEIPS\",\"publisher\":{\"@id\":\"https:\/\/aqeips.org\/#organization\"},\"potentialAction\":[{\"@type\":\"SearchAction\",\"target\":{\"@type\":\"EntryPoint\",\"urlTemplate\":\"https:\/\/aqeips.org\/?s={search_term_string}\"},\"query-input\":{\"@type\":\"PropertyValueSpecification\",\"valueRequired\":true,\"valueName\":\"search_term_string\"}}],\"inLanguage\":\"en-US\"},{\"@type\":\"Organization\",\"@id\":\"https:\/\/aqeips.org\/#organization\",\"name\":\"L\u2019Association qu\u00e9b\u00e9coise pour l\u2019\u00e9quit\u00e9 et l\u2019inclusion au postsecondaire\",\"alternateName\":\"AQEIPS\",\"url\":\"https:\/\/aqeips.org\/\",\"logo\":{\"@type\":\"ImageObject\",\"inLanguage\":\"en-US\",\"@id\":\"https:\/\/aqeips.org\/#\/schema\/logo\/image\/\",\"url\":\"https:\/\/aqeips.org\/wp-content\/uploads\/2023\/10\/Logo-de-lentite-AQEIPS.jpg\",\"contentUrl\":\"https:\/\/aqeips.org\/wp-content\/uploads\/2023\/10\/Logo-de-lentite-AQEIPS.jpg\",\"width\":696,\"height\":696,\"caption\":\"L\u2019Association qu\u00e9b\u00e9coise pour l\u2019\u00e9quit\u00e9 et l\u2019inclusion au postsecondaire\"},\"image\":{\"@id\":\"https:\/\/aqeips.org\/#\/schema\/logo\/image\/\"},\"sameAs\":[\"https:\/\/fr-ca.facebook.com\/aqeips\/\",\"https:\/\/x.com\/aqeips\",\"https:\/\/www.linkedin.com\/company\/aqeips---association-qu\u00e9b\u00e9coise-des-\u00e9tudiants-ayant-des-incapacit\u00e9s-au-postsecondaire\/?originalSubdomain=ca\",\"https:\/\/www.youtube.com\/channel\/UCFvl0P7dBP9jUPL89k-xXIg\"]}]}<\/script>\n<!-- \/ Yoast SEO plugin. -->","yoast_head_json":{"title":"Generous donors - Quebec Association for Equity and Inclusion in Post-Secondary Education","robots":{"index":"index","follow":"follow","max-snippet":"max-snippet:-1","max-image-preview":"max-image-preview:large","max-video-preview":"max-video-preview:-1"},"canonical":"https:\/\/aqeips.org\/en\/bursary-program\/donors\/","og_locale":"en_US","og_type":"article","og_title":"Generous donors - Quebec Association for Equity and Inclusion in Post-Secondary Education","og_url":"https:\/\/aqeips.org\/en\/bursary-program\/donors\/","og_site_name":"Quebec Association for Equity and Inclusion in Post-Secondary Education","article_publisher":"https:\/\/fr-ca.facebook.com\/aqeips\/","article_modified_time":"2023-12-11T21:51:27+00:00","og_image":[{"width":1200,"height":675,"url":"https:\/\/aqeips.org\/wp-content\/uploads\/2023\/10\/Image-du-site-AQEIPS.jpg","type":"image\/jpeg"}],"twitter_card":"summary_large_image","twitter_site":"@aqeips","twitter_misc":{"Est. reading time":"1 minute"},"schema":{"@context":"https:\/\/schema.org","@graph":[{"@type":"WebPage","@id":"https:\/\/aqeips.org\/en\/bursary-program\/donors\/","url":"https:\/\/aqeips.org\/en\/bursary-program\/donors\/","name":"Generous donors - Quebec Association for Equity and Inclusion in Post-Secondary Education","isPartOf":{"@id":"https:\/\/aqeips.org\/#website"},"datePublished":"2023-10-06T16:57:27+00:00","dateModified":"2023-12-11T21:51:27+00:00","breadcrumb":{"@id":"https:\/\/aqeips.org\/en\/bursary-program\/donors\/#breadcrumb"},"inLanguage":"en-US","potentialAction":[{"@type":"ReadAction","target":["https:\/\/aqeips.org\/en\/bursary-program\/donors\/"]}]},{"@type":"BreadcrumbList","@id":"https:\/\/aqeips.org\/en\/bursary-program\/donors\/#breadcrumb","itemListElement":[{"@type":"ListItem","position":1,"name":"Accueil","item":"https:\/\/aqeips.org\/?lang=en"},{"@type":"ListItem","position":2,"name":"Bursary program","item":"https:\/\/aqeips.org\/en\/bursary-program\/"},{"@type":"ListItem","position":3,"name":"Generous donors"}]},{"@type":"WebSite","@id":"https:\/\/aqeips.org\/#website","url":"https:\/\/aqeips.org\/","name":"Quebec Association for Equity and Inclusion in Post-Secondary Education","description":"AQEIPS","publisher":{"@id":"https:\/\/aqeips.org\/#organization"},"potentialAction":[{"@type":"SearchAction","target":{"@type":"EntryPoint","urlTemplate":"https:\/\/aqeips.org\/?s={search_term_string}"},"query-input":{"@type":"PropertyValueSpecification","valueRequired":true,"valueName":"search_term_string"}}],"inLanguage":"en-US"},{"@type":"Organization","@id":"https:\/\/aqeips.org\/#organization","name":"L\u2019Association qu\u00e9b\u00e9coise pour l\u2019\u00e9quit\u00e9 et l\u2019inclusion au postsecondaire","alternateName":"AQEIPS","url":"https:\/\/aqeips.org\/","logo":{"@type":"ImageObject","inLanguage":"en-US","@id":"https:\/\/aqeips.org\/#\/schema\/logo\/image\/","url":"https:\/\/aqeips.org\/wp-content\/uploads\/2023\/10\/Logo-de-lentite-AQEIPS.jpg","contentUrl":"https:\/\/aqeips.org\/wp-content\/uploads\/2023\/10\/Logo-de-lentite-AQEIPS.jpg","width":696,"height":696,"caption":"L\u2019Association qu\u00e9b\u00e9coise pour l\u2019\u00e9quit\u00e9 et l\u2019inclusion au postsecondaire"},"image":{"@id":"https:\/\/aqeips.org\/#\/schema\/logo\/image\/"},"sameAs":["https:\/\/fr-ca.facebook.com\/aqeips\/","https:\/\/x.com\/aqeips","https:\/\/www.linkedin.com\/company\/aqeips---association-qu\u00e9b\u00e9coise-des-\u00e9tudiants-ayant-des-incapacit\u00e9s-au-postsecondaire\/?originalSubdomain=ca","https:\/\/www.youtube.com\/channel\/UCFvl0P7dBP9jUPL89k-xXIg"]}]}},"_links":{"self":[{"href":"https:\/\/aqeips.org\/en\/wp-json\/wp\/v2\/pages\/1407","targetHints":{"allow":["GET"]}}],"collection":[{"href":"https:\/\/aqeips.org\/en\/wp-json\/wp\/v2\/pages"}],"about":[{"href":"https:\/\/aqeips.org\/en\/wp-json\/wp\/v2\/types\/page"}],"author":[{"embeddable":true,"href":"https:\/\/aqeips.org\/en\/wp-json\/wp\/v2\/users\/3"}],"replies":[{"embeddable":true,"href":"https:\/\/aqeips.org\/en\/wp-json\/wp\/v2\/comments?post=1407"}],"version-history":[{"count":8,"href":"https:\/\/aqeips.org\/en\/wp-json\/wp\/v2\/pages\/1407\/revisions"}],"predecessor-version":[{"id":2586,"href":"https:\/\/aqeips.org\/en\/wp-json\/wp\/v2\/pages\/1407\/revisions\/2586"}],"up":[{"embeddable":true,"href":"https:\/\/aqeips.org\/en\/wp-json\/wp\/v2\/pages\/1399"}],"wp:attachment":[{"href":"https:\/\/aqeips.org\/en\/wp-json\/wp\/v2\/media?parent=1407"}],"curies":[{"name":"wp","href":"https:\/\/api.w.org\/{rel}","templated":true}]}}