{"id":1399,"date":"2023-10-17T21:27:47","date_gmt":"2023-10-18T01:27:43","guid":{"rendered":"https:\/\/aqeips.org\/?page_id=1399"},"modified":"2026-03-27T15:02:53","modified_gmt":"2026-03-27T19:02:53","slug":"bursary-program","status":"publish","type":"page","link":"https:\/\/aqeips.org\/en\/bursary-program\/","title":{"rendered":"Bursary program"},"content":{"rendered":"<div class=\"wp-bootstrap-blocks-container container-md mb-0\">\r\n\t\n<div class=\"wp-bootstrap-blocks-row row gy-5\">\r\n\t\n\r\n<div class=\"col-12 col-md-6\">\r\n\t<div class=\"h-100\">\r\n\t\t\n\r\n        <a class=\"cards-link cards-link-card\" href=\"https:\/\/aqeips.org\/programme-de-bourses\/information\/\" target=\"_self\" aria-label=\"Information\" data-aos=\"fade-up\">\r\n                    <div class=\"cards-link-media \">\r\n                <img decoding=\"async\" src=\"https:\/\/aqeips.org\/wp-content\/uploads\/2023\/12\/pexels-leeloo-thefirst-5428830-1800x1202.jpg\" alt=\"\">\r\n            <\/div>\r\n                <div class=\"cards-link-content\">\r\n            <div class=\"cards-link-title\">\r\n                                    <i class=\"fa-classic fa-regular fa-book-open\" aria-hidden=\"false\"><\/i>\r\n                                <h2 class=\"h3\">Information<\/h2>\r\n            <\/div>\r\n                    <\/div>\r\n    <\/a>\r\n\n\t<\/div>\r\n<\/div>\r\n\n\n\r\n<div class=\"col-12 col-md-6\">\r\n\t<div class=\"h-100\">\r\n\t\t\n\r\n        <a class=\"cards-link cards-link-card\" href=\"https:\/\/aqeips.org\/programme-de-bourses\/gagnants\/\" target=\"_self\" aria-label=\"R\u00e9cipiendaires\" data-aos=\"fade-up\">\r\n                    <div class=\"cards-link-media \">\r\n                <img decoding=\"async\" src=\"https:\/\/aqeips.org\/wp-content\/uploads\/2023\/12\/pexels-gary-barnes-6231630-1800x1200.jpg\" alt=\"\">\r\n            <\/div>\r\n                <div class=\"cards-link-content\">\r\n            <div class=\"cards-link-title\">\r\n                                    <i class=\"fa-classic fa-regular fa-trophy\" aria-hidden=\"false\"><\/i>\r\n                                <h2 class=\"h3\">R\u00e9cipiendaires<\/h2>\r\n            <\/div>\r\n                    <\/div>\r\n    <\/a>\r\n\n\t<\/div>\r\n<\/div>\r\n\n<\/div>\r\n\n\n\n<div style=\"height:2.5em\" aria-hidden=\"true\" class=\"wp-block-spacer\"><\/div>\n\n\n<div class=\"wp-bootstrap-blocks-row row\">\r\n\t\n\r\n<div class=\"col-12 col-md-6\">\r\n\t<div class=\"h-100\">\r\n\t\t\n\r\n        <a class=\"cards-link cards-link-card\" href=\"https:\/\/aqeips.org\/programme-de-bourses\/donateurs\/\" target=\"_self\" aria-label=\"G\u00e9n\u00e9reux donateurs\" data-aos=\"fade-up\">\r\n                    <div class=\"cards-link-media \">\r\n                <img decoding=\"async\" src=\"https:\/\/aqeips.org\/wp-content\/uploads\/2023\/09\/donation.jpg\" alt=\"\">\r\n            <\/div>\r\n                <div class=\"cards-link-content\">\r\n            <div class=\"cards-link-title\">\r\n                                    <i class=\"fa-classic fa-regular fa-donate\" aria-hidden=\"false\"><\/i>\r\n                                <h2 class=\"h3\">G\u00e9n\u00e9reux donateurs<\/h2>\r\n            <\/div>\r\n                    <\/div>\r\n    <\/a>\r\n\n\t<\/div>\r\n<\/div>\r\n\n\n\r\n<div class=\"col-12 col-md-6\">\r\n\t<div class=\"h-100\">\r\n\t\t\n\n<p class=\"has-text-align-center has-white-color has-blue-dark-background-color has-text-color has-background has-link-color has-x-large-font-size wp-elements-f55882b77bdace0a5842f0a7b0049527\">Vos dons rendent notre programme de bourses possible !  Faites un don aujourd&#8217;hui et soutenez l&#8217;\u00e9quit\u00e9 et l&#8217;inclusion au postsecondaire.<\/p>\n\n\n\n<div class=\"wp-block-buttons is-content-justification-center is-layout-flex wp-container-core-buttons-is-layout-16018d1d wp-block-buttons-is-layout-flex\">\n<div class=\"wp-block-button has-custom-width wp-block-button__width-75 has-custom-font-size is-style-icon has-large-font-size\"><a class=\"wp-block-button__link wp-element-button\" href=\"https:\/\/aqeips.org\/bursary-program\/make-a-donation\/?lang=en\">Faire un don<\/a><\/div>\n<\/div>\n\n\t<\/div>\r\n<\/div>\r\n\n<\/div>\r\n\n\n\n<div style=\"height:5em\" aria-hidden=\"true\" class=\"wp-block-spacer\"><\/div>\n\n<\/div>\r\n","protected":false},"excerpt":{"rendered":"<p>Vos dons rendent notre programme de bourses possible ! Faites un don aujourd'hui et soutenez l'\u00e9quit\u00e9 et l'inclusion au postsecondaire. Faire un don...<br \/><a href=\"https:\/\/aqeips.org\/en\/bursary-program\/\" class=\"read-more\">Read more <span class=\"sr-only\">about Bursary program<\/span><\/a><\/p>","protected":false},"author":1,"featured_media":0,"parent":0,"menu_order":5,"comment_status":"closed","ping_status":"closed","template":"","meta":{"_acf_changed":false,"footnotes":""},"class_list":["post-1399","page","type-page","status-publish","hentry"],"acf":[],"yoast_head":"<!-- This site is optimized with the Yoast SEO plugin v27.1.1 - https:\/\/yoast.com\/product\/yoast-seo-wordpress\/ -->\n<title>Bursary program - Quebec Association for Equity and Inclusion in Post-Secondary Education<\/title>\n<meta name=\"robots\" content=\"index, follow, max-snippet:-1, max-image-preview:large, max-video-preview:-1\" \/>\n<link rel=\"canonical\" href=\"https:\/\/aqeips.org\/en\/bursary-program\/\" \/>\n<meta property=\"og:locale\" content=\"en_US\" \/>\n<meta property=\"og:type\" content=\"article\" \/>\n<meta property=\"og:title\" content=\"Bursary program - Quebec Association for Equity and Inclusion in Post-Secondary Education\" \/>\n<meta property=\"og:url\" content=\"https:\/\/aqeips.org\/en\/bursary-program\/\" \/>\n<meta property=\"og:site_name\" content=\"Quebec Association for Equity and Inclusion in Post-Secondary Education\" \/>\n<meta property=\"article:publisher\" content=\"https:\/\/fr-ca.facebook.com\/aqeips\/\" \/>\n<meta property=\"article:modified_time\" content=\"2026-03-27T19:02:53+00:00\" \/>\n<meta property=\"og:image\" content=\"https:\/\/aqeips.org\/wp-content\/uploads\/2023\/10\/Image-du-site-AQEIPS.jpg\" \/>\n\t<meta property=\"og:image:width\" content=\"1200\" \/>\n\t<meta property=\"og:image:height\" content=\"675\" \/>\n\t<meta property=\"og:image:type\" content=\"image\/jpeg\" \/>\n<meta name=\"twitter:card\" content=\"summary_large_image\" \/>\n<meta name=\"twitter:site\" content=\"@aqeips\" \/>\n<meta name=\"twitter:label1\" content=\"Est. reading time\" \/>\n\t<meta name=\"twitter:data1\" content=\"1 minute\" \/>\n<script type=\"application\/ld+json\" class=\"yoast-schema-graph\">{\"@context\":\"https:\/\/schema.org\",\"@graph\":[{\"@type\":\"WebPage\",\"@id\":\"https:\/\/aqeips.org\/en\/bursary-program\/\",\"url\":\"https:\/\/aqeips.org\/en\/bursary-program\/\",\"name\":\"Bursary program - Quebec Association for Equity and Inclusion in Post-Secondary Education\",\"isPartOf\":{\"@id\":\"https:\/\/aqeips.org\/#website\"},\"datePublished\":\"2023-10-18T01:27:43+00:00\",\"dateModified\":\"2026-03-27T19:02:53+00:00\",\"breadcrumb\":{\"@id\":\"https:\/\/aqeips.org\/en\/bursary-program\/#breadcrumb\"},\"inLanguage\":\"en-US\",\"potentialAction\":[{\"@type\":\"ReadAction\",\"target\":[\"https:\/\/aqeips.org\/en\/bursary-program\/\"]}]},{\"@type\":\"BreadcrumbList\",\"@id\":\"https:\/\/aqeips.org\/en\/bursary-program\/#breadcrumb\",\"itemListElement\":[{\"@type\":\"ListItem\",\"position\":1,\"name\":\"Accueil\",\"item\":\"https:\/\/aqeips.org\/?lang=en\"},{\"@type\":\"ListItem\",\"position\":2,\"name\":\"Bursary program\"}]},{\"@type\":\"WebSite\",\"@id\":\"https:\/\/aqeips.org\/#website\",\"url\":\"https:\/\/aqeips.org\/\",\"name\":\"Quebec Association for Equity and Inclusion in Post-Secondary Education\",\"description\":\"AQEIPS\",\"publisher\":{\"@id\":\"https:\/\/aqeips.org\/#organization\"},\"potentialAction\":[{\"@type\":\"SearchAction\",\"target\":{\"@type\":\"EntryPoint\",\"urlTemplate\":\"https:\/\/aqeips.org\/?s={search_term_string}\"},\"query-input\":{\"@type\":\"PropertyValueSpecification\",\"valueRequired\":true,\"valueName\":\"search_term_string\"}}],\"inLanguage\":\"en-US\"},{\"@type\":\"Organization\",\"@id\":\"https:\/\/aqeips.org\/#organization\",\"name\":\"L\u2019Association qu\u00e9b\u00e9coise pour l\u2019\u00e9quit\u00e9 et l\u2019inclusion au postsecondaire\",\"alternateName\":\"AQEIPS\",\"url\":\"https:\/\/aqeips.org\/\",\"logo\":{\"@type\":\"ImageObject\",\"inLanguage\":\"en-US\",\"@id\":\"https:\/\/aqeips.org\/#\/schema\/logo\/image\/\",\"url\":\"https:\/\/aqeips.org\/wp-content\/uploads\/2023\/10\/Logo-de-lentite-AQEIPS.jpg\",\"contentUrl\":\"https:\/\/aqeips.org\/wp-content\/uploads\/2023\/10\/Logo-de-lentite-AQEIPS.jpg\",\"width\":696,\"height\":696,\"caption\":\"L\u2019Association qu\u00e9b\u00e9coise pour l\u2019\u00e9quit\u00e9 et l\u2019inclusion au postsecondaire\"},\"image\":{\"@id\":\"https:\/\/aqeips.org\/#\/schema\/logo\/image\/\"},\"sameAs\":[\"https:\/\/fr-ca.facebook.com\/aqeips\/\",\"https:\/\/x.com\/aqeips\",\"https:\/\/www.linkedin.com\/company\/aqeips---association-qu\u00e9b\u00e9coise-des-\u00e9tudiants-ayant-des-incapacit\u00e9s-au-postsecondaire\/?originalSubdomain=ca\",\"https:\/\/www.youtube.com\/channel\/UCFvl0P7dBP9jUPL89k-xXIg\"]}]}<\/script>\n<!-- \/ Yoast SEO plugin. -->","yoast_head_json":{"title":"Bursary program - Quebec Association for Equity and Inclusion in Post-Secondary Education","robots":{"index":"index","follow":"follow","max-snippet":"max-snippet:-1","max-image-preview":"max-image-preview:large","max-video-preview":"max-video-preview:-1"},"canonical":"https:\/\/aqeips.org\/en\/bursary-program\/","og_locale":"en_US","og_type":"article","og_title":"Bursary program - Quebec Association for Equity and Inclusion in Post-Secondary Education","og_url":"https:\/\/aqeips.org\/en\/bursary-program\/","og_site_name":"Quebec Association for Equity and Inclusion in Post-Secondary Education","article_publisher":"https:\/\/fr-ca.facebook.com\/aqeips\/","article_modified_time":"2026-03-27T19:02:53+00:00","og_image":[{"width":1200,"height":675,"url":"https:\/\/aqeips.org\/wp-content\/uploads\/2023\/10\/Image-du-site-AQEIPS.jpg","type":"image\/jpeg"}],"twitter_card":"summary_large_image","twitter_site":"@aqeips","twitter_misc":{"Est. reading time":"1 minute"},"schema":{"@context":"https:\/\/schema.org","@graph":[{"@type":"WebPage","@id":"https:\/\/aqeips.org\/en\/bursary-program\/","url":"https:\/\/aqeips.org\/en\/bursary-program\/","name":"Bursary program - Quebec Association for Equity and Inclusion in Post-Secondary Education","isPartOf":{"@id":"https:\/\/aqeips.org\/#website"},"datePublished":"2023-10-18T01:27:43+00:00","dateModified":"2026-03-27T19:02:53+00:00","breadcrumb":{"@id":"https:\/\/aqeips.org\/en\/bursary-program\/#breadcrumb"},"inLanguage":"en-US","potentialAction":[{"@type":"ReadAction","target":["https:\/\/aqeips.org\/en\/bursary-program\/"]}]},{"@type":"BreadcrumbList","@id":"https:\/\/aqeips.org\/en\/bursary-program\/#breadcrumb","itemListElement":[{"@type":"ListItem","position":1,"name":"Accueil","item":"https:\/\/aqeips.org\/?lang=en"},{"@type":"ListItem","position":2,"name":"Bursary program"}]},{"@type":"WebSite","@id":"https:\/\/aqeips.org\/#website","url":"https:\/\/aqeips.org\/","name":"Quebec Association for Equity and Inclusion in Post-Secondary Education","description":"AQEIPS","publisher":{"@id":"https:\/\/aqeips.org\/#organization"},"potentialAction":[{"@type":"SearchAction","target":{"@type":"EntryPoint","urlTemplate":"https:\/\/aqeips.org\/?s={search_term_string}"},"query-input":{"@type":"PropertyValueSpecification","valueRequired":true,"valueName":"search_term_string"}}],"inLanguage":"en-US"},{"@type":"Organization","@id":"https:\/\/aqeips.org\/#organization","name":"L\u2019Association qu\u00e9b\u00e9coise pour l\u2019\u00e9quit\u00e9 et l\u2019inclusion au postsecondaire","alternateName":"AQEIPS","url":"https:\/\/aqeips.org\/","logo":{"@type":"ImageObject","inLanguage":"en-US","@id":"https:\/\/aqeips.org\/#\/schema\/logo\/image\/","url":"https:\/\/aqeips.org\/wp-content\/uploads\/2023\/10\/Logo-de-lentite-AQEIPS.jpg","contentUrl":"https:\/\/aqeips.org\/wp-content\/uploads\/2023\/10\/Logo-de-lentite-AQEIPS.jpg","width":696,"height":696,"caption":"L\u2019Association qu\u00e9b\u00e9coise pour l\u2019\u00e9quit\u00e9 et l\u2019inclusion au postsecondaire"},"image":{"@id":"https:\/\/aqeips.org\/#\/schema\/logo\/image\/"},"sameAs":["https:\/\/fr-ca.facebook.com\/aqeips\/","https:\/\/x.com\/aqeips","https:\/\/www.linkedin.com\/company\/aqeips---association-qu\u00e9b\u00e9coise-des-\u00e9tudiants-ayant-des-incapacit\u00e9s-au-postsecondaire\/?originalSubdomain=ca","https:\/\/www.youtube.com\/channel\/UCFvl0P7dBP9jUPL89k-xXIg"]}]}},"_links":{"self":[{"href":"https:\/\/aqeips.org\/en\/wp-json\/wp\/v2\/pages\/1399","targetHints":{"allow":["GET"]}}],"collection":[{"href":"https:\/\/aqeips.org\/en\/wp-json\/wp\/v2\/pages"}],"about":[{"href":"https:\/\/aqeips.org\/en\/wp-json\/wp\/v2\/types\/page"}],"author":[{"embeddable":true,"href":"https:\/\/aqeips.org\/en\/wp-json\/wp\/v2\/users\/1"}],"replies":[{"embeddable":true,"href":"https:\/\/aqeips.org\/en\/wp-json\/wp\/v2\/comments?post=1399"}],"version-history":[{"count":10,"href":"https:\/\/aqeips.org\/en\/wp-json\/wp\/v2\/pages\/1399\/revisions"}],"predecessor-version":[{"id":7748,"href":"https:\/\/aqeips.org\/en\/wp-json\/wp\/v2\/pages\/1399\/revisions\/7748"}],"wp:attachment":[{"href":"https:\/\/aqeips.org\/en\/wp-json\/wp\/v2\/media?parent=1399"}],"curies":[{"name":"wp","href":"https:\/\/api.w.org\/{rel}","templated":true}]}}