{"id":1388,"date":"2023-10-17T21:12:26","date_gmt":"2023-10-18T01:12:26","guid":{"rendered":"https:\/\/aqeips.org\/?page_id=1388"},"modified":"2025-07-21T13:29:12","modified_gmt":"2025-07-21T17:29:12","slug":"press-releases","status":"publish","type":"page","link":"https:\/\/aqeips.org\/en\/news-and-events\/press-releases\/","title":{"rendered":"Articles"},"content":{"rendered":"<div class=\"wp-bootstrap-blocks-container container mb-3\">\r\n\t\n\n<div class=\"wp-block-query is-layout-flow wp-block-query-is-layout-flow\"><ul class=\"wp-block-post-template has-text-color has-blue-dark-color has-medium-font-size is-layout-flow wp-block-post-template-is-layout-flow\"><li class=\"wp-block-post post-7732 post type-post status-publish format-standard has-post-thumbnail hentry category-articles category-news category-press-releases\">\n\n<div class=\"wp-block-columns is-layout-flex wp-container-core-columns-is-layout-9d6595d7 wp-block-columns-is-layout-flex\">\n<div class=\"wp-block-column is-vertically-aligned-center is-layout-flow wp-block-column-is-layout-flow\">\n<div class=\"wp-block-group is-content-justification-left is-layout-constrained wp-container-core-group-is-layout-8c890d92 wp-block-group-is-layout-constrained\"><h2 class=\"wp-block-post-title\">Tribute to St\u00e9phane Braney (1966 &#8211; 2026)<\/h2>\n\n<div class=\"wp-block-post-excerpt\"><p class=\"wp-block-post-excerpt__excerpt\"> <\/p><\/div>\n\n\n<div style=\"height:1.5em\" aria-hidden=\"true\" class=\"wp-block-spacer\"><\/div>\n\n\n\n<div style=\"height:0px;width:0px\" aria-hidden=\"true\" class=\"wp-block-spacer\"><\/div>\n\n\n<a class=\"wp-block-read-more\" href=\"https:\/\/aqeips.org\/en\/tribute-to-stephane-braney-1966-2026\/\" target=\"_self\">Read more<span class=\"screen-reader-text\">: Tribute to St\u00e9phane Braney (1966 &#8211; 2026)<\/span><\/a><\/div>\n<\/div>\n\n\n\n<div class=\"wp-block-column is-layout-flow wp-block-column-is-layout-flow\" style=\"flex-basis:25%\"><figure class=\"wp-block-post-featured-image\"><img loading=\"lazy\" decoding=\"async\" width=\"1100\" height=\"859\" src=\"https:\/\/aqeips.org\/wp-content\/uploads\/2026\/02\/Cedre.jpg\" class=\"attachment-post-thumbnail size-post-thumbnail wp-post-image\" alt=\"\" style=\"object-fit:cover;\" srcset=\"https:\/\/aqeips.org\/wp-content\/uploads\/2026\/02\/Cedre.jpg 1100w, https:\/\/aqeips.org\/wp-content\/uploads\/2026\/02\/Cedre-1024x800.jpg 1024w, https:\/\/aqeips.org\/wp-content\/uploads\/2026\/02\/Cedre-768x600.jpg 768w\" sizes=\"auto, (max-width: 1100px) 100vw, 1100px\" \/><\/figure><\/div>\n<\/div>\n\n\n\n<hr class=\"wp-block-separator has-text-color has-gray-light-color has-alpha-channel-opacity has-gray-light-background-color has-background is-style-wide\"\/>\n\n\n\n<div style=\"height:1.5em;width:0px\" aria-hidden=\"true\" class=\"wp-block-spacer\"><\/div>\n\n<\/li><li class=\"wp-block-post post-7634 post type-post status-publish format-standard has-post-thumbnail hentry category-articles category-news category-press-releases tag-quarterly-report\">\n\n<div class=\"wp-block-columns is-layout-flex wp-container-core-columns-is-layout-9d6595d7 wp-block-columns-is-layout-flex\">\n<div class=\"wp-block-column is-vertically-aligned-center is-layout-flow wp-block-column-is-layout-flow\">\n<div class=\"wp-block-group is-content-justification-left is-layout-constrained wp-container-core-group-is-layout-8c890d92 wp-block-group-is-layout-constrained\"><h2 class=\"wp-block-post-title\">October-December : quarterly report<\/h2>\n\n<div class=\"wp-block-post-excerpt\"><p class=\"wp-block-post-excerpt__excerpt\"> <\/p><\/div>\n\n\n<div style=\"height:1.5em\" aria-hidden=\"true\" class=\"wp-block-spacer\"><\/div>\n\n\n\n<div style=\"height:0px;width:0px\" aria-hidden=\"true\" class=\"wp-block-spacer\"><\/div>\n\n\n<a class=\"wp-block-read-more\" href=\"https:\/\/aqeips.org\/en\/october-december-quarterly-report\/\" target=\"_self\">Read more<span class=\"screen-reader-text\">: October-December : quarterly report<\/span><\/a><\/div>\n<\/div>\n\n\n\n<div class=\"wp-block-column is-layout-flow wp-block-column-is-layout-flow\" style=\"flex-basis:25%\"><figure class=\"wp-block-post-featured-image\"><img loading=\"lazy\" decoding=\"async\" width=\"1344\" height=\"1008\" src=\"https:\/\/aqeips.org\/wp-content\/uploads\/2026\/01\/IMG_20251216_193322_1.jpg\" class=\"attachment-post-thumbnail size-post-thumbnail wp-post-image\" alt=\"\" style=\"object-fit:cover;\" srcset=\"https:\/\/aqeips.org\/wp-content\/uploads\/2026\/01\/IMG_20251216_193322_1.jpg 1344w, https:\/\/aqeips.org\/wp-content\/uploads\/2026\/01\/IMG_20251216_193322_1-1024x768.jpg 1024w, https:\/\/aqeips.org\/wp-content\/uploads\/2026\/01\/IMG_20251216_193322_1-768x576.jpg 768w\" sizes=\"auto, (max-width: 1344px) 100vw, 1344px\" \/><\/figure><\/div>\n<\/div>\n\n\n\n<hr class=\"wp-block-separator has-text-color has-gray-light-color has-alpha-channel-opacity has-gray-light-background-color has-background is-style-wide\"\/>\n\n\n\n<div style=\"height:1.5em;width:0px\" aria-hidden=\"true\" class=\"wp-block-spacer\"><\/div>\n\n<\/li><li class=\"wp-block-post post-7148 post type-post status-publish format-standard has-post-thumbnail hentry category-articles category-news\">\n\n<div class=\"wp-block-columns is-layout-flex wp-container-core-columns-is-layout-9d6595d7 wp-block-columns-is-layout-flex\">\n<div class=\"wp-block-column is-vertically-aligned-center is-layout-flow wp-block-column-is-layout-flow\">\n<div class=\"wp-block-group is-content-justification-left is-layout-constrained wp-container-core-group-is-layout-8c890d92 wp-block-group-is-layout-constrained\"><h2 class=\"wp-block-post-title\">What are the changes to form 1015 for the 2025-2026 academic year?\u00a0<\/h2>\n\n<div class=\"wp-block-post-excerpt\"><p class=\"wp-block-post-excerpt__excerpt\">Allowance for Special Needs Program Sections 1, 2 and 4 must be completed. The student may receive, depending on the case and under certain conditions, financial assistance for the specialized services, material resources, housing allowance and paratransit services they need <\/p><\/div>\n\n\n<div style=\"height:1.5em\" aria-hidden=\"true\" class=\"wp-block-spacer\"><\/div>\n\n\n\n<div style=\"height:0px;width:0px\" aria-hidden=\"true\" class=\"wp-block-spacer\"><\/div>\n\n\n<a class=\"wp-block-read-more\" href=\"https:\/\/aqeips.org\/en\/form-1015-2025-2026\/\" target=\"_self\">Read more<span class=\"screen-reader-text\">: What are the changes to form 1015 for the 2025-2026 academic year?\u00a0<\/span><\/a><\/div>\n<\/div>\n\n\n\n<div class=\"wp-block-column is-layout-flow wp-block-column-is-layout-flow\" style=\"flex-basis:25%\"><figure class=\"wp-block-post-featured-image\"><img loading=\"lazy\" decoding=\"async\" width=\"2560\" height=\"1709\" src=\"https:\/\/aqeips.org\/wp-content\/uploads\/2025\/09\/pexels-leeloothefirst-8962477-scaled.jpg\" class=\"attachment-post-thumbnail size-post-thumbnail wp-post-image\" alt=\"\" style=\"object-fit:cover;\" srcset=\"https:\/\/aqeips.org\/wp-content\/uploads\/2025\/09\/pexels-leeloothefirst-8962477-scaled.jpg 2560w, https:\/\/aqeips.org\/wp-content\/uploads\/2025\/09\/pexels-leeloothefirst-8962477-1024x684.jpg 1024w, https:\/\/aqeips.org\/wp-content\/uploads\/2025\/09\/pexels-leeloothefirst-8962477-1800x1202.jpg 1800w, https:\/\/aqeips.org\/wp-content\/uploads\/2025\/09\/pexels-leeloothefirst-8962477-768x513.jpg 768w, https:\/\/aqeips.org\/wp-content\/uploads\/2025\/09\/pexels-leeloothefirst-8962477-1536x1025.jpg 1536w, https:\/\/aqeips.org\/wp-content\/uploads\/2025\/09\/pexels-leeloothefirst-8962477-2048x1367.jpg 2048w\" sizes=\"auto, (max-width: 2560px) 100vw, 2560px\" \/><\/figure><\/div>\n<\/div>\n\n\n\n<hr class=\"wp-block-separator has-text-color has-gray-light-color has-alpha-channel-opacity has-gray-light-background-color has-background is-style-wide\"\/>\n\n\n\n<div style=\"height:1.5em;width:0px\" aria-hidden=\"true\" class=\"wp-block-spacer\"><\/div>\n\n<\/li><li class=\"wp-block-post post-7084 post type-post status-publish format-standard has-post-thumbnail hentry category-articles\">\n\n<div class=\"wp-block-columns is-layout-flex wp-container-core-columns-is-layout-9d6595d7 wp-block-columns-is-layout-flex\">\n<div class=\"wp-block-column is-vertically-aligned-center is-layout-flow wp-block-column-is-layout-flow\">\n<div class=\"wp-block-group is-content-justification-left is-layout-constrained wp-container-core-group-is-layout-8c890d92 wp-block-group-is-layout-constrained\"><h2 class=\"wp-block-post-title\">Playing with the education budget &#8211; how will it impact students with disabilities?\u00a0<\/h2>\n\n<div class=\"wp-block-post-excerpt\"><p class=\"wp-block-post-excerpt__excerpt\"> <\/p><\/div>\n\n\n<div style=\"height:1.5em\" aria-hidden=\"true\" class=\"wp-block-spacer\"><\/div>\n\n\n\n<div style=\"height:0px;width:0px\" aria-hidden=\"true\" class=\"wp-block-spacer\"><\/div>\n\n\n<a class=\"wp-block-read-more\" href=\"https:\/\/aqeips.org\/en\/playing-with-the-education-budget-how-will-this-impact-students-with-disabilities\/\" target=\"_self\">Read more<span class=\"screen-reader-text\">: Playing with the education budget &#8211; how will it impact students with disabilities?\u00a0<\/span><\/a><\/div>\n<\/div>\n\n\n\n<div class=\"wp-block-column is-layout-flow wp-block-column-is-layout-flow\" style=\"flex-basis:25%\"><figure class=\"wp-block-post-featured-image\"><img loading=\"lazy\" decoding=\"async\" width=\"1920\" height=\"1277\" src=\"https:\/\/aqeips.org\/wp-content\/uploads\/2014\/07\/feliphe-schiarolli-class-unsplash.jpg\" class=\"attachment-post-thumbnail size-post-thumbnail wp-post-image\" alt=\"\" style=\"object-fit:cover;\" srcset=\"https:\/\/aqeips.org\/wp-content\/uploads\/2014\/07\/feliphe-schiarolli-class-unsplash.jpg 1920w, https:\/\/aqeips.org\/wp-content\/uploads\/2014\/07\/feliphe-schiarolli-class-unsplash-300x200.jpg 300w, https:\/\/aqeips.org\/wp-content\/uploads\/2014\/07\/feliphe-schiarolli-class-unsplash-1024x681.jpg 1024w, https:\/\/aqeips.org\/wp-content\/uploads\/2014\/07\/feliphe-schiarolli-class-unsplash-768x511.jpg 768w, https:\/\/aqeips.org\/wp-content\/uploads\/2014\/07\/feliphe-schiarolli-class-unsplash-1536x1022.jpg 1536w\" sizes=\"auto, (max-width: 1920px) 100vw, 1920px\" \/><\/figure><\/div>\n<\/div>\n\n\n\n<hr class=\"wp-block-separator has-text-color has-gray-light-color has-alpha-channel-opacity has-gray-light-background-color has-background is-style-wide\"\/>\n\n\n\n<div style=\"height:1.5em;width:0px\" aria-hidden=\"true\" class=\"wp-block-spacer\"><\/div>\n\n<\/li><li class=\"wp-block-post post-7051 post type-post status-publish format-standard has-post-thumbnail hentry category-articles category-nouvelles\">\n\n<div class=\"wp-block-columns is-layout-flex wp-container-core-columns-is-layout-9d6595d7 wp-block-columns-is-layout-flex\">\n<div class=\"wp-block-column is-vertically-aligned-center is-layout-flow wp-block-column-is-layout-flow\">\n<div class=\"wp-block-group is-content-justification-left is-layout-constrained wp-container-core-group-is-layout-8c890d92 wp-block-group-is-layout-constrained\"><h2 class=\"wp-block-post-title\">Rivellie Tchuisseu; AQEIPS bursary recipient and Knight of the National Order of Quebec 2025\u00a0<\/h2>\n\n<div class=\"wp-block-post-excerpt\"><p class=\"wp-block-post-excerpt__excerpt\"> <\/p><\/div>\n\n\n<div style=\"height:1.5em\" aria-hidden=\"true\" class=\"wp-block-spacer\"><\/div>\n\n\n\n<div style=\"height:0px;width:0px\" aria-hidden=\"true\" class=\"wp-block-spacer\"><\/div>\n\n\n<a class=\"wp-block-read-more\" href=\"https:\/\/aqeips.org\/en\/rivellie-tchuisseu-an-aqeips-bursary-recipient-and-knight-of-the-national-order-of-quebec-2025\/\" target=\"_self\">Read more<span class=\"screen-reader-text\">: Rivellie Tchuisseu; AQEIPS bursary recipient and Knight of the National Order of Quebec 2025\u00a0<\/span><\/a><\/div>\n<\/div>\n\n\n\n<div class=\"wp-block-column is-layout-flow wp-block-column-is-layout-flow\" style=\"flex-basis:25%\"><figure class=\"wp-block-post-featured-image\"><img loading=\"lazy\" decoding=\"async\" width=\"1000\" height=\"707\" src=\"https:\/\/aqeips.org\/wp-content\/uploads\/2025\/07\/rivellie-1244-w-2-2.jpg\" class=\"attachment-post-thumbnail size-post-thumbnail wp-post-image\" alt=\"\" style=\"object-fit:cover;\" srcset=\"https:\/\/aqeips.org\/wp-content\/uploads\/2025\/07\/rivellie-1244-w-2-2.jpg 1000w, https:\/\/aqeips.org\/wp-content\/uploads\/2025\/07\/rivellie-1244-w-2-2-768x543.jpg 768w\" sizes=\"auto, (max-width: 1000px) 100vw, 1000px\" \/><\/figure><\/div>\n<\/div>\n\n\n\n<hr class=\"wp-block-separator has-text-color has-gray-light-color has-alpha-channel-opacity has-gray-light-background-color has-background is-style-wide\"\/>\n\n\n\n<div style=\"height:1.5em;width:0px\" aria-hidden=\"true\" class=\"wp-block-spacer\"><\/div>\n\n<\/li><\/ul>\n\n<nav class=\"wp-block-query-pagination is-layout-flex wp-block-query-pagination-is-layout-flex\" aria-label=\"Pagination\">\n\n\n<div class=\"wp-block-query-pagination-numbers\"><span aria-current=\"page\" class=\"page-numbers current\">1<\/span>\n<a class=\"page-numbers\" href=\"?query-0-page=2\">2<\/a>\n<a class=\"page-numbers\" href=\"?query-0-page=3\">3<\/a>\n<span class=\"page-numbers dots\">&hellip;<\/span>\n<a class=\"page-numbers\" href=\"?query-0-page=5\">5<\/a><\/div>\n\n<a href=\"\/en\/wp-json\/wp\/v2\/pages\/1388?query-0-page=2\" class=\"wp-block-query-pagination-next\">Next Page<\/a>\n<\/nav>\n\n<\/div>\n\n<\/div>\r\n","protected":false},"excerpt":{"rendered":"<p>There are no press releases at the moment. Back to home page...<br \/><a href=\"https:\/\/aqeips.org\/en\/news-and-events\/press-releases\/\" class=\"read-more\">Read more <span class=\"sr-only\">about Articles<\/span><\/a><\/p>","protected":false},"author":3,"featured_media":0,"parent":1376,"menu_order":1,"comment_status":"closed","ping_status":"closed","template":"templates\/side-nav.php","meta":{"_acf_changed":false,"footnotes":""},"class_list":["post-1388","page","type-page","status-publish","hentry"],"acf":[],"yoast_head":"<!-- This site is optimized with the Yoast SEO plugin v27.1.1 - https:\/\/yoast.com\/product\/yoast-seo-wordpress\/ -->\n<title>Articles - Quebec Association for Equity and Inclusion in Post-Secondary Education<\/title>\n<meta name=\"robots\" content=\"index, follow, max-snippet:-1, max-image-preview:large, max-video-preview:-1\" \/>\n<link rel=\"canonical\" href=\"https:\/\/aqeips.org\/news-and-events\/press-releases\/?lang=en\" \/>\n<link rel=\"next\" href=\"https:\/\/aqeips.org\/news-and-events\/press-releases\/?lang=en1388?query-0-page=2\" \/>\n<meta property=\"og:locale\" content=\"en_US\" \/>\n<meta property=\"og:type\" content=\"article\" \/>\n<meta property=\"og:title\" content=\"Articles - Quebec Association for Equity and Inclusion in Post-Secondary Education\" \/>\n<meta property=\"og:url\" content=\"https:\/\/aqeips.org\/news-and-events\/press-releases\/?lang=en\" \/>\n<meta property=\"og:site_name\" content=\"Quebec Association for Equity and Inclusion in Post-Secondary Education\" \/>\n<meta property=\"article:publisher\" content=\"https:\/\/fr-ca.facebook.com\/aqeips\/\" \/>\n<meta property=\"article:modified_time\" content=\"2025-07-21T17:29:12+00:00\" \/>\n<meta property=\"og:image\" content=\"https:\/\/aqeips.org\/wp-content\/uploads\/2023\/10\/Image-du-site-AQEIPS.jpg\" \/>\n\t<meta property=\"og:image:width\" content=\"1200\" \/>\n\t<meta property=\"og:image:height\" content=\"675\" \/>\n\t<meta property=\"og:image:type\" content=\"image\/jpeg\" \/>\n<meta name=\"twitter:card\" content=\"summary_large_image\" \/>\n<meta name=\"twitter:site\" content=\"@aqeips\" \/>\n<meta name=\"twitter:label1\" content=\"Est. reading time\" \/>\n\t<meta name=\"twitter:data1\" content=\"1 minute\" \/>\n<script type=\"application\/ld+json\" class=\"yoast-schema-graph\">{\"@context\":\"https:\/\/schema.org\",\"@graph\":[{\"@type\":\"WebPage\",\"@id\":\"https:\/\/aqeips.org\/news-and-events\/press-releases\/?lang=en\",\"url\":\"https:\/\/aqeips.org\/news-and-events\/press-releases\/?lang=en\",\"name\":\"Articles - Quebec Association for Equity and Inclusion in Post-Secondary Education\",\"isPartOf\":{\"@id\":\"https:\/\/aqeips.org\/#website\"},\"datePublished\":\"2023-10-18T01:12:26+00:00\",\"dateModified\":\"2025-07-21T17:29:12+00:00\",\"breadcrumb\":{\"@id\":\"https:\/\/aqeips.org\/news-and-events\/press-releases\/?lang=en#breadcrumb\"},\"inLanguage\":\"en-US\",\"potentialAction\":[{\"@type\":\"ReadAction\",\"target\":[\"https:\/\/aqeips.org\/news-and-events\/press-releases\/?lang=en\"]}]},{\"@type\":\"BreadcrumbList\",\"@id\":\"https:\/\/aqeips.org\/news-and-events\/press-releases\/?lang=en#breadcrumb\",\"itemListElement\":[{\"@type\":\"ListItem\",\"position\":1,\"name\":\"Accueil\",\"item\":\"https:\/\/aqeips.org\/?lang=en\"},{\"@type\":\"ListItem\",\"position\":2,\"name\":\"News\",\"item\":\"https:\/\/aqeips.org\/news-and-events\/?lang=en\"},{\"@type\":\"ListItem\",\"position\":3,\"name\":\"Articles\"}]},{\"@type\":\"WebSite\",\"@id\":\"https:\/\/aqeips.org\/#website\",\"url\":\"https:\/\/aqeips.org\/\",\"name\":\"Quebec Association for Equity and Inclusion in Post-Secondary Education\",\"description\":\"AQEIPS\",\"publisher\":{\"@id\":\"https:\/\/aqeips.org\/#organization\"},\"potentialAction\":[{\"@type\":\"SearchAction\",\"target\":{\"@type\":\"EntryPoint\",\"urlTemplate\":\"https:\/\/aqeips.org\/?s={search_term_string}\"},\"query-input\":{\"@type\":\"PropertyValueSpecification\",\"valueRequired\":true,\"valueName\":\"search_term_string\"}}],\"inLanguage\":\"en-US\"},{\"@type\":\"Organization\",\"@id\":\"https:\/\/aqeips.org\/#organization\",\"name\":\"L\u2019Association qu\u00e9b\u00e9coise pour l\u2019\u00e9quit\u00e9 et l\u2019inclusion au postsecondaire\",\"alternateName\":\"AQEIPS\",\"url\":\"https:\/\/aqeips.org\/\",\"logo\":{\"@type\":\"ImageObject\",\"inLanguage\":\"en-US\",\"@id\":\"https:\/\/aqeips.org\/#\/schema\/logo\/image\/\",\"url\":\"https:\/\/aqeips.org\/wp-content\/uploads\/2023\/10\/Logo-de-lentite-AQEIPS.jpg\",\"contentUrl\":\"https:\/\/aqeips.org\/wp-content\/uploads\/2023\/10\/Logo-de-lentite-AQEIPS.jpg\",\"width\":696,\"height\":696,\"caption\":\"L\u2019Association qu\u00e9b\u00e9coise pour l\u2019\u00e9quit\u00e9 et l\u2019inclusion au postsecondaire\"},\"image\":{\"@id\":\"https:\/\/aqeips.org\/#\/schema\/logo\/image\/\"},\"sameAs\":[\"https:\/\/fr-ca.facebook.com\/aqeips\/\",\"https:\/\/x.com\/aqeips\",\"https:\/\/www.linkedin.com\/company\/aqeips---association-qu\u00e9b\u00e9coise-des-\u00e9tudiants-ayant-des-incapacit\u00e9s-au-postsecondaire\/?originalSubdomain=ca\",\"https:\/\/www.youtube.com\/channel\/UCFvl0P7dBP9jUPL89k-xXIg\"]}]}<\/script>\n<!-- \/ Yoast SEO plugin. -->","yoast_head_json":{"title":"Articles - Quebec Association for Equity and Inclusion in Post-Secondary Education","robots":{"index":"index","follow":"follow","max-snippet":"max-snippet:-1","max-image-preview":"max-image-preview:large","max-video-preview":"max-video-preview:-1"},"canonical":"https:\/\/aqeips.org\/news-and-events\/press-releases\/?lang=en","next":"https:\/\/aqeips.org\/news-and-events\/press-releases\/?lang=en1388?query-0-page=2","og_locale":"en_US","og_type":"article","og_title":"Articles - Quebec Association for Equity and Inclusion in Post-Secondary Education","og_url":"https:\/\/aqeips.org\/news-and-events\/press-releases\/?lang=en","og_site_name":"Quebec Association for Equity and Inclusion in Post-Secondary Education","article_publisher":"https:\/\/fr-ca.facebook.com\/aqeips\/","article_modified_time":"2025-07-21T17:29:12+00:00","og_image":[{"width":1200,"height":675,"url":"https:\/\/aqeips.org\/wp-content\/uploads\/2023\/10\/Image-du-site-AQEIPS.jpg","type":"image\/jpeg"}],"twitter_card":"summary_large_image","twitter_site":"@aqeips","twitter_misc":{"Est. reading time":"1 minute"},"schema":{"@context":"https:\/\/schema.org","@graph":[{"@type":"WebPage","@id":"https:\/\/aqeips.org\/news-and-events\/press-releases\/?lang=en","url":"https:\/\/aqeips.org\/news-and-events\/press-releases\/?lang=en","name":"Articles - Quebec Association for Equity and Inclusion in Post-Secondary Education","isPartOf":{"@id":"https:\/\/aqeips.org\/#website"},"datePublished":"2023-10-18T01:12:26+00:00","dateModified":"2025-07-21T17:29:12+00:00","breadcrumb":{"@id":"https:\/\/aqeips.org\/news-and-events\/press-releases\/?lang=en#breadcrumb"},"inLanguage":"en-US","potentialAction":[{"@type":"ReadAction","target":["https:\/\/aqeips.org\/news-and-events\/press-releases\/?lang=en"]}]},{"@type":"BreadcrumbList","@id":"https:\/\/aqeips.org\/news-and-events\/press-releases\/?lang=en#breadcrumb","itemListElement":[{"@type":"ListItem","position":1,"name":"Accueil","item":"https:\/\/aqeips.org\/?lang=en"},{"@type":"ListItem","position":2,"name":"News","item":"https:\/\/aqeips.org\/news-and-events\/?lang=en"},{"@type":"ListItem","position":3,"name":"Articles"}]},{"@type":"WebSite","@id":"https:\/\/aqeips.org\/#website","url":"https:\/\/aqeips.org\/","name":"Quebec Association for Equity and Inclusion in Post-Secondary Education","description":"AQEIPS","publisher":{"@id":"https:\/\/aqeips.org\/#organization"},"potentialAction":[{"@type":"SearchAction","target":{"@type":"EntryPoint","urlTemplate":"https:\/\/aqeips.org\/?s={search_term_string}"},"query-input":{"@type":"PropertyValueSpecification","valueRequired":true,"valueName":"search_term_string"}}],"inLanguage":"en-US"},{"@type":"Organization","@id":"https:\/\/aqeips.org\/#organization","name":"L\u2019Association qu\u00e9b\u00e9coise pour l\u2019\u00e9quit\u00e9 et l\u2019inclusion au postsecondaire","alternateName":"AQEIPS","url":"https:\/\/aqeips.org\/","logo":{"@type":"ImageObject","inLanguage":"en-US","@id":"https:\/\/aqeips.org\/#\/schema\/logo\/image\/","url":"https:\/\/aqeips.org\/wp-content\/uploads\/2023\/10\/Logo-de-lentite-AQEIPS.jpg","contentUrl":"https:\/\/aqeips.org\/wp-content\/uploads\/2023\/10\/Logo-de-lentite-AQEIPS.jpg","width":696,"height":696,"caption":"L\u2019Association qu\u00e9b\u00e9coise pour l\u2019\u00e9quit\u00e9 et l\u2019inclusion au postsecondaire"},"image":{"@id":"https:\/\/aqeips.org\/#\/schema\/logo\/image\/"},"sameAs":["https:\/\/fr-ca.facebook.com\/aqeips\/","https:\/\/x.com\/aqeips","https:\/\/www.linkedin.com\/company\/aqeips---association-qu\u00e9b\u00e9coise-des-\u00e9tudiants-ayant-des-incapacit\u00e9s-au-postsecondaire\/?originalSubdomain=ca","https:\/\/www.youtube.com\/channel\/UCFvl0P7dBP9jUPL89k-xXIg"]}]}},"_links":{"self":[{"href":"https:\/\/aqeips.org\/en\/wp-json\/wp\/v2\/pages\/1388","targetHints":{"allow":["GET"]}}],"collection":[{"href":"https:\/\/aqeips.org\/en\/wp-json\/wp\/v2\/pages"}],"about":[{"href":"https:\/\/aqeips.org\/en\/wp-json\/wp\/v2\/types\/page"}],"author":[{"embeddable":true,"href":"https:\/\/aqeips.org\/en\/wp-json\/wp\/v2\/users\/3"}],"replies":[{"embeddable":true,"href":"https:\/\/aqeips.org\/en\/wp-json\/wp\/v2\/comments?post=1388"}],"version-history":[{"count":7,"href":"https:\/\/aqeips.org\/en\/wp-json\/wp\/v2\/pages\/1388\/revisions"}],"predecessor-version":[{"id":5502,"href":"https:\/\/aqeips.org\/en\/wp-json\/wp\/v2\/pages\/1388\/revisions\/5502"}],"up":[{"embeddable":true,"href":"https:\/\/aqeips.org\/en\/wp-json\/wp\/v2\/pages\/1376"}],"wp:attachment":[{"href":"https:\/\/aqeips.org\/en\/wp-json\/wp\/v2\/media?parent=1388"}],"curies":[{"name":"wp","href":"https:\/\/api.w.org\/{rel}","templated":true}]}}