{"id":1381,"date":"2023-10-17T21:00:24","date_gmt":"2023-10-18T01:00:24","guid":{"rendered":"https:\/\/aqeips.org\/?page_id=1381"},"modified":"2025-07-21T13:33:13","modified_gmt":"2025-07-21T17:33:13","slug":"archive","status":"publish","type":"page","link":"https:\/\/aqeips.org\/en\/news-and-events\/archive\/","title":{"rendered":"Archives"},"content":{"rendered":"<div class=\"wp-bootstrap-blocks-container container mb-2\">\r\n\t\n\n<div class=\"wp-block-query is-layout-flow wp-block-query-is-layout-flow\"><ul class=\"columns-2 wp-block-post-template has-text-color has-blue-dark-color has-medium-font-size is-layout-grid wp-container-core-post-template-is-layout-17361a50 wp-block-post-template-is-layout-grid\"><li class=\"wp-block-post post-1583 post type-post status-publish format-standard has-post-thumbnail hentry category-archives-en tag-academic-life\">\n\n<div class=\"wp-block-group is-layout-flow wp-block-group-is-layout-flow\"><figure class=\"wp-block-post-featured-image\"><a href=\"https:\/\/aqeips.org\/en\/zoom-consultation-with-students-with-disabilities-about-their-accessibility-needs-in-remote-classes-with-aqeips-and-neads-summary-report\/\" target=\"_self\"  ><img loading=\"lazy\" decoding=\"async\" width=\"1920\" height=\"1280\" src=\"https:\/\/aqeips.org\/wp-content\/uploads\/2020\/08\/mikael-kristenson-meeting-unsplash.jpg\" class=\"attachment-post-thumbnail size-post-thumbnail wp-post-image\" alt=\"Consultation with students with disabilities on their accessibility needs for on-line classes\" style=\"object-fit:cover;\" srcset=\"https:\/\/aqeips.org\/wp-content\/uploads\/2020\/08\/mikael-kristenson-meeting-unsplash.jpg 1920w, https:\/\/aqeips.org\/wp-content\/uploads\/2020\/08\/mikael-kristenson-meeting-unsplash-300x200.jpg 300w, https:\/\/aqeips.org\/wp-content\/uploads\/2020\/08\/mikael-kristenson-meeting-unsplash-1024x683.jpg 1024w, https:\/\/aqeips.org\/wp-content\/uploads\/2020\/08\/mikael-kristenson-meeting-unsplash-768x512.jpg 768w, https:\/\/aqeips.org\/wp-content\/uploads\/2020\/08\/mikael-kristenson-meeting-unsplash-1536x1024.jpg 1536w\" sizes=\"auto, (max-width: 1920px) 100vw, 1920px\" \/><\/a><\/figure>\n\n<div class=\"wp-block-post-date\"><time datetime=\"2020-08-04T15:16:00-04:00\">4 August 2020<\/time><\/div>\n\n<h2 class=\"wp-block-post-title has-medium-font-size\">Consultation with students with disabilities on their accessibility needs for on-line classes<\/h2>\n\n<div class=\"wp-block-post-excerpt\"><p class=\"wp-block-post-excerpt__excerpt\">Thursday, May 14, 2020 \u2013 2 PM 76 participant.e.s Most universities across the country have announced that summer \u2013 and in many cases, fall \u2013 classes will be held online. This&hellip; <\/p><\/div>\n\n\n<div style=\"height:1em\" aria-hidden=\"true\" class=\"wp-block-spacer\"><\/div>\n<\/div>\n\n\n<a class=\"wp-block-read-more\" href=\"https:\/\/aqeips.org\/en\/zoom-consultation-with-students-with-disabilities-about-their-accessibility-needs-in-remote-classes-with-aqeips-and-neads-summary-report\/\" target=\"_self\">Read more<span class=\"screen-reader-text\">: Consultation with students with disabilities on their accessibility needs for on-line classes<\/span><\/a>\n<\/li><li class=\"wp-block-post post-1578 post type-post status-publish format-standard has-post-thumbnail hentry category-archives-en tag-academic-life\">\n\n<div class=\"wp-block-group is-layout-flow wp-block-group-is-layout-flow\"><figure class=\"wp-block-post-featured-image\"><a href=\"https:\/\/aqeips.org\/en\/report-on-the-consultation-with-students-with-disabilities-post-secondary-teachers-and-adapted-services-counsellors-on-accessibility-of-remote-classes-during-the-covid-19-pandemic\/\" target=\"_self\"  ><img loading=\"lazy\" decoding=\"async\" width=\"1920\" height=\"1277\" src=\"https:\/\/aqeips.org\/wp-content\/uploads\/2014\/07\/feliphe-schiarolli-class-unsplash.jpg\" class=\"attachment-post-thumbnail size-post-thumbnail wp-post-image\" alt=\"Report on the Consultation on the Accessibility of Remote Classes During the COVID-19 Pandemic\" style=\"object-fit:cover;\" srcset=\"https:\/\/aqeips.org\/wp-content\/uploads\/2014\/07\/feliphe-schiarolli-class-unsplash.jpg 1920w, https:\/\/aqeips.org\/wp-content\/uploads\/2014\/07\/feliphe-schiarolli-class-unsplash-300x200.jpg 300w, https:\/\/aqeips.org\/wp-content\/uploads\/2014\/07\/feliphe-schiarolli-class-unsplash-1024x681.jpg 1024w, https:\/\/aqeips.org\/wp-content\/uploads\/2014\/07\/feliphe-schiarolli-class-unsplash-768x511.jpg 768w, https:\/\/aqeips.org\/wp-content\/uploads\/2014\/07\/feliphe-schiarolli-class-unsplash-1536x1022.jpg 1536w\" sizes=\"auto, (max-width: 1920px) 100vw, 1920px\" \/><\/a><\/figure>\n\n<div class=\"wp-block-post-date\"><time datetime=\"2020-04-08T14:52:00-04:00\">8 April 2020<\/time><\/div>\n\n<h2 class=\"wp-block-post-title has-medium-font-size\">Report on the Consultation on the Accessibility of Remote Classes During the COVID-19 Pandemic<\/h2>\n\n<div class=\"wp-block-post-excerpt\"><p class=\"wp-block-post-excerpt__excerpt\">On April 1, 2020, during the COVID-19 pandemic, the Quebec Association for Equity and Inclusion in Post-Secondary Education (AQEIPS) organized a consultation on Zoom to discuss the accessibility of remote classes&hellip; <\/p><\/div>\n\n\n<div style=\"height:1em\" aria-hidden=\"true\" class=\"wp-block-spacer\"><\/div>\n<\/div>\n\n\n<a class=\"wp-block-read-more\" href=\"https:\/\/aqeips.org\/en\/report-on-the-consultation-with-students-with-disabilities-post-secondary-teachers-and-adapted-services-counsellors-on-accessibility-of-remote-classes-during-the-covid-19-pandemic\/\" target=\"_self\">Read more<span class=\"screen-reader-text\">: Report on the Consultation on the Accessibility of Remote Classes During the COVID-19 Pandemic<\/span><\/a>\n<\/li><li class=\"wp-block-post post-1513 post type-post status-publish format-standard has-post-thumbnail hentry category-archives-en tag-financial-help\">\n\n<div class=\"wp-block-group is-layout-flow wp-block-group-is-layout-flow\"><figure class=\"wp-block-post-featured-image\"><a href=\"https:\/\/aqeips.org\/en\/student-financial-assistance-program-discriminates-according-to-disability\/\" target=\"_self\"  ><img loading=\"lazy\" decoding=\"async\" width=\"1920\" height=\"1280\" src=\"https:\/\/aqeips.org\/wp-content\/uploads\/2019\/03\/Support-vonecia-carswell-0aMMMUjiiEQ-unsplash.jpg\" class=\"attachment-post-thumbnail size-post-thumbnail wp-post-image\" alt=\"Student Financial Assistance Program Discriminates According to Disability\" style=\"object-fit:cover;\" srcset=\"https:\/\/aqeips.org\/wp-content\/uploads\/2019\/03\/Support-vonecia-carswell-0aMMMUjiiEQ-unsplash.jpg 1920w, https:\/\/aqeips.org\/wp-content\/uploads\/2019\/03\/Support-vonecia-carswell-0aMMMUjiiEQ-unsplash-300x200.jpg 300w, https:\/\/aqeips.org\/wp-content\/uploads\/2019\/03\/Support-vonecia-carswell-0aMMMUjiiEQ-unsplash-1024x683.jpg 1024w, https:\/\/aqeips.org\/wp-content\/uploads\/2019\/03\/Support-vonecia-carswell-0aMMMUjiiEQ-unsplash-768x512.jpg 768w, https:\/\/aqeips.org\/wp-content\/uploads\/2019\/03\/Support-vonecia-carswell-0aMMMUjiiEQ-unsplash-1536x1024.jpg 1536w\" sizes=\"auto, (max-width: 1920px) 100vw, 1920px\" \/><\/a><\/figure>\n\n<div class=\"wp-block-post-date\"><time datetime=\"2019-03-14T14:09:00-04:00\">14 March 2019<\/time><\/div>\n\n<h2 class=\"wp-block-post-title has-medium-font-size\">Student Financial Assistance Program Discriminates According to Disability<\/h2>\n\n<div class=\"wp-block-post-excerpt\"><p class=\"wp-block-post-excerpt__excerpt\">The Student Financial Assistance (SFA, AFE in French) loans and bursaries program provides Quebec students with the financial resources they need to pursue full-time post-secondary education. Until recently, all students with&hellip; <\/p><\/div>\n\n\n<div style=\"height:1em\" aria-hidden=\"true\" class=\"wp-block-spacer\"><\/div>\n<\/div>\n\n\n<a class=\"wp-block-read-more\" href=\"https:\/\/aqeips.org\/en\/student-financial-assistance-program-discriminates-according-to-disability\/\" target=\"_self\">Read more<span class=\"screen-reader-text\">: Student Financial Assistance Program Discriminates According to Disability<\/span><\/a>\n<\/li><li class=\"wp-block-post post-1552 post type-post status-publish format-standard has-post-thumbnail hentry category-archives-en tag-financial-help\">\n\n<div class=\"wp-block-group is-layout-flow wp-block-group-is-layout-flow\"><figure class=\"wp-block-post-featured-image\"><a href=\"https:\/\/aqeips.org\/en\/aqeips-denounces-the-quebec-governments-challenge-to-the-decision-of-the-taq\/\" target=\"_self\"  ><img loading=\"lazy\" decoding=\"async\" width=\"1920\" height=\"1280\" src=\"https:\/\/aqeips.org\/wp-content\/uploads\/2019\/09\/form-law.jpg\" class=\"attachment-post-thumbnail size-post-thumbnail wp-post-image\" alt=\"AQEIPS denounces the Quebec government\u2019s challenge to the decision of the TAQ.\" style=\"object-fit:cover;\" srcset=\"https:\/\/aqeips.org\/wp-content\/uploads\/2019\/09\/form-law.jpg 1920w, https:\/\/aqeips.org\/wp-content\/uploads\/2019\/09\/form-law-300x200.jpg 300w, https:\/\/aqeips.org\/wp-content\/uploads\/2019\/09\/form-law-1024x683.jpg 1024w, https:\/\/aqeips.org\/wp-content\/uploads\/2019\/09\/form-law-768x512.jpg 768w, https:\/\/aqeips.org\/wp-content\/uploads\/2019\/09\/form-law-1536x1024.jpg 1536w\" sizes=\"auto, (max-width: 1920px) 100vw, 1920px\" \/><\/a><\/figure>\n\n<div class=\"wp-block-post-date\"><time datetime=\"2017-09-21T16:18:25-04:00\">21 September 2017<\/time><\/div>\n\n<h2 class=\"wp-block-post-title has-medium-font-size\">AQEIPS denounces the Quebec government\u2019s challenge to the decision of the TAQ.<\/h2>\n\n<div class=\"wp-block-post-excerpt\"><p class=\"wp-block-post-excerpt__excerpt\">Montreal, September 21 \u2013 The Quebec Association for Equity and Inclusion in Post-Secondary Education (AQEIPS) wishes to express its disapproval of the Quebec Government\u2019s decision to overturn the recent decision of&hellip; <\/p><\/div>\n\n\n<div style=\"height:1em\" aria-hidden=\"true\" class=\"wp-block-spacer\"><\/div>\n<\/div>\n\n\n<a class=\"wp-block-read-more\" href=\"https:\/\/aqeips.org\/en\/aqeips-denounces-the-quebec-governments-challenge-to-the-decision-of-the-taq\/\" target=\"_self\">Read more<span class=\"screen-reader-text\">: AQEIPS denounces the Quebec government\u2019s challenge to the decision of the TAQ.<\/span><\/a>\n<\/li><\/ul>\n\n\n\n<\/div>\n\n<\/div>\r\n","protected":false},"excerpt":{"rendered":"<p>There is no news available at the moment. Back to home page...<br \/><a href=\"https:\/\/aqeips.org\/en\/news-and-events\/archive\/\" class=\"read-more\">Read more <span class=\"sr-only\">about Archives<\/span><\/a><\/p>","protected":false},"author":3,"featured_media":0,"parent":1376,"menu_order":3,"comment_status":"closed","ping_status":"closed","template":"","meta":{"_acf_changed":false,"footnotes":""},"class_list":["post-1381","page","type-page","status-publish","hentry"],"acf":[],"yoast_head":"<!-- This site is optimized with the Yoast SEO plugin v27.1.1 - https:\/\/yoast.com\/product\/yoast-seo-wordpress\/ -->\n<title>Archives - Quebec Association for Equity and Inclusion in Post-Secondary Education<\/title>\n<meta name=\"robots\" content=\"index, follow, max-snippet:-1, max-image-preview:large, max-video-preview:-1\" \/>\n<link rel=\"canonical\" href=\"https:\/\/aqeips.org\/news-and-events\/archive\/?lang=en\" \/>\n<meta property=\"og:locale\" content=\"en_US\" \/>\n<meta property=\"og:type\" content=\"article\" \/>\n<meta property=\"og:title\" content=\"Archives - Quebec Association for Equity and Inclusion in Post-Secondary Education\" \/>\n<meta property=\"og:url\" content=\"https:\/\/aqeips.org\/news-and-events\/archive\/?lang=en\" \/>\n<meta property=\"og:site_name\" content=\"Quebec Association for Equity and Inclusion in Post-Secondary Education\" \/>\n<meta property=\"article:publisher\" content=\"https:\/\/fr-ca.facebook.com\/aqeips\/\" \/>\n<meta property=\"article:modified_time\" content=\"2025-07-21T17:33:13+00:00\" \/>\n<meta property=\"og:image\" content=\"https:\/\/aqeips.org\/wp-content\/uploads\/2023\/10\/Image-du-site-AQEIPS.jpg\" \/>\n\t<meta property=\"og:image:width\" content=\"1200\" \/>\n\t<meta property=\"og:image:height\" content=\"675\" \/>\n\t<meta property=\"og:image:type\" content=\"image\/jpeg\" \/>\n<meta name=\"twitter:card\" content=\"summary_large_image\" \/>\n<meta name=\"twitter:site\" content=\"@aqeips\" \/>\n<meta name=\"twitter:label1\" content=\"Est. reading time\" \/>\n\t<meta name=\"twitter:data1\" content=\"1 minute\" \/>\n<script type=\"application\/ld+json\" class=\"yoast-schema-graph\">{\"@context\":\"https:\/\/schema.org\",\"@graph\":[{\"@type\":\"WebPage\",\"@id\":\"https:\/\/aqeips.org\/news-and-events\/archive\/?lang=en\",\"url\":\"https:\/\/aqeips.org\/news-and-events\/archive\/?lang=en\",\"name\":\"Archives - Quebec Association for Equity and Inclusion in Post-Secondary Education\",\"isPartOf\":{\"@id\":\"https:\/\/aqeips.org\/#website\"},\"datePublished\":\"2023-10-18T01:00:24+00:00\",\"dateModified\":\"2025-07-21T17:33:13+00:00\",\"breadcrumb\":{\"@id\":\"https:\/\/aqeips.org\/news-and-events\/archive\/?lang=en#breadcrumb\"},\"inLanguage\":\"en-US\",\"potentialAction\":[{\"@type\":\"ReadAction\",\"target\":[\"https:\/\/aqeips.org\/news-and-events\/archive\/?lang=en\"]}]},{\"@type\":\"BreadcrumbList\",\"@id\":\"https:\/\/aqeips.org\/news-and-events\/archive\/?lang=en#breadcrumb\",\"itemListElement\":[{\"@type\":\"ListItem\",\"position\":1,\"name\":\"Accueil\",\"item\":\"https:\/\/aqeips.org\/?lang=en\"},{\"@type\":\"ListItem\",\"position\":2,\"name\":\"News\",\"item\":\"https:\/\/aqeips.org\/news-and-events\/?lang=en\"},{\"@type\":\"ListItem\",\"position\":3,\"name\":\"Archives\"}]},{\"@type\":\"WebSite\",\"@id\":\"https:\/\/aqeips.org\/#website\",\"url\":\"https:\/\/aqeips.org\/\",\"name\":\"Quebec Association for Equity and Inclusion in Post-Secondary Education\",\"description\":\"AQEIPS\",\"publisher\":{\"@id\":\"https:\/\/aqeips.org\/#organization\"},\"potentialAction\":[{\"@type\":\"SearchAction\",\"target\":{\"@type\":\"EntryPoint\",\"urlTemplate\":\"https:\/\/aqeips.org\/?s={search_term_string}\"},\"query-input\":{\"@type\":\"PropertyValueSpecification\",\"valueRequired\":true,\"valueName\":\"search_term_string\"}}],\"inLanguage\":\"en-US\"},{\"@type\":\"Organization\",\"@id\":\"https:\/\/aqeips.org\/#organization\",\"name\":\"L\u2019Association qu\u00e9b\u00e9coise pour l\u2019\u00e9quit\u00e9 et l\u2019inclusion au postsecondaire\",\"alternateName\":\"AQEIPS\",\"url\":\"https:\/\/aqeips.org\/\",\"logo\":{\"@type\":\"ImageObject\",\"inLanguage\":\"en-US\",\"@id\":\"https:\/\/aqeips.org\/#\/schema\/logo\/image\/\",\"url\":\"https:\/\/aqeips.org\/wp-content\/uploads\/2023\/10\/Logo-de-lentite-AQEIPS.jpg\",\"contentUrl\":\"https:\/\/aqeips.org\/wp-content\/uploads\/2023\/10\/Logo-de-lentite-AQEIPS.jpg\",\"width\":696,\"height\":696,\"caption\":\"L\u2019Association qu\u00e9b\u00e9coise pour l\u2019\u00e9quit\u00e9 et l\u2019inclusion au postsecondaire\"},\"image\":{\"@id\":\"https:\/\/aqeips.org\/#\/schema\/logo\/image\/\"},\"sameAs\":[\"https:\/\/fr-ca.facebook.com\/aqeips\/\",\"https:\/\/x.com\/aqeips\",\"https:\/\/www.linkedin.com\/company\/aqeips---association-qu\u00e9b\u00e9coise-des-\u00e9tudiants-ayant-des-incapacit\u00e9s-au-postsecondaire\/?originalSubdomain=ca\",\"https:\/\/www.youtube.com\/channel\/UCFvl0P7dBP9jUPL89k-xXIg\"]}]}<\/script>\n<!-- \/ Yoast SEO plugin. -->","yoast_head_json":{"title":"Archives - Quebec Association for Equity and Inclusion in Post-Secondary Education","robots":{"index":"index","follow":"follow","max-snippet":"max-snippet:-1","max-image-preview":"max-image-preview:large","max-video-preview":"max-video-preview:-1"},"canonical":"https:\/\/aqeips.org\/news-and-events\/archive\/?lang=en","og_locale":"en_US","og_type":"article","og_title":"Archives - Quebec Association for Equity and Inclusion in Post-Secondary Education","og_url":"https:\/\/aqeips.org\/news-and-events\/archive\/?lang=en","og_site_name":"Quebec Association for Equity and Inclusion in Post-Secondary Education","article_publisher":"https:\/\/fr-ca.facebook.com\/aqeips\/","article_modified_time":"2025-07-21T17:33:13+00:00","og_image":[{"width":1200,"height":675,"url":"https:\/\/aqeips.org\/wp-content\/uploads\/2023\/10\/Image-du-site-AQEIPS.jpg","type":"image\/jpeg"}],"twitter_card":"summary_large_image","twitter_site":"@aqeips","twitter_misc":{"Est. reading time":"1 minute"},"schema":{"@context":"https:\/\/schema.org","@graph":[{"@type":"WebPage","@id":"https:\/\/aqeips.org\/news-and-events\/archive\/?lang=en","url":"https:\/\/aqeips.org\/news-and-events\/archive\/?lang=en","name":"Archives - Quebec Association for Equity and Inclusion in Post-Secondary Education","isPartOf":{"@id":"https:\/\/aqeips.org\/#website"},"datePublished":"2023-10-18T01:00:24+00:00","dateModified":"2025-07-21T17:33:13+00:00","breadcrumb":{"@id":"https:\/\/aqeips.org\/news-and-events\/archive\/?lang=en#breadcrumb"},"inLanguage":"en-US","potentialAction":[{"@type":"ReadAction","target":["https:\/\/aqeips.org\/news-and-events\/archive\/?lang=en"]}]},{"@type":"BreadcrumbList","@id":"https:\/\/aqeips.org\/news-and-events\/archive\/?lang=en#breadcrumb","itemListElement":[{"@type":"ListItem","position":1,"name":"Accueil","item":"https:\/\/aqeips.org\/?lang=en"},{"@type":"ListItem","position":2,"name":"News","item":"https:\/\/aqeips.org\/news-and-events\/?lang=en"},{"@type":"ListItem","position":3,"name":"Archives"}]},{"@type":"WebSite","@id":"https:\/\/aqeips.org\/#website","url":"https:\/\/aqeips.org\/","name":"Quebec Association for Equity and Inclusion in Post-Secondary Education","description":"AQEIPS","publisher":{"@id":"https:\/\/aqeips.org\/#organization"},"potentialAction":[{"@type":"SearchAction","target":{"@type":"EntryPoint","urlTemplate":"https:\/\/aqeips.org\/?s={search_term_string}"},"query-input":{"@type":"PropertyValueSpecification","valueRequired":true,"valueName":"search_term_string"}}],"inLanguage":"en-US"},{"@type":"Organization","@id":"https:\/\/aqeips.org\/#organization","name":"L\u2019Association qu\u00e9b\u00e9coise pour l\u2019\u00e9quit\u00e9 et l\u2019inclusion au postsecondaire","alternateName":"AQEIPS","url":"https:\/\/aqeips.org\/","logo":{"@type":"ImageObject","inLanguage":"en-US","@id":"https:\/\/aqeips.org\/#\/schema\/logo\/image\/","url":"https:\/\/aqeips.org\/wp-content\/uploads\/2023\/10\/Logo-de-lentite-AQEIPS.jpg","contentUrl":"https:\/\/aqeips.org\/wp-content\/uploads\/2023\/10\/Logo-de-lentite-AQEIPS.jpg","width":696,"height":696,"caption":"L\u2019Association qu\u00e9b\u00e9coise pour l\u2019\u00e9quit\u00e9 et l\u2019inclusion au postsecondaire"},"image":{"@id":"https:\/\/aqeips.org\/#\/schema\/logo\/image\/"},"sameAs":["https:\/\/fr-ca.facebook.com\/aqeips\/","https:\/\/x.com\/aqeips","https:\/\/www.linkedin.com\/company\/aqeips---association-qu\u00e9b\u00e9coise-des-\u00e9tudiants-ayant-des-incapacit\u00e9s-au-postsecondaire\/?originalSubdomain=ca","https:\/\/www.youtube.com\/channel\/UCFvl0P7dBP9jUPL89k-xXIg"]}]}},"_links":{"self":[{"href":"https:\/\/aqeips.org\/en\/wp-json\/wp\/v2\/pages\/1381","targetHints":{"allow":["GET"]}}],"collection":[{"href":"https:\/\/aqeips.org\/en\/wp-json\/wp\/v2\/pages"}],"about":[{"href":"https:\/\/aqeips.org\/en\/wp-json\/wp\/v2\/types\/page"}],"author":[{"embeddable":true,"href":"https:\/\/aqeips.org\/en\/wp-json\/wp\/v2\/users\/3"}],"replies":[{"embeddable":true,"href":"https:\/\/aqeips.org\/en\/wp-json\/wp\/v2\/comments?post=1381"}],"version-history":[{"count":7,"href":"https:\/\/aqeips.org\/en\/wp-json\/wp\/v2\/pages\/1381\/revisions"}],"predecessor-version":[{"id":5507,"href":"https:\/\/aqeips.org\/en\/wp-json\/wp\/v2\/pages\/1381\/revisions\/5507"}],"up":[{"embeddable":true,"href":"https:\/\/aqeips.org\/en\/wp-json\/wp\/v2\/pages\/1376"}],"wp:attachment":[{"href":"https:\/\/aqeips.org\/en\/wp-json\/wp\/v2\/media?parent=1381"}],"curies":[{"name":"wp","href":"https:\/\/api.w.org\/{rel}","templated":true}]}}