{"id":1366,"date":"2023-10-17T14:52:52","date_gmt":"2023-10-17T18:52:52","guid":{"rendered":"https:\/\/aqeips.org\/?page_id=1366"},"modified":"2026-01-27T10:46:10","modified_gmt":"2026-01-27T15:46:10","slug":"our-team-2","status":"publish","type":"page","link":"https:\/\/aqeips.org\/en\/aqeips\/our-team-2\/","title":{"rendered":"Our Board of directors"},"content":{"rendered":"<div class=\"wp-bootstrap-blocks-container container mb-0\">\r\n\t\n<div class=\"wp-bootstrap-blocks-row row\">\r\n\t\n\r\n<div class=\"col-12 col-md-12\">\r\n\t<div class=\"h-100\">\r\n\t\t\n\n<h2 class=\"wp-block-heading\">The AQEIPS Board of Directors<\/h2>\n\n\t<\/div>\r\n<\/div>\r\n\n<\/div>\r\n\n\n\n<div style=\"height:2em\" aria-hidden=\"true\" class=\"wp-block-spacer\"><\/div>\n\n\n<div class=\"wp-bootstrap-blocks-row row gy-5\">\r\n\t\n\r\n<div class=\"col-12 col-md-6\">\r\n\t<div class=\"h-100\">\r\n\t\t\n\n<div class=\"wp-block-group is-layout-constrained wp-block-group-is-layout-constrained\">\n<figure class=\"wp-block-image alignleft size-full is-resized is-style-rounded\"><img loading=\"lazy\" decoding=\"async\" width=\"300\" height=\"300\" src=\"https:\/\/aqeips.org\/wp-content\/uploads\/2025\/07\/1.png\" alt=\"\" class=\"wp-image-6777\" style=\"aspect-ratio:1;object-fit:cover;width:180px\"\/><\/figure>\n\n\n\n<h3 class=\"wp-block-heading has-blue-dark-color has-text-color\">Sergeline Isidore<\/h3>\n\n\n\n<p class=\"has-blue-color has-text-color\"><\/p>\n\n\n\n<div style=\"height:3em\" aria-hidden=\"true\" class=\"wp-block-spacer\"><\/div>\n<\/div>\n\n\t<\/div>\r\n<\/div>\r\n\n\n\r\n<div class=\"col-12 col-md-6\">\r\n\t<div class=\"h-100\">\r\n\t\t\n\n<div class=\"wp-block-group is-content-justification-left is-layout-constrained wp-container-core-group-is-layout-8c890d92 wp-block-group-is-layout-constrained\">\n<figure class=\"wp-block-image alignleft size-full is-resized is-style-rounded\"><img loading=\"lazy\" decoding=\"async\" width=\"300\" height=\"300\" src=\"https:\/\/aqeips.org\/wp-content\/uploads\/2025\/07\/Icones_CA.png\" alt=\"\" class=\"wp-image-6801\" style=\"aspect-ratio:1;object-fit:cover;width:180px\"\/><\/figure>\n\n\n\n<h3 class=\"wp-block-heading has-blue-dark-color has-text-color\">Marie-Pier Brousseau<\/h3>\n\n\n\n<p class=\"has-blue-color has-text-color\">Vice-president of internal affairs<\/p>\n\n\n\n<div style=\"height:3em\" aria-hidden=\"true\" class=\"wp-block-spacer\"><\/div>\n<\/div>\n\n\t<\/div>\r\n<\/div>\r\n\n\n\r\n<div class=\"col-12 col-md-6\">\r\n\t<div class=\"h-100\">\r\n\t\t\n\n<div class=\"wp-block-group is-layout-constrained wp-block-group-is-layout-constrained\">\n<figure class=\"wp-block-image alignleft size-full is-resized is-style-rounded\"><img loading=\"lazy\" decoding=\"async\" width=\"300\" height=\"300\" src=\"https:\/\/aqeips.org\/wp-content\/uploads\/2025\/09\/Icones_CA1-1.png\" alt=\"\" class=\"wp-image-7213\" style=\"aspect-ratio:1;object-fit:cover;width:180px\"\/><\/figure>\n\n\n\n<h3 class=\"wp-block-heading has-blue-dark-color has-text-color\">Marine Dandois<\/h3>\n\n\n\n<p class=\"has-blue-color has-text-color\">Vice-president of external affairs<\/p>\n\n\n\n<div style=\"height:3em\" aria-hidden=\"true\" class=\"wp-block-spacer\"><\/div>\n<\/div>\n\n\t<\/div>\r\n<\/div>\r\n\n\n\r\n<div class=\"col-12 col-md-6\">\r\n\t<div class=\"h-100\">\r\n\t\t\n\n<div class=\"wp-block-group is-layout-constrained wp-block-group-is-layout-constrained\">\n<figure class=\"wp-block-image alignleft size-full is-resized is-style-rounded\"><img loading=\"lazy\" decoding=\"async\" width=\"300\" height=\"300\" src=\"https:\/\/aqeips.org\/wp-content\/uploads\/2025\/07\/Icones_CA-4.png\" alt=\"\" class=\"wp-image-6804\" style=\"aspect-ratio:1;object-fit:cover;width:180px\"\/><\/figure>\n\n\n\n<h3 class=\"wp-block-heading has-text-align-left has-blue-dark-color has-text-color\">Frank Pinat<\/h3>\n\n\n\n<p class=\"has-text-align-left has-blue-color has-text-color\">Secretary<\/p>\n\n\n\n<div style=\"height:3em\" aria-hidden=\"true\" class=\"wp-block-spacer\"><\/div>\n<\/div>\n\n\t<\/div>\r\n<\/div>\r\n\n\n\r\n<div class=\"col-12 col-md-6\">\r\n\t<div class=\"h-100\">\r\n\t\t\n\n<div class=\"wp-block-group is-layout-constrained wp-block-group-is-layout-constrained\">\n<figure class=\"wp-block-image alignleft size-full is-resized is-style-rounded\"><img loading=\"lazy\" decoding=\"async\" width=\"300\" height=\"300\" src=\"https:\/\/aqeips.org\/wp-content\/uploads\/2025\/07\/Icones_CA-3.png\" alt=\"\" class=\"wp-image-6806\" style=\"aspect-ratio:1;object-fit:cover;width:180px\"\/><\/figure>\n\n\n\n<h3 class=\"wp-block-heading has-blue-dark-color has-text-color\">Shamron Spence<\/h3>\n\n\n\n<p class=\"has-blue-color has-text-color\">Treasurer<\/p>\n\n\n\n<div style=\"height:3em\" aria-hidden=\"true\" class=\"wp-block-spacer\"><\/div>\n<\/div>\n\n\t<\/div>\r\n<\/div>\r\n\n\n\r\n<div class=\"col-12 col-md-6\">\r\n\t<div class=\"h-100\">\r\n\t\t\n\n<div class=\"wp-block-group is-layout-constrained wp-block-group-is-layout-constrained\">\n<figure class=\"wp-block-image alignleft size-full is-resized is-style-rounded\"><img decoding=\"async\" src=\"https:\/\/aqeips.org\/wp-content\/uploads\/2025\/04\/7.png\" alt=\"\" class=\"wp-image-6067\" style=\"aspect-ratio:1;object-fit:cover;width:180px\"\/><\/figure>\n\n\n\n<h3 class=\"wp-block-heading has-text-align-left has-blue-dark-color has-text-color\">Sylvie Trudel<\/h3>\n\n\n\n<p class=\"has-text-align-left has-blue-color has-text-color\">Administrator<\/p>\n\n\n\n<div style=\"height:3em\" aria-hidden=\"true\" class=\"wp-block-spacer\"><\/div>\n<\/div>\n\n\t<\/div>\r\n<\/div>\r\n\n\n\r\n<div class=\"col-12 col-md-6\">\r\n\t<div class=\"h-100\">\r\n\t\t\n\n<div class=\"wp-block-group is-layout-constrained wp-block-group-is-layout-constrained\">\n<figure class=\"wp-block-image alignleft size-full is-resized is-style-rounded\"><img loading=\"lazy\" decoding=\"async\" width=\"300\" height=\"300\" src=\"https:\/\/aqeips.org\/wp-content\/uploads\/2025\/09\/Icones_CA-1.png\" alt=\"\" class=\"wp-image-7215\" style=\"aspect-ratio:1;object-fit:cover;width:180px\"\/><\/figure>\n\n\n\n<h3 class=\"wp-block-heading has-text-align-left has-blue-dark-color has-text-color\">Ousmane T. Fall<\/h3>\n\n\n\n<p class=\"has-text-align-left has-blue-color has-text-color\">Administrator<\/p>\n\n\n\n<div style=\"height:3em\" aria-hidden=\"true\" class=\"wp-block-spacer\"><\/div>\n<\/div>\n\n\t<\/div>\r\n<\/div>\r\n\n\n\r\n<div class=\"col-12 col-md-6\">\r\n\t<div class=\"h-100\">\r\n\t\t\n\n<div class=\"wp-block-group is-layout-constrained wp-block-group-is-layout-constrained\">\n<figure class=\"wp-block-image alignleft size-full is-resized is-style-rounded\"><img loading=\"lazy\" decoding=\"async\" width=\"300\" height=\"300\" src=\"https:\/\/aqeips.org\/wp-content\/uploads\/2025\/07\/Icones_CA-2.png\" alt=\"\" class=\"wp-image-6808\" style=\"aspect-ratio:1;object-fit:cover;width:180px\"\/><\/figure>\n\n\n\n<h3 class=\"wp-block-heading has-text-align-left has-blue-dark-color has-text-color\">\u00c9lise Pilote<\/h3>\n\n\n\n<p class=\"has-text-align-left has-blue-color has-text-color\">President<\/p>\n\n\n\n<div style=\"height:3em\" aria-hidden=\"true\" class=\"wp-block-spacer\"><\/div>\n<\/div>\n\n\t<\/div>\r\n<\/div>\r\n\n\n\r\n<div class=\"col-12 col-md-6\">\r\n\t<div class=\"h-100\">\r\n\t\t\n\n<div class=\"wp-block-group is-layout-constrained wp-block-group-is-layout-constrained\">\n<figure class=\"wp-block-image alignleft size-full is-resized is-style-rounded\"><img loading=\"lazy\" decoding=\"async\" width=\"300\" height=\"300\" src=\"https:\/\/aqeips.org\/wp-content\/uploads\/2025\/07\/3-2.png\" alt=\"\" class=\"wp-image-6792\" style=\"aspect-ratio:1;object-fit:cover;width:180px\"\/><\/figure>\n\n\n\n<h3 class=\"wp-block-heading has-text-align-left has-blue-dark-color has-text-color\">Hayley Mendel<\/h3>\n\n\n\n<p class=\"has-text-align-left has-blue-color has-text-color\">Administrator<\/p>\n<\/div>\n\n\t<\/div>\r\n<\/div>\r\n\n<\/div>\r\n\n<\/div>\r\n","protected":false},"excerpt":{"rendered":"<p>The AQEIPS Board of Directors Sergeline Isidore Marie-Pier Brousseau Vice-president of internal affairs Marine Dandois Vice-president of external affairs Frank Pinat Secretary Shamron Spence Treasurer Sylvie Trudel Administrator Ousmane T. Fall Administrator \u00c9lise Pilote President Hayley Mendel Administrator...<br \/><a href=\"https:\/\/aqeips.org\/en\/aqeips\/our-team-2\/\" class=\"read-more\">Read more <span class=\"sr-only\">about Our Board of directors<\/span><\/a><\/p>","protected":false},"author":3,"featured_media":0,"parent":1362,"menu_order":1,"comment_status":"closed","ping_status":"closed","template":"templates\/side-nav.php","meta":{"_acf_changed":false,"footnotes":""},"class_list":["post-1366","page","type-page","status-publish","hentry"],"acf":[],"yoast_head":"<!-- This site is optimized with the Yoast SEO plugin v27.1.1 - https:\/\/yoast.com\/product\/yoast-seo-wordpress\/ -->\n<title>Our Board of directors - Quebec Association for Equity and Inclusion in Post-Secondary Education<\/title>\n<meta name=\"robots\" content=\"index, follow, max-snippet:-1, max-image-preview:large, max-video-preview:-1\" \/>\n<link rel=\"canonical\" href=\"https:\/\/aqeips.org\/aqeips\/our-team-2\/?lang=en\" \/>\n<meta property=\"og:locale\" content=\"en_US\" \/>\n<meta property=\"og:type\" content=\"article\" \/>\n<meta property=\"og:title\" content=\"Our Board of directors - Quebec Association for Equity and Inclusion in Post-Secondary Education\" \/>\n<meta property=\"og:url\" content=\"https:\/\/aqeips.org\/aqeips\/our-team-2\/?lang=en\" \/>\n<meta property=\"og:site_name\" content=\"Quebec Association for Equity and Inclusion in Post-Secondary Education\" \/>\n<meta property=\"article:publisher\" content=\"https:\/\/fr-ca.facebook.com\/aqeips\/\" \/>\n<meta property=\"article:modified_time\" content=\"2026-01-27T15:46:10+00:00\" \/>\n<meta property=\"og:image\" content=\"https:\/\/aqeips.org\/wp-content\/uploads\/2025\/07\/1.png\" \/>\n\t<meta property=\"og:image:width\" content=\"300\" \/>\n\t<meta property=\"og:image:height\" content=\"300\" \/>\n\t<meta property=\"og:image:type\" content=\"image\/png\" \/>\n<meta name=\"twitter:card\" content=\"summary_large_image\" \/>\n<meta name=\"twitter:site\" content=\"@aqeips\" \/>\n<meta name=\"twitter:label1\" content=\"Est. reading time\" \/>\n\t<meta name=\"twitter:data1\" content=\"2 minutes\" \/>\n<script type=\"application\/ld+json\" class=\"yoast-schema-graph\">{\"@context\":\"https:\/\/schema.org\",\"@graph\":[{\"@type\":\"WebPage\",\"@id\":\"https:\/\/aqeips.org\/aqeips\/our-team-2\/?lang=en\",\"url\":\"https:\/\/aqeips.org\/aqeips\/our-team-2\/?lang=en\",\"name\":\"Our Board of directors - Quebec Association for Equity and Inclusion in Post-Secondary Education\",\"isPartOf\":{\"@id\":\"https:\/\/aqeips.org\/#website\"},\"primaryImageOfPage\":{\"@id\":\"https:\/\/aqeips.org\/aqeips\/our-team-2\/?lang=en#primaryimage\"},\"image\":{\"@id\":\"https:\/\/aqeips.org\/aqeips\/our-team-2\/?lang=en#primaryimage\"},\"thumbnailUrl\":\"https:\/\/aqeips.org\/wp-content\/uploads\/2025\/07\/1.png\",\"datePublished\":\"2023-10-17T18:52:52+00:00\",\"dateModified\":\"2026-01-27T15:46:10+00:00\",\"breadcrumb\":{\"@id\":\"https:\/\/aqeips.org\/aqeips\/our-team-2\/?lang=en#breadcrumb\"},\"inLanguage\":\"en-US\",\"potentialAction\":[{\"@type\":\"ReadAction\",\"target\":[\"https:\/\/aqeips.org\/aqeips\/our-team-2\/?lang=en\"]}]},{\"@type\":\"ImageObject\",\"inLanguage\":\"en-US\",\"@id\":\"https:\/\/aqeips.org\/aqeips\/our-team-2\/?lang=en#primaryimage\",\"url\":\"https:\/\/aqeips.org\/wp-content\/uploads\/2025\/07\/1.png\",\"contentUrl\":\"https:\/\/aqeips.org\/wp-content\/uploads\/2025\/07\/1.png\"},{\"@type\":\"BreadcrumbList\",\"@id\":\"https:\/\/aqeips.org\/aqeips\/our-team-2\/?lang=en#breadcrumb\",\"itemListElement\":[{\"@type\":\"ListItem\",\"position\":1,\"name\":\"Accueil\",\"item\":\"https:\/\/aqeips.org\/?lang=en\"},{\"@type\":\"ListItem\",\"position\":2,\"name\":\"AQEIPS\",\"item\":\"https:\/\/aqeips.org\/aqeips\/?lang=en\"},{\"@type\":\"ListItem\",\"position\":3,\"name\":\"Our Board of directors\"}]},{\"@type\":\"WebSite\",\"@id\":\"https:\/\/aqeips.org\/#website\",\"url\":\"https:\/\/aqeips.org\/\",\"name\":\"Quebec Association for Equity and Inclusion in Post-Secondary Education\",\"description\":\"AQEIPS\",\"publisher\":{\"@id\":\"https:\/\/aqeips.org\/#organization\"},\"potentialAction\":[{\"@type\":\"SearchAction\",\"target\":{\"@type\":\"EntryPoint\",\"urlTemplate\":\"https:\/\/aqeips.org\/?s={search_term_string}\"},\"query-input\":{\"@type\":\"PropertyValueSpecification\",\"valueRequired\":true,\"valueName\":\"search_term_string\"}}],\"inLanguage\":\"en-US\"},{\"@type\":\"Organization\",\"@id\":\"https:\/\/aqeips.org\/#organization\",\"name\":\"L\u2019Association qu\u00e9b\u00e9coise pour l\u2019\u00e9quit\u00e9 et l\u2019inclusion au postsecondaire\",\"alternateName\":\"AQEIPS\",\"url\":\"https:\/\/aqeips.org\/\",\"logo\":{\"@type\":\"ImageObject\",\"inLanguage\":\"en-US\",\"@id\":\"https:\/\/aqeips.org\/#\/schema\/logo\/image\/\",\"url\":\"https:\/\/aqeips.org\/wp-content\/uploads\/2023\/10\/Logo-de-lentite-AQEIPS.jpg\",\"contentUrl\":\"https:\/\/aqeips.org\/wp-content\/uploads\/2023\/10\/Logo-de-lentite-AQEIPS.jpg\",\"width\":696,\"height\":696,\"caption\":\"L\u2019Association qu\u00e9b\u00e9coise pour l\u2019\u00e9quit\u00e9 et l\u2019inclusion au postsecondaire\"},\"image\":{\"@id\":\"https:\/\/aqeips.org\/#\/schema\/logo\/image\/\"},\"sameAs\":[\"https:\/\/fr-ca.facebook.com\/aqeips\/\",\"https:\/\/x.com\/aqeips\",\"https:\/\/www.linkedin.com\/company\/aqeips---association-qu\u00e9b\u00e9coise-des-\u00e9tudiants-ayant-des-incapacit\u00e9s-au-postsecondaire\/?originalSubdomain=ca\",\"https:\/\/www.youtube.com\/channel\/UCFvl0P7dBP9jUPL89k-xXIg\"]}]}<\/script>\n<!-- \/ Yoast SEO plugin. -->","yoast_head_json":{"title":"Our Board of directors - Quebec Association for Equity and Inclusion in Post-Secondary Education","robots":{"index":"index","follow":"follow","max-snippet":"max-snippet:-1","max-image-preview":"max-image-preview:large","max-video-preview":"max-video-preview:-1"},"canonical":"https:\/\/aqeips.org\/aqeips\/our-team-2\/?lang=en","og_locale":"en_US","og_type":"article","og_title":"Our Board of directors - Quebec Association for Equity and Inclusion in Post-Secondary Education","og_url":"https:\/\/aqeips.org\/aqeips\/our-team-2\/?lang=en","og_site_name":"Quebec Association for Equity and Inclusion in Post-Secondary Education","article_publisher":"https:\/\/fr-ca.facebook.com\/aqeips\/","article_modified_time":"2026-01-27T15:46:10+00:00","og_image":[{"width":300,"height":300,"url":"https:\/\/aqeips.org\/wp-content\/uploads\/2025\/07\/1.png","type":"image\/png"}],"twitter_card":"summary_large_image","twitter_site":"@aqeips","twitter_misc":{"Est. reading time":"2 minutes"},"schema":{"@context":"https:\/\/schema.org","@graph":[{"@type":"WebPage","@id":"https:\/\/aqeips.org\/aqeips\/our-team-2\/?lang=en","url":"https:\/\/aqeips.org\/aqeips\/our-team-2\/?lang=en","name":"Our Board of directors - Quebec Association for Equity and Inclusion in Post-Secondary Education","isPartOf":{"@id":"https:\/\/aqeips.org\/#website"},"primaryImageOfPage":{"@id":"https:\/\/aqeips.org\/aqeips\/our-team-2\/?lang=en#primaryimage"},"image":{"@id":"https:\/\/aqeips.org\/aqeips\/our-team-2\/?lang=en#primaryimage"},"thumbnailUrl":"https:\/\/aqeips.org\/wp-content\/uploads\/2025\/07\/1.png","datePublished":"2023-10-17T18:52:52+00:00","dateModified":"2026-01-27T15:46:10+00:00","breadcrumb":{"@id":"https:\/\/aqeips.org\/aqeips\/our-team-2\/?lang=en#breadcrumb"},"inLanguage":"en-US","potentialAction":[{"@type":"ReadAction","target":["https:\/\/aqeips.org\/aqeips\/our-team-2\/?lang=en"]}]},{"@type":"ImageObject","inLanguage":"en-US","@id":"https:\/\/aqeips.org\/aqeips\/our-team-2\/?lang=en#primaryimage","url":"https:\/\/aqeips.org\/wp-content\/uploads\/2025\/07\/1.png","contentUrl":"https:\/\/aqeips.org\/wp-content\/uploads\/2025\/07\/1.png"},{"@type":"BreadcrumbList","@id":"https:\/\/aqeips.org\/aqeips\/our-team-2\/?lang=en#breadcrumb","itemListElement":[{"@type":"ListItem","position":1,"name":"Accueil","item":"https:\/\/aqeips.org\/?lang=en"},{"@type":"ListItem","position":2,"name":"AQEIPS","item":"https:\/\/aqeips.org\/aqeips\/?lang=en"},{"@type":"ListItem","position":3,"name":"Our Board of directors"}]},{"@type":"WebSite","@id":"https:\/\/aqeips.org\/#website","url":"https:\/\/aqeips.org\/","name":"Quebec Association for Equity and Inclusion in Post-Secondary Education","description":"AQEIPS","publisher":{"@id":"https:\/\/aqeips.org\/#organization"},"potentialAction":[{"@type":"SearchAction","target":{"@type":"EntryPoint","urlTemplate":"https:\/\/aqeips.org\/?s={search_term_string}"},"query-input":{"@type":"PropertyValueSpecification","valueRequired":true,"valueName":"search_term_string"}}],"inLanguage":"en-US"},{"@type":"Organization","@id":"https:\/\/aqeips.org\/#organization","name":"L\u2019Association qu\u00e9b\u00e9coise pour l\u2019\u00e9quit\u00e9 et l\u2019inclusion au postsecondaire","alternateName":"AQEIPS","url":"https:\/\/aqeips.org\/","logo":{"@type":"ImageObject","inLanguage":"en-US","@id":"https:\/\/aqeips.org\/#\/schema\/logo\/image\/","url":"https:\/\/aqeips.org\/wp-content\/uploads\/2023\/10\/Logo-de-lentite-AQEIPS.jpg","contentUrl":"https:\/\/aqeips.org\/wp-content\/uploads\/2023\/10\/Logo-de-lentite-AQEIPS.jpg","width":696,"height":696,"caption":"L\u2019Association qu\u00e9b\u00e9coise pour l\u2019\u00e9quit\u00e9 et l\u2019inclusion au postsecondaire"},"image":{"@id":"https:\/\/aqeips.org\/#\/schema\/logo\/image\/"},"sameAs":["https:\/\/fr-ca.facebook.com\/aqeips\/","https:\/\/x.com\/aqeips","https:\/\/www.linkedin.com\/company\/aqeips---association-qu\u00e9b\u00e9coise-des-\u00e9tudiants-ayant-des-incapacit\u00e9s-au-postsecondaire\/?originalSubdomain=ca","https:\/\/www.youtube.com\/channel\/UCFvl0P7dBP9jUPL89k-xXIg"]}]}},"_links":{"self":[{"href":"https:\/\/aqeips.org\/en\/wp-json\/wp\/v2\/pages\/1366","targetHints":{"allow":["GET"]}}],"collection":[{"href":"https:\/\/aqeips.org\/en\/wp-json\/wp\/v2\/pages"}],"about":[{"href":"https:\/\/aqeips.org\/en\/wp-json\/wp\/v2\/types\/page"}],"author":[{"embeddable":true,"href":"https:\/\/aqeips.org\/en\/wp-json\/wp\/v2\/users\/3"}],"replies":[{"embeddable":true,"href":"https:\/\/aqeips.org\/en\/wp-json\/wp\/v2\/comments?post=1366"}],"version-history":[{"count":10,"href":"https:\/\/aqeips.org\/en\/wp-json\/wp\/v2\/pages\/1366\/revisions"}],"predecessor-version":[{"id":7667,"href":"https:\/\/aqeips.org\/en\/wp-json\/wp\/v2\/pages\/1366\/revisions\/7667"}],"up":[{"embeddable":true,"href":"https:\/\/aqeips.org\/en\/wp-json\/wp\/v2\/pages\/1362"}],"wp:attachment":[{"href":"https:\/\/aqeips.org\/en\/wp-json\/wp\/v2\/media?parent=1366"}],"curies":[{"name":"wp","href":"https:\/\/api.w.org\/{rel}","templated":true}]}}