{"id":1362,"date":"2023-10-17T14:36:58","date_gmt":"2023-10-17T18:36:58","guid":{"rendered":"https:\/\/aqeips.org\/?page_id=1362"},"modified":"2025-07-24T10:32:57","modified_gmt":"2025-07-24T14:32:57","slug":"aqeips","status":"publish","type":"page","link":"https:\/\/aqeips.org\/en\/aqeips\/","title":{"rendered":"AQEIPS"},"content":{"rendered":"<div class=\"wp-bootstrap-blocks-container container mb-2\">\r\n\t\n\n<h2 class=\"wp-block-heading\">About us<\/h2>\n\n\n\n<p>AQEIPS was created in 1991 by and for students with disabilities (SWD) at the post-secondary level (DVS, AEC, CEGEP and university). We organize activities and collaborate on research projects to support collective advocacy for SWD.&nbsp;We also manage a yearly bursary program to help support SWD pursuing a higher education.&nbsp;&nbsp;<\/p>\n\n\n\n<p>AQEIPS has been fighting for equal opportunities for students with disabilities (SWD) in post-secondary programs since 1991. We are working to build an inclusive society, where SWD can get out of the cycle of poverty and isolation and have the same access to higher education as students without disabilities.&nbsp;&nbsp;<\/p>\n\n\n\n<hr class=\"wp-block-separator has-alpha-channel-opacity\"\/>\n\n\n\n<p>Since its creation, AQEIPS\u00a0has seen an increase in requests for the need to promote and defend the rights of SWD as well as intervene in situations where needs are not being met. This increase signifies an urgent need for sociopolitical and socioeconomical change.\u00a0\u00a0<\/p>\n\n\n\n<p>It is for these reasons that AQEIPS promotes and defends the adequate allocation of human, financial and material resources to ensure the success of inclusive education, a model that has proven efficient in other Canadian provinces as well as around the world.&nbsp;&nbsp;<\/p>\n\n\n\n<p>Several international treaties consider equal educational opportunities for people with disabilities to be a priority, including the United Nations\u2019 Convention on the Rights of Persons with Disabilities, which was signed by Canada in 2010.&nbsp;&nbsp;<\/p>\n\n\n\n<ul class=\"wp-block-list\">\n<li><a href=\"https:\/\/www.canada.ca\/en\/canadian-heritage\/services\/rights-people-disabilities.html\" target=\"_blank\" rel=\"noreferrer noopener\">Rights of People with Disabilities \u2013 Canada.ca<\/a>&nbsp;<\/li>\n<\/ul>\n\n\n\n<p><strong>Together, we must work towards better quality and inclusive education for all.&nbsp;<\/strong>&nbsp;<\/p>\n\n\n\n<hr class=\"wp-block-separator has-alpha-channel-opacity\"\/>\n\n\n\n<h3 class=\"wp-block-heading\"><strong>Mission<\/strong>&nbsp;<\/h3>\n\n\n\n<p>To support post-secondary students with disabilities (SWD) by promoting their rights, equity, and inclusion.&nbsp;&nbsp;<\/p>\n\n\n\n<h3 class=\"wp-block-heading\"><strong>Vision<\/strong>&nbsp;<\/h3>\n\n\n\n<p>Inclusive access to education.&nbsp;<\/p>\n\n\n\n<h3 class=\"wp-block-heading\"><strong>Objectives<\/strong><\/h3>\n\n\n\n<ul class=\"wp-block-list\">\n<li>Defend the rights of SWD to have equal access to post-secondary education.&nbsp;<\/li>\n\n\n\n<li>Promote and defend the rights and interests of all SWD in post-secondary programs.&nbsp;<\/li>\n\n\n\n<li>Promote the inclusion of students with visible and\/or invisible disabilities in private and public post-secondary institutions.&nbsp;&nbsp;<\/li>\n\n\n\n<li>Encourage communication between SWD in post-secondary programs.&nbsp;&nbsp;<\/li>\n\n\n\n<li>Share information with members on all topics related to life as a student with a disability in post-secondary education. &nbsp;&nbsp;<\/li>\n\n\n\n<li>Inform and educate the general population, academic institutions and governments on the life experiences and needs of students with disabilities.&nbsp;&nbsp;<\/li>\n\n\n\n<li>Encourage inclusive employment practices for&nbsp;SWD before and after graduation.&nbsp;<\/li>\n<\/ul>\n\n<\/div>\r\n","protected":false},"excerpt":{"rendered":"<p>About us AQEIPS was created in 1991 by and for students with disabilities (SWD) at the post-secondary level (DVS, AEC, CEGEP and university). We organize activities and collaborate on research projects to support collective advocacy for SWD.&nbsp;We also manage a...<br \/><a href=\"https:\/\/aqeips.org\/en\/aqeips\/\" class=\"read-more\">Read more <span class=\"sr-only\">about AQEIPS<\/span><\/a><\/p>","protected":false},"author":3,"featured_media":0,"parent":0,"menu_order":1,"comment_status":"closed","ping_status":"closed","template":"templates\/side-nav.php","meta":{"_acf_changed":false,"footnotes":""},"class_list":["post-1362","page","type-page","status-publish","hentry"],"acf":[],"yoast_head":"<!-- This site is optimized with the Yoast SEO plugin v27.1.1 - https:\/\/yoast.com\/product\/yoast-seo-wordpress\/ -->\n<title>AQEIPS - Quebec Association for Equity and Inclusion in Post-Secondary Education<\/title>\n<meta name=\"robots\" content=\"index, follow, max-snippet:-1, max-image-preview:large, max-video-preview:-1\" \/>\n<link rel=\"canonical\" href=\"https:\/\/aqeips.org\/aqeips\/?lang=en\" \/>\n<meta property=\"og:locale\" content=\"en_US\" \/>\n<meta property=\"og:type\" content=\"article\" \/>\n<meta property=\"og:title\" content=\"AQEIPS - Quebec Association for Equity and Inclusion in Post-Secondary Education\" \/>\n<meta property=\"og:url\" content=\"https:\/\/aqeips.org\/aqeips\/?lang=en\" \/>\n<meta property=\"og:site_name\" content=\"Quebec Association for Equity and Inclusion in Post-Secondary Education\" \/>\n<meta property=\"article:publisher\" content=\"https:\/\/fr-ca.facebook.com\/aqeips\/\" \/>\n<meta property=\"article:modified_time\" content=\"2025-07-24T14:32:57+00:00\" \/>\n<meta property=\"og:image\" content=\"https:\/\/aqeips.org\/wp-content\/uploads\/2023\/10\/Image-du-site-AQEIPS.jpg\" \/>\n\t<meta property=\"og:image:width\" content=\"1200\" \/>\n\t<meta property=\"og:image:height\" content=\"675\" \/>\n\t<meta property=\"og:image:type\" content=\"image\/jpeg\" \/>\n<meta name=\"twitter:card\" content=\"summary_large_image\" \/>\n<meta name=\"twitter:site\" content=\"@aqeips\" \/>\n<meta name=\"twitter:label1\" content=\"Est. reading time\" \/>\n\t<meta name=\"twitter:data1\" content=\"2 minutes\" \/>\n<script type=\"application\/ld+json\" class=\"yoast-schema-graph\">{\"@context\":\"https:\/\/schema.org\",\"@graph\":[{\"@type\":\"WebPage\",\"@id\":\"https:\/\/aqeips.org\/aqeips\/?lang=en\",\"url\":\"https:\/\/aqeips.org\/aqeips\/?lang=en\",\"name\":\"AQEIPS - Quebec Association for Equity and Inclusion in Post-Secondary Education\",\"isPartOf\":{\"@id\":\"https:\/\/aqeips.org\/#website\"},\"datePublished\":\"2023-10-17T18:36:58+00:00\",\"dateModified\":\"2025-07-24T14:32:57+00:00\",\"breadcrumb\":{\"@id\":\"https:\/\/aqeips.org\/aqeips\/?lang=en#breadcrumb\"},\"inLanguage\":\"en-US\",\"potentialAction\":[{\"@type\":\"ReadAction\",\"target\":[\"https:\/\/aqeips.org\/aqeips\/?lang=en\"]}]},{\"@type\":\"BreadcrumbList\",\"@id\":\"https:\/\/aqeips.org\/aqeips\/?lang=en#breadcrumb\",\"itemListElement\":[{\"@type\":\"ListItem\",\"position\":1,\"name\":\"Accueil\",\"item\":\"https:\/\/aqeips.org\/?lang=en\"},{\"@type\":\"ListItem\",\"position\":2,\"name\":\"AQEIPS\"}]},{\"@type\":\"WebSite\",\"@id\":\"https:\/\/aqeips.org\/#website\",\"url\":\"https:\/\/aqeips.org\/\",\"name\":\"Quebec Association for Equity and Inclusion in Post-Secondary Education\",\"description\":\"AQEIPS\",\"publisher\":{\"@id\":\"https:\/\/aqeips.org\/#organization\"},\"potentialAction\":[{\"@type\":\"SearchAction\",\"target\":{\"@type\":\"EntryPoint\",\"urlTemplate\":\"https:\/\/aqeips.org\/?s={search_term_string}\"},\"query-input\":{\"@type\":\"PropertyValueSpecification\",\"valueRequired\":true,\"valueName\":\"search_term_string\"}}],\"inLanguage\":\"en-US\"},{\"@type\":\"Organization\",\"@id\":\"https:\/\/aqeips.org\/#organization\",\"name\":\"L\u2019Association qu\u00e9b\u00e9coise pour l\u2019\u00e9quit\u00e9 et l\u2019inclusion au postsecondaire\",\"alternateName\":\"AQEIPS\",\"url\":\"https:\/\/aqeips.org\/\",\"logo\":{\"@type\":\"ImageObject\",\"inLanguage\":\"en-US\",\"@id\":\"https:\/\/aqeips.org\/#\/schema\/logo\/image\/\",\"url\":\"https:\/\/aqeips.org\/wp-content\/uploads\/2023\/10\/Logo-de-lentite-AQEIPS.jpg\",\"contentUrl\":\"https:\/\/aqeips.org\/wp-content\/uploads\/2023\/10\/Logo-de-lentite-AQEIPS.jpg\",\"width\":696,\"height\":696,\"caption\":\"L\u2019Association qu\u00e9b\u00e9coise pour l\u2019\u00e9quit\u00e9 et l\u2019inclusion au postsecondaire\"},\"image\":{\"@id\":\"https:\/\/aqeips.org\/#\/schema\/logo\/image\/\"},\"sameAs\":[\"https:\/\/fr-ca.facebook.com\/aqeips\/\",\"https:\/\/x.com\/aqeips\",\"https:\/\/www.linkedin.com\/company\/aqeips---association-qu\u00e9b\u00e9coise-des-\u00e9tudiants-ayant-des-incapacit\u00e9s-au-postsecondaire\/?originalSubdomain=ca\",\"https:\/\/www.youtube.com\/channel\/UCFvl0P7dBP9jUPL89k-xXIg\"]}]}<\/script>\n<!-- \/ Yoast SEO plugin. -->","yoast_head_json":{"title":"AQEIPS - Quebec Association for Equity and Inclusion in Post-Secondary Education","robots":{"index":"index","follow":"follow","max-snippet":"max-snippet:-1","max-image-preview":"max-image-preview:large","max-video-preview":"max-video-preview:-1"},"canonical":"https:\/\/aqeips.org\/aqeips\/?lang=en","og_locale":"en_US","og_type":"article","og_title":"AQEIPS - Quebec Association for Equity and Inclusion in Post-Secondary Education","og_url":"https:\/\/aqeips.org\/aqeips\/?lang=en","og_site_name":"Quebec Association for Equity and Inclusion in Post-Secondary Education","article_publisher":"https:\/\/fr-ca.facebook.com\/aqeips\/","article_modified_time":"2025-07-24T14:32:57+00:00","og_image":[{"width":1200,"height":675,"url":"https:\/\/aqeips.org\/wp-content\/uploads\/2023\/10\/Image-du-site-AQEIPS.jpg","type":"image\/jpeg"}],"twitter_card":"summary_large_image","twitter_site":"@aqeips","twitter_misc":{"Est. reading time":"2 minutes"},"schema":{"@context":"https:\/\/schema.org","@graph":[{"@type":"WebPage","@id":"https:\/\/aqeips.org\/aqeips\/?lang=en","url":"https:\/\/aqeips.org\/aqeips\/?lang=en","name":"AQEIPS - Quebec Association for Equity and Inclusion in Post-Secondary Education","isPartOf":{"@id":"https:\/\/aqeips.org\/#website"},"datePublished":"2023-10-17T18:36:58+00:00","dateModified":"2025-07-24T14:32:57+00:00","breadcrumb":{"@id":"https:\/\/aqeips.org\/aqeips\/?lang=en#breadcrumb"},"inLanguage":"en-US","potentialAction":[{"@type":"ReadAction","target":["https:\/\/aqeips.org\/aqeips\/?lang=en"]}]},{"@type":"BreadcrumbList","@id":"https:\/\/aqeips.org\/aqeips\/?lang=en#breadcrumb","itemListElement":[{"@type":"ListItem","position":1,"name":"Accueil","item":"https:\/\/aqeips.org\/?lang=en"},{"@type":"ListItem","position":2,"name":"AQEIPS"}]},{"@type":"WebSite","@id":"https:\/\/aqeips.org\/#website","url":"https:\/\/aqeips.org\/","name":"Quebec Association for Equity and Inclusion in Post-Secondary Education","description":"AQEIPS","publisher":{"@id":"https:\/\/aqeips.org\/#organization"},"potentialAction":[{"@type":"SearchAction","target":{"@type":"EntryPoint","urlTemplate":"https:\/\/aqeips.org\/?s={search_term_string}"},"query-input":{"@type":"PropertyValueSpecification","valueRequired":true,"valueName":"search_term_string"}}],"inLanguage":"en-US"},{"@type":"Organization","@id":"https:\/\/aqeips.org\/#organization","name":"L\u2019Association qu\u00e9b\u00e9coise pour l\u2019\u00e9quit\u00e9 et l\u2019inclusion au postsecondaire","alternateName":"AQEIPS","url":"https:\/\/aqeips.org\/","logo":{"@type":"ImageObject","inLanguage":"en-US","@id":"https:\/\/aqeips.org\/#\/schema\/logo\/image\/","url":"https:\/\/aqeips.org\/wp-content\/uploads\/2023\/10\/Logo-de-lentite-AQEIPS.jpg","contentUrl":"https:\/\/aqeips.org\/wp-content\/uploads\/2023\/10\/Logo-de-lentite-AQEIPS.jpg","width":696,"height":696,"caption":"L\u2019Association qu\u00e9b\u00e9coise pour l\u2019\u00e9quit\u00e9 et l\u2019inclusion au postsecondaire"},"image":{"@id":"https:\/\/aqeips.org\/#\/schema\/logo\/image\/"},"sameAs":["https:\/\/fr-ca.facebook.com\/aqeips\/","https:\/\/x.com\/aqeips","https:\/\/www.linkedin.com\/company\/aqeips---association-qu\u00e9b\u00e9coise-des-\u00e9tudiants-ayant-des-incapacit\u00e9s-au-postsecondaire\/?originalSubdomain=ca","https:\/\/www.youtube.com\/channel\/UCFvl0P7dBP9jUPL89k-xXIg"]}]}},"_links":{"self":[{"href":"https:\/\/aqeips.org\/en\/wp-json\/wp\/v2\/pages\/1362","targetHints":{"allow":["GET"]}}],"collection":[{"href":"https:\/\/aqeips.org\/en\/wp-json\/wp\/v2\/pages"}],"about":[{"href":"https:\/\/aqeips.org\/en\/wp-json\/wp\/v2\/types\/page"}],"author":[{"embeddable":true,"href":"https:\/\/aqeips.org\/en\/wp-json\/wp\/v2\/users\/3"}],"replies":[{"embeddable":true,"href":"https:\/\/aqeips.org\/en\/wp-json\/wp\/v2\/comments?post=1362"}],"version-history":[{"count":10,"href":"https:\/\/aqeips.org\/en\/wp-json\/wp\/v2\/pages\/1362\/revisions"}],"predecessor-version":[{"id":6999,"href":"https:\/\/aqeips.org\/en\/wp-json\/wp\/v2\/pages\/1362\/revisions\/6999"}],"wp:attachment":[{"href":"https:\/\/aqeips.org\/en\/wp-json\/wp\/v2\/media?parent=1362"}],"curies":[{"name":"wp","href":"https:\/\/api.w.org\/{rel}","templated":true}]}}